{"id":1475,"date":"2020-11-20T09:37:45","date_gmt":"2020-11-20T08:37:45","guid":{"rendered":"https:\/\/hundertwasser-schule.de\/?page_id=1475"},"modified":"2024-02-26T21:45:06","modified_gmt":"2024-02-26T20:45:06","slug":"impressionen","status":"publish","type":"page","link":"https:\/\/hundertwasser-schule.de\/pt_br\/impressionen\/","title":{"rendered":"Impress\u00f5es"},"content":{"rendered":"<div data-elementor-type=\"wp-page\" data-elementor-id=\"1475\" class=\"elementor elementor-1475\" data-elementor-post-type=\"page\">\n\t\t\t\t\t\t<section class=\"elementor-section elementor-top-section elementor-element elementor-element-2e31a35 elementor-section-height-min-height elementor-section-boxed elementor-section-height-default elementor-section-items-middle\" data-id=\"2e31a35\" data-element_type=\"section\" data-e-type=\"section\" data-settings=\"{&quot;background_background&quot;:&quot;classic&quot;}\">\n\t\t\t\t\t\t<div class=\"elementor-container elementor-column-gap-default\">\n\t\t\t\t\t<div class=\"elementor-column elementor-col-100 elementor-top-column elementor-element elementor-element-b19334e\" data-id=\"b19334e\" data-element_type=\"column\" data-e-type=\"column\">\n\t\t\t<div class=\"elementor-widget-wrap elementor-element-populated\">\n\t\t\t\t\t\t<div class=\"elementor-element elementor-element-081e32a elementor-widget elementor-widget-heading\" data-id=\"081e32a\" data-element_type=\"widget\" data-e-type=\"widget\" data-widget_type=\"heading.default\">\n\t\t\t\t<div class=\"elementor-widget-container\">\n\t\t\t\t\t<h2 class=\"elementor-heading-title elementor-size-default\">Impress\u00f5es<\/h2>\t\t\t\t<\/div>\n\t\t\t\t<\/div>\n\t\t\t\t\t<\/div>\n\t\t<\/div>\n\t\t\t\t\t<\/div>\n\t\t<\/section>\n\t\t\t\t<section class=\"elementor-section elementor-top-section elementor-element elementor-element-147f609 elementor-section-boxed elementor-section-height-default elementor-section-height-default\" data-id=\"147f609\" data-element_type=\"section\" data-e-type=\"section\">\n\t\t\t\t\t\t<div class=\"elementor-container elementor-column-gap-default\">\n\t\t\t\t\t<div class=\"elementor-column elementor-col-100 elementor-top-column elementor-element elementor-element-fae1a27\" data-id=\"fae1a27\" data-element_type=\"column\" data-e-type=\"column\">\n\t\t\t<div class=\"elementor-widget-wrap elementor-element-populated\">\n\t\t\t\t\t\t<div class=\"elementor-element elementor-element-3d21242 elementor-widget elementor-widget-text-editor\" data-id=\"3d21242\" data-element_type=\"widget\" data-e-type=\"widget\" data-widget_type=\"text-editor.default\">\n\t\t\t\t<div class=\"elementor-widget-container\">\n\t\t\t\t\t\t\t\t\t<p><span style=\"color: #0000ff;\">O trailer de constru\u00e7\u00e3o<\/span><\/p><p>As quatro crian\u00e7as no trailer de constru\u00e7\u00e3o se concentram em um t\u00f3pico diferente a cada semana. Os temas incluem \"Mensch \u00e4rgere dich nicht\", \"Das bin ich...\", \"Karneval\", \"Alles Wolle\" etc. Os alunos est\u00e3o ocupados costurando, desenhando, fazendo artesanato, colando e assim por diante. As crian\u00e7as mal podem esperar para descobrir em que estar\u00e3o trabalhando na pr\u00f3xima semana.<\/p><p>A horta escolar ser\u00e1 lan\u00e7ada na primavera.<\/p><p>\u00a0Capturamos momentos individuais na c\u00e2mera.<\/p>\t\t\t\t\t\t\t\t<\/div>\n\t\t\t\t<\/div>\n\t\t\t\t\t<\/div>\n\t\t<\/div>\n\t\t\t\t\t<\/div>\n\t\t<\/section>\n\t\t\t\t<section class=\"elementor-section elementor-top-section elementor-element elementor-element-9ee6f79 elementor-section-boxed elementor-section-height-default elementor-section-height-default\" data-id=\"9ee6f79\" data-element_type=\"section\" data-e-type=\"section\">\n\t\t\t\t\t\t<div class=\"elementor-container elementor-column-gap-default\">\n\t\t\t\t\t<div class=\"elementor-column elementor-col-100 elementor-top-column elementor-element elementor-element-5cc2e49\" data-id=\"5cc2e49\" data-element_type=\"column\" data-e-type=\"column\">\n\t\t\t<div class=\"elementor-widget-wrap elementor-element-populated\">\n\t\t\t\t\t\t<div class=\"elementor-element elementor-element-cc63803 elementor-widget elementor-widget-gallery\" data-id=\"cc63803\" data-element_type=\"widget\" data-e-type=\"widget\" data-settings=\"{&quot;lazyload&quot;:&quot;yes&quot;,&quot;gallery_layout&quot;:&quot;grid&quot;,&quot;columns&quot;:4,&quot;columns_tablet&quot;:2,&quot;columns_mobile&quot;:1,&quot;gap&quot;:{&quot;unit&quot;:&quot;px&quot;,&quot;size&quot;:10,&quot;sizes&quot;:[]},&quot;gap_tablet&quot;:{&quot;unit&quot;:&quot;px&quot;,&quot;size&quot;:10,&quot;sizes&quot;:[]},&quot;gap_mobile&quot;:{&quot;unit&quot;:&quot;px&quot;,&quot;size&quot;:10,&quot;sizes&quot;:[]},&quot;link_to&quot;:&quot;file&quot;,&quot;aspect_ratio&quot;:&quot;3:2&quot;,&quot;overlay_background&quot;:&quot;yes&quot;,&quot;content_hover_animation&quot;:&quot;fade-in&quot;}\" data-widget_type=\"gallery.default\">\n\t\t\t\t<div class=\"elementor-widget-container\">\n\t\t\t\t\t\t\t<div class=\"elementor-gallery__container\">\n\t\t\t\t\t\t\t<a class=\"e-gallery-item elementor-gallery-item elementor-animated-content\" href=\"http:\/\/hundertwasser-schule.de\/wp-content\/uploads\/2024\/02\/ima_6d5c6d8.jpeg_20240226204801.jpg\" data-elementor-open-lightbox=\"yes\" data-elementor-lightbox-slideshow=\"cc63803\" data-elementor-lightbox-title=\"ima_6d5c6d8.jpeg_20240226204801\" data-e-action-hash=\"#elementor-action%3Aaction%3Dlightbox%26settings%3DeyJpZCI6NTAyMiwidXJsIjoiaHR0cDpcL1wvaHVuZGVydHdhc3Nlci1zY2h1bGUuZGVcL3dwLWNvbnRlbnRcL3VwbG9hZHNcLzIwMjRcLzAyXC9pbWFfNmQ1YzZkOC5qcGVnXzIwMjQwMjI2MjA0ODAxLmpwZyIsInNsaWRlc2hvdyI6ImNjNjM4MDMifQ%3D%3D\">\n\t\t\t\t\t<div class=\"e-gallery-image elementor-gallery-item__image\" data-thumbnail=\"http:\/\/hundertwasser-schule.de\/wp-content\/uploads\/2024\/02\/ima_6d5c6d8.jpeg_20240226204801-289x300.jpg\" data-width=\"193\" data-height=\"200\" aria-label=\"\" role=\"img\" ><\/div>\n\t\t\t\t\t\t\t\t\t\t\t<div class=\"elementor-gallery-item__overlay\"><\/div>\n\t\t\t\t\t\t\t\t\t\t\t\t\t\t<\/a>\n\t\t\t\t\t\t\t<a class=\"e-gallery-item elementor-gallery-item elementor-animated-content\" href=\"http:\/\/hundertwasser-schule.de\/wp-content\/uploads\/2024\/02\/ima_7d9771a.jpeg_20240226204825.jpg\" data-elementor-open-lightbox=\"yes\" data-elementor-lightbox-slideshow=\"cc63803\" data-elementor-lightbox-title=\"ima_7d9771a.jpeg_20240226204825\" data-e-action-hash=\"#elementor-action%3Aaction%3Dlightbox%26settings%3DeyJpZCI6NTAyNSwidXJsIjoiaHR0cDpcL1wvaHVuZGVydHdhc3Nlci1zY2h1bGUuZGVcL3dwLWNvbnRlbnRcL3VwbG9hZHNcLzIwMjRcLzAyXC9pbWFfN2Q5NzcxYS5qcGVnXzIwMjQwMjI2MjA0ODI1LmpwZyIsInNsaWRlc2hvdyI6ImNjNjM4MDMifQ%3D%3D\">\n\t\t\t\t\t<div class=\"e-gallery-image elementor-gallery-item__image\" data-thumbnail=\"http:\/\/hundertwasser-schule.de\/wp-content\/uploads\/2024\/02\/ima_7d9771a.jpeg_20240226204825-300x225.jpg\" data-width=\"200\" data-height=\"150\" aria-label=\"\" role=\"img\" ><\/div>\n\t\t\t\t\t\t\t\t\t\t\t<div class=\"elementor-gallery-item__overlay\"><\/div>\n\t\t\t\t\t\t\t\t\t\t\t\t\t\t<\/a>\n\t\t\t\t\t\t\t<a class=\"e-gallery-item elementor-gallery-item elementor-animated-content\" href=\"http:\/\/hundertwasser-schule.de\/wp-content\/uploads\/2024\/02\/ima_98ad13c.jpeg_20240226204842-scaled.jpg\" data-elementor-open-lightbox=\"yes\" data-elementor-lightbox-slideshow=\"cc63803\" data-elementor-lightbox-title=\"ima_98ad13c.jpeg_20240226204842\" data-e-action-hash=\"#elementor-action%3Aaction%3Dlightbox%26settings%3DeyJpZCI6NTAyNiwidXJsIjoiaHR0cDpcL1wvaHVuZGVydHdhc3Nlci1zY2h1bGUuZGVcL3dwLWNvbnRlbnRcL3VwbG9hZHNcLzIwMjRcLzAyXC9pbWFfOThhZDEzYy5qcGVnXzIwMjQwMjI2MjA0ODQyLXNjYWxlZC5qcGciLCJzbGlkZXNob3ciOiJjYzYzODAzIn0%3D\">\n\t\t\t\t\t<div class=\"e-gallery-image elementor-gallery-item__image\" data-thumbnail=\"http:\/\/hundertwasser-schule.de\/wp-content\/uploads\/2024\/02\/ima_98ad13c.jpeg_20240226204842-225x300.jpg\" data-width=\"150\" data-height=\"200\" aria-label=\"\" role=\"img\" ><\/div>\n\t\t\t\t\t\t\t\t\t\t\t<div class=\"elementor-gallery-item__overlay\"><\/div>\n\t\t\t\t\t\t\t\t\t\t\t\t\t\t<\/a>\n\t\t\t\t\t\t\t<a class=\"e-gallery-item elementor-gallery-item elementor-animated-content\" href=\"http:\/\/hundertwasser-schule.de\/wp-content\/uploads\/2024\/02\/ima_68785f4.jpeg_20240226204853-scaled.jpg\" data-elementor-open-lightbox=\"yes\" data-elementor-lightbox-slideshow=\"cc63803\" data-elementor-lightbox-title=\"ima_68785f4.jpeg_20240226204853\" data-e-action-hash=\"#elementor-action%3Aaction%3Dlightbox%26settings%3DeyJpZCI6NTAzMSwidXJsIjoiaHR0cDpcL1wvaHVuZGVydHdhc3Nlci1zY2h1bGUuZGVcL3dwLWNvbnRlbnRcL3VwbG9hZHNcLzIwMjRcLzAyXC9pbWFfNjg3ODVmNC5qcGVnXzIwMjQwMjI2MjA0ODUzLXNjYWxlZC5qcGciLCJzbGlkZXNob3ciOiJjYzYzODAzIn0%3D\">\n\t\t\t\t\t<div class=\"e-gallery-image elementor-gallery-item__image\" data-thumbnail=\"http:\/\/hundertwasser-schule.de\/wp-content\/uploads\/2024\/02\/ima_68785f4.jpeg_20240226204853-225x300.jpg\" data-width=\"150\" data-height=\"200\" aria-label=\"\" role=\"img\" ><\/div>\n\t\t\t\t\t\t\t\t\t\t\t<div class=\"elementor-gallery-item__overlay\"><\/div>\n\t\t\t\t\t\t\t\t\t\t\t\t\t\t<\/a>\n\t\t\t\t\t<\/div>\n\t\t\t\t\t<\/div>\n\t\t\t\t<\/div>\n\t\t\t\t\t<\/div>\n\t\t<\/div>\n\t\t\t\t\t<\/div>\n\t\t<\/section>\n\t\t\t\t<section class=\"elementor-section elementor-top-section elementor-element elementor-element-e336578 elementor-section-boxed elementor-section-height-default elementor-section-height-default\" data-id=\"e336578\" data-element_type=\"section\" data-e-type=\"section\">\n\t\t\t\t\t\t<div class=\"elementor-container elementor-column-gap-default\">\n\t\t\t\t\t<div class=\"elementor-column elementor-col-100 elementor-top-column elementor-element elementor-element-4bbfd3c\" data-id=\"4bbfd3c\" data-element_type=\"column\" data-e-type=\"column\">\n\t\t\t<div class=\"elementor-widget-wrap\">\n\t\t\t\t\t\t\t<\/div>\n\t\t<\/div>\n\t\t\t\t\t<\/div>\n\t\t<\/section>\n\t\t\t\t<\/div>","protected":false},"excerpt":{"rendered":"<p>Impressionen Der Bauwagen Die vier Kinder im Bauwagen besch\u00e4ftigen sich jede Woche mit einem anderen Themenschwerpunkt. Themen sind z.B. \u201eMensch \u00e4rgere dich nicht\u201c, \u201eDas bin ich\u2026\u201c, \u201eKarneval\u201c, \u201eAlles Wolle\u201c usw. Die Sch\u00fclerinnen und Sch\u00fcler n\u00e4hen, gestalten, werkeln, kleistern usw. flei\u00dfig. Die Kinder k\u00f6nnen es kaum erwarten, zu erfahren, womit sie sich in der kommenden Woche [&hellip;]<\/p>\n","protected":false},"author":2,"featured_media":0,"parent":0,"menu_order":0,"comment_status":"closed","ping_status":"closed","template":"elementor_header_footer","meta":{"footnotes":""},"class_list":["post-1475","page","type-page","status-publish","hentry"],"_links":{"self":[{"href":"https:\/\/hundertwasser-schule.de\/pt_br\/wp-json\/wp\/v2\/pages\/1475","targetHints":{"allow":["GET"]}}],"collection":[{"href":"https:\/\/hundertwasser-schule.de\/pt_br\/wp-json\/wp\/v2\/pages"}],"about":[{"href":"https:\/\/hundertwasser-schule.de\/pt_br\/wp-json\/wp\/v2\/types\/page"}],"author":[{"embeddable":true,"href":"https:\/\/hundertwasser-schule.de\/pt_br\/wp-json\/wp\/v2\/users\/2"}],"replies":[{"embeddable":true,"href":"https:\/\/hundertwasser-schule.de\/pt_br\/wp-json\/wp\/v2\/comments?post=1475"}],"version-history":[{"count":5,"href":"https:\/\/hundertwasser-schule.de\/pt_br\/wp-json\/wp\/v2\/pages\/1475\/revisions"}],"predecessor-version":[{"id":5034,"href":"https:\/\/hundertwasser-schule.de\/pt_br\/wp-json\/wp\/v2\/pages\/1475\/revisions\/5034"}],"wp:attachment":[{"href":"https:\/\/hundertwasser-schule.de\/pt_br\/wp-json\/wp\/v2\/media?parent=1475"}],"curies":[{"name":"wp","href":"https:\/\/api.w.org\/{rel}","templated":true}]}}