{"id":43,"date":"2020-03-31T10:56:38","date_gmt":"2020-03-31T10:56:38","guid":{"rendered":"https:\/\/neu.hundertwasser-schule.de\/?page_id=43"},"modified":"2020-06-02T13:30:37","modified_gmt":"2020-06-02T11:30:37","slug":"der-traeger-spi","status":"publish","type":"page","link":"https:\/\/hundertwasser-schule.de\/pt_br\/der-traeger-spi\/","title":{"rendered":"O patrocinador: SPI"},"content":{"rendered":"<div data-elementor-type=\"wp-page\" data-elementor-id=\"43\" class=\"elementor elementor-43\" data-elementor-post-type=\"page\">\n\t\t\t\t\t\t<section class=\"elementor-section elementor-top-section elementor-element elementor-element-5a7a1fed elementor-section-stretched elementor-section-full_width elementor-section-height-default elementor-section-height-default\" data-id=\"5a7a1fed\" data-element_type=\"section\" data-e-type=\"section\" data-settings=\"{&quot;stretch_section&quot;:&quot;section-stretched&quot;}\">\n\t\t\t\t\t\t<div class=\"elementor-container elementor-column-gap-no\">\n\t\t\t\t\t<div class=\"elementor-column elementor-col-100 elementor-top-column elementor-element elementor-element-5828ac9d\" data-id=\"5828ac9d\" data-element_type=\"column\" data-e-type=\"column\">\n\t\t\t<div class=\"elementor-widget-wrap elementor-element-populated\">\n\t\t\t\t\t\t<div class=\"elementor-element elementor-element-5f14c8bc elementor-widget elementor-widget-image\" data-id=\"5f14c8bc\" data-element_type=\"widget\" data-e-type=\"widget\" data-widget_type=\"image.default\">\n\t\t\t\t<div class=\"elementor-widget-container\">\n\t\t\t\t\t\t\t\t\t\t\t\t\t\t\t<img fetchpriority=\"high\" decoding=\"async\" width=\"1920\" height=\"230\" src=\"https:\/\/hundertwasser-schule.de\/wp-content\/uploads\/2020\/03\/bild1.jpg\" class=\"attachment-full size-full wp-image-108\" alt=\"\" srcset=\"https:\/\/hundertwasser-schule.de\/wp-content\/uploads\/2020\/03\/bild1.jpg 1920w, https:\/\/hundertwasser-schule.de\/wp-content\/uploads\/2020\/03\/bild1-300x36.jpg 300w, https:\/\/hundertwasser-schule.de\/wp-content\/uploads\/2020\/03\/bild1-1024x123.jpg 1024w, https:\/\/hundertwasser-schule.de\/wp-content\/uploads\/2020\/03\/bild1-768x92.jpg 768w, https:\/\/hundertwasser-schule.de\/wp-content\/uploads\/2020\/03\/bild1-1536x184.jpg 1536w, https:\/\/hundertwasser-schule.de\/wp-content\/uploads\/2020\/03\/bild1-20x2.jpg 20w\" sizes=\"(max-width: 1920px) 100vw, 1920px\" \/>\t\t\t\t\t\t\t\t\t\t\t\t\t\t\t<\/div>\n\t\t\t\t<\/div>\n\t\t\t\t\t<\/div>\n\t\t<\/div>\n\t\t\t\t\t<\/div>\n\t\t<\/section>\n\t\t\t\t<section class=\"elementor-section elementor-top-section elementor-element elementor-element-9d858a9 elementor-section-height-min-height elementor-section-boxed elementor-section-height-default elementor-section-items-middle\" data-id=\"9d858a9\" data-element_type=\"section\" data-e-type=\"section\" data-settings=\"{&quot;background_background&quot;:&quot;classic&quot;}\">\n\t\t\t\t\t\t<div class=\"elementor-container elementor-column-gap-default\">\n\t\t\t\t\t<div class=\"elementor-column elementor-col-100 elementor-top-column elementor-element elementor-element-3fb06de9\" data-id=\"3fb06de9\" data-element_type=\"column\" data-e-type=\"column\">\n\t\t\t<div class=\"elementor-widget-wrap elementor-element-populated\">\n\t\t\t\t\t\t\t<\/div>\n\t\t<\/div>\n\t\t\t\t\t<\/div>\n\t\t<\/section>\n\t\t\t\t<section class=\"elementor-section elementor-top-section elementor-element elementor-element-f6e6cca elementor-section-boxed elementor-section-height-default elementor-section-height-default\" data-id=\"f6e6cca\" data-element_type=\"section\" data-e-type=\"section\">\n\t\t\t\t\t\t<div class=\"elementor-container elementor-column-gap-default\">\n\t\t\t\t\t<div class=\"elementor-column elementor-col-100 elementor-top-column elementor-element elementor-element-1113d1a7\" data-id=\"1113d1a7\" data-element_type=\"column\" data-e-type=\"column\">\n\t\t\t<div class=\"elementor-widget-wrap elementor-element-populated\">\n\t\t\t\t\t\t<div class=\"elementor-element elementor-element-2481ebfb elementor-widget elementor-widget-spacer\" data-id=\"2481ebfb\" data-element_type=\"widget\" data-e-type=\"widget\" data-widget_type=\"spacer.default\">\n\t\t\t\t<div class=\"elementor-widget-container\">\n\t\t\t\t\t\t\t<div class=\"elementor-spacer\">\n\t\t\t<div class=\"elementor-spacer-inner\"><\/div>\n\t\t<\/div>\n\t\t\t\t\t\t<\/div>\n\t\t\t\t<\/div>\n\t\t\t\t\t<\/div>\n\t\t<\/div>\n\t\t\t\t\t<\/div>\n\t\t<\/section>\n\t\t\t\t<section class=\"elementor-section elementor-top-section elementor-element elementor-element-0832c41 elementor-section-boxed elementor-section-height-default elementor-section-height-default\" data-id=\"0832c41\" data-element_type=\"section\" data-e-type=\"section\">\n\t\t\t\t\t\t<div class=\"elementor-container elementor-column-gap-default\">\n\t\t\t\t\t<div class=\"elementor-column elementor-col-100 elementor-top-column elementor-element elementor-element-624cc38\" data-id=\"624cc38\" data-element_type=\"column\" data-e-type=\"column\">\n\t\t\t<div class=\"elementor-widget-wrap elementor-element-populated\">\n\t\t\t\t\t\t<div class=\"elementor-element elementor-element-7dfce16 elementor-widget elementor-widget-text-editor\" data-id=\"7dfce16\" data-element_type=\"widget\" data-e-type=\"widget\" data-widget_type=\"text-editor.default\">\n\t\t\t\t<div class=\"elementor-widget-container\">\n\t\t\t\t\t\t\t\t\t<p>O Instituto Pedag\u00f3gico Social G\u00fctersloh e.V. \u00e9 respons\u00e1vel pelo programa aberto durante todo o dia. \u00a0 \u00a0 <a href=\"http:\/\/www.spi-gt.de\/\"><img decoding=\"async\" src=\"http:\/\/hundertwasser-schule.de\/inhalte\/2offenerganztag\/6Traeger\/spi.jpg\" alt=\"\" \/><\/a><br \/>A SPI G\u00fctersloh e.V. \u00e9 uma organiza\u00e7\u00e3o reconhecida de bem-estar juvenil de acordo com o \u00a7 75 KJHG e um prestador de servi\u00e7os no contexto de interven\u00e7\u00e3o precoce. A SPI G\u00fctersloh e.V. \u00e9 membro da Associa\u00e7\u00e3o Alem\u00e3 de Bem-Estar dos Jovens (DPWV) desde 7 de setembro de 2001.<\/p><p>A associa\u00e7\u00e3o estabeleceu o objetivo de apoiar crian\u00e7as, jovens e suas fam\u00edlias com atrasos de desenvolvimento, problemas de comportamento e\/ou crian\u00e7as socialmente desfavorecidas, jovens e suas fam\u00edlias atrav\u00e9s de medidas adequadas e, assim, ajud\u00e1-los a desenvolver e educar sua personalidade. Al\u00e9m disso, a SPI se prop\u00f4s a fornecer servi\u00e7os na \u00e1rea de escolas abertas durante todo o dia como parte de sua miss\u00e3o educacional hol\u00edstica.<\/p><p>A SPI G\u00fctersloh e.V. \u00e9 uma institui\u00e7\u00e3o moderna e descentralizada com mais de 10 anos de experi\u00eancia em v\u00e1rios campos do bem-estar infantil e juvenil. O Instituto Pedag\u00f3gico Social desenvolve servi\u00e7os individuais e diferenciados para crian\u00e7as, jovens e fam\u00edlias.<br \/>As principais \u00e1reas de trabalho s\u00e3o:<\/p><p>- Medidas ambulat\u00f3rias flex\u00edveis para o bem-estar dos jovens\u00a0<br \/>- Educa\u00e7\u00e3o curativa\/apoio ao desenvolvimento psicomotor\u00a0<br \/>- Medidas parciais de bem-estar dos jovens hospitalizados (grupo de dia)\u00a0<br \/>- Servi\u00e7os abertos durante todo o dia e de creche\u00a0<br \/>- Trabalho social escolar\u00a0<\/p><p>O Sozialp\u00e4dagogisches Institut G\u00fctersloh (SPI) e. V. est\u00e1 ativo em toda a cidade e distrito de G\u00fctersloh. H\u00e1 acordos de coopera\u00e7\u00e3o com os escrit\u00f3rios de assist\u00eancia \u00e0 juventude, a cidade e o distrito de G\u00fctersloh, assim como com o escrit\u00f3rio de assist\u00eancia social do distrito de G\u00fctersloh.<br \/>Para fins de desenvolvimento e garantia de qualidade, o SPI participa regularmente de v\u00e1rios grupos de especialistas em n\u00edvel regional e supra-regional.<\/p>\t\t\t\t\t\t\t\t<\/div>\n\t\t\t\t<\/div>\n\t\t\t\t\t<\/div>\n\t\t<\/div>\n\t\t\t\t\t<\/div>\n\t\t<\/section>\n\t\t\t\t<section class=\"elementor-section elementor-top-section elementor-element elementor-element-c429ca2 elementor-section-boxed elementor-section-height-default elementor-section-height-default\" data-id=\"c429ca2\" data-element_type=\"section\" data-e-type=\"section\">\n\t\t\t\t\t\t<div class=\"elementor-container elementor-column-gap-default\">\n\t\t\t\t\t<div class=\"elementor-column elementor-col-100 elementor-top-column elementor-element elementor-element-659c433\" data-id=\"659c433\" data-element_type=\"column\" data-e-type=\"column\">\n\t\t\t<div class=\"elementor-widget-wrap elementor-element-populated\">\n\t\t\t\t\t\t<div class=\"elementor-element elementor-element-ff5bef4 elementor-widget elementor-widget-spacer\" data-id=\"ff5bef4\" data-element_type=\"widget\" data-e-type=\"widget\" data-widget_type=\"spacer.default\">\n\t\t\t\t<div class=\"elementor-widget-container\">\n\t\t\t\t\t\t\t<div class=\"elementor-spacer\">\n\t\t\t<div class=\"elementor-spacer-inner\"><\/div>\n\t\t<\/div>\n\t\t\t\t\t\t<\/div>\n\t\t\t\t<\/div>\n\t\t\t\t\t<\/div>\n\t\t<\/div>\n\t\t\t\t\t<\/div>\n\t\t<\/section>\n\t\t\t\t<\/div>","protected":false},"excerpt":{"rendered":"<p>Tr\u00e4ger des Offenen Ganztages ist das Sozialp\u00e4dagogische Institut G\u00fctersloh e.V. \u00a0 \u00a0 Das SPI G\u00fctersloh e.V. ist anerkannter Tr\u00e4ger der Jugendhilfe nach \u00a7 75 KJHG und Dienstleister im Rahmen der Fr\u00fchf\u00f6rderung. Seit dem 07.09.2001 ist das SPI G\u00fctersloh e.V. Mitglied im Deutschen Parit\u00e4tischen Wohlfahrtsverband (DPWV). Der Verein hat sich zum Ziel gesetzt, entwicklungsverz\u00f6gerte, verhaltensauff\u00e4llige und\/oder [&hellip;]<\/p>\n","protected":false},"author":1,"featured_media":0,"parent":0,"menu_order":0,"comment_status":"closed","ping_status":"closed","template":"elementor_header_footer","meta":{"footnotes":""},"class_list":["post-43","page","type-page","status-publish","hentry"],"_links":{"self":[{"href":"https:\/\/hundertwasser-schule.de\/pt_br\/wp-json\/wp\/v2\/pages\/43","targetHints":{"allow":["GET"]}}],"collection":[{"href":"https:\/\/hundertwasser-schule.de\/pt_br\/wp-json\/wp\/v2\/pages"}],"about":[{"href":"https:\/\/hundertwasser-schule.de\/pt_br\/wp-json\/wp\/v2\/types\/page"}],"author":[{"embeddable":true,"href":"https:\/\/hundertwasser-schule.de\/pt_br\/wp-json\/wp\/v2\/users\/1"}],"replies":[{"embeddable":true,"href":"https:\/\/hundertwasser-schule.de\/pt_br\/wp-json\/wp\/v2\/comments?post=43"}],"version-history":[{"count":4,"href":"https:\/\/hundertwasser-schule.de\/pt_br\/wp-json\/wp\/v2\/pages\/43\/revisions"}],"predecessor-version":[{"id":1099,"href":"https:\/\/hundertwasser-schule.de\/pt_br\/wp-json\/wp\/v2\/pages\/43\/revisions\/1099"}],"wp:attachment":[{"href":"https:\/\/hundertwasser-schule.de\/pt_br\/wp-json\/wp\/v2\/media?parent=43"}],"curies":[{"name":"wp","href":"https:\/\/api.w.org\/{rel}","templated":true}]}}