{"id":843,"date":"2020-04-14T08:15:10","date_gmt":"2020-04-14T06:15:10","guid":{"rendered":"https:\/\/neu.hundertwasser-schule.de\/?page_id=843"},"modified":"2020-04-14T09:29:13","modified_gmt":"2020-04-14T07:29:13","slug":"aktuelle-projekte","status":"publish","type":"page","link":"https:\/\/hundertwasser-schule.de\/pt_br\/aktuelle-projekte\/","title":{"rendered":"Projetos atuais"},"content":{"rendered":"<div data-elementor-type=\"wp-page\" data-elementor-id=\"843\" class=\"elementor elementor-843\" data-elementor-post-type=\"page\">\n\t\t\t\t\t\t<section class=\"elementor-section elementor-top-section elementor-element elementor-element-6d8292ac elementor-section-stretched elementor-section-full_width elementor-section-height-default elementor-section-height-default\" data-id=\"6d8292ac\" data-element_type=\"section\" data-e-type=\"section\" data-settings=\"{&quot;stretch_section&quot;:&quot;section-stretched&quot;}\">\n\t\t\t\t\t\t<div class=\"elementor-container elementor-column-gap-no\">\n\t\t\t\t\t<div class=\"elementor-column elementor-col-100 elementor-top-column elementor-element elementor-element-5b967b8a\" data-id=\"5b967b8a\" data-element_type=\"column\" data-e-type=\"column\">\n\t\t\t<div class=\"elementor-widget-wrap elementor-element-populated\">\n\t\t\t\t\t\t<div class=\"elementor-element elementor-element-1c5ecad1 elementor-widget elementor-widget-image\" data-id=\"1c5ecad1\" data-element_type=\"widget\" data-e-type=\"widget\" data-widget_type=\"image.default\">\n\t\t\t\t<div class=\"elementor-widget-container\">\n\t\t\t\t\t\t\t\t\t\t\t\t\t\t\t<img fetchpriority=\"high\" decoding=\"async\" width=\"1920\" height=\"230\" src=\"https:\/\/hundertwasser-schule.de\/wp-content\/uploads\/2020\/03\/bild1.jpg\" class=\"attachment-full size-full wp-image-108\" alt=\"\" srcset=\"https:\/\/hundertwasser-schule.de\/wp-content\/uploads\/2020\/03\/bild1.jpg 1920w, https:\/\/hundertwasser-schule.de\/wp-content\/uploads\/2020\/03\/bild1-300x36.jpg 300w, https:\/\/hundertwasser-schule.de\/wp-content\/uploads\/2020\/03\/bild1-1024x123.jpg 1024w, https:\/\/hundertwasser-schule.de\/wp-content\/uploads\/2020\/03\/bild1-768x92.jpg 768w, https:\/\/hundertwasser-schule.de\/wp-content\/uploads\/2020\/03\/bild1-1536x184.jpg 1536w, https:\/\/hundertwasser-schule.de\/wp-content\/uploads\/2020\/03\/bild1-20x2.jpg 20w\" sizes=\"(max-width: 1920px) 100vw, 1920px\" \/>\t\t\t\t\t\t\t\t\t\t\t\t\t\t\t<\/div>\n\t\t\t\t<\/div>\n\t\t\t\t\t<\/div>\n\t\t<\/div>\n\t\t\t\t\t<\/div>\n\t\t<\/section>\n\t\t\t\t<section class=\"elementor-section elementor-top-section elementor-element elementor-element-3096532 elementor-section-height-min-height elementor-section-boxed elementor-section-height-default elementor-section-items-middle\" data-id=\"3096532\" data-element_type=\"section\" data-e-type=\"section\" data-settings=\"{&quot;background_background&quot;:&quot;classic&quot;}\">\n\t\t\t\t\t\t<div class=\"elementor-container elementor-column-gap-default\">\n\t\t\t\t\t<div class=\"elementor-column elementor-col-100 elementor-top-column elementor-element elementor-element-2b117495\" data-id=\"2b117495\" data-element_type=\"column\" data-e-type=\"column\">\n\t\t\t<div class=\"elementor-widget-wrap elementor-element-populated\">\n\t\t\t\t\t\t\t<\/div>\n\t\t<\/div>\n\t\t\t\t\t<\/div>\n\t\t<\/section>\n\t\t\t\t<section class=\"elementor-section elementor-top-section elementor-element elementor-element-43a7b070 elementor-section-boxed elementor-section-height-default elementor-section-height-default\" data-id=\"43a7b070\" data-element_type=\"section\" data-e-type=\"section\">\n\t\t\t\t\t\t<div class=\"elementor-container elementor-column-gap-default\">\n\t\t\t\t\t<div class=\"elementor-column elementor-col-100 elementor-top-column elementor-element elementor-element-6b6f9658\" data-id=\"6b6f9658\" data-element_type=\"column\" data-e-type=\"column\">\n\t\t\t<div class=\"elementor-widget-wrap elementor-element-populated\">\n\t\t\t\t\t\t<div class=\"elementor-element elementor-element-37092cc8 elementor-widget elementor-widget-spacer\" data-id=\"37092cc8\" data-element_type=\"widget\" data-e-type=\"widget\" data-widget_type=\"spacer.default\">\n\t\t\t\t<div class=\"elementor-widget-container\">\n\t\t\t\t\t\t\t<div class=\"elementor-spacer\">\n\t\t\t<div class=\"elementor-spacer-inner\"><\/div>\n\t\t<\/div>\n\t\t\t\t\t\t<\/div>\n\t\t\t\t<\/div>\n\t\t\t\t\t<\/div>\n\t\t<\/div>\n\t\t\t\t\t<\/div>\n\t\t<\/section>\n\t\t\t\t<section class=\"elementor-section elementor-top-section elementor-element elementor-element-a58841b elementor-section-boxed elementor-section-height-default elementor-section-height-default\" data-id=\"a58841b\" data-element_type=\"section\" data-e-type=\"section\">\n\t\t\t\t\t\t<div class=\"elementor-container elementor-column-gap-default\">\n\t\t\t\t\t<div class=\"elementor-column elementor-col-100 elementor-top-column elementor-element elementor-element-137eb2b\" data-id=\"137eb2b\" data-element_type=\"column\" data-e-type=\"column\">\n\t\t\t<div class=\"elementor-widget-wrap elementor-element-populated\">\n\t\t\t\t\t\t<div class=\"elementor-element elementor-element-8a3d6ce elementor-widget elementor-widget-text-editor\" data-id=\"8a3d6ce\" data-element_type=\"widget\" data-e-type=\"widget\" data-widget_type=\"text-editor.default\">\n\t\t\t\t<div class=\"elementor-widget-container\">\n\t\t\t\t\t\t\t\t\t<p>Atrav\u00e9s de taxas regulares de filia\u00e7\u00e3o, bem como doa\u00e7\u00f5es ao clube impulsionador, numerosos projetos podem ser realizados ou co-financiados. Al\u00e9m das doa\u00e7\u00f5es, que constituem uma grande parte das finan\u00e7as, a associa\u00e7\u00e3o de apoio se financia atrav\u00e9s da venda de lancheiras e camisetas com o logotipo da Escola Hundertwasser. Os seguintes projetos s\u00e3o atualmente apoiados pelo booster club:<\/p><ul><li>Apoio financeiro e pessoal para a cerim\u00f4nia de matr\u00edcula na escola<\/li><li>Apoio financeiro para excurs\u00f5es (por exemplo, visitas ao teatro)<\/li><li>Apoio financeiro para o p\u00e1tio de prote\u00e7\u00e3o do cavalo - Patroc\u00ednio para o cavalo \"Stups\".<\/li><li>Apoio de pessoal para o festival escolar<\/li><li>Apoio de pessoal para a tarde do \"get-to-know-you\".<\/li><\/ul><p>Mais recentemente, a apresenta\u00e7\u00e3o do teatro de silhueta com a pe\u00e7a \"O lobo e as 7 criancinhas\" no F\u00f3rum Pedag\u00f3gico de nossa escola foi poss\u00edvel gra\u00e7as \u00e0 generosa assun\u00e7\u00e3o de custos pelos Amigos.<\/p><p>A associa\u00e7\u00e3o de apoio tamb\u00e9m fornece uma plataforma para pais e \"ex-m\u00e3es\" trocarem informa\u00e7\u00f5es.<\/p>\t\t\t\t\t\t\t\t<\/div>\n\t\t\t\t<\/div>\n\t\t\t\t\t<\/div>\n\t\t<\/div>\n\t\t\t\t\t<\/div>\n\t\t<\/section>\n\t\t\t\t<section class=\"elementor-section elementor-top-section elementor-element elementor-element-b644fe5 elementor-section-boxed elementor-section-height-default elementor-section-height-default\" data-id=\"b644fe5\" data-element_type=\"section\" data-e-type=\"section\">\n\t\t\t\t\t\t<div class=\"elementor-container elementor-column-gap-default\">\n\t\t\t\t\t<div class=\"elementor-column elementor-col-100 elementor-top-column elementor-element elementor-element-b2986a4\" data-id=\"b2986a4\" data-element_type=\"column\" data-e-type=\"column\">\n\t\t\t<div class=\"elementor-widget-wrap elementor-element-populated\">\n\t\t\t\t\t\t<div class=\"elementor-element elementor-element-35d3454 elementor-widget elementor-widget-spacer\" data-id=\"35d3454\" data-element_type=\"widget\" data-e-type=\"widget\" data-widget_type=\"spacer.default\">\n\t\t\t\t<div class=\"elementor-widget-container\">\n\t\t\t\t\t\t\t<div class=\"elementor-spacer\">\n\t\t\t<div class=\"elementor-spacer-inner\"><\/div>\n\t\t<\/div>\n\t\t\t\t\t\t<\/div>\n\t\t\t\t<\/div>\n\t\t\t\t\t<\/div>\n\t\t<\/div>\n\t\t\t\t\t<\/div>\n\t\t<\/section>\n\t\t\t\t<\/div>","protected":false},"excerpt":{"rendered":"<p>Durch regelm\u00e4\u00dfige Mitgliederbeitr\u00e4ge sowie Spenden an den F\u00f6rderverein k\u00f6nnen zahlreiche Projekte realisiert oder mitfinanziert werden. Neben Spenden, die einen gro\u00dfen Teil der Finanzen ausmachen, finanziert sich der F\u00f6rderverein durch den Verkauf von Brotdosen und T-Shirts mit dem Logo der Hundertwasser-Schule. Folgende Projekte werden derzeit vom F\u00f6rderverein unterst\u00fctzt: finanzielle und personelle Unterst\u00fctzung der Einschulungsfeier finanzielle Unterst\u00fctzung [&hellip;]<\/p>\n","protected":false},"author":1,"featured_media":0,"parent":0,"menu_order":0,"comment_status":"closed","ping_status":"closed","template":"elementor_header_footer","meta":{"footnotes":""},"class_list":["post-843","page","type-page","status-publish","hentry"],"_links":{"self":[{"href":"https:\/\/hundertwasser-schule.de\/pt_br\/wp-json\/wp\/v2\/pages\/843","targetHints":{"allow":["GET"]}}],"collection":[{"href":"https:\/\/hundertwasser-schule.de\/pt_br\/wp-json\/wp\/v2\/pages"}],"about":[{"href":"https:\/\/hundertwasser-schule.de\/pt_br\/wp-json\/wp\/v2\/types\/page"}],"author":[{"embeddable":true,"href":"https:\/\/hundertwasser-schule.de\/pt_br\/wp-json\/wp\/v2\/users\/1"}],"replies":[{"embeddable":true,"href":"https:\/\/hundertwasser-schule.de\/pt_br\/wp-json\/wp\/v2\/comments?post=843"}],"version-history":[{"count":2,"href":"https:\/\/hundertwasser-schule.de\/pt_br\/wp-json\/wp\/v2\/pages\/843\/revisions"}],"predecessor-version":[{"id":908,"href":"https:\/\/hundertwasser-schule.de\/pt_br\/wp-json\/wp\/v2\/pages\/843\/revisions\/908"}],"wp:attachment":[{"href":"https:\/\/hundertwasser-schule.de\/pt_br\/wp-json\/wp\/v2\/media?parent=843"}],"curies":[{"name":"wp","href":"https:\/\/api.w.org\/{rel}","templated":true}]}}