{"id":851,"date":"2020-04-14T08:16:03","date_gmt":"2020-04-14T06:16:03","guid":{"rendered":"https:\/\/neu.hundertwasser-schule.de\/?page_id=851"},"modified":"2020-04-14T12:17:52","modified_gmt":"2020-04-14T10:17:52","slug":"presseinfo-2","status":"publish","type":"page","link":"https:\/\/hundertwasser-schule.de\/pt_br\/presseinfo-2\/","title":{"rendered":"Comunicado \u00e0 imprensa"},"content":{"rendered":"<div data-elementor-type=\"wp-page\" data-elementor-id=\"851\" class=\"elementor elementor-851\" data-elementor-post-type=\"page\">\n\t\t\t\t\t\t<section class=\"elementor-section elementor-top-section elementor-element elementor-element-3c74706b elementor-section-stretched elementor-section-full_width elementor-section-height-default elementor-section-height-default\" data-id=\"3c74706b\" data-element_type=\"section\" data-e-type=\"section\" data-settings=\"{&quot;stretch_section&quot;:&quot;section-stretched&quot;}\">\n\t\t\t\t\t\t<div class=\"elementor-container elementor-column-gap-no\">\n\t\t\t\t\t<div class=\"elementor-column elementor-col-100 elementor-top-column elementor-element elementor-element-50667664\" data-id=\"50667664\" data-element_type=\"column\" data-e-type=\"column\">\n\t\t\t<div class=\"elementor-widget-wrap elementor-element-populated\">\n\t\t\t\t\t\t<div class=\"elementor-element elementor-element-64027a3a elementor-widget elementor-widget-image\" data-id=\"64027a3a\" data-element_type=\"widget\" data-e-type=\"widget\" data-widget_type=\"image.default\">\n\t\t\t\t<div class=\"elementor-widget-container\">\n\t\t\t\t\t\t\t\t\t\t\t\t\t\t\t<img fetchpriority=\"high\" decoding=\"async\" width=\"1920\" height=\"230\" src=\"http:\/\/hundertwasser-schule.de\/wp-content\/uploads\/2020\/03\/bild1.jpg\" class=\"attachment-full size-full wp-image-108\" alt=\"\" srcset=\"http:\/\/hundertwasser-schule.de\/wp-content\/uploads\/2020\/03\/bild1.jpg 1920w, http:\/\/hundertwasser-schule.de\/wp-content\/uploads\/2020\/03\/bild1-300x36.jpg 300w, http:\/\/hundertwasser-schule.de\/wp-content\/uploads\/2020\/03\/bild1-1024x123.jpg 1024w, http:\/\/hundertwasser-schule.de\/wp-content\/uploads\/2020\/03\/bild1-768x92.jpg 768w, http:\/\/hundertwasser-schule.de\/wp-content\/uploads\/2020\/03\/bild1-1536x184.jpg 1536w, http:\/\/hundertwasser-schule.de\/wp-content\/uploads\/2020\/03\/bild1-20x2.jpg 20w\" sizes=\"(max-width: 1920px) 100vw, 1920px\" \/>\t\t\t\t\t\t\t\t\t\t\t\t\t\t\t<\/div>\n\t\t\t\t<\/div>\n\t\t\t\t\t<\/div>\n\t\t<\/div>\n\t\t\t\t\t<\/div>\n\t\t<\/section>\n\t\t\t\t<section class=\"elementor-section elementor-top-section elementor-element elementor-element-4f9a8843 elementor-section-height-min-height elementor-section-boxed elementor-section-height-default elementor-section-items-middle\" data-id=\"4f9a8843\" data-element_type=\"section\" data-e-type=\"section\" data-settings=\"{&quot;background_background&quot;:&quot;classic&quot;}\">\n\t\t\t\t\t\t<div class=\"elementor-container elementor-column-gap-default\">\n\t\t\t\t\t<div class=\"elementor-column elementor-col-100 elementor-top-column elementor-element elementor-element-17041e88\" data-id=\"17041e88\" data-element_type=\"column\" data-e-type=\"column\">\n\t\t\t<div class=\"elementor-widget-wrap elementor-element-populated\">\n\t\t\t\t\t\t\t<\/div>\n\t\t<\/div>\n\t\t\t\t\t<\/div>\n\t\t<\/section>\n\t\t\t\t<section class=\"elementor-section elementor-top-section elementor-element elementor-element-47dc2325 elementor-section-boxed elementor-section-height-default elementor-section-height-default\" data-id=\"47dc2325\" data-element_type=\"section\" data-e-type=\"section\">\n\t\t\t\t\t\t<div class=\"elementor-container elementor-column-gap-default\">\n\t\t\t\t\t<div class=\"elementor-column elementor-col-100 elementor-top-column elementor-element elementor-element-699a63e7\" data-id=\"699a63e7\" data-element_type=\"column\" data-e-type=\"column\">\n\t\t\t<div class=\"elementor-widget-wrap elementor-element-populated\">\n\t\t\t\t\t\t<div class=\"elementor-element elementor-element-74cdb4ae elementor-widget elementor-widget-spacer\" data-id=\"74cdb4ae\" data-element_type=\"widget\" data-e-type=\"widget\" data-widget_type=\"spacer.default\">\n\t\t\t\t<div class=\"elementor-widget-container\">\n\t\t\t\t\t\t\t<div class=\"elementor-spacer\">\n\t\t\t<div class=\"elementor-spacer-inner\"><\/div>\n\t\t<\/div>\n\t\t\t\t\t\t<\/div>\n\t\t\t\t<\/div>\n\t\t\t\t\t<\/div>\n\t\t<\/div>\n\t\t\t\t\t<\/div>\n\t\t<\/section>\n\t\t\t\t<section class=\"elementor-section elementor-top-section elementor-element elementor-element-8a7cbd4 elementor-section-boxed elementor-section-height-default elementor-section-height-default\" data-id=\"8a7cbd4\" data-element_type=\"section\" data-e-type=\"section\">\n\t\t\t\t\t\t<div class=\"elementor-container elementor-column-gap-default\">\n\t\t\t\t\t<div class=\"elementor-column elementor-col-100 elementor-top-column elementor-element elementor-element-99a22aa\" data-id=\"99a22aa\" data-element_type=\"column\" data-e-type=\"column\">\n\t\t\t<div class=\"elementor-widget-wrap elementor-element-populated\">\n\t\t\t\t\t\t<div class=\"elementor-element elementor-element-082071a elementor-widget elementor-widget-text-editor\" data-id=\"082071a\" data-element_type=\"widget\" data-e-type=\"widget\" data-widget_type=\"text-editor.default\">\n\t\t\t\t<div class=\"elementor-widget-container\">\n\t\t\t\t\t\t\t\t\t<p><em>Publicado com a gentil permiss\u00e3o da Bell<\/em><\/p><p><strong>Um lugar para aprender e viver bem\u00a0\u00a0\u00a0<\/strong><br \/>G\u00fctersloh (bit). Os tambores dos \u00f4nibus infantis anunciam isso, e o diretor Gerhard Dickers est\u00e1 satisfeito: a Escola Hundertwasser, com foco especial no desenvolvimento emocional e social no setor prim\u00e1rio, \"encontrou um verdadeiro lar\" no local da antiga Escola Volkening, na Holzstra\u00dfe, em G\u00fctersloh. Um \"local de aprendizado e conviv\u00eancia onde voc\u00ea precisa se sentir em casa\".<br \/>Ap\u00f3s a convers\u00e3o e a amplia\u00e7\u00e3o arquitet\u00f4nica impressionante, a prefeita Maria Unger falou de um grande dia para os alunos e para a cidade. A Hundertwasser School, fundada h\u00e1 cinco anos sob os ausp\u00edcios do distrito de G\u00fctersloh na Edith Stein School, mudou-se posteriormente para a vizinhan\u00e7a da Anne Frank Comprehensive School e \u00e9 uma escola municipal desde 2006. Unger se referiu \u00e0 riqueza de cores da artista que deu nome \u00e0 escola. Ele atrai os alunos que est\u00e3o buscando criatividade. Em sua \"gota de chuva caindo na cidade\", as crian\u00e7as encontrariam paralelos com seus desejos, disse o prefeito.<br \/>A Ministra das Escolas da Ren\u00e2nia do Norte-Vestf\u00e1lia, Barbara Sommer, como convidada, destacou o v\u00ednculo com a cidade e o distrito de G\u00fctersloh, onde ela trabalhou como conselheira escolar. Ela queria ter um di\u00e1logo com as crian\u00e7as, mas elas j\u00e1 estavam no \u00f4nibus escolar. Ent\u00e3o ela quis falar sobre Hundertwasser. Unger chegou antes dela. Mesmo assim, a ministra ficou com o artista, que estimulou as fantasias de meninos e meninas com seu barco. A vida tem lados de escurid\u00e3o e brilho. Sommer sentiu gratid\u00e3o por Hundertwasser, que sempre se op\u00f4s \u00e0 linha reta, e por seus quadros coloridos.<br \/>\"Um diretor, um colega e cinco meninos\", Dickers descreveu o in\u00edcio em um di\u00e1logo com o primeiro colega, Kerstin Richter. \"N\u00e3o \u00e9ramos nem mesmo uma escola de an\u00f5es e riram um pouco de n\u00f3s\", lembrou o diretor. Ele agradeceu ao diretor do departamento escolar Siegfried Lieske, em Detmold, e ao membro do conselho escolar Hartmut Stieghorst, na administra\u00e7\u00e3o do distrito, pelo apoio. Ele classificou a transfer\u00eancia para a cidade de G\u00fctersloh, em 2006, como um momento de sorte, porque a cidade estava pensando em abrir escolas abrangentes durante todo o dia. Dockers considerou a forma atual da Hundertwasser School como uma instala\u00e7\u00e3o que funciona o dia todo, com foco na educa\u00e7\u00e3o social, em coopera\u00e7\u00e3o com os departamentos de escola e juventude da cidade, como um caso exemplar.<br \/>Entre os convidados estavam Ursula Doppmeier MdL e a presidente de distrito Marianne Thomann-Stahl. Uma convidada muito especial foi Lisa Weber (92). Ela viveu por 80 anos no apartamento dos professores da Volkening School, onde seu pai foi diretor e ela mesma lecionou por 30 anos.<br \/>(Publicado em 15.09.2007 no Die Glocke)<\/p><p><em>Publicado com a gentil permiss\u00e3o do Westfalen Blatt<\/em><\/p><p><strong>Nomeado em homenagem a um talento m\u00faltiplo<\/strong><br \/>A Escola Hundertwasser \u00e9 inaugurada hoje<br \/>Ela recebeu o nome do artista, multitalento e ambientalista Hundertwasser e \u00e9 chamada de \"F\u00f6rderschule der Stadt G\u00fctersloh\" (escola especial da cidade de G\u00fctersloh). Depois de mudar de local, a escola dedicada agora encontrou seu novo lar na Holzstra\u00dfe 30.<br \/>A escola pertence \u00e0 cidade desde 1\u00ba de agosto de 2006. Em 2002, foi fundada como uma escola de apoio educacional do distrito de G\u00fctersloh, com uma classe de cinco alunos e um professor para educa\u00e7\u00e3o de necessidades especiais, e agora est\u00e1 localizada na Holzstra\u00dfe.<br \/>O novo pr\u00e9dio da escola ser\u00e1 inaugurado oficialmente hoje, sexta-feira, \u00e0s 14h30min. Espera-se que a ministra da escola do estado da Ren\u00e2nia do Norte-Vestf\u00e1lia, Barbara Sommer, esteja presente. Em uma apresenta\u00e7\u00e3o intitulada \"Five Years of the Hundertwasser School\" (Cinco anos da Escola Hundertwasser), o diretor Gerhard Dickers far\u00e1 um balan\u00e7o do desenvolvimento da escola e delinear\u00e1 suas perspectivas. Siegfried Lieske, diretor do departamento escolar em Detmold, far\u00e1 uma apresenta\u00e7\u00e3o sobre a Hundertwasser School no contexto da mudan\u00e7a do cen\u00e1rio escolar. O programa oficial ser\u00e1 encerrado com um tour pela escola.<br \/>O novo local estabelece um limite para os arranjos provis\u00f3rios: De 2002 a 2004, a escola especial foi instalada na Edith Stein School e, de 2004 a 2007, em um local provis\u00f3rio na Anne Frank School. No entanto, a equipe de professores tem trabalhado constantemente no desenvolvimento dessa escola. Desde o in\u00edcio do ano letivo de 2007\/2008, a escola especial funcionar\u00e1 como uma escola aberta durante todo o dia. Dessa forma, a Escola Hundertwasser quer apoiar o desenvolvimento emocional e social de seus cerca de 50 alunos. Um acordo correspondente com o Sozialp\u00e4dagogisches und Psychomotorisches Institut G\u00fctersloh (SPI) e a cidade de G\u00fctersloh foi assinado pelos respons\u00e1veis. Com o SPI, um provedor com o qual o Departamento de Juventude vem trabalhando h\u00e1 anos nas \u00e1reas de reabilita\u00e7\u00e3o e apoio educacional est\u00e1 assumindo o atendimento durante todo o dia. A cidade investiu tr\u00eas milh\u00f5es de euros na amplia\u00e7\u00e3o da antiga Escola Volkening. Sem linhas retas: A fachada na parte de tr\u00e1s da antiga Volkening School foi projetada no esp\u00edrito do artista Hundertwasser para a escola que leva seu nome.<br \/>(Publicado em 14.09.2007 no Westfalen-Blatt)<\/p><p><em>Publicado com a gentil permiss\u00e3o do Westfalen Blatt\u00a0<\/em><\/p><p><strong>O mundo das crian\u00e7as nem sempre \u00e9 colorido<\/strong><br \/><strong>Inaugura\u00e7\u00e3o oficial da Escola Hundertwasser<\/strong><br \/>Por Michael Delker<\/p><p>O diretor Gerhard Dicker foi presenteado com uma casa Hundertwasser em miniatura pela prefeita Maria Unger. A ministra da escola, Barbara Sommer, proferiu uma palavra de sauda\u00e7\u00e3o na inaugura\u00e7\u00e3o.<\/p><p>G\u00fctersloh (BM) O tempo dos arranjos provis\u00f3rios chegou ao fim. Depois que a antiga Escola Volkening foi ampliada por um anexo+, a Escola Hundertwasser p\u00f4de inaugurar oficialmente seu novo domic\u00edlio na tarde de sexta-feira. Depois de anos na Escola Edith Stein e em um pr\u00e9dio provis\u00f3rio na Escola Anne Frank, a escola especial finalmente encontrou um lar. A import\u00e2ncia desse passo para as crian\u00e7as, os pais e os professores ficou clara com o presente da prefeita Maria Unger: ela presenteou o diretor Gerhard Dickers com uma casa Hundertwasser em miniatura - ela pode ser usada como casa para p\u00e1ssaros.<\/p><p>A Ministra da Educa\u00e7\u00e3o da Ren\u00e2nia do Norte-Vestf\u00e1lia, Barbara Sommer, que trabalhava como conselheira escolar no distrito de G\u00fctersloh (\"Foi aqui que vivi meu melhor momento profissional\"), fez um discurso de boas-vindas. Ela contou aos convidados que o artista Friedensreich Hundertwasser havia dado a si mesmo o nome \"Dunkelbunt\" durante sua vida. \"Esse nome combina bem com as crian\u00e7as que frequentam a escola aqui. O mundo delas nem sempre \u00e9 colorido\", disse Barbara Sommer. A Escola Hundertwasser estabeleceu a meta de promover o desenvolvimento emocional e social de crian\u00e7as que n\u00e3o conseguem se adaptar a um tipo de escola convencional.<\/p><p>Em uma conversa com sua colega Kerstin Richter, Gerhard Dickers relembrou a funda\u00e7\u00e3o da escola h\u00e1 cinco anos. Naquela \u00e9poca, havia apenas cinco alunos, \"e \u00e9ramos provavelmente a menor escola da Ren\u00e2nia do Norte-Vestf\u00e1lia\". Desde ent\u00e3o, a escola tem se desenvolvido lentamente, e isso \u00e9 bom.<\/p><p>(Publicado em 15.09.2007 no Westfalen-Blatt)<\/p><p><em>Publicado com a gentil permiss\u00e3o da NW - Neue Westf\u00e4lische\u00a0<\/em><big><big><small><br \/><big><big><small><\/small><\/big><\/big><\/small><\/big><\/big><\/p><p><strong>Finalmente encontrou um lar<\/strong><br \/><strong>G\u00fctersloh tem uma nova escola \/ Inaugura\u00e7\u00e3o com o Ministro Sommer\u00a0<\/strong><br \/>POR ROLF BIRKHOLZ<br \/>G\u00fctersloh. \"Somos crian\u00e7as deste mundo e tocamos tambores como queremos\". Tocando tambores, cantando e assobiando, as crian\u00e7as da Escola Hundertwasser receberam ontem a Ministra da Escola Barbara Sommer, a Presidente do Distrito Marianne Thomann-Stahl e os outros convidados na cerim\u00f4nia de inaugura\u00e7\u00e3o da escola. M\u00fasica e canto, resultados de um projeto de percuss\u00e3o africana, fizeram com que os alunos parecessem j\u00e1 ter tomado posse de sua casa que leva o nome do artista e ambientalista Friedensreich Hundertwasser, a antiga Volkening School em Oststra\u00dfe\/Holzstra\u00dfe, que foi ampliada com um anexo.<br \/>O diretor Gerhard Dickers ficou satisfeito com o fato de a escola especial com foco no desenvolvimento emocional e social, fundada em 2002 e que inicialmente pertencia ao distrito, mas que desde ent\u00e3o se tornou uma escola municipal, ter encontrado \"um verdadeiro lar\" em seu novo local ap\u00f3s duas mudan\u00e7as, tornando-se um lugar para ir \u00e0 escola e um lugar para morar. Foi um golpe de sorte o fato de os projetos do arquiteto municipal Karl-Heinz Rempe \"terem sido capazes de criar espa\u00e7os felizes no esp\u00edrito de Hundertwasser\". Dickers viu outro golpe de sorte no fato de que o Sozialp\u00e4dagogisches und Psychomotorisches Institut G\u00fctersloh (SPI), com o qual o centro coopera em cuidados di\u00e1rios, medidas de apoio e cuidados parentais, tem um centro de apoio e um pavilh\u00e3o esportivo bem ao lado, na Holzstra\u00dfe, que tamb\u00e9m podem ser usados. A prefeita Maria Unger pensou primeiro em combinar as duas instala\u00e7\u00f5es em um \u00fanico local e, assim, tornou poss\u00edvel o efeito de sinergia.<\/p><p>Olhando para o futuro, Dickers imaginou um centro de compet\u00eancia socioeducacional aqui. Siegfried Lieske, diretor do departamento escolar do governo distrital, e Hartmut Stieghorst, membro do conselho escolar de G\u00fctersloh, que havia planejado um di\u00e1logo de encena\u00e7\u00e3o, tamb\u00e9m concordaram com isso. Em resposta \u00e0 declara\u00e7\u00e3o de Stieghorst de que a Escola Hundertwasser havia conquistado muito em cinco anos, Lieske disse: \"Todos jovens, altamente motivados: O que mais voc\u00ea poderia esperar?\"<\/p><p>Dickers e Kerstin Richter, sua primeira funcion\u00e1ria na \u00e9poca, j\u00e1 haviam sugerido essa avalia\u00e7\u00e3o em retrospecto. Com dois professores e cinco alunos, eles \"se sentiam como a menor escola da Ren\u00e2nia do Norte-Vestf\u00e1lia\" e eram alvo de algumas risadas. Em seguida, descreveram o constante desenvolvimento ascendente, incluindo a participa\u00e7\u00e3o na escola independente e em projetos abertos durante todo o dia, nos quais \u00e0s vezes \"atingiam os limites de sua capacidade\".<\/p><p>A ministra da escola, Barbara Sommer, falou de forma refrescante e livre, sem um manuscrito. Ela contou como Friedrich Stowasser encontrou certa vez seu nome art\u00edstico Friedensreich Hundertwasser. Ao tentar se colocar no lugar das crian\u00e7as, apontando o termo \"dunkelbunt\" (cor escura) do artista, apesar de sua cor clara, ela fez um apelo sincero para as crian\u00e7as, em vez de apenas ler um texto apresentado, como n\u00e3o \u00e9 incomum em casos como esse com pol\u00edticos.<\/p><p>\u00a0<\/p><p><strong>De Volkening a Hundertwasser<\/strong><br \/>Depois de dois locais provis\u00f3rios, a Escola Hundertwasser encontrou seu novo lar na antiga Volkschule na Holzstra\u00dfe 30 (acesso na verdade \u00e0 Oststra\u00dfe), nomeada em homenagem ao pregador revivalista Johann Heinrich Volkening e constru\u00edda em 1903. Como uma escola de apoio educacional do distrito, ela foi inicialmente abrigada na Escola Edith Stein e, posteriormente, na Escola Anne Frank. Em 2006, a cidade assumiu a administra\u00e7\u00e3o da escola. Iniciada em 2002 com uma equipe de duas pessoas e cinco alunos, hoje, incluindo a \u00e1rea de dia inteiro, 20 profissionais cuidam de 50 alunos no local, al\u00e9m de outras 20 crian\u00e7as que recebem apoio direto em suas escolas prim\u00e1rias. A reforma e a amplia\u00e7\u00e3o, de acordo com os planos do arquiteto Karl-Heinz Rempe, custaram tr\u00eas milh\u00f5es de euros. Rempe manteve-se fiel ao princ\u00edpio do \u00e2ngulo reto na amplia\u00e7\u00e3o. Entretanto, o esquema de cores, especialmente na parede dos fundos, bem como as torres coloridas, s\u00e3o claramente baseados na express\u00e3o do artista e despertador de fantasias Hundertwasser.<br \/><small>(Publicado em 15.09.2007 na revista NW- Neue Westf\u00e4lische)<\/small><\/p>\t\t\t\t\t\t\t\t<\/div>\n\t\t\t\t<\/div>\n\t\t\t\t\t<\/div>\n\t\t<\/div>\n\t\t\t\t\t<\/div>\n\t\t<\/section>\n\t\t\t\t<section class=\"elementor-section elementor-top-section elementor-element elementor-element-01dd008 elementor-section-boxed elementor-section-height-default elementor-section-height-default\" data-id=\"01dd008\" data-element_type=\"section\" data-e-type=\"section\">\n\t\t\t\t\t\t<div class=\"elementor-container elementor-column-gap-default\">\n\t\t\t\t\t<div class=\"elementor-column elementor-col-100 elementor-top-column elementor-element elementor-element-052942e\" data-id=\"052942e\" data-element_type=\"column\" data-e-type=\"column\">\n\t\t\t<div class=\"elementor-widget-wrap elementor-element-populated\">\n\t\t\t\t\t\t<div class=\"elementor-element elementor-element-7bae7a1 elementor-widget elementor-widget-spacer\" data-id=\"7bae7a1\" data-element_type=\"widget\" data-e-type=\"widget\" data-widget_type=\"spacer.default\">\n\t\t\t\t<div class=\"elementor-widget-container\">\n\t\t\t\t\t\t\t<div class=\"elementor-spacer\">\n\t\t\t<div class=\"elementor-spacer-inner\"><\/div>\n\t\t<\/div>\n\t\t\t\t\t\t<\/div>\n\t\t\t\t<\/div>\n\t\t\t\t\t<\/div>\n\t\t<\/div>\n\t\t\t\t\t<\/div>\n\t\t<\/section>\n\t\t\t\t<\/div>","protected":false},"excerpt":{"rendered":"<p>Ver\u00f6ffentlicht mit freundlicher Genehmigung der Glocke Ein Lern- und Lebensort zum Wohlf\u00fchlen\u00a0\u00a0\u00a0G\u00fctersloh (bit). Buschtrommeln der Kinder k\u00fcnden es, und Schulleiter Gerhard Dickers freut sich: Die Hundertwasserschule mit dem F\u00f6rderschwerpunkt emotionale und soziale Entwicklung im Primarbereich hat am Standort der ehemaligen Volkeningschule an der Holzstra\u00dfe in G\u00fctersloh \u201eeine wirkliche Heimat gefunden\u201c. Ein \u201eLern- und Lebensort, an [&hellip;]<\/p>\n","protected":false},"author":1,"featured_media":0,"parent":0,"menu_order":0,"comment_status":"closed","ping_status":"closed","template":"elementor_header_footer","meta":{"footnotes":""},"class_list":["post-851","page","type-page","status-publish","hentry"],"_links":{"self":[{"href":"https:\/\/hundertwasser-schule.de\/pt_br\/wp-json\/wp\/v2\/pages\/851","targetHints":{"allow":["GET"]}}],"collection":[{"href":"https:\/\/hundertwasser-schule.de\/pt_br\/wp-json\/wp\/v2\/pages"}],"about":[{"href":"https:\/\/hundertwasser-schule.de\/pt_br\/wp-json\/wp\/v2\/types\/page"}],"author":[{"embeddable":true,"href":"https:\/\/hundertwasser-schule.de\/pt_br\/wp-json\/wp\/v2\/users\/1"}],"replies":[{"embeddable":true,"href":"https:\/\/hundertwasser-schule.de\/pt_br\/wp-json\/wp\/v2\/comments?post=851"}],"version-history":[{"count":2,"href":"https:\/\/hundertwasser-schule.de\/pt_br\/wp-json\/wp\/v2\/pages\/851\/revisions"}],"predecessor-version":[{"id":1006,"href":"https:\/\/hundertwasser-schule.de\/pt_br\/wp-json\/wp\/v2\/pages\/851\/revisions\/1006"}],"wp:attachment":[{"href":"https:\/\/hundertwasser-schule.de\/pt_br\/wp-json\/wp\/v2\/media?parent=851"}],"curies":[{"name":"wp","href":"https:\/\/api.w.org\/{rel}","templated":true}]}}