{"id":37,"date":"2020-03-31T10:56:02","date_gmt":"2020-03-31T10:56:02","guid":{"rendered":"https:\/\/neu.hundertwasser-schule.de\/?page_id=37"},"modified":"2020-11-24T13:42:37","modified_gmt":"2020-11-24T12:42:37","slug":"auf-einen-blick","status":"publish","type":"page","link":"https:\/\/hundertwasser-schule.de\/pt_pt\/auf-einen-blick\/","title":{"rendered":"Num relance"},"content":{"rendered":"<div data-elementor-type=\"wp-page\" data-elementor-id=\"37\" class=\"elementor elementor-37\" data-elementor-post-type=\"page\">\n\t\t\t\t\t\t<section class=\"elementor-section elementor-top-section elementor-element elementor-element-67358a02 elementor-section-stretched elementor-section-full_width elementor-section-height-default elementor-section-height-default\" data-id=\"67358a02\" data-element_type=\"section\" data-e-type=\"section\" data-settings=\"{&quot;stretch_section&quot;:&quot;section-stretched&quot;}\">\n\t\t\t\t\t\t<div class=\"elementor-container elementor-column-gap-no\">\n\t\t\t\t\t<div class=\"elementor-column elementor-col-100 elementor-top-column elementor-element elementor-element-586636bf\" data-id=\"586636bf\" data-element_type=\"column\" data-e-type=\"column\">\n\t\t\t<div class=\"elementor-widget-wrap elementor-element-populated\">\n\t\t\t\t\t\t<div class=\"elementor-element elementor-element-5ec13e42 elementor-widget elementor-widget-image\" data-id=\"5ec13e42\" data-element_type=\"widget\" data-e-type=\"widget\" data-widget_type=\"image.default\">\n\t\t\t\t<div class=\"elementor-widget-container\">\n\t\t\t\t\t\t\t\t\t\t\t\t\t\t\t<img fetchpriority=\"high\" decoding=\"async\" width=\"1920\" height=\"230\" src=\"https:\/\/hundertwasser-schule.de\/wp-content\/uploads\/2020\/03\/bild1.jpg\" class=\"attachment-full size-full wp-image-108\" alt=\"\" srcset=\"https:\/\/hundertwasser-schule.de\/wp-content\/uploads\/2020\/03\/bild1.jpg 1920w, https:\/\/hundertwasser-schule.de\/wp-content\/uploads\/2020\/03\/bild1-300x36.jpg 300w, https:\/\/hundertwasser-schule.de\/wp-content\/uploads\/2020\/03\/bild1-1024x123.jpg 1024w, https:\/\/hundertwasser-schule.de\/wp-content\/uploads\/2020\/03\/bild1-768x92.jpg 768w, https:\/\/hundertwasser-schule.de\/wp-content\/uploads\/2020\/03\/bild1-1536x184.jpg 1536w, https:\/\/hundertwasser-schule.de\/wp-content\/uploads\/2020\/03\/bild1-20x2.jpg 20w\" sizes=\"(max-width: 1920px) 100vw, 1920px\" \/>\t\t\t\t\t\t\t\t\t\t\t\t\t\t\t<\/div>\n\t\t\t\t<\/div>\n\t\t\t\t\t<\/div>\n\t\t<\/div>\n\t\t\t\t\t<\/div>\n\t\t<\/section>\n\t\t\t\t<section class=\"elementor-section elementor-top-section elementor-element elementor-element-71fa5576 elementor-section-height-min-height elementor-section-boxed elementor-section-height-default elementor-section-items-middle\" data-id=\"71fa5576\" data-element_type=\"section\" data-e-type=\"section\" data-settings=\"{&quot;background_background&quot;:&quot;classic&quot;}\">\n\t\t\t\t\t\t<div class=\"elementor-container elementor-column-gap-default\">\n\t\t\t\t\t<div class=\"elementor-column elementor-col-100 elementor-top-column elementor-element elementor-element-2a0b54c4\" data-id=\"2a0b54c4\" data-element_type=\"column\" data-e-type=\"column\">\n\t\t\t<div class=\"elementor-widget-wrap elementor-element-populated\">\n\t\t\t\t\t\t\t<\/div>\n\t\t<\/div>\n\t\t\t\t\t<\/div>\n\t\t<\/section>\n\t\t\t\t<section class=\"elementor-section elementor-top-section elementor-element elementor-element-4279139d elementor-section-boxed elementor-section-height-default elementor-section-height-default\" data-id=\"4279139d\" data-element_type=\"section\" data-e-type=\"section\">\n\t\t\t\t\t\t<div class=\"elementor-container elementor-column-gap-default\">\n\t\t\t\t\t<div class=\"elementor-column elementor-col-100 elementor-top-column elementor-element elementor-element-51af3ddc\" data-id=\"51af3ddc\" data-element_type=\"column\" data-e-type=\"column\">\n\t\t\t<div class=\"elementor-widget-wrap elementor-element-populated\">\n\t\t\t\t\t\t<div class=\"elementor-element elementor-element-6d210516 elementor-widget elementor-widget-spacer\" data-id=\"6d210516\" data-element_type=\"widget\" data-e-type=\"widget\" data-widget_type=\"spacer.default\">\n\t\t\t\t<div class=\"elementor-widget-container\">\n\t\t\t\t\t\t\t<div class=\"elementor-spacer\">\n\t\t\t<div class=\"elementor-spacer-inner\"><\/div>\n\t\t<\/div>\n\t\t\t\t\t\t<\/div>\n\t\t\t\t<\/div>\n\t\t\t\t\t<\/div>\n\t\t<\/div>\n\t\t\t\t\t<\/div>\n\t\t<\/section>\n\t\t\t\t<section class=\"elementor-section elementor-top-section elementor-element elementor-element-bd49105 elementor-section-boxed elementor-section-height-default elementor-section-height-default\" data-id=\"bd49105\" data-element_type=\"section\" data-e-type=\"section\">\n\t\t\t\t\t\t<div class=\"elementor-container elementor-column-gap-default\">\n\t\t\t\t\t<div class=\"elementor-column elementor-col-100 elementor-top-column elementor-element elementor-element-0a49f76\" data-id=\"0a49f76\" data-element_type=\"column\" data-e-type=\"column\">\n\t\t\t<div class=\"elementor-widget-wrap elementor-element-populated\">\n\t\t\t\t\t\t<div class=\"elementor-element elementor-element-6073bad elementor-widget elementor-widget-text-editor\" data-id=\"6073bad\" data-element_type=\"widget\" data-e-type=\"widget\" data-widget_type=\"text-editor.default\">\n\t\t\t\t<div class=\"elementor-widget-container\">\n\t\t\t\t\t\t\t\t\t<p>A ideia b\u00e1sica do Open All Day na Escola Hundertwasser \u00e9 proporcionar a todas as crian\u00e7as da escola o melhor apoio poss\u00edvel na \u00e1rea do seu desenvolvimento emocional e social num ambiente multi-profissional.<\/p><p>A Hundertwasser School e a SPI organizam em conjunto este dia todo aberto. O conceito global \u00e9 mais desenvolvido pelos pedagogos sociais da escola aberta durante todo o dia e pelos professores da escola.<\/p><p>A creche pedag\u00f3gica social oferece os seguintes servi\u00e7os:\u00a0<\/p><ul><li>Medidas de estrutura\u00e7\u00e3o do dia<\/li><li>Trabalho familiar\u00a0<\/li><li>Ajuda para a educa\u00e7\u00e3o\u00a0<\/li><li>Participa\u00e7\u00e3o<\/li><li>Hor\u00e1rio de consulta das crian\u00e7as<\/li><li>Financiamento baseado em juros (FI)<\/li><li>Forma\u00e7\u00e3o em Concentra\u00e7\u00e3o de Marburgo<\/li><\/ul><p>\u00a0<\/p><p>Na Creche Pedag\u00f3gica Social, 54 crian\u00e7as e as suas fam\u00edlias s\u00e3o cuidadas com o elevado padr\u00e3o da STB. As 54 crian\u00e7as est\u00e3o divididas em quatro grupos com um tamanho de 12-15 crian\u00e7as. O hor\u00e1rio de atendimento \u00e9 das 12:00 \u00e0s 16:00 de segunda a quinta-feira e at\u00e9 \u00e0s 15:00 \u00e0s sextas-feiras. Durante as f\u00e9rias escolares e nos dias de ponte, oferecemos cuidados de f\u00e9rias de confian\u00e7a.<\/p><p>A equipa da Creche Pedag\u00f3gica Social \u00e9 constitu\u00edda por pedagogos sociais, assistentes sociais, cientistas educacionais, educadores e assistentes estudantis. Al\u00e9m disso, os profissionais t\u00eam forma\u00e7\u00e3o adicional em aconselhamento centrado na solu\u00e7\u00e3o, terapia familiar, psicomotricidade, educa\u00e7\u00e3o experiencial, educa\u00e7\u00e3o assistida por animais e treino de concentra\u00e7\u00e3o. Para al\u00e9m destes requisitos b\u00e1sicos, a forma\u00e7\u00e3o e supervis\u00e3o cont\u00ednua regulares s\u00e3o componentes importantes do trabalho. Cada professor \u00e9 a pessoa de contacto de cada crian\u00e7a e das suas fam\u00edlias no \u00e2mbito do \"sistema de refer\u00eancia\".<\/p><p>Durante a tarde, s\u00e3o realizadas sess\u00f5es de apoio individual para as crian\u00e7as. Estas s\u00e3o frequentadas pelas crian\u00e7as durante um per\u00edodo de v\u00e1rias semanas.<\/p>\t\t\t\t\t\t\t\t<\/div>\n\t\t\t\t<\/div>\n\t\t\t\t\t<\/div>\n\t\t<\/div>\n\t\t\t\t\t<\/div>\n\t\t<\/section>\n\t\t\t\t<\/div>","protected":false},"excerpt":{"rendered":"<p>Die Grundidee des Offenen Ganztags an der Hundertwasser-Schule ist es, allen Kindern der Schule in einem multiprofessionellem Setting eine m\u00f6glichst optimale F\u00f6rderung im Bereich ihrer emotionalen und sozialen Entwicklung zu erm\u00f6glichen. Hundertwasser-Schule und SPI gestalten diesen Offenen Ganztag gemeinsam. Das Gesamtkonzept wird von den Sozialp\u00e4dagoginnen und Sozialp\u00e4dagogen des Offenen Ganztags sowie den Lehrerinnen und und [&hellip;]<\/p>\n","protected":false},"author":1,"featured_media":0,"parent":0,"menu_order":0,"comment_status":"closed","ping_status":"closed","template":"elementor_header_footer","meta":{"footnotes":""},"class_list":["post-37","page","type-page","status-publish","hentry"],"_links":{"self":[{"href":"https:\/\/hundertwasser-schule.de\/pt_pt\/wp-json\/wp\/v2\/pages\/37","targetHints":{"allow":["GET"]}}],"collection":[{"href":"https:\/\/hundertwasser-schule.de\/pt_pt\/wp-json\/wp\/v2\/pages"}],"about":[{"href":"https:\/\/hundertwasser-schule.de\/pt_pt\/wp-json\/wp\/v2\/types\/page"}],"author":[{"embeddable":true,"href":"https:\/\/hundertwasser-schule.de\/pt_pt\/wp-json\/wp\/v2\/users\/1"}],"replies":[{"embeddable":true,"href":"https:\/\/hundertwasser-schule.de\/pt_pt\/wp-json\/wp\/v2\/comments?post=37"}],"version-history":[{"count":5,"href":"https:\/\/hundertwasser-schule.de\/pt_pt\/wp-json\/wp\/v2\/pages\/37\/revisions"}],"predecessor-version":[{"id":1575,"href":"https:\/\/hundertwasser-schule.de\/pt_pt\/wp-json\/wp\/v2\/pages\/37\/revisions\/1575"}],"wp:attachment":[{"href":"https:\/\/hundertwasser-schule.de\/pt_pt\/wp-json\/wp\/v2\/media?parent=37"}],"curies":[{"name":"wp","href":"https:\/\/api.w.org\/{rel}","templated":true}]}}