{"id":4664,"date":"2023-11-07T21:28:29","date_gmt":"2023-11-07T20:28:29","guid":{"rendered":"https:\/\/hundertwasser-schule.de\/?page_id=4664"},"modified":"2024-05-16T13:25:07","modified_gmt":"2024-05-16T11:25:07","slug":"lies-mit-projekt","status":"publish","type":"page","link":"https:\/\/hundertwasser-schule.de\/pt_pt\/lies-mit-projekt\/","title":{"rendered":"Leia! - Projeto"},"content":{"rendered":"<div data-elementor-type=\"wp-page\" data-elementor-id=\"4664\" class=\"elementor elementor-4664\" data-elementor-post-type=\"page\">\n\t\t\t\t\t\t<section class=\"elementor-section elementor-top-section elementor-element elementor-element-8e29a50 elementor-section-boxed elementor-section-height-default elementor-section-height-default\" data-id=\"8e29a50\" data-element_type=\"section\" data-e-type=\"section\">\n\t\t\t\t\t\t<div class=\"elementor-container elementor-column-gap-default\">\n\t\t\t\t\t<div class=\"elementor-column elementor-col-100 elementor-top-column elementor-element elementor-element-1832f55\" data-id=\"1832f55\" data-element_type=\"column\" data-e-type=\"column\">\n\t\t\t<div class=\"elementor-widget-wrap elementor-element-populated\">\n\t\t\t\t\t\t<div class=\"elementor-element elementor-element-deb3dc9 elementor-widget elementor-widget-text-editor\" data-id=\"deb3dc9\" data-element_type=\"widget\" data-e-type=\"widget\" data-widget_type=\"text-editor.default\">\n\t\t\t\t<div class=\"elementor-widget-container\">\n\t\t\t\t\t\t\t\t\t<p><span style=\"color: #0000ff;\"><b>Sobre o projeto<\/b><\/span><\/p><p>O projeto \"Lies mit\" \u00e9 uma oferta conjunta das inspec\u00e7\u00f5es escolares das escolas prim\u00e1rias do distrito de G\u00fctersloh, da equipa de compet\u00eancia, da gest\u00e3o da educa\u00e7\u00e3o e do gabinete de educa\u00e7\u00e3o do distrito de G\u00fctersloh, do Centro de Educa\u00e7\u00e3o e Oportunidades e da Funda\u00e7\u00e3o Reinhard Mohn.<\/p><p>Estamos muito satisfeitos pelo facto de os funcion\u00e1rios da Escola Hundertwasser terem concordado unanimemente em participar no projeto \"Lies mit\" no distrito de G\u00fctersloh no ano letivo de 2023\/24 e participarem nas sess\u00f5es de forma\u00e7\u00e3o com outras escolas prim\u00e1rias dentro de 18 meses. A ideia central do projeto \u00e9 a promo\u00e7\u00e3o sistem\u00e1tica da leitura como parte de um projeto de desenvolvimento escolar que \u00e9 apoiado por todos os colegas.<\/p><p>O\u00a0<strong>Objectivos pormenorizados<\/strong>\u00a0s\u00e3o os seguintes:<\/p><ol><li>Todos os alunos ensinados ao mesmo n\u00edvel atingem o intervalo padr\u00e3o do rastreio de leitura de Salzburgo na primeira metade do quarto ano.<\/li><li>Os alunos com necessidades especiais da escola participante melhoram a sua velocidade de leitura atrav\u00e9s da participa\u00e7\u00e3o regular em ac\u00e7\u00f5es de forma\u00e7\u00e3o em leitura durante os anos do ensino b\u00e1sico.<\/li><li>Os professores implementam a forma\u00e7\u00e3o em leitura no quarto ano letivo, o mais tardar, ap\u00f3s o in\u00edcio da participa\u00e7\u00e3o no projeto.<\/li><li>O projeto ser\u00e1 pilotado em cinco escolas prim\u00e1rias a partir do pr\u00f3ximo ano letivo. Estas escolas candidataram-se a participar na sequ\u00eancia de um evento de informa\u00e7\u00e3o e avalia\u00e7\u00e3o.<\/li><\/ol><p><strong>A estrutura da oferta<\/strong><\/p><p>Os professores das escolas prim\u00e1rias participantes participam em sete m\u00f3dulos ao longo de 18 meses.<strong>\u00a0<\/strong>que abrangem os seguintes temas:<br \/>Flu\u00eancia de leitura, diagn\u00f3stico e cinco m\u00e9todos de leitura sonora: Leitura coral, leitura de dados, leitura em tandem, leitura com um livro \u00e1udio e teatro de leitura em voz alta.<\/p><p>Cada m\u00f3dulo<strong>\u00a0<\/strong>consiste em:<\/p><ul><li>um filme, interc\u00e2mbio sobre o filme e planeamento da implementa\u00e7\u00e3o<br \/>na equipa do ano<\/li><li>Aplica\u00e7\u00e3o do m\u00e9todo de leitura em voz alta<\/li><li>Interc\u00e2mbio entre escolas<\/li><li>Teste com o Rastreio de Leitura de Salzburgo numa vers\u00e3o online gratuita<\/li><li>Discuss\u00e3o dos resultados na equipa do ano.<\/li><\/ul><p>Se desejar obter informa\u00e7\u00f5es mais pormenorizadas, pode encontr\u00e1-las aqui\u00a0<strong>o filme sobre o projeto:<br \/><\/strong><a href=\"https:\/\/youtu.be\/Q9TwVTWEg60?list=PL5LYbSLXzQs-pIlZO-9nmDxBdt5-eU7Qp\"><strong>https:\/\/youtu.be\/Q9TwVTWEg60?list=PL5LYbSLXzQs-pIlZO-9nmDxBdt5-<\/strong><\/a><a href=\"https:\/\/www.kreis-guetersloh.de\/themen\/bildung\/bildungsmanagement-und-bildungsbuero\/lies-mit\/qr-code.jpg?cid=18mk.5vo1\"><strong>eU7Qp<\/strong><\/a><strong>\u00a0 \u00a0<\/strong><\/p>\t\t\t\t\t\t\t\t<\/div>\n\t\t\t\t<\/div>\n\t\t\t\t<div class=\"elementor-element elementor-element-84b3ccb elementor-widget elementor-widget-text-editor\" data-id=\"84b3ccb\" data-element_type=\"widget\" data-e-type=\"widget\" data-widget_type=\"text-editor.default\">\n\t\t\t\t<div class=\"elementor-widget-container\">\n\t\t\t\t\t\t\t\t\t<p><span style=\"color: #0000ff;\"><strong>\"Ler junto\" na escola Hundertwasser<\/strong><\/span><\/p><p>O ano letivo de 2023\/2024 come\u00e7a com uma s\u00e9rie de mudan\u00e7as para todas as escolas prim\u00e1rias. Entre outras coisas, o estado da Ren\u00e2nia do Norte-Vestef\u00e1lia est\u00e1 a incentivar as escolas prim\u00e1rias a dar prioridade \u00e0 leitura e a incorporar tempos de leitura obrigat\u00f3rios no hor\u00e1rio. Aumentar a flu\u00eancia da leitura e a capacidade de dar sentido \u00e0s coisas, bem como o prazer de ler, s\u00e3o objectivos importantes.<\/p><p>Durante este processo, o projeto <strong>\"Ler\"<\/strong>no qual o pessoal da Escola Hundertwasser tem participado com entusiasmo desde o in\u00edcio do ano letivo. O projeto \u00e9 uma oferta conjunta das inspec\u00e7\u00f5es escolares das escolas prim\u00e1rias do distrito de G\u00fctersloh, da equipa de compet\u00eancias, do gabinete de educa\u00e7\u00e3o e da gest\u00e3o da educa\u00e7\u00e3o, do Centro de Educa\u00e7\u00e3o Digital e Escolas e da Funda\u00e7\u00e3o Reinhard Mohn e inclui v\u00e1rios m\u00f3dulos de forma\u00e7\u00e3o, que s\u00e3o depois implementados no ensino quotidiano e posteriormente reflectidos como parte do projeto.<\/p><p>Desde h\u00e1 v\u00e1rias semanas, a seguinte frase \u00e9 ouvida quatro vezes por semana, a uma hora fixa, em todo o edif\u00edcio escolar: \"Vamos come\u00e7ar a ler. Dedos por baixo de \"...\" - 3-2-1 ...\". De seguida, lemos em coro. Durante este per\u00edodo de 15-20 minutos de promo\u00e7\u00e3o da leitura, as crian\u00e7as experimentam v\u00e1rios m\u00e9todos de leitura em voz alta, como a leitura em coro, os cubos de leitura ou a leitura de livros \u00e1udio. Est\u00e1 provado que todos os m\u00e9todos promovem a flu\u00eancia da leitura, a compreens\u00e3o da leitura e a motiva\u00e7\u00e3o para a leitura - por outras palavras, a base de toda a educa\u00e7\u00e3o. O progresso das compet\u00eancias de leitura dos alunos \u00e9 medido atrav\u00e9s de testes regulares com o Salzburg Reading Screening numa vers\u00e3o online.<\/p><p>As crian\u00e7as mal podem esperar para descobrir e ler novos textos e leituras e para conhecer e experimentar outras t\u00e9cnicas de leitura sonora.<\/p><p>Estamos ansiosos por ver o que acontece a seguir!\u00a0<\/p>\t\t\t\t\t\t\t\t<\/div>\n\t\t\t\t<\/div>\n\t\t\t\t<div class=\"elementor-element elementor-element-80f5d5f elementor-widget elementor-widget-video\" data-id=\"80f5d5f\" data-element_type=\"widget\" data-e-type=\"widget\" data-settings=\"{&quot;video_type&quot;:&quot;hosted&quot;,&quot;controls&quot;:&quot;yes&quot;}\" data-widget_type=\"video.default\">\n\t\t\t\t<div class=\"elementor-widget-container\">\n\t\t\t\t\t\t\t<div class=\"e-hosted-video elementor-wrapper elementor-open-inline\">\n\t\t\t\t\t<video class=\"elementor-video\" src=\"http:\/\/hundertwasser-schule.de\/wp-content\/uploads\/2023\/11\/IMG_2543.mov\" controls=\"\" preload=\"metadata\" controlslist=\"nodownload\"><\/video>\n\t\t\t\t<\/div>\n\t\t\t\t\t\t<\/div>\n\t\t\t\t<\/div>\n\t\t\t\t<div class=\"elementor-element elementor-element-1402dd5 elementor-widget elementor-widget-gallery\" data-id=\"1402dd5\" data-element_type=\"widget\" data-e-type=\"widget\" data-settings=\"{&quot;lazyload&quot;:&quot;yes&quot;,&quot;gallery_layout&quot;:&quot;grid&quot;,&quot;columns&quot;:4,&quot;columns_tablet&quot;:2,&quot;columns_mobile&quot;:1,&quot;gap&quot;:{&quot;unit&quot;:&quot;px&quot;,&quot;size&quot;:10,&quot;sizes&quot;:[]},&quot;gap_tablet&quot;:{&quot;unit&quot;:&quot;px&quot;,&quot;size&quot;:10,&quot;sizes&quot;:[]},&quot;gap_mobile&quot;:{&quot;unit&quot;:&quot;px&quot;,&quot;size&quot;:10,&quot;sizes&quot;:[]},&quot;link_to&quot;:&quot;file&quot;,&quot;aspect_ratio&quot;:&quot;3:2&quot;,&quot;overlay_background&quot;:&quot;yes&quot;,&quot;content_hover_animation&quot;:&quot;fade-in&quot;}\" data-widget_type=\"gallery.default\">\n\t\t\t\t<div class=\"elementor-widget-container\">\n\t\t\t\t\t\t\t<div class=\"elementor-gallery__container\">\n\t\t\t\t\t<\/div>\n\t\t\t\t\t<\/div>\n\t\t\t\t<\/div>\n\t\t\t\t\t<\/div>\n\t\t<\/div>\n\t\t\t\t\t<\/div>\n\t\t<\/section>\n\t\t\t\t<section class=\"elementor-section elementor-top-section elementor-element elementor-element-ec3786e elementor-section-boxed elementor-section-height-default elementor-section-height-default\" data-id=\"ec3786e\" data-element_type=\"section\" data-e-type=\"section\">\n\t\t\t\t\t\t<div class=\"elementor-container elementor-column-gap-default\">\n\t\t\t\t\t<div class=\"elementor-column elementor-col-100 elementor-top-column elementor-element elementor-element-d6b72ee\" data-id=\"d6b72ee\" data-element_type=\"column\" data-e-type=\"column\">\n\t\t\t<div class=\"elementor-widget-wrap\">\n\t\t\t\t\t\t\t<\/div>\n\t\t<\/div>\n\t\t\t\t\t<\/div>\n\t\t<\/section>\n\t\t\t\t<\/div>","protected":false},"excerpt":{"rendered":"<p>\u00dcber das Projekt Das Projekt\u00a0\u201eLies\u00a0mit\u201c ist ein gemeinsames Angebot der Schulaufsichten f\u00fcr die Grundschulen im Kreis G\u00fctersloh, des Kompetenzteams, des Bildungsmanagements und Bildungsb\u00fcro im Kreis G\u00fctersloh, des Zentrums f\u00fcr Bildung und Chancen und der Reinhard Mohn Stiftung. Wir freuen uns, dass sich das Kollegium der Hundertwasser-Schule einstimmig im Schuljahr 2023\/24 auf das Projekt \u201eLies mit\u201c [&hellip;]<\/p>\n","protected":false},"author":4,"featured_media":0,"parent":0,"menu_order":0,"comment_status":"closed","ping_status":"closed","template":"","meta":{"footnotes":""},"class_list":["post-4664","page","type-page","status-publish","hentry"],"_links":{"self":[{"href":"https:\/\/hundertwasser-schule.de\/pt_pt\/wp-json\/wp\/v2\/pages\/4664","targetHints":{"allow":["GET"]}}],"collection":[{"href":"https:\/\/hundertwasser-schule.de\/pt_pt\/wp-json\/wp\/v2\/pages"}],"about":[{"href":"https:\/\/hundertwasser-schule.de\/pt_pt\/wp-json\/wp\/v2\/types\/page"}],"author":[{"embeddable":true,"href":"https:\/\/hundertwasser-schule.de\/pt_pt\/wp-json\/wp\/v2\/users\/4"}],"replies":[{"embeddable":true,"href":"https:\/\/hundertwasser-schule.de\/pt_pt\/wp-json\/wp\/v2\/comments?post=4664"}],"version-history":[{"count":5,"href":"https:\/\/hundertwasser-schule.de\/pt_pt\/wp-json\/wp\/v2\/pages\/4664\/revisions"}],"predecessor-version":[{"id":5238,"href":"https:\/\/hundertwasser-schule.de\/pt_pt\/wp-json\/wp\/v2\/pages\/4664\/revisions\/5238"}],"wp:attachment":[{"href":"https:\/\/hundertwasser-schule.de\/pt_pt\/wp-json\/wp\/v2\/media?parent=4664"}],"curies":[{"name":"wp","href":"https:\/\/api.w.org\/{rel}","templated":true}]}}