{"id":851,"date":"2020-04-14T08:16:03","date_gmt":"2020-04-14T06:16:03","guid":{"rendered":"https:\/\/neu.hundertwasser-schule.de\/?page_id=851"},"modified":"2020-04-14T12:17:52","modified_gmt":"2020-04-14T10:17:52","slug":"presseinfo-2","status":"publish","type":"page","link":"https:\/\/hundertwasser-schule.de\/pt_pt\/presseinfo-2\/","title":{"rendered":"Comunicado de imprensa"},"content":{"rendered":"<div data-elementor-type=\"wp-page\" data-elementor-id=\"851\" class=\"elementor elementor-851\" data-elementor-post-type=\"page\">\n\t\t\t\t\t\t<section class=\"elementor-section elementor-top-section elementor-element elementor-element-3c74706b elementor-section-stretched elementor-section-full_width elementor-section-height-default elementor-section-height-default\" data-id=\"3c74706b\" data-element_type=\"section\" data-e-type=\"section\" data-settings=\"{&quot;stretch_section&quot;:&quot;section-stretched&quot;}\">\n\t\t\t\t\t\t<div class=\"elementor-container elementor-column-gap-no\">\n\t\t\t\t\t<div class=\"elementor-column elementor-col-100 elementor-top-column elementor-element elementor-element-50667664\" data-id=\"50667664\" data-element_type=\"column\" data-e-type=\"column\">\n\t\t\t<div class=\"elementor-widget-wrap elementor-element-populated\">\n\t\t\t\t\t\t<div class=\"elementor-element elementor-element-64027a3a elementor-widget elementor-widget-image\" data-id=\"64027a3a\" data-element_type=\"widget\" data-e-type=\"widget\" data-widget_type=\"image.default\">\n\t\t\t\t<div class=\"elementor-widget-container\">\n\t\t\t\t\t\t\t\t\t\t\t\t\t\t\t<img fetchpriority=\"high\" decoding=\"async\" width=\"1920\" height=\"230\" src=\"https:\/\/hundertwasser-schule.de\/wp-content\/uploads\/2020\/03\/bild1.jpg\" class=\"attachment-full size-full wp-image-108\" alt=\"\" srcset=\"https:\/\/hundertwasser-schule.de\/wp-content\/uploads\/2020\/03\/bild1.jpg 1920w, https:\/\/hundertwasser-schule.de\/wp-content\/uploads\/2020\/03\/bild1-300x36.jpg 300w, https:\/\/hundertwasser-schule.de\/wp-content\/uploads\/2020\/03\/bild1-1024x123.jpg 1024w, https:\/\/hundertwasser-schule.de\/wp-content\/uploads\/2020\/03\/bild1-768x92.jpg 768w, https:\/\/hundertwasser-schule.de\/wp-content\/uploads\/2020\/03\/bild1-1536x184.jpg 1536w, https:\/\/hundertwasser-schule.de\/wp-content\/uploads\/2020\/03\/bild1-20x2.jpg 20w\" sizes=\"(max-width: 1920px) 100vw, 1920px\" \/>\t\t\t\t\t\t\t\t\t\t\t\t\t\t\t<\/div>\n\t\t\t\t<\/div>\n\t\t\t\t\t<\/div>\n\t\t<\/div>\n\t\t\t\t\t<\/div>\n\t\t<\/section>\n\t\t\t\t<section class=\"elementor-section elementor-top-section elementor-element elementor-element-4f9a8843 elementor-section-height-min-height elementor-section-boxed elementor-section-height-default elementor-section-items-middle\" data-id=\"4f9a8843\" data-element_type=\"section\" data-e-type=\"section\" data-settings=\"{&quot;background_background&quot;:&quot;classic&quot;}\">\n\t\t\t\t\t\t<div class=\"elementor-container elementor-column-gap-default\">\n\t\t\t\t\t<div class=\"elementor-column elementor-col-100 elementor-top-column elementor-element elementor-element-17041e88\" data-id=\"17041e88\" data-element_type=\"column\" data-e-type=\"column\">\n\t\t\t<div class=\"elementor-widget-wrap elementor-element-populated\">\n\t\t\t\t\t\t\t<\/div>\n\t\t<\/div>\n\t\t\t\t\t<\/div>\n\t\t<\/section>\n\t\t\t\t<section class=\"elementor-section elementor-top-section elementor-element elementor-element-47dc2325 elementor-section-boxed elementor-section-height-default elementor-section-height-default\" data-id=\"47dc2325\" data-element_type=\"section\" data-e-type=\"section\">\n\t\t\t\t\t\t<div class=\"elementor-container elementor-column-gap-default\">\n\t\t\t\t\t<div class=\"elementor-column elementor-col-100 elementor-top-column elementor-element elementor-element-699a63e7\" data-id=\"699a63e7\" data-element_type=\"column\" data-e-type=\"column\">\n\t\t\t<div class=\"elementor-widget-wrap elementor-element-populated\">\n\t\t\t\t\t\t<div class=\"elementor-element elementor-element-74cdb4ae elementor-widget elementor-widget-spacer\" data-id=\"74cdb4ae\" data-element_type=\"widget\" data-e-type=\"widget\" data-widget_type=\"spacer.default\">\n\t\t\t\t<div class=\"elementor-widget-container\">\n\t\t\t\t\t\t\t<div class=\"elementor-spacer\">\n\t\t\t<div class=\"elementor-spacer-inner\"><\/div>\n\t\t<\/div>\n\t\t\t\t\t\t<\/div>\n\t\t\t\t<\/div>\n\t\t\t\t\t<\/div>\n\t\t<\/div>\n\t\t\t\t\t<\/div>\n\t\t<\/section>\n\t\t\t\t<section class=\"elementor-section elementor-top-section elementor-element elementor-element-8a7cbd4 elementor-section-boxed elementor-section-height-default elementor-section-height-default\" data-id=\"8a7cbd4\" data-element_type=\"section\" data-e-type=\"section\">\n\t\t\t\t\t\t<div class=\"elementor-container elementor-column-gap-default\">\n\t\t\t\t\t<div class=\"elementor-column elementor-col-100 elementor-top-column elementor-element elementor-element-99a22aa\" data-id=\"99a22aa\" data-element_type=\"column\" data-e-type=\"column\">\n\t\t\t<div class=\"elementor-widget-wrap elementor-element-populated\">\n\t\t\t\t\t\t<div class=\"elementor-element elementor-element-082071a elementor-widget elementor-widget-text-editor\" data-id=\"082071a\" data-element_type=\"widget\" data-e-type=\"widget\" data-widget_type=\"text-editor.default\">\n\t\t\t\t<div class=\"elementor-widget-container\">\n\t\t\t\t\t\t\t\t\t<p><em>Publicado com a gentil permiss\u00e3o do Sino<\/em><\/p><p><strong>Um lugar para aprender e viver bem\u00a0\u00a0\u00a0<\/strong><br \/>G\u00fctersloh (bit). Os tambores dos autocarros para crian\u00e7as anunciam-no, e o director Gerhard Dickers est\u00e1 satisfeito: a Escola Hundertwasser com especial enfoque no desenvolvimento emocional e social no sector prim\u00e1rio \"encontrou um verdadeiro lar\" na localiza\u00e7\u00e3o da antiga Escola Volkening em Holzstra\u00dfe, em G\u00fctersloh. Um \"lugar de aprendizagem e de vida onde se tem de sentir em casa\".<br \/>Ap\u00f3s a convers\u00e3o e extens\u00e3o arquitect\u00f3nica marcante, a Presidente da C\u00e2mara Maria Unger falou de um grande dia para os alunos e para a cidade. A Escola Hundertwasser, fundada h\u00e1 cinco anos sob os ausp\u00edcios do distrito de G\u00fctersloh na Escola Edith Stein, mudou-se mais tarde para o bairro da Escola Integral Anne Frank e tem sido uma escola municipal desde 2006. Unger referiu-se \u00e0 riqueza de cor da artista que deu \u00e0 escola o seu nome. Ele apela aos alunos que procuram criatividade. Na sua \"gota de chuva caindo na cidade\", as crian\u00e7as encontrariam paralelos dos seus desejos, disse o presidente da c\u00e2mara.<br \/>A Ministra da Educa\u00e7\u00e3o da NRW, Barbara Sommer, como convidada, sublinhou os la\u00e7os estreitos com a cidade e distrito de G\u00fctersloh, onde trabalhou como conselheira escolar. Ela queria ter um di\u00e1logo com as crian\u00e7as, mas elas j\u00e1 se encontravam no autocarro escolar. Depois quis falar sobre Hundertwasser. Unger chegou primeiro que ela. No entanto, a ministra ficou com o artista, que estimulava as fantasias de rapazes e raparigas com o seu barco. A vida tem lados de escurid\u00e3o e luminosidade. Sommer sentiu gratid\u00e3o por Hundertwasser, que sempre se tinha chocado contra a linha recta, e pelas suas imagens coloridas.<br \/>\"Um director, um colega e cinco rapazes\", Dickers descreveu o in\u00edcio em di\u00e1logo com este primeiro colega Kerstin Richter. \"Nem sequer \u00e9ramos uma escola de an\u00f5es e riram-se um pouco\", recordou o director. Ele agradeceu ao chefe do departamento escolar Siegfried Lieske em Detmold e ao membro do conselho escolar Hartmut Stieghorst na administra\u00e7\u00e3o distrital pelo seu apoio. Chamou a transfer\u00eancia para a cidade de G\u00fctersloh em 2006 um momento afortunado, porque a cidade estava apenas a pensar em escolas abrangentes e abertas durante todo o dia. Dockers considerou a forma actual da Escola Hundertwasser como uma instala\u00e7\u00e3o para todo o dia com foco na educa\u00e7\u00e3o social em coopera\u00e7\u00e3o com a escola da cidade e os departamentos de juventude como um caso exemplar.<br \/>Os convidados inclu\u00edram Ursula Doppmeier MdL e a Presidente do Distrito Marianne Thomann-Stahl. Uma convidada muito especial foi Lisa Weber (92). Ela tinha vivido durante 80 anos no apartamento da professora na Escola Volkening, onde o seu pai foi em tempos director e ela pr\u00f3pria ensinou durante 30 anos.<br \/>(Publicado em 15.09.2007 em Die Glocke)<\/p><p><em>Publicado com a gentil permiss\u00e3o do Westfalen Blatt<\/em><\/p><p><strong>Nomeado ap\u00f3s multi-talento<\/strong><br \/>A Escola Hundertwasser \u00e9 inaugurada hoje<br \/>O seu nome vem do artista, multi-talento e ambientalista Hundertwasser e chama-se \"F\u00f6rderschule der Stadt G\u00fctersloh\" (escola especial da cidade de G\u00fctersloh). Depois de mudar de local, a escola dedicada encontrou agora a sua nova casa em Holzstra\u00dfe 30.<br \/>A escola pertence \u00e0 cidade desde 1 de Agosto de 2006. Em 2002 foi fundada como escola de apoio educacional do distrito de G\u00fctersloh com uma turma de cinco alunos e um professor para a educa\u00e7\u00e3o especial e est\u00e1 agora localizada em Holzstra\u00dfe.<br \/>O novo edif\u00edcio da escola ser\u00e1 oficialmente inaugurado hoje, sexta-feira, \u00e0s 14h30. A ministra da escola do estado da Ren\u00e2nia do Norte-Vestef\u00e1lia, Barbara Sommer, est\u00e1 prevista a sua presen\u00e7a. Numa apresenta\u00e7\u00e3o intitulada \"Cinco Anos da Escola Hundertwasser\", o director Gerhard Dickers far\u00e1 um balan\u00e7o do desenvolvimento da escola e delinear\u00e1 as suas perspectivas. Siegfried Lieske, chefe do departamento escolar em Detmold, far\u00e1 uma apresenta\u00e7\u00e3o sobre a Escola Hundertwasser no contexto da mudan\u00e7a do panorama escolar. O programa oficial terminar\u00e1 com uma visita guiada \u00e0 escola.<br \/>A nova localiza\u00e7\u00e3o tra\u00e7a uma linha ao abrigo das disposi\u00e7\u00f5es provis\u00f3rias: De 2002 a 2004, a escola especial foi alojada na Escola Edith Stein, e de 2004 a 2007 num local provis\u00f3rio na Escola Anne Frank. No entanto, a equipa de professores tem trabalhado constantemente no desenvolvimento desta escola. Desde o in\u00edcio do ano lectivo de 2007\/2008, a escola especial ser\u00e1 gerida como uma escola aberta durante todo o dia. Desta forma, a Escola Hundertwasser quer apoiar o desenvolvimento emocional e social dos seus cerca de 50 alunos. Um acordo correspondente com o Sozialp\u00e4dagogisches und Psychomotorisches Institut G\u00fctersloh (SPI) e a cidade de G\u00fctersloh foi assinado pelos respons\u00e1veis. Com o SPI, um fornecedor com quem o Departamento da Juventude tem vindo a trabalhar h\u00e1 anos nos campos da reabilita\u00e7\u00e3o e do apoio educacional est\u00e1 a assumir os cuidados durante todo o dia. A cidade investiu tr\u00eas milh\u00f5es de euros na extens\u00e3o da antiga Escola de Volkening. N\u00e3o h\u00e1 linhas rectas: A fachada na retaguarda da antiga Escola de Volkening foi concebida no esp\u00edrito do artista Hundertwasser para a escola com o seu nome.<br \/>(Publicado em 14.09.2007 no Westfalen-Blatt)<\/p><p><em>Publicado com a gentil permiss\u00e3o do Westfalen Blatt\u00a0<\/em><\/p><p><strong>O mundo das crian\u00e7as nem sempre \u00e9 colorido<\/strong><br \/><strong>Inaugurada oficialmente a Escola Hundertwasser<\/strong><br \/>Por Michael Delker<\/p><p>O director Gerhard Dicker recebeu uma casa Hundertwasser em miniatura como presente da presidente da c\u00e2mara Maria Unger. A Ministra da Escola, Barbara Sommer, falou uma palavra de sauda\u00e7\u00e3o na inaugura\u00e7\u00e3o.<\/p><p>G\u00fctersloh (WB) O tempo dos acordos provis\u00f3rios terminou. Depois de a antiga Escola de Volkening ter sido prolongada por um anexo+, a Escola Hundertwasser p\u00f4de inaugurar oficialmente o seu novo domic\u00edlio na sexta-feira \u00e0 tarde. Ap\u00f3s anos na Escola Edith Stein e num edif\u00edcio provis\u00f3rio na Escola Anne Frank, a escola especial encontrou finalmente um lar. A import\u00e2ncia deste passo para as crian\u00e7as, pais e professores foi claramente explicada pelo presente da Presidente da C\u00e2mara Maria Unger: ela apresentou ao Director Gerhard Dickers uma casa Hundertwasser em miniatura - pode ser usada como uma casa de p\u00e1ssaros.<\/p><p>A Ministra da Educa\u00e7\u00e3o da Ren\u00e2nia do Norte-Vestef\u00e1lia, Barbara Sommer, que trabalhava como conselheira escolar no distrito de G\u00fctersloh (\"Foi aqui que vivi o meu melhor tempo profissional\"), fez um discurso de boas-vindas. Ela disse aos convidados que o artista Friedensreich Hundertwasser se tinha baptizado \"Dunkelbunt\" durante a sua vida. \"Este nome encaixa bem com as crian\u00e7as que frequentam a escola aqui. O seu mundo nem sempre \u00e9 colorido\", disse Barbara Sommer. A Escola Hundertwasser estabeleceu o objectivo de promover o desenvolvimento emocional e social das crian\u00e7as que n\u00e3o conseguem lidar com um tipo de escola convencional.<\/p><p>Em conversa com o seu colega Kerstin Richter, Gerhard Dickers recordou a funda\u00e7\u00e3o da escola h\u00e1 cinco anos atr\u00e1s. Nessa altura, havia apenas cinco alunos, \"e \u00e9ramos provavelmente a escola mais pequena da Ren\u00e2nia do Norte-Vestef\u00e1lia\". Desde ent\u00e3o, a escola desenvolveu-se lentamente, e isso \u00e9 uma coisa boa.<\/p><p>(Publicado em 15.09.2007 no Westfalen-Blatt)<\/p><p><em>Publicado com a gentil permiss\u00e3o da NW - Neue Westf\u00e4lische\u00a0<\/em><big><big><small><br \/><big><big><small><\/small><\/big><\/big><\/small><\/big><\/big><\/p><p><strong>Finalmente encontrou um lar<\/strong><br \/><strong>G\u00fctersloh tem uma nova escola \/ Inaugura\u00e7\u00e3o com o Ministro Sommer\u00a0<\/strong><br \/>POR ROLF BIRKHOLZ<br \/>G\u00fctersloh. \"Somos crian\u00e7as deste mundo, e tocamos os tambores que nos apetece\". Tocar tambor, cantar, assobiar, crian\u00e7as da Escola Hundertwasser receberam ontem a Ministra da Escola Barbara Sommer, a Presidente do Distrito Marianne Thomann-Stahl e os outros convidados na cerim\u00f3nia de inaugura\u00e7\u00e3o da sua escola. A m\u00fasica e o canto, os resultados de um projecto africano de baterista, fizeram parecer que os alunos j\u00e1 tinham tomado posse da sua casa com o nome do artista e ambientalista Friedensreich Hundertwasser, a antiga Escola Volkening na Oststra\u00dfe\/Holzstra\u00dfe, que foi ampliada por um anexo.<br \/>O director Gerhard Dickers ficou satisfeito por a escola especial com foco no desenvolvimento emocional e social, que foi fundada em 2002 e que inicialmente era propriedade do distrito, mas desde ent\u00e3o tornou-se uma escola municipal, ter agora encontrado \"uma verdadeira casa\" no seu novo local ap\u00f3s duas mudan\u00e7as, e tornou-se um lugar para ir \u00e0 escola e um lugar para viver. Foi um golpe de sorte que os projectos do arquitecto municipal Karl-Heinz Rempe \"foram capazes de criar espa\u00e7os felizes no esp\u00edrito de Hundertwasser\". Dickers viu outro golpe de sorte no facto de o Sozialp\u00e4dagogisches und Psychomotorisches Institut G\u00fctersloh (SPI), com o qual o centro coopera em creches, medidas de apoio e cuidados parentais, ter um centro de apoio e um pavilh\u00e3o desportivo mesmo ao lado na Holzstra\u00dfe, que tamb\u00e9m pode ser utilizado. A presidente da c\u00e2mara Maria Unger tinha pensado em combinar ambas as instala\u00e7\u00f5es num s\u00f3 local, tornando assim poss\u00edvel o efeito sinerg\u00e9tico.<\/p><p>Olhando para o futuro, Dickers poderia imaginar aqui um centro de compet\u00eancia s\u00f3cio-educativa. Isto tamb\u00e9m foi ecoado por Siegfried Lieske, chefe do departamento escolar do governo distrital, e Hartmut Stieghorst, o membro do conselho escolar de G\u00fctersloh, que tinha concebido um di\u00e1logo de representa\u00e7\u00e3o de pap\u00e9is. Em resposta \u00e0 declara\u00e7\u00e3o de Stieghorst de que a Escola Hundertwasser tinha conseguido muito em cinco anos, Lieske disse: \"Todos os jovens, altamente motivados: O que mais esperavas\"?<\/p><p>Dickers e Kerstin Richter, o seu primeiro empregado na altura, j\u00e1 tinham sugerido esta avalia\u00e7\u00e3o em retrospectiva. Com dois professores e cinco alunos, \"sentiam-se como a mais pequena escola da Ren\u00e2nia do Norte-Vestef\u00e1lia\" e riram-se um pouco. Depois descreveram o constante desenvolvimento ascendente, incluindo a participa\u00e7\u00e3o na escola independente e projectos abertos durante todo o dia, onde por vezes \"atingiram os limites da sua capacidade\".<\/p><p>A Ministra da Escola Barbara Sommer falou refrescantemente livremente sem um manuscrito. Ela contou como Friedrich Stowasser encontrou uma vez o seu artista chamado Friedensreich Hundertwasser. Ao tentar colocar-se na alma das crian\u00e7as, ao apontar o termo do artista \"dunkelbunt\" (de cor escura) para todas as suas cores vivas, ela apelou calorosamente \u00e0s crian\u00e7as em vez de apenas ler um texto apresentado, como n\u00e3o \u00e9 invulgar em tais casos com pol\u00edticos.<\/p><p>\u00a0<\/p><p><strong>De Volkening a Hundertwasser<\/strong><br \/>Ap\u00f3s duas localiza\u00e7\u00f5es provis\u00f3rias, a Escola Hundertwasser encontrou a sua nova casa na antiga Volkschule em Holzstra\u00dfe 30 (acesso na verdade Oststra\u00dfe), nomeada em homenagem ao pregador revivalista Johann Heinrich Volkening e constru\u00edda em 1903. Como escola de apoio educacional do distrito, foi inicialmente alojada na Escola Edith Stein, mais tarde na Escola Anne Frank. Em 2006, a cidade assumiu a direc\u00e7\u00e3o da escola. Come\u00e7ou em 2002 com uma equipa de duas pessoas e cinco alunos, hoje, incluindo a \u00e1rea do dia inteiro, 20 profissionais cuidam de 50 alunos no local, bem como de outras 20 crian\u00e7as que recebem apoio directo nas suas escolas prim\u00e1rias. A renova\u00e7\u00e3o e extens\u00e3o de acordo com os planos do arquitecto Karl-Heinz Rempe custou tr\u00eas milh\u00f5es de euros. Rempe manteve-se fiel ao princ\u00edpio do \u00e2ngulo certo na extens\u00e3o. No entanto, o esquema de cores, especialmente na parede traseira, bem como as torres coloridas, baseiam-se claramente na express\u00e3o do artista e despertador de fantasia Hundertwasser.<br \/><small>(Publicado em 15.09.2007 na NW- Neue Westf\u00e4lische)<\/small><\/p>\t\t\t\t\t\t\t\t<\/div>\n\t\t\t\t<\/div>\n\t\t\t\t\t<\/div>\n\t\t<\/div>\n\t\t\t\t\t<\/div>\n\t\t<\/section>\n\t\t\t\t<section class=\"elementor-section elementor-top-section elementor-element elementor-element-01dd008 elementor-section-boxed elementor-section-height-default elementor-section-height-default\" data-id=\"01dd008\" data-element_type=\"section\" data-e-type=\"section\">\n\t\t\t\t\t\t<div class=\"elementor-container elementor-column-gap-default\">\n\t\t\t\t\t<div class=\"elementor-column elementor-col-100 elementor-top-column elementor-element elementor-element-052942e\" data-id=\"052942e\" data-element_type=\"column\" data-e-type=\"column\">\n\t\t\t<div class=\"elementor-widget-wrap elementor-element-populated\">\n\t\t\t\t\t\t<div class=\"elementor-element elementor-element-7bae7a1 elementor-widget elementor-widget-spacer\" data-id=\"7bae7a1\" data-element_type=\"widget\" data-e-type=\"widget\" data-widget_type=\"spacer.default\">\n\t\t\t\t<div class=\"elementor-widget-container\">\n\t\t\t\t\t\t\t<div class=\"elementor-spacer\">\n\t\t\t<div class=\"elementor-spacer-inner\"><\/div>\n\t\t<\/div>\n\t\t\t\t\t\t<\/div>\n\t\t\t\t<\/div>\n\t\t\t\t\t<\/div>\n\t\t<\/div>\n\t\t\t\t\t<\/div>\n\t\t<\/section>\n\t\t\t\t<\/div>","protected":false},"excerpt":{"rendered":"<p>Ver\u00f6ffentlicht mit freundlicher Genehmigung der Glocke Ein Lern- und Lebensort zum Wohlf\u00fchlen\u00a0\u00a0\u00a0G\u00fctersloh (bit). Buschtrommeln der Kinder k\u00fcnden es, und Schulleiter Gerhard Dickers freut sich: Die Hundertwasserschule mit dem F\u00f6rderschwerpunkt emotionale und soziale Entwicklung im Primarbereich hat am Standort der ehemaligen Volkeningschule an der Holzstra\u00dfe in G\u00fctersloh \u201eeine wirkliche Heimat gefunden\u201c. Ein \u201eLern- und Lebensort, an [&hellip;]<\/p>\n","protected":false},"author":1,"featured_media":0,"parent":0,"menu_order":0,"comment_status":"closed","ping_status":"closed","template":"elementor_header_footer","meta":{"footnotes":""},"class_list":["post-851","page","type-page","status-publish","hentry"],"_links":{"self":[{"href":"https:\/\/hundertwasser-schule.de\/pt_pt\/wp-json\/wp\/v2\/pages\/851","targetHints":{"allow":["GET"]}}],"collection":[{"href":"https:\/\/hundertwasser-schule.de\/pt_pt\/wp-json\/wp\/v2\/pages"}],"about":[{"href":"https:\/\/hundertwasser-schule.de\/pt_pt\/wp-json\/wp\/v2\/types\/page"}],"author":[{"embeddable":true,"href":"https:\/\/hundertwasser-schule.de\/pt_pt\/wp-json\/wp\/v2\/users\/1"}],"replies":[{"embeddable":true,"href":"https:\/\/hundertwasser-schule.de\/pt_pt\/wp-json\/wp\/v2\/comments?post=851"}],"version-history":[{"count":2,"href":"https:\/\/hundertwasser-schule.de\/pt_pt\/wp-json\/wp\/v2\/pages\/851\/revisions"}],"predecessor-version":[{"id":1006,"href":"https:\/\/hundertwasser-schule.de\/pt_pt\/wp-json\/wp\/v2\/pages\/851\/revisions\/1006"}],"wp:attachment":[{"href":"https:\/\/hundertwasser-schule.de\/pt_pt\/wp-json\/wp\/v2\/media?parent=851"}],"curies":[{"name":"wp","href":"https:\/\/api.w.org\/{rel}","templated":true}]}}