{"id":4664,"date":"2023-11-07T21:28:29","date_gmt":"2023-11-07T20:28:29","guid":{"rendered":"https:\/\/hundertwasser-schule.de\/?page_id=4664"},"modified":"2024-05-16T13:25:07","modified_gmt":"2024-05-16T11:25:07","slug":"lies-mit-projekt","status":"publish","type":"page","link":"https:\/\/hundertwasser-schule.de\/sr\/lies-mit-projekt\/","title":{"rendered":"Lies mit! &#8211; Projekt"},"content":{"rendered":"<div data-elementor-type=\"wp-page\" data-elementor-id=\"4664\" class=\"elementor elementor-4664\" data-elementor-post-type=\"page\">\n\t\t\t\t\t\t<section class=\"elementor-section elementor-top-section elementor-element elementor-element-8e29a50 elementor-section-boxed elementor-section-height-default elementor-section-height-default\" data-id=\"8e29a50\" data-element_type=\"section\" data-e-type=\"section\">\n\t\t\t\t\t\t<div class=\"elementor-container elementor-column-gap-default\">\n\t\t\t\t\t<div class=\"elementor-column elementor-col-100 elementor-top-column elementor-element elementor-element-1832f55\" data-id=\"1832f55\" data-element_type=\"column\" data-e-type=\"column\">\n\t\t\t<div class=\"elementor-widget-wrap elementor-element-populated\">\n\t\t\t\t\t\t<div class=\"elementor-element elementor-element-deb3dc9 elementor-widget elementor-widget-text-editor\" data-id=\"deb3dc9\" data-element_type=\"widget\" data-e-type=\"widget\" data-widget_type=\"text-editor.default\">\n\t\t\t\t<div class=\"elementor-widget-container\">\n\t\t\t\t\t\t\t\t\t<p><span style=\"color: #0000ff;\"><b>\u00dcber das Projekt<\/b><\/span><\/p><p>Das Projekt\u00a0\u201eLies\u00a0mit\u201c ist ein gemeinsames Angebot der Schulaufsichten f\u00fcr die Grundschulen im Kreis G\u00fctersloh, des Kompetenzteams, des Bildungsmanagements und Bildungsb\u00fcro im Kreis G\u00fctersloh, des Zentrums f\u00fcr Bildung und Chancen und der Reinhard Mohn Stiftung.<\/p><p>Wir freuen uns, dass sich das Kollegium der Hundertwasser-Schule einstimmig im Schuljahr 2023\/24 auf das Projekt \u201eLies mit\u201c im Kreis G\u00fctersloh eingelassen hat und geschlossen an den Fortbildungen mit anderen Grundschulen innerhalb von 18 Monaten teilnimmt. Der Kerngedanke des Projektes ist die systematische Lesef\u00f6rderung, im Rahmen eines Schulentwicklungsprojektes, das von allen Kollegen und Kolleginnen getragen wird.<\/p><p>Die\u00a0<strong>Detailziele<\/strong>\u00a0sind dabei folgende:<\/p><ol><li>Alle zielgleich unterrichteten Sch\u00fcler*innen erreichen im 1. Halbjahr der vierten Klasse den Normbereich des Salzburger Lesescreenings.<\/li><li>Die Sch\u00fcler*innen mit F\u00f6rderbedarf der teilnehmenden Schule verbessern durch die regelm\u00e4\u00dfige Teilnahme am Lesetraining im Laufe der Grundschulzeit ihre Lesegeschwindigkeit.<\/li><li>Die Lehrer*innen setzen sp\u00e4testens im vierten Schuljahr nach Beginn der Projektteilnahme das Lesetraining um.<\/li><li>Das Projekt wird bereits ab dem kommenden Schuljahr mit f\u00fcnf Grundschulen pilotiert. Diese hatten sich nach einer Informations- und Pr\u00fcfveranstaltung f\u00fcr die Teilnahme beworben.<\/li><\/ol><p><strong>Der Aufbau des Angebotes<\/strong><\/p><p>Die Lehrerinnen und Lehrer der teilnehmenden Grundschulen nehmen innerhalb von 18 Monaten an sieben Modulen<strong>\u00a0<\/strong>teil, die folgende Themen umfassen:<br \/>Lesefl\u00fcssigkeit, Diagnose und f\u00fcnf Lautleseverfahren: Chorisches Lesen, W\u00fcrfel-Lesen, Tandem-Lesen, Lesen mit H\u00f6rbuch und das Vorlese-Theater.<\/p><p>Jedes Modul<strong>\u00a0<\/strong>besteht aus:<\/p><ul><li>einem Film, Austausch zum Film und Planung der Umsetzung<br \/>im Jahrgangsteam<\/li><li>Umsetzung des Lautleseverfahrens<\/li><li>schul\u00fcbergreifender Austausch<\/li><li>Test mit dem Salzburger Lesescreening in einer kostenfreien Online-Version<\/li><li>Diskussion der Ergebnisse im Jahrgangsteam.<\/li><\/ul><p>Wer sich noch genauer informieren m\u00f6chte findet hier\u00a0<strong>den Film zum Projekt:<br \/><\/strong><a href=\"https:\/\/youtu.be\/Q9TwVTWEg60?list=PL5LYbSLXzQs-pIlZO-9nmDxBdt5-eU7Qp\"><strong>https:\/\/youtu.be\/Q9TwVTWEg60?list=PL5LYbSLXzQs-pIlZO-9nmDxBdt5-<\/strong><\/a><a href=\"https:\/\/www.kreis-guetersloh.de\/themen\/bildung\/bildungsmanagement-und-bildungsbuero\/lies-mit\/qr-code.jpg?cid=18mk.5vo1\"><strong>eU7Qp<\/strong><\/a><strong>\u00a0 \u00a0<\/strong><\/p>\t\t\t\t\t\t\t\t<\/div>\n\t\t\t\t<\/div>\n\t\t\t\t<div class=\"elementor-element elementor-element-84b3ccb elementor-widget elementor-widget-text-editor\" data-id=\"84b3ccb\" data-element_type=\"widget\" data-e-type=\"widget\" data-widget_type=\"text-editor.default\">\n\t\t\t\t<div class=\"elementor-widget-container\">\n\t\t\t\t\t\t\t\t\t<p><span style=\"color: #0000ff;\"><strong>\u201eLies mit\u201c an der Hundertwasser &#8211; Schule<\/strong><\/span><\/p><p>Das Schuljahr 2023\/2024 startet mit einigen Neuerungen f\u00fcr alle Grundschulen. Unter anderem h\u00e4lt das Land NRW die Grundschulen dazu an, dem Lesen einen erh\u00f6hten Stellenwert zuzuschreiben und verbindliche Lesezeiten im Stundenplan zu verankern. Dabei sind die Steigerung der Lesefl\u00fcssigkeit und Sinnentnahme sowie die Lesefreude wichtige Ziele.<\/p><p>Im Zuge dessen kam das Projekt <strong>\u201eLies mit\u201c<\/strong>, an dem das Kollegium der Hundertwasser-Schule mit Begeisterung seit Anfang des Schuljahres teilnimmt, wie gerufen. Das Projekt ist ein gemeinsames Angebot der Schulaufsichten f\u00fcr die Grundschulen im Kreis G\u00fctersloh, des Kompetenzteams, des Bildungsb\u00fcros und Bildungsmanagement, des Zentrums f\u00fcr digitale Bildung und Schule und der Reinhard Mohn Stiftung und beinhaltet verschiedene Fortbildungsmodule, die anschlie\u00dfend im Unterrichtsalltag umgesetzt und sp\u00e4ter im Rahmen des Projektes reflektiert werden.<\/p><p>Seit einigen Wochen ert\u00f6nt nun vier Mal die Woche im ganzen Schulgeb\u00e4ude zu einer festen Uhrzeit freudig und motiviert folgender Satz: \u201eWir beginnen mit dem Lesen. Finger unter \u201e\u2026\u201c \u2013 3-2-1 \u2026\u201c. Im Anschluss wird gemeinsam chorisch gelesen. In dieser 15-20-min\u00fctigen Lesef\u00f6rderungszeit erproben die Kinder verschiedene Lautleseverfahren, wie das Chorische Lesen, das W\u00fcrfellesen oder das H\u00f6rbuchlesen. Alle Methoden f\u00f6rdern nachweislich die Lesefl\u00fcssigkeit, das Leseverstehen und die Lesemotivation \u2013 also die Basis f\u00fcr jegliche Bildung. Erfasst wird der Fortschritt der Lesef\u00e4higkeiten bei den Sch\u00fclerinnen und Sch\u00fclern durch eine regelm\u00e4\u00dfige Testung mit dem Salzburger Lese-Screening in einer Online-Version.<\/p><p>Die Kinder k\u00f6nnen es kaum abwarten, neue Texte und Lekt\u00fcren zu entdecken und zu erlesen sowie weitere Lautleseverfahren kennenzulernen und auszuprobieren.<\/p><p>Wir sind gespannt, wie es weiter geht!\u00a0<\/p>\t\t\t\t\t\t\t\t<\/div>\n\t\t\t\t<\/div>\n\t\t\t\t<div class=\"elementor-element elementor-element-80f5d5f elementor-widget elementor-widget-video\" data-id=\"80f5d5f\" data-element_type=\"widget\" data-e-type=\"widget\" data-settings=\"{&quot;video_type&quot;:&quot;hosted&quot;,&quot;controls&quot;:&quot;yes&quot;}\" data-widget_type=\"video.default\">\n\t\t\t\t<div class=\"elementor-widget-container\">\n\t\t\t\t\t\t\t<div class=\"e-hosted-video elementor-wrapper elementor-open-inline\">\n\t\t\t\t\t<video class=\"elementor-video\" src=\"http:\/\/hundertwasser-schule.de\/wp-content\/uploads\/2023\/11\/IMG_2543.mov\" controls=\"\" preload=\"metadata\" controlslist=\"nodownload\"><\/video>\n\t\t\t\t<\/div>\n\t\t\t\t\t\t<\/div>\n\t\t\t\t<\/div>\n\t\t\t\t<div class=\"elementor-element elementor-element-1402dd5 elementor-widget elementor-widget-gallery\" data-id=\"1402dd5\" data-element_type=\"widget\" data-e-type=\"widget\" data-settings=\"{&quot;lazyload&quot;:&quot;yes&quot;,&quot;gallery_layout&quot;:&quot;grid&quot;,&quot;columns&quot;:4,&quot;columns_tablet&quot;:2,&quot;columns_mobile&quot;:1,&quot;gap&quot;:{&quot;unit&quot;:&quot;px&quot;,&quot;size&quot;:10,&quot;sizes&quot;:[]},&quot;gap_tablet&quot;:{&quot;unit&quot;:&quot;px&quot;,&quot;size&quot;:10,&quot;sizes&quot;:[]},&quot;gap_mobile&quot;:{&quot;unit&quot;:&quot;px&quot;,&quot;size&quot;:10,&quot;sizes&quot;:[]},&quot;link_to&quot;:&quot;file&quot;,&quot;aspect_ratio&quot;:&quot;3:2&quot;,&quot;overlay_background&quot;:&quot;yes&quot;,&quot;content_hover_animation&quot;:&quot;fade-in&quot;}\" data-widget_type=\"gallery.default\">\n\t\t\t\t<div class=\"elementor-widget-container\">\n\t\t\t\t\t\t\t<div class=\"elementor-gallery__container\">\n\t\t\t\t\t<\/div>\n\t\t\t\t\t<\/div>\n\t\t\t\t<\/div>\n\t\t\t\t\t<\/div>\n\t\t<\/div>\n\t\t\t\t\t<\/div>\n\t\t<\/section>\n\t\t\t\t<section class=\"elementor-section elementor-top-section elementor-element elementor-element-ec3786e elementor-section-boxed elementor-section-height-default elementor-section-height-default\" data-id=\"ec3786e\" data-element_type=\"section\" data-e-type=\"section\">\n\t\t\t\t\t\t<div class=\"elementor-container elementor-column-gap-default\">\n\t\t\t\t\t<div class=\"elementor-column elementor-col-100 elementor-top-column elementor-element elementor-element-d6b72ee\" data-id=\"d6b72ee\" data-element_type=\"column\" data-e-type=\"column\">\n\t\t\t<div class=\"elementor-widget-wrap\">\n\t\t\t\t\t\t\t<\/div>\n\t\t<\/div>\n\t\t\t\t\t<\/div>\n\t\t<\/section>\n\t\t\t\t<\/div>","protected":false},"excerpt":{"rendered":"<p>\u00dcber das Projekt Das Projekt\u00a0\u201eLies\u00a0mit\u201c ist ein gemeinsames Angebot der Schulaufsichten f\u00fcr die Grundschulen im Kreis G\u00fctersloh, des Kompetenzteams, des Bildungsmanagements und Bildungsb\u00fcro im Kreis G\u00fctersloh, des Zentrums f\u00fcr Bildung und Chancen und der Reinhard Mohn Stiftung. Wir freuen uns, dass sich das Kollegium der Hundertwasser-Schule einstimmig im Schuljahr 2023\/24 auf das Projekt \u201eLies mit\u201c [&hellip;]<\/p>\n","protected":false},"author":4,"featured_media":0,"parent":0,"menu_order":0,"comment_status":"closed","ping_status":"closed","template":"","meta":{"footnotes":""},"class_list":["post-4664","page","type-page","status-publish","hentry"],"_links":{"self":[{"href":"https:\/\/hundertwasser-schule.de\/sr\/wp-json\/wp\/v2\/pages\/4664","targetHints":{"allow":["GET"]}}],"collection":[{"href":"https:\/\/hundertwasser-schule.de\/sr\/wp-json\/wp\/v2\/pages"}],"about":[{"href":"https:\/\/hundertwasser-schule.de\/sr\/wp-json\/wp\/v2\/types\/page"}],"author":[{"embeddable":true,"href":"https:\/\/hundertwasser-schule.de\/sr\/wp-json\/wp\/v2\/users\/4"}],"replies":[{"embeddable":true,"href":"https:\/\/hundertwasser-schule.de\/sr\/wp-json\/wp\/v2\/comments?post=4664"}],"version-history":[{"count":5,"href":"https:\/\/hundertwasser-schule.de\/sr\/wp-json\/wp\/v2\/pages\/4664\/revisions"}],"predecessor-version":[{"id":5238,"href":"https:\/\/hundertwasser-schule.de\/sr\/wp-json\/wp\/v2\/pages\/4664\/revisions\/5238"}],"wp:attachment":[{"href":"https:\/\/hundertwasser-schule.de\/sr\/wp-json\/wp\/v2\/media?parent=4664"}],"curies":[{"name":"wp","href":"https:\/\/api.w.org\/{rel}","templated":true}]}}