{"id":27,"date":"2020-03-31T10:54:41","date_gmt":"2020-03-31T10:54:41","guid":{"rendered":"https:\/\/neu.hundertwasser-schule.de\/?page_id=27"},"modified":"2020-04-03T07:19:06","modified_gmt":"2020-04-03T07:19:06","slug":"die-grundidee-ein-kooperationsprojekt","status":"publish","type":"page","link":"https:\/\/hundertwasser-schule.de\/sv_se\/die-grundidee-ein-kooperationsprojekt\/","title":{"rendered":"Grundid\u00e9n: Ett samarbetsprojekt"},"content":{"rendered":"<div data-elementor-type=\"wp-page\" data-elementor-id=\"27\" class=\"elementor elementor-27\" data-elementor-post-type=\"page\">\n\t\t\t\t\t\t<section class=\"elementor-section elementor-top-section elementor-element elementor-element-3351bf6f elementor-section-stretched elementor-section-full_width elementor-section-height-default elementor-section-height-default\" data-id=\"3351bf6f\" data-element_type=\"section\" data-e-type=\"section\" data-settings=\"{&quot;stretch_section&quot;:&quot;section-stretched&quot;}\">\n\t\t\t\t\t\t<div class=\"elementor-container elementor-column-gap-no\">\n\t\t\t\t\t<div class=\"elementor-column elementor-col-100 elementor-top-column elementor-element elementor-element-13c39d94\" data-id=\"13c39d94\" data-element_type=\"column\" data-e-type=\"column\">\n\t\t\t<div class=\"elementor-widget-wrap elementor-element-populated\">\n\t\t\t\t\t\t<div class=\"elementor-element elementor-element-6b05d387 elementor-widget elementor-widget-image\" data-id=\"6b05d387\" data-element_type=\"widget\" data-e-type=\"widget\" data-widget_type=\"image.default\">\n\t\t\t\t<div class=\"elementor-widget-container\">\n\t\t\t\t\t\t\t\t\t\t\t\t\t\t\t<img fetchpriority=\"high\" decoding=\"async\" width=\"1920\" height=\"230\" src=\"https:\/\/hundertwasser-schule.de\/wp-content\/uploads\/2020\/03\/bild1.jpg\" class=\"attachment-full size-full wp-image-108\" alt=\"\" srcset=\"https:\/\/hundertwasser-schule.de\/wp-content\/uploads\/2020\/03\/bild1.jpg 1920w, https:\/\/hundertwasser-schule.de\/wp-content\/uploads\/2020\/03\/bild1-300x36.jpg 300w, https:\/\/hundertwasser-schule.de\/wp-content\/uploads\/2020\/03\/bild1-1024x123.jpg 1024w, https:\/\/hundertwasser-schule.de\/wp-content\/uploads\/2020\/03\/bild1-768x92.jpg 768w, https:\/\/hundertwasser-schule.de\/wp-content\/uploads\/2020\/03\/bild1-1536x184.jpg 1536w, https:\/\/hundertwasser-schule.de\/wp-content\/uploads\/2020\/03\/bild1-20x2.jpg 20w\" sizes=\"(max-width: 1920px) 100vw, 1920px\" \/>\t\t\t\t\t\t\t\t\t\t\t\t\t\t\t<\/div>\n\t\t\t\t<\/div>\n\t\t\t\t\t<\/div>\n\t\t<\/div>\n\t\t\t\t\t<\/div>\n\t\t<\/section>\n\t\t\t\t<section class=\"elementor-section elementor-top-section elementor-element elementor-element-acef850 elementor-section-height-min-height elementor-section-boxed elementor-section-height-default elementor-section-items-middle\" data-id=\"acef850\" data-element_type=\"section\" data-e-type=\"section\" data-settings=\"{&quot;background_background&quot;:&quot;classic&quot;}\">\n\t\t\t\t\t\t<div class=\"elementor-container elementor-column-gap-default\">\n\t\t\t\t\t<div class=\"elementor-column elementor-col-100 elementor-top-column elementor-element elementor-element-16631656\" data-id=\"16631656\" data-element_type=\"column\" data-e-type=\"column\">\n\t\t\t<div class=\"elementor-widget-wrap elementor-element-populated\">\n\t\t\t\t\t\t\t<\/div>\n\t\t<\/div>\n\t\t\t\t\t<\/div>\n\t\t<\/section>\n\t\t\t\t<section class=\"elementor-section elementor-top-section elementor-element elementor-element-645c7c51 elementor-section-boxed elementor-section-height-default elementor-section-height-default\" data-id=\"645c7c51\" data-element_type=\"section\" data-e-type=\"section\">\n\t\t\t\t\t\t<div class=\"elementor-container elementor-column-gap-default\">\n\t\t\t\t\t<div class=\"elementor-column elementor-col-100 elementor-top-column elementor-element elementor-element-54814620\" data-id=\"54814620\" data-element_type=\"column\" data-e-type=\"column\">\n\t\t\t<div class=\"elementor-widget-wrap elementor-element-populated\">\n\t\t\t\t\t\t<div class=\"elementor-element elementor-element-69bd06a elementor-widget elementor-widget-spacer\" data-id=\"69bd06a\" data-element_type=\"widget\" data-e-type=\"widget\" data-widget_type=\"spacer.default\">\n\t\t\t\t<div class=\"elementor-widget-container\">\n\t\t\t\t\t\t\t<div class=\"elementor-spacer\">\n\t\t\t<div class=\"elementor-spacer-inner\"><\/div>\n\t\t<\/div>\n\t\t\t\t\t\t<\/div>\n\t\t\t\t<\/div>\n\t\t\t\t\t<\/div>\n\t\t<\/div>\n\t\t\t\t\t<\/div>\n\t\t<\/section>\n\t\t\t\t<section class=\"elementor-section elementor-top-section elementor-element elementor-element-2a2652c elementor-section-boxed elementor-section-height-default elementor-section-height-default\" data-id=\"2a2652c\" data-element_type=\"section\" data-e-type=\"section\">\n\t\t\t\t\t\t<div class=\"elementor-container elementor-column-gap-default\">\n\t\t\t\t\t<div class=\"elementor-column elementor-col-100 elementor-top-column elementor-element elementor-element-8cf8d3c\" data-id=\"8cf8d3c\" data-element_type=\"column\" data-e-type=\"column\">\n\t\t\t<div class=\"elementor-widget-wrap elementor-element-populated\">\n\t\t\t\t\t\t<div class=\"elementor-element elementor-element-b8eb0ae elementor-widget elementor-widget-heading\" data-id=\"b8eb0ae\" data-element_type=\"widget\" data-e-type=\"widget\" data-widget_type=\"heading.default\">\n\t\t\t\t<div class=\"elementor-widget-container\">\n\t\t\t\t\t<h2 class=\"elementor-heading-title elementor-size-default\">Den grundl\u00e4ggande id\u00e9n\n\u00d6ppen heldag med socialpedagogisk inriktning p\u00e5 Hundertwasserskolan som ett samarbetsprojekt mellan skola och ungdomsv\u00e5rd.<\/h2>\t\t\t\t<\/div>\n\t\t\t\t<\/div>\n\t\t\t\t<div class=\"elementor-element elementor-element-e9aca9b elementor-widget-divider--view-line elementor-widget elementor-widget-divider\" data-id=\"e9aca9b\" data-element_type=\"widget\" data-e-type=\"widget\" data-widget_type=\"divider.default\">\n\t\t\t\t<div class=\"elementor-widget-container\">\n\t\t\t\t\t\t\t<div class=\"elementor-divider\">\n\t\t\t<span class=\"elementor-divider-separator\">\n\t\t\t\t\t\t<\/span>\n\t\t<\/div>\n\t\t\t\t\t\t<\/div>\n\t\t\t\t<\/div>\n\t\t\t\t\t<\/div>\n\t\t<\/div>\n\t\t\t\t\t<\/div>\n\t\t<\/section>\n\t\t\t\t<section class=\"elementor-section elementor-top-section elementor-element elementor-element-e1bd7b6 elementor-section-boxed elementor-section-height-default elementor-section-height-default\" data-id=\"e1bd7b6\" data-element_type=\"section\" data-e-type=\"section\">\n\t\t\t\t\t\t<div class=\"elementor-container elementor-column-gap-default\">\n\t\t\t\t\t<div class=\"elementor-column elementor-col-100 elementor-top-column elementor-element elementor-element-83a255c\" data-id=\"83a255c\" data-element_type=\"column\" data-e-type=\"column\">\n\t\t\t<div class=\"elementor-widget-wrap elementor-element-populated\">\n\t\t\t\t\t\t<div class=\"elementor-element elementor-element-4bd8169 elementor-widget elementor-widget-spacer\" data-id=\"4bd8169\" data-element_type=\"widget\" data-e-type=\"widget\" data-widget_type=\"spacer.default\">\n\t\t\t\t<div class=\"elementor-widget-container\">\n\t\t\t\t\t\t\t<div class=\"elementor-spacer\">\n\t\t\t<div class=\"elementor-spacer-inner\"><\/div>\n\t\t<\/div>\n\t\t\t\t\t\t<\/div>\n\t\t\t\t<\/div>\n\t\t\t\t\t<\/div>\n\t\t<\/div>\n\t\t\t\t\t<\/div>\n\t\t<\/section>\n\t\t\t\t<section class=\"elementor-section elementor-top-section elementor-element elementor-element-2b49f63 elementor-section-boxed elementor-section-height-default elementor-section-height-default\" data-id=\"2b49f63\" data-element_type=\"section\" data-e-type=\"section\">\n\t\t\t\t\t\t<div class=\"elementor-container elementor-column-gap-default\">\n\t\t\t\t\t<div class=\"elementor-column elementor-col-100 elementor-top-column elementor-element elementor-element-a6256d6\" data-id=\"a6256d6\" data-element_type=\"column\" data-e-type=\"column\">\n\t\t\t<div class=\"elementor-widget-wrap elementor-element-populated\">\n\t\t\t\t\t\t<div class=\"elementor-element elementor-element-8fc8d02 elementor-widget elementor-widget-text-editor\" data-id=\"8fc8d02\" data-element_type=\"widget\" data-e-type=\"widget\" data-widget_type=\"text-editor.default\">\n\t\t\t\t<div class=\"elementor-widget-container\">\n\t\t\t\t\t\t\t\t\t<p>Det \u00f6ppna heldagsprogrammet med socialpedagogisk inriktning p\u00e5 Hundertwasserskolan \u00e4r ett samarbetsprojekt mellan skolan och ungdomsv\u00e5rden. Partnerna i detta samarbetsprojekt \u00e4r Hundertwasserskolan med sin skolsponsor, distriktet G\u00fctersloh, leverant\u00f6ren av det \u00f6ppna heldagsprogrammet - SPI G\u00fctersloh - samt avdelningen f\u00f6r familje- och socialfr\u00e5gor i staden G\u00fctersloh som ansvarig ungdomsv\u00e5rdsorganisation f\u00f6r eleverna p\u00e5 Hundertwasserskolan, som alla kommer fr\u00e5n G\u00fcterslohs upptagningsomr\u00e5de.<\/p><p>Det h\u00e4r samarbetsprojektet mellan skola och ungdomsv\u00e5rd, som ursprungligen var t\u00e4nkt som ett tre\u00e5rigt modellprojekt, har nu p\u00e5g\u00e5tt framg\u00e5ngsrikt i mer \u00e4n tio \u00e5r f\u00f6r eleverna i Hundertwasserskolan och deras familjer.\u00a0<\/p>\t\t\t\t\t\t\t\t<\/div>\n\t\t\t\t<\/div>\n\t\t\t\t\t<\/div>\n\t\t<\/div>\n\t\t\t\t\t<\/div>\n\t\t<\/section>\n\t\t\t\t<section class=\"elementor-section elementor-top-section elementor-element elementor-element-2220b41 elementor-section-boxed elementor-section-height-default elementor-section-height-default\" data-id=\"2220b41\" data-element_type=\"section\" data-e-type=\"section\">\n\t\t\t\t\t\t<div class=\"elementor-container elementor-column-gap-default\">\n\t\t\t\t\t<div class=\"elementor-column elementor-col-100 elementor-top-column elementor-element elementor-element-7879ae2\" data-id=\"7879ae2\" data-element_type=\"column\" data-e-type=\"column\">\n\t\t\t<div class=\"elementor-widget-wrap elementor-element-populated\">\n\t\t\t\t\t\t<div class=\"elementor-element elementor-element-cbc0aff elementor-widget elementor-widget-spacer\" data-id=\"cbc0aff\" data-element_type=\"widget\" data-e-type=\"widget\" data-widget_type=\"spacer.default\">\n\t\t\t\t<div class=\"elementor-widget-container\">\n\t\t\t\t\t\t\t<div class=\"elementor-spacer\">\n\t\t\t<div class=\"elementor-spacer-inner\"><\/div>\n\t\t<\/div>\n\t\t\t\t\t\t<\/div>\n\t\t\t\t<\/div>\n\t\t\t\t\t<\/div>\n\t\t<\/div>\n\t\t\t\t\t<\/div>\n\t\t<\/section>\n\t\t\t\t<section class=\"elementor-section elementor-top-section elementor-element elementor-element-60d381e elementor-section-boxed elementor-section-height-default elementor-section-height-default\" data-id=\"60d381e\" data-element_type=\"section\" data-e-type=\"section\">\n\t\t\t\t\t\t<div class=\"elementor-container elementor-column-gap-default\">\n\t\t\t\t\t<div class=\"elementor-column elementor-col-100 elementor-top-column elementor-element elementor-element-5d25df8\" data-id=\"5d25df8\" data-element_type=\"column\" data-e-type=\"column\">\n\t\t\t<div class=\"elementor-widget-wrap elementor-element-populated\">\n\t\t\t\t\t\t<div class=\"elementor-element elementor-element-182ebc6 elementor-widget elementor-widget-accordion\" data-id=\"182ebc6\" data-element_type=\"widget\" data-e-type=\"widget\" data-widget_type=\"accordion.default\">\n\t\t\t\t<div class=\"elementor-widget-container\">\n\t\t\t\t\t\t\t<div class=\"elementor-accordion\">\n\t\t\t\t\t\t\t<div class=\"elementor-accordion-item\">\n\t\t\t\t\t<div id=\"elementor-tab-title-2531\" class=\"elementor-tab-title\" data-tab=\"1\" role=\"button\" aria-controls=\"elementor-tab-content-2531\" aria-expanded=\"false\">\n\t\t\t\t\t\t\t\t\t\t\t\t\t<span class=\"elementor-accordion-icon elementor-accordion-icon-left\" aria-hidden=\"true\">\n\t\t\t\t\t\t\t\t\t\t\t\t\t\t\t<span class=\"elementor-accordion-icon-closed\"><i class=\"fas fa-plus\"><\/i><\/span>\n\t\t\t\t\t\t\t\t<span class=\"elementor-accordion-icon-opened\"><i class=\"fas fa-minus\"><\/i><\/span>\n\t\t\t\t\t\t\t\t\t\t\t\t\t\t<\/span>\n\t\t\t\t\t\t\t\t\t\t\t\t<a class=\"elementor-accordion-title\" tabindex=\"0\">F\u00f6ljande \u00f6verv\u00e4ganden var utg\u00e5ngspunkten f\u00f6r planeringen av en \u00f6ppen heldag p\u00e5 v\u00e5r skola:<\/a>\n\t\t\t\t\t<\/div>\n\t\t\t\t\t<div id=\"elementor-tab-content-2531\" class=\"elementor-tab-content elementor-clearfix\" data-tab=\"1\" role=\"region\" aria-labelledby=\"elementor-tab-title-2531\"><ul><li>Alla elever p\u00e5 Hundertwasser-skolan beh\u00f6ver en strukturerad daglig rutin.<\/li><li>Familjerna till eleverna vid Hundertwasserskolan beh\u00f6ver professionellt st\u00f6d som g\u00e5r l\u00e5ngt ut\u00f6ver skolr\u00e5dgivning.<\/li><li>En stor andel av eleverna vid Hundertwasserskolan \u00e4r mottagare av ungdomsst\u00f6d.<\/li><li>\u00d6ppna hela dagen erbjuder en m\u00f6jlighet till en multiprofessionell milj\u00f6 f\u00f6r elever med s\u00e4rskilda utbildningsbehov n\u00e4r det g\u00e4ller deras emotionella och sociala utveckling.<\/li><li>I denna multiprofessionella milj\u00f6 \u00e4r det ocks\u00e5 m\u00f6jligt att ta hand om barn med extra st\u00f6dbehov p\u00e5 plats.<\/li><li>Detta kan leda till potentiella besparingar inom ungdomsv\u00e5rden.<\/li><\/ul><\/div>\n\t\t\t\t<\/div>\n\t\t\t\t\t\t\t<div class=\"elementor-accordion-item\">\n\t\t\t\t\t<div id=\"elementor-tab-title-2532\" class=\"elementor-tab-title\" data-tab=\"2\" role=\"button\" aria-controls=\"elementor-tab-content-2532\" aria-expanded=\"false\">\n\t\t\t\t\t\t\t\t\t\t\t\t\t<span class=\"elementor-accordion-icon elementor-accordion-icon-left\" aria-hidden=\"true\">\n\t\t\t\t\t\t\t\t\t\t\t\t\t\t\t<span class=\"elementor-accordion-icon-closed\"><i class=\"fas fa-plus\"><\/i><\/span>\n\t\t\t\t\t\t\t\t<span class=\"elementor-accordion-icon-opened\"><i class=\"fas fa-minus\"><\/i><\/span>\n\t\t\t\t\t\t\t\t\t\t\t\t\t\t<\/span>\n\t\t\t\t\t\t\t\t\t\t\t\t<a class=\"elementor-accordion-title\" tabindex=\"0\">En \u00f6ppen heldag p\u00e5 Hundertwasser-skolan, en specialskola med fokus p\u00e5 emotionell och social utveckling, kr\u00e4ver dock s\u00e4rskild utrustning och s\u00e4rskilda villkor: <\/a>\n\t\t\t\t\t<\/div>\n\t\t\t\t\t<div id=\"elementor-tab-content-2532\" class=\"elementor-tab-content elementor-clearfix\" data-tab=\"2\" role=\"region\" aria-labelledby=\"elementor-tab-title-2532\"><ul><li>en sociopedagogisk inriktning<\/li><li>S\u00e4rskilda ramvillkor med avseende p\u00e5 fysisk, materiell och personell utrustning.<\/li><li>Ungdomsv\u00e5rden\/avdelningen f\u00f6r familje- och socialfr\u00e5gor som partner.<\/li><li>en \u00e5tg\u00e4rdsleverant\u00f6r med s\u00e4rskild kompetens: i detta fall SPI (socialpedagogiskt institut) G\u00fctersloh<\/li><\/ul><\/div>\n\t\t\t\t<\/div>\n\t\t\t\t\t\t\t\t<\/div>\n\t\t\t\t\t\t<\/div>\n\t\t\t\t<\/div>\n\t\t\t\t<div class=\"elementor-element elementor-element-245f3b2 elementor-widget elementor-widget-text-editor\" data-id=\"245f3b2\" data-element_type=\"widget\" data-e-type=\"widget\" data-widget_type=\"text-editor.default\">\n\t\t\t\t<div class=\"elementor-widget-container\">\n\t\t\t\t\t\t\t\t\t<p>F\u00f6r att den \u00f6ppna heldagen p\u00e5 Hundertwasserskolan ska kunna utformas som en heldag med socialpedagogisk inriktning m\u00e5ste de tv\u00e5 samarbetspartnerna - skolan och ungdomsv\u00e5rden - kombinera sina respektive kompetenser.<\/p>\t\t\t\t\t\t\t\t<\/div>\n\t\t\t\t<\/div>\n\t\t\t\t\t<\/div>\n\t\t<\/div>\n\t\t\t\t\t<\/div>\n\t\t<\/section>\n\t\t\t\t<section class=\"elementor-section elementor-top-section elementor-element elementor-element-62ceee4 elementor-section-boxed elementor-section-height-default elementor-section-height-default\" data-id=\"62ceee4\" data-element_type=\"section\" data-e-type=\"section\">\n\t\t\t\t\t\t<div class=\"elementor-container elementor-column-gap-default\">\n\t\t\t\t\t<div class=\"elementor-column elementor-col-100 elementor-top-column elementor-element elementor-element-ba4aec9\" data-id=\"ba4aec9\" data-element_type=\"column\" data-e-type=\"column\">\n\t\t\t<div class=\"elementor-widget-wrap elementor-element-populated\">\n\t\t\t\t\t\t<div class=\"elementor-element elementor-element-6afce81 elementor-widget elementor-widget-accordion\" data-id=\"6afce81\" data-element_type=\"widget\" data-e-type=\"widget\" data-widget_type=\"accordion.default\">\n\t\t\t\t<div class=\"elementor-widget-container\">\n\t\t\t\t\t\t\t<div class=\"elementor-accordion\">\n\t\t\t\t\t\t\t<div class=\"elementor-accordion-item\">\n\t\t\t\t\t<div id=\"elementor-tab-title-1121\" class=\"elementor-tab-title\" data-tab=\"1\" role=\"button\" aria-controls=\"elementor-tab-content-1121\" aria-expanded=\"false\">\n\t\t\t\t\t\t\t\t\t\t\t\t\t<span class=\"elementor-accordion-icon elementor-accordion-icon-left\" aria-hidden=\"true\">\n\t\t\t\t\t\t\t\t\t\t\t\t\t\t\t<span class=\"elementor-accordion-icon-closed\"><i class=\"fas fa-plus\"><\/i><\/span>\n\t\t\t\t\t\t\t\t<span class=\"elementor-accordion-icon-opened\"><i class=\"fas fa-minus\"><\/i><\/span>\n\t\t\t\t\t\t\t\t\t\t\t\t\t\t<\/span>\n\t\t\t\t\t\t\t\t\t\t\t\t<a class=\"elementor-accordion-title\" tabindex=\"0\">Skolavdelningen - utbildningsavdelningen vid skolmyndigheten Kreis G\u00fctersloh - bidrar:<\/a>\n\t\t\t\t\t<\/div>\n\t\t\t\t\t<div id=\"elementor-tab-content-1121\" class=\"elementor-tab-content elementor-clearfix\" data-tab=\"1\" role=\"region\" aria-labelledby=\"elementor-tab-title-1121\"><ul><li>Finansieras av federala, statliga och kommunala medel fr\u00e5n distriktet G\u00fctersloh.<\/li><li>S\u00e4rskilda rumsliga f\u00f6rh\u00e5llanden<\/li><li>\u00a0Tv\u00e5 partner p\u00e5 samma plats: Hundertwasser School och SPI<\/li><\/ul><\/div>\n\t\t\t\t<\/div>\n\t\t\t\t\t\t\t<div class=\"elementor-accordion-item\">\n\t\t\t\t\t<div id=\"elementor-tab-title-1122\" class=\"elementor-tab-title\" data-tab=\"2\" role=\"button\" aria-controls=\"elementor-tab-content-1122\" aria-expanded=\"false\">\n\t\t\t\t\t\t\t\t\t\t\t\t\t<span class=\"elementor-accordion-icon elementor-accordion-icon-left\" aria-hidden=\"true\">\n\t\t\t\t\t\t\t\t\t\t\t\t\t\t\t<span class=\"elementor-accordion-icon-closed\"><i class=\"fas fa-plus\"><\/i><\/span>\n\t\t\t\t\t\t\t\t<span class=\"elementor-accordion-icon-opened\"><i class=\"fas fa-minus\"><\/i><\/span>\n\t\t\t\t\t\t\t\t\t\t\t\t\t\t<\/span>\n\t\t\t\t\t\t\t\t\t\t\t\t<a class=\"elementor-accordion-title\" tabindex=\"0\">Institutionen f\u00f6r familje- och socialfr\u00e5gor i staden G\u00fctersloh bidrar:<\/a>\n\t\t\t\t\t<\/div>\n\t\t\t\t\t<div id=\"elementor-tab-content-1122\" class=\"elementor-tab-content elementor-clearfix\" data-tab=\"2\" role=\"region\" aria-labelledby=\"elementor-tab-title-1122\"><ul><li>Finansiering genom medel fr\u00e5n omr\u00e5det f\u00f6r utbildningsst\u00f6d till \u00f6ppenv\u00e5rd.<\/li><li>Effektavtal mellan familje- och socialavdelningen i staden G\u00fctersloh och SPI.<\/li><li>\u00a0<\/li><\/ul><\/div>\n\t\t\t\t<\/div>\n\t\t\t\t\t\t\t<div class=\"elementor-accordion-item\">\n\t\t\t\t\t<div id=\"elementor-tab-title-1123\" class=\"elementor-tab-title\" data-tab=\"3\" role=\"button\" aria-controls=\"elementor-tab-content-1123\" aria-expanded=\"false\">\n\t\t\t\t\t\t\t\t\t\t\t\t\t<span class=\"elementor-accordion-icon elementor-accordion-icon-left\" aria-hidden=\"true\">\n\t\t\t\t\t\t\t\t\t\t\t\t\t\t\t<span class=\"elementor-accordion-icon-closed\"><i class=\"fas fa-plus\"><\/i><\/span>\n\t\t\t\t\t\t\t\t<span class=\"elementor-accordion-icon-opened\"><i class=\"fas fa-minus\"><\/i><\/span>\n\t\t\t\t\t\t\t\t\t\t\t\t\t\t<\/span>\n\t\t\t\t\t\t\t\t\t\t\t\t<a class=\"elementor-accordion-title\" tabindex=\"0\">Hundertwasser-skolan och SPI organiserar tillsammans en \u00f6ppen heldag med socialpedagogisk inriktning.<\/a>\n\t\t\t\t\t<\/div>\n\t\t\t\t\t<div id=\"elementor-tab-content-1123\" class=\"elementor-tab-content elementor-clearfix\" data-tab=\"3\" role=\"region\" aria-labelledby=\"elementor-tab-title-1123\"><ul><li>I det \u00f6vergripande pedagogiska konceptet samordnas och kompletterar lektioner, s\u00e4rskilt st\u00f6d, gemensam lunch, kultur- och fritidsaktiviteter, l\u00e4xhj\u00e4lp och samarbete med f\u00f6r\u00e4ldrarna.<\/li><li>Den socialpedagogiska inriktningen med ytterligare st\u00f6d f\u00f6r inl\u00e4rning, socialpedagogisk fritidsverksamhet, st\u00f6dundervisning och gemensamt intensivt arbete med f\u00f6r\u00e4ldrarna g\u00f6r det m\u00f6jligt f\u00f6r elever med s\u00e4rskilda st\u00f6dbehov n\u00e4r det g\u00e4ller deras emotionella och sociala utveckling att delta i den \u00f6ppna heldagsskolan.\u00a0<\/li><li>Dessutom f\u00e5r eleverna i Hundertwasser-skolan allt pedagogiskt st\u00f6d i \u00f6ppenv\u00e5rden i samband med sina familjer, som de annars skulle ha ans\u00f6kt om hos avdelningen f\u00f6r familje- och socialfr\u00e5gor i staden G\u00fctersloh, genom den \u00e5tg\u00e4rd som tillhandah\u00e5ller v\u00e5r \u00f6ppna heldag - SPI G\u00fctersloh.<\/li><\/ul><\/div>\n\t\t\t\t<\/div>\n\t\t\t\t\t\t\t\t<\/div>\n\t\t\t\t\t\t<\/div>\n\t\t\t\t<\/div>\n\t\t\t\t\t<\/div>\n\t\t<\/div>\n\t\t\t\t\t<\/div>\n\t\t<\/section>\n\t\t\t\t<section class=\"elementor-section elementor-top-section elementor-element elementor-element-ba03255 elementor-section-boxed elementor-section-height-default elementor-section-height-default\" data-id=\"ba03255\" data-element_type=\"section\" data-e-type=\"section\">\n\t\t\t\t\t\t<div class=\"elementor-container elementor-column-gap-default\">\n\t\t\t\t\t<div class=\"elementor-column elementor-col-100 elementor-top-column elementor-element elementor-element-1a027a0\" data-id=\"1a027a0\" data-element_type=\"column\" data-e-type=\"column\">\n\t\t\t<div class=\"elementor-widget-wrap elementor-element-populated\">\n\t\t\t\t\t\t<div class=\"elementor-element elementor-element-a63f563 elementor-widget elementor-widget-spacer\" data-id=\"a63f563\" data-element_type=\"widget\" data-e-type=\"widget\" data-widget_type=\"spacer.default\">\n\t\t\t\t<div class=\"elementor-widget-container\">\n\t\t\t\t\t\t\t<div class=\"elementor-spacer\">\n\t\t\t<div class=\"elementor-spacer-inner\"><\/div>\n\t\t<\/div>\n\t\t\t\t\t\t<\/div>\n\t\t\t\t<\/div>\n\t\t\t\t\t<\/div>\n\t\t<\/div>\n\t\t\t\t\t<\/div>\n\t\t<\/section>\n\t\t\t\t<\/div>","protected":false},"excerpt":{"rendered":"<p>Die Grundidee Offener Ganztag mit sozialp\u00e4dagogischem Schwerpunkt an der Hundertwasser-Schule als Kooperationsprojekt von Schule und Jugendhilfe Der\u00a0Offene Ganztag mit sozialp\u00e4dagogischem Schwerpunkt\u00a0an der Hundertwasser-Schule ist ein\u00a0Kooperationsprojekt zwischen Schule und Jugendhilfe. Partner in diesem Kooperationsprojekt sind die\u00a0Hundertwasser-Schule mit ihrem\u00a0Schultr\u00e4ger Kreis G\u00fctersloh, der Ma\u00dfnahmetr\u00e4ger des Offenen Ganztages \u2013 das\u00a0SPI G\u00fctersloh\u00a0\u2013 sowie der\u00a0Fachbereich Familie und Soziales der Stadt G\u00fctersloh\u00a0als [&hellip;]<\/p>\n","protected":false},"author":1,"featured_media":0,"parent":0,"menu_order":0,"comment_status":"closed","ping_status":"closed","template":"elementor_header_footer","meta":{"footnotes":""},"class_list":["post-27","page","type-page","status-publish","hentry"],"_links":{"self":[{"href":"https:\/\/hundertwasser-schule.de\/sv_se\/wp-json\/wp\/v2\/pages\/27","targetHints":{"allow":["GET"]}}],"collection":[{"href":"https:\/\/hundertwasser-schule.de\/sv_se\/wp-json\/wp\/v2\/pages"}],"about":[{"href":"https:\/\/hundertwasser-schule.de\/sv_se\/wp-json\/wp\/v2\/types\/page"}],"author":[{"embeddable":true,"href":"https:\/\/hundertwasser-schule.de\/sv_se\/wp-json\/wp\/v2\/users\/1"}],"replies":[{"embeddable":true,"href":"https:\/\/hundertwasser-schule.de\/sv_se\/wp-json\/wp\/v2\/comments?post=27"}],"version-history":[{"count":3,"href":"https:\/\/hundertwasser-schule.de\/sv_se\/wp-json\/wp\/v2\/pages\/27\/revisions"}],"predecessor-version":[{"id":185,"href":"https:\/\/hundertwasser-schule.de\/sv_se\/wp-json\/wp\/v2\/pages\/27\/revisions\/185"}],"wp:attachment":[{"href":"https:\/\/hundertwasser-schule.de\/sv_se\/wp-json\/wp\/v2\/media?parent=27"}],"curies":[{"name":"wp","href":"https:\/\/api.w.org\/{rel}","templated":true}]}}