{"id":4664,"date":"2023-11-07T21:28:29","date_gmt":"2023-11-07T20:28:29","guid":{"rendered":"https:\/\/hundertwasser-schule.de\/?page_id=4664"},"modified":"2024-05-16T13:25:07","modified_gmt":"2024-05-16T11:25:07","slug":"lies-mit-projekt","status":"publish","type":"page","link":"https:\/\/hundertwasser-schule.de\/sv_se\/lies-mit-projekt\/","title":{"rendered":"L\u00e4s med! - Projekt"},"content":{"rendered":"<div data-elementor-type=\"wp-page\" data-elementor-id=\"4664\" class=\"elementor elementor-4664\" data-elementor-post-type=\"page\">\n\t\t\t\t\t\t<section class=\"elementor-section elementor-top-section elementor-element elementor-element-8e29a50 elementor-section-boxed elementor-section-height-default elementor-section-height-default\" data-id=\"8e29a50\" data-element_type=\"section\" data-e-type=\"section\">\n\t\t\t\t\t\t<div class=\"elementor-container elementor-column-gap-default\">\n\t\t\t\t\t<div class=\"elementor-column elementor-col-100 elementor-top-column elementor-element elementor-element-1832f55\" data-id=\"1832f55\" data-element_type=\"column\" data-e-type=\"column\">\n\t\t\t<div class=\"elementor-widget-wrap elementor-element-populated\">\n\t\t\t\t\t\t<div class=\"elementor-element elementor-element-deb3dc9 elementor-widget elementor-widget-text-editor\" data-id=\"deb3dc9\" data-element_type=\"widget\" data-e-type=\"widget\" data-widget_type=\"text-editor.default\">\n\t\t\t\t<div class=\"elementor-widget-container\">\n\t\t\t\t\t\t\t\t\t<p><span style=\"color: #0000ff;\"><b>Om projektet<\/b><\/span><\/p><p>Projektet \"Lies mit\" \u00e4r ett gemensamt erbjudande fr\u00e5n skolinspekt\u00f6rerna f\u00f6r grundskolor i G\u00fctersloh-distriktet, kompetensteamet, utbildningsledningen och utbildningskontoret i G\u00fctersloh-distriktet, Centrum f\u00f6r utbildning och m\u00f6jligheter och Reinhard Mohn Foundation.<\/p><p>Vi \u00e4r mycket glada \u00f6ver att personalen p\u00e5 Hundertwasserskolan enh\u00e4lligt har beslutat att delta i projektet \"Lies mit\" i G\u00fctersloh-distriktet under l\u00e4s\u00e5ret 2023\/24 och att de kommer att delta i utbildningstillf\u00e4llena med andra grundskolor inom 18 m\u00e5nader. Projektets grundid\u00e9 \u00e4r att systematiskt fr\u00e4mja l\u00e4sning som en del av ett skolutvecklingsprojekt som st\u00f6ds av alla kollegor.<\/p><p>Den\u00a0<strong>Detaljerade m\u00e5l<\/strong>\u00a0\u00e4r f\u00f6ljande:<\/p><ol><li>Alla elever som undervisas p\u00e5 samma niv\u00e5 uppn\u00e5r standardintervallet i Salzburgs l\u00e4sscreening under f\u00f6rsta halvan av fj\u00e4rde klass.<\/li><li>Elever med s\u00e4rskilda behov p\u00e5 den deltagande skolan f\u00f6rb\u00e4ttrar sin l\u00e4shastighet genom att regelbundet delta i l\u00e4str\u00e4ning under sin grundskoletid.<\/li><li>L\u00e4rarna genomf\u00f6r l\u00e4str\u00e4ningen senast under det fj\u00e4rde l\u00e4s\u00e5ret efter att de har b\u00f6rjat delta i projektet.<\/li><li>Projektet kommer att testas i fem grundskolor fr\u00e5n och med det kommande l\u00e4s\u00e5ret. Dessa skolor ans\u00f6kte om att f\u00e5 delta efter ett informations- och utv\u00e4rderingsevenemang.<\/li><\/ol><p><strong>Erbjudandets struktur<\/strong><\/p><p>L\u00e4rare fr\u00e5n de deltagande grundskolorna deltar i sju moduler under 18 m\u00e5nader.<strong>\u00a0<\/strong>som omfattar f\u00f6ljande \u00e4mnen:<br \/>L\u00e4sflyt, diagnos och fem sunda l\u00e4smetoder: K\u00f6rl\u00e4sning, t\u00e4rningsl\u00e4sning, tandeml\u00e4sning, l\u00e4sning med ljudbok och h\u00f6gl\u00e4sningsteater.<\/p><p>Varje modul<strong>\u00a0<\/strong>best\u00e5r av:<\/p><ul><li>en film, utbyte om filmen och planering av genomf\u00f6randet<br \/>i \u00e5rslaget<\/li><li>Implementering av h\u00f6gl\u00e4sningsmetoden<\/li><li>Utbyte mellan skolor<\/li><li>Test med Salzburg Reading Screening i en gratis onlineversion<\/li><li>Diskussion om resultaten i \u00e5rslaget.<\/li><\/ul><p>Om du vill ha mer detaljerad information kan du hitta den h\u00e4r\u00a0<strong>filmen om projektet:<br \/><\/strong><a href=\"https:\/\/youtu.be\/Q9TwVTWEg60?list=PL5LYbSLXzQs-pIlZO-9nmDxBdt5-eU7Qp\"><strong>https:\/\/youtu.be\/Q9TwVTWEg60?list=PL5LYbSLXzQs-pIlZO-9nmDxBdt5-<\/strong><\/a><a href=\"https:\/\/www.kreis-guetersloh.de\/themen\/bildung\/bildungsmanagement-und-bildungsbuero\/lies-mit\/qr-code.jpg?cid=18mk.5vo1\"><strong>eU7Qp<\/strong><\/a><strong>\u00a0 \u00a0<\/strong><\/p>\t\t\t\t\t\t\t\t<\/div>\n\t\t\t\t<\/div>\n\t\t\t\t<div class=\"elementor-element elementor-element-84b3ccb elementor-widget elementor-widget-text-editor\" data-id=\"84b3ccb\" data-element_type=\"widget\" data-e-type=\"widget\" data-widget_type=\"text-editor.default\">\n\t\t\t\t<div class=\"elementor-widget-container\">\n\t\t\t\t\t\t\t\t\t<p><span style=\"color: #0000ff;\"><strong>\"L\u00e4s med\" p\u00e5 Hundertwasser-skolan<\/strong><\/span><\/p><p>L\u00e4s\u00e5ret 2023\/2024 inleds med ett antal f\u00f6r\u00e4ndringar f\u00f6r alla grundskolor. Bland annat uppmuntrar delstaten Nordrhein-Westfalen grundskolorna att prioritera l\u00e4sning och att inf\u00f6ra obligatorisk l\u00e4stid i timplanen. Att \u00f6ka l\u00e4sflytet och f\u00f6rm\u00e5gan att f\u00f6rst\u00e5 saker samt gl\u00e4djen i att l\u00e4sa \u00e4r viktiga m\u00e5l.<\/p><p>I samband med detta har projektet <strong>\"L\u00e4s med\"<\/strong>som personalen p\u00e5 Hundertwasserskolan har deltagit i med stor entusiasm sedan b\u00f6rjan av l\u00e4s\u00e5ret. Projektet \u00e4r ett gemensamt erbjudande fr\u00e5n skolinspektionerna f\u00f6r grundskolor i G\u00fctersloh-distriktet, kompetensteamet, utbildningskontoret och utbildningsledningen, centrumet f\u00f6r digital utbildning och skolor och Reinhard Mohn Foundation och omfattar olika utbildningsmoduler, som sedan implementeras i den dagliga undervisningen och senare reflekteras \u00f6ver som en del av projektet.<\/p><p>Under flera veckor har f\u00f6ljande mening h\u00f6rts fyra g\u00e5nger i veckan vid en best\u00e4md tidpunkt i hela skolbyggnaden: \"Nu ska vi b\u00f6rja l\u00e4sa. Fingrarna under \"...\" - 3-2-1 ...\". Vi l\u00e4ser sedan tillsammans i k\u00f6r. Under den 15-20 minuter l\u00e5nga l\u00e4sfr\u00e4mjande tiden provar barnen olika h\u00f6gl\u00e4sningsmetoder, t.ex. k\u00f6rl\u00e4sning, l\u00e4skuber eller ljudb\u00f6cker. Alla metoder har visat sig fr\u00e4mja l\u00e4sflyt, l\u00e4sf\u00f6rst\u00e5else och l\u00e4smotivation - med andra ord grunden f\u00f6r all utbildning. Utvecklingen av elevernas l\u00e4sf\u00f6rm\u00e5ga m\u00e4ts genom regelbundna tester med Salzburg Reading Screening i en onlineversion.<\/p><p>Barnen kan knappt b\u00e4rga sig inf\u00f6r att uppt\u00e4cka och l\u00e4sa nya texter och l\u00e4sningar och att l\u00e4ra sig om och pr\u00f6va andra ljudl\u00e4sningstekniker.<\/p><p>Vi \u00e4r sp\u00e4nda p\u00e5 att se vad som h\u00e4nder h\u00e4rn\u00e4st!\u00a0<\/p>\t\t\t\t\t\t\t\t<\/div>\n\t\t\t\t<\/div>\n\t\t\t\t<div class=\"elementor-element elementor-element-80f5d5f elementor-widget elementor-widget-video\" data-id=\"80f5d5f\" data-element_type=\"widget\" data-e-type=\"widget\" data-settings=\"{&quot;video_type&quot;:&quot;hosted&quot;,&quot;controls&quot;:&quot;yes&quot;}\" data-widget_type=\"video.default\">\n\t\t\t\t<div class=\"elementor-widget-container\">\n\t\t\t\t\t\t\t<div class=\"e-hosted-video elementor-wrapper elementor-open-inline\">\n\t\t\t\t\t<video class=\"elementor-video\" src=\"http:\/\/hundertwasser-schule.de\/wp-content\/uploads\/2023\/11\/IMG_2543.mov\" controls=\"\" preload=\"metadata\" controlslist=\"nodownload\"><\/video>\n\t\t\t\t<\/div>\n\t\t\t\t\t\t<\/div>\n\t\t\t\t<\/div>\n\t\t\t\t<div class=\"elementor-element elementor-element-1402dd5 elementor-widget elementor-widget-gallery\" data-id=\"1402dd5\" data-element_type=\"widget\" data-e-type=\"widget\" data-settings=\"{&quot;lazyload&quot;:&quot;yes&quot;,&quot;gallery_layout&quot;:&quot;grid&quot;,&quot;columns&quot;:4,&quot;columns_tablet&quot;:2,&quot;columns_mobile&quot;:1,&quot;gap&quot;:{&quot;unit&quot;:&quot;px&quot;,&quot;size&quot;:10,&quot;sizes&quot;:[]},&quot;gap_tablet&quot;:{&quot;unit&quot;:&quot;px&quot;,&quot;size&quot;:10,&quot;sizes&quot;:[]},&quot;gap_mobile&quot;:{&quot;unit&quot;:&quot;px&quot;,&quot;size&quot;:10,&quot;sizes&quot;:[]},&quot;link_to&quot;:&quot;file&quot;,&quot;aspect_ratio&quot;:&quot;3:2&quot;,&quot;overlay_background&quot;:&quot;yes&quot;,&quot;content_hover_animation&quot;:&quot;fade-in&quot;}\" data-widget_type=\"gallery.default\">\n\t\t\t\t<div class=\"elementor-widget-container\">\n\t\t\t\t\t\t\t<div class=\"elementor-gallery__container\">\n\t\t\t\t\t<\/div>\n\t\t\t\t\t<\/div>\n\t\t\t\t<\/div>\n\t\t\t\t\t<\/div>\n\t\t<\/div>\n\t\t\t\t\t<\/div>\n\t\t<\/section>\n\t\t\t\t<section class=\"elementor-section elementor-top-section elementor-element elementor-element-ec3786e elementor-section-boxed elementor-section-height-default elementor-section-height-default\" data-id=\"ec3786e\" data-element_type=\"section\" data-e-type=\"section\">\n\t\t\t\t\t\t<div class=\"elementor-container elementor-column-gap-default\">\n\t\t\t\t\t<div class=\"elementor-column elementor-col-100 elementor-top-column elementor-element elementor-element-d6b72ee\" data-id=\"d6b72ee\" data-element_type=\"column\" data-e-type=\"column\">\n\t\t\t<div class=\"elementor-widget-wrap\">\n\t\t\t\t\t\t\t<\/div>\n\t\t<\/div>\n\t\t\t\t\t<\/div>\n\t\t<\/section>\n\t\t\t\t<\/div>","protected":false},"excerpt":{"rendered":"<p>\u00dcber das Projekt Das Projekt\u00a0\u201eLies\u00a0mit\u201c ist ein gemeinsames Angebot der Schulaufsichten f\u00fcr die Grundschulen im Kreis G\u00fctersloh, des Kompetenzteams, des Bildungsmanagements und Bildungsb\u00fcro im Kreis G\u00fctersloh, des Zentrums f\u00fcr Bildung und Chancen und der Reinhard Mohn Stiftung. Wir freuen uns, dass sich das Kollegium der Hundertwasser-Schule einstimmig im Schuljahr 2023\/24 auf das Projekt \u201eLies mit\u201c [&hellip;]<\/p>\n","protected":false},"author":4,"featured_media":0,"parent":0,"menu_order":0,"comment_status":"closed","ping_status":"closed","template":"","meta":{"footnotes":""},"class_list":["post-4664","page","type-page","status-publish","hentry"],"_links":{"self":[{"href":"https:\/\/hundertwasser-schule.de\/sv_se\/wp-json\/wp\/v2\/pages\/4664","targetHints":{"allow":["GET"]}}],"collection":[{"href":"https:\/\/hundertwasser-schule.de\/sv_se\/wp-json\/wp\/v2\/pages"}],"about":[{"href":"https:\/\/hundertwasser-schule.de\/sv_se\/wp-json\/wp\/v2\/types\/page"}],"author":[{"embeddable":true,"href":"https:\/\/hundertwasser-schule.de\/sv_se\/wp-json\/wp\/v2\/users\/4"}],"replies":[{"embeddable":true,"href":"https:\/\/hundertwasser-schule.de\/sv_se\/wp-json\/wp\/v2\/comments?post=4664"}],"version-history":[{"count":5,"href":"https:\/\/hundertwasser-schule.de\/sv_se\/wp-json\/wp\/v2\/pages\/4664\/revisions"}],"predecessor-version":[{"id":5238,"href":"https:\/\/hundertwasser-schule.de\/sv_se\/wp-json\/wp\/v2\/pages\/4664\/revisions\/5238"}],"wp:attachment":[{"href":"https:\/\/hundertwasser-schule.de\/sv_se\/wp-json\/wp\/v2\/media?parent=4664"}],"curies":[{"name":"wp","href":"https:\/\/api.w.org\/{rel}","templated":true}]}}