{"id":65,"date":"2020-03-31T11:00:09","date_gmt":"2020-03-31T11:00:09","guid":{"rendered":"https:\/\/neu.hundertwasser-schule.de\/?page_id=65"},"modified":"2020-11-20T10:32:10","modified_gmt":"2020-11-20T09:32:10","slug":"konzept","status":"publish","type":"page","link":"https:\/\/hundertwasser-schule.de\/sv_se\/konzept\/","title":{"rendered":"Koncept"},"content":{"rendered":"<div data-elementor-type=\"wp-page\" data-elementor-id=\"65\" class=\"elementor elementor-65\" data-elementor-post-type=\"page\">\n\t\t\t\t\t\t<section class=\"elementor-section elementor-top-section elementor-element elementor-element-5e953abe elementor-section-stretched elementor-section-full_width elementor-section-height-default elementor-section-height-default\" data-id=\"5e953abe\" data-element_type=\"section\" data-e-type=\"section\" data-settings=\"{&quot;stretch_section&quot;:&quot;section-stretched&quot;}\">\n\t\t\t\t\t\t<div class=\"elementor-container elementor-column-gap-no\">\n\t\t\t\t\t<div class=\"elementor-column elementor-col-100 elementor-top-column elementor-element elementor-element-354871e3\" data-id=\"354871e3\" data-element_type=\"column\" data-e-type=\"column\">\n\t\t\t<div class=\"elementor-widget-wrap elementor-element-populated\">\n\t\t\t\t\t\t<div class=\"elementor-element elementor-element-683df095 elementor-widget elementor-widget-image\" data-id=\"683df095\" data-element_type=\"widget\" data-e-type=\"widget\" data-widget_type=\"image.default\">\n\t\t\t\t<div class=\"elementor-widget-container\">\n\t\t\t\t\t\t\t\t\t\t\t\t\t\t\t<img fetchpriority=\"high\" decoding=\"async\" width=\"1920\" height=\"230\" src=\"https:\/\/hundertwasser-schule.de\/wp-content\/uploads\/2020\/03\/bild1.jpg\" class=\"attachment-full size-full wp-image-108\" alt=\"\" srcset=\"https:\/\/hundertwasser-schule.de\/wp-content\/uploads\/2020\/03\/bild1.jpg 1920w, https:\/\/hundertwasser-schule.de\/wp-content\/uploads\/2020\/03\/bild1-300x36.jpg 300w, https:\/\/hundertwasser-schule.de\/wp-content\/uploads\/2020\/03\/bild1-1024x123.jpg 1024w, https:\/\/hundertwasser-schule.de\/wp-content\/uploads\/2020\/03\/bild1-768x92.jpg 768w, https:\/\/hundertwasser-schule.de\/wp-content\/uploads\/2020\/03\/bild1-1536x184.jpg 1536w, https:\/\/hundertwasser-schule.de\/wp-content\/uploads\/2020\/03\/bild1-20x2.jpg 20w\" sizes=\"(max-width: 1920px) 100vw, 1920px\" \/>\t\t\t\t\t\t\t\t\t\t\t\t\t\t\t<\/div>\n\t\t\t\t<\/div>\n\t\t\t\t\t<\/div>\n\t\t<\/div>\n\t\t\t\t\t<\/div>\n\t\t<\/section>\n\t\t\t\t<section class=\"elementor-section elementor-top-section elementor-element elementor-element-3fa1efff elementor-section-height-min-height elementor-section-boxed elementor-section-height-default elementor-section-items-middle\" data-id=\"3fa1efff\" data-element_type=\"section\" data-e-type=\"section\" data-settings=\"{&quot;background_background&quot;:&quot;classic&quot;}\">\n\t\t\t\t\t\t<div class=\"elementor-container elementor-column-gap-default\">\n\t\t\t\t\t<div class=\"elementor-column elementor-col-100 elementor-top-column elementor-element elementor-element-46bccb04\" data-id=\"46bccb04\" data-element_type=\"column\" data-e-type=\"column\">\n\t\t\t<div class=\"elementor-widget-wrap elementor-element-populated\">\n\t\t\t\t\t\t\t<\/div>\n\t\t<\/div>\n\t\t\t\t\t<\/div>\n\t\t<\/section>\n\t\t\t\t<section class=\"elementor-section elementor-top-section elementor-element elementor-element-21f27b3 elementor-section-full_width elementor-section-height-default elementor-section-height-default\" data-id=\"21f27b3\" data-element_type=\"section\" data-e-type=\"section\">\n\t\t\t\t\t\t<div class=\"elementor-container elementor-column-gap-default\">\n\t\t\t\t\t<div class=\"elementor-column elementor-col-100 elementor-top-column elementor-element elementor-element-24f5105\" data-id=\"24f5105\" data-element_type=\"column\" data-e-type=\"column\">\n\t\t\t<div class=\"elementor-widget-wrap elementor-element-populated\">\n\t\t\t\t\t\t<div class=\"elementor-element elementor-element-c208339 elementor-widget elementor-widget-image\" data-id=\"c208339\" data-element_type=\"widget\" data-e-type=\"widget\" data-widget_type=\"image.default\">\n\t\t\t\t<div class=\"elementor-widget-container\">\n\t\t\t\t\t\t\t\t\t\t\t\t\t\t\t<img decoding=\"async\" width=\"800\" height=\"573\" src=\"https:\/\/hundertwasser-schule.de\/wp-content\/uploads\/2020\/04\/Unbenanntes-Bild-1024x733.png\" class=\"attachment-large size-large wp-image-548\" alt=\"\" srcset=\"https:\/\/hundertwasser-schule.de\/wp-content\/uploads\/2020\/04\/Unbenanntes-Bild-1024x733.png 1024w, https:\/\/hundertwasser-schule.de\/wp-content\/uploads\/2020\/04\/Unbenanntes-Bild-300x215.png 300w, https:\/\/hundertwasser-schule.de\/wp-content\/uploads\/2020\/04\/Unbenanntes-Bild-768x549.png 768w, https:\/\/hundertwasser-schule.de\/wp-content\/uploads\/2020\/04\/Unbenanntes-Bild-20x14.png 20w, https:\/\/hundertwasser-schule.de\/wp-content\/uploads\/2020\/04\/Unbenanntes-Bild.png 1026w\" sizes=\"(max-width: 800px) 100vw, 800px\" \/>\t\t\t\t\t\t\t\t\t\t\t\t\t\t\t<\/div>\n\t\t\t\t<\/div>\n\t\t\t\t\t<\/div>\n\t\t<\/div>\n\t\t\t\t\t<\/div>\n\t\t<\/section>\n\t\t\t\t<section class=\"elementor-section elementor-top-section elementor-element elementor-element-5ce7149 elementor-section-boxed elementor-section-height-default elementor-section-height-default\" data-id=\"5ce7149\" data-element_type=\"section\" data-e-type=\"section\">\n\t\t\t\t\t\t<div class=\"elementor-container elementor-column-gap-default\">\n\t\t\t\t\t<div class=\"elementor-column elementor-col-100 elementor-top-column elementor-element elementor-element-7847b10\" data-id=\"7847b10\" data-element_type=\"column\" data-e-type=\"column\">\n\t\t\t<div class=\"elementor-widget-wrap elementor-element-populated\">\n\t\t\t\t\t\t<div class=\"elementor-element elementor-element-4221133 elementor-widget elementor-widget-text-editor\" data-id=\"4221133\" data-element_type=\"widget\" data-e-type=\"widget\" data-widget_type=\"text-editor.default\">\n\t\t\t\t<div class=\"elementor-widget-container\">\n\t\t\t\t\t\t\t\t\t<p>Bauwagen \u00e4r en specialskola f\u00f6r elever i s\u00e4rskilda situationer.<\/p><p>Inom ramen f\u00f6r Hundertwasser-skolans intensiva utbildnings\u00e5tg\u00e4rder, som erbjuds elever vars behov av st\u00f6d g\u00e5r l\u00e5ngt ut\u00f6ver den vanliga niv\u00e5n, erbjuder Bauwagen-projektet m\u00f6jligheten att ge specialpedagogiskt och socialpedagogiskt st\u00f6d till fyra elever genom ett mycket n\u00e4ra och intensivt s\u00e4llskap p\u00e5 s\u00e4rskilda platser och vid s\u00e4rskilda tillf\u00e4llen.<\/p><p>I Bauwagen-projektet samarbetar skolan och ungdomsv\u00e5rden. Det utf\u00f6rs av en l\u00e4rare f\u00f6r specialpedagogik fr\u00e5n Hundertwasserskolan och en socialpedagog fr\u00e5n den \u00f6ppna dagsverksamhetens socialpedagogiska dagv\u00e5rd (STB).<\/p>\t\t\t\t\t\t\t\t<\/div>\n\t\t\t\t<\/div>\n\t\t\t\t\t<\/div>\n\t\t<\/div>\n\t\t\t\t\t<\/div>\n\t\t<\/section>\n\t\t\t\t<section class=\"elementor-section elementor-top-section elementor-element elementor-element-ace2cf2 elementor-section-boxed elementor-section-height-default elementor-section-height-default\" data-id=\"ace2cf2\" data-element_type=\"section\" data-e-type=\"section\">\n\t\t\t\t\t\t<div class=\"elementor-container elementor-column-gap-default\">\n\t\t\t\t\t<div class=\"elementor-column elementor-col-100 elementor-top-column elementor-element elementor-element-5db1bfb\" data-id=\"5db1bfb\" data-element_type=\"column\" data-e-type=\"column\">\n\t\t\t<div class=\"elementor-widget-wrap elementor-element-populated\">\n\t\t\t\t\t\t<div class=\"elementor-element elementor-element-da3e455 elementor-widget elementor-widget-accordion\" data-id=\"da3e455\" data-element_type=\"widget\" data-e-type=\"widget\" data-widget_type=\"accordion.default\">\n\t\t\t\t<div class=\"elementor-widget-container\">\n\t\t\t\t\t\t\t<div class=\"elementor-accordion\">\n\t\t\t\t\t\t\t<div class=\"elementor-accordion-item\">\n\t\t\t\t\t<div id=\"elementor-tab-title-2281\" class=\"elementor-tab-title\" data-tab=\"1\" role=\"button\" aria-controls=\"elementor-tab-content-2281\" aria-expanded=\"false\">\n\t\t\t\t\t\t\t\t\t\t\t\t\t<span class=\"elementor-accordion-icon elementor-accordion-icon-left\" aria-hidden=\"true\">\n\t\t\t\t\t\t\t\t\t\t\t\t\t\t\t<span class=\"elementor-accordion-icon-closed\"><i class=\"fas fa-plus\"><\/i><\/span>\n\t\t\t\t\t\t\t\t<span class=\"elementor-accordion-icon-opened\"><i class=\"fas fa-minus\"><\/i><\/span>\n\t\t\t\t\t\t\t\t\t\t\t\t\t\t<\/span>\n\t\t\t\t\t\t\t\t\t\t\t\t<a class=\"elementor-accordion-title\" tabindex=\"0\">H\u00f6gst fyra elever deltar i projektet fyra till fem dagar i veckan mellan 10.30 och 12.15. Varje dag \u00e4r strukturerad p\u00e5 samma s\u00e4tt:<\/a>\n\t\t\t\t\t<\/div>\n\t\t\t\t\t<div id=\"elementor-tab-content-2281\" class=\"elementor-tab-content elementor-clearfix\" data-tab=\"1\" role=\"region\" aria-labelledby=\"elementor-tab-title-2281\"><ul><li>Fram till kl. 10.30 deltar barnen i klassens erbjudanden.<\/li><\/ul><ul><li>10.30 Ankomst till byggvagnen<\/li><li>10.45-12.00 Intensiv pedagogisk verksamhet (pedagogisk ridning, cirkus, k\u00f6k, arbetsrum, traumapedagogik, skoltr\u00e4dg\u00e5rd, koncentrationsutbildning MKT-Marburg osv.)<\/li><li>12.00 Avslutningsrunda med reflektion<\/li><li>J\u00dc 1\/2-barn ledsagas till sina respektive STB-grupper kl. 12.15.<\/li><li>J\u00dc 3\/4 barn g\u00e5r till sina lektioner<\/li><\/ul><\/div>\n\t\t\t\t<\/div>\n\t\t\t\t\t\t\t<div class=\"elementor-accordion-item\">\n\t\t\t\t\t<div id=\"elementor-tab-title-2282\" class=\"elementor-tab-title\" data-tab=\"2\" role=\"button\" aria-controls=\"elementor-tab-content-2282\" aria-expanded=\"false\">\n\t\t\t\t\t\t\t\t\t\t\t\t\t<span class=\"elementor-accordion-icon elementor-accordion-icon-left\" aria-hidden=\"true\">\n\t\t\t\t\t\t\t\t\t\t\t\t\t\t\t<span class=\"elementor-accordion-icon-closed\"><i class=\"fas fa-plus\"><\/i><\/span>\n\t\t\t\t\t\t\t\t<span class=\"elementor-accordion-icon-opened\"><i class=\"fas fa-minus\"><\/i><\/span>\n\t\t\t\t\t\t\t\t\t\t\t\t\t\t<\/span>\n\t\t\t\t\t\t\t\t\t\t\t\t<a class=\"elementor-accordion-title\" tabindex=\"0\">M\u00e5len f\u00f6r projektet med byggtrailers \u00e4r f\u00f6ljande:<\/a>\n\t\t\t\t\t<\/div>\n\t\t\t\t\t<div id=\"elementor-tab-content-2282\" class=\"elementor-tab-content elementor-clearfix\" data-tab=\"2\" role=\"region\" aria-labelledby=\"elementor-tab-title-2282\"><ul><li>\u00c5terg\u00e5 till klassen och aktiviteterna i heldagsgruppen.<\/li><li>Ost\u00f6rd undervisning f\u00f6r respektive klass<\/li><li>Undvikande av disciplin\u00e4ra \u00e5tg\u00e4rder - s\u00e4rskilt undvikande av utvisning fr\u00e5n skolan.<\/li><li>Fr\u00e4mja skolmotivation, uth\u00e5llighet och frustrationstolerans.<\/li><li>V\u00e4xling av sp\u00e4nning och avslappning med specialerbjudanden<\/li><li>Personligt och individuellt m\u00f6te med barnen med stor uppm\u00e4rksamhet fr\u00e5n de vuxna.<\/li><li>Att finnas d\u00e4r f\u00f6r barnen och kommunicera\/relatera med dem p\u00e5 ett lugnt s\u00e4tt.<\/li><li>Utveckla probleml\u00f6sningsstrategier.<\/li><li>Minska trycket i skolan<\/li><li>Praktiska strukturer (skolor)<\/li><li>Att bygga upp en f\u00f6rst\u00e5else f\u00f6r v\u00e4rderingar<\/li><li>Utveckling av den kommunikativa f\u00f6rm\u00e5gan att agera<\/li><li>Initiering och utveckling av samarbetsf\u00f6rm\u00e5ga<\/li><\/ul><\/div>\n\t\t\t\t<\/div>\n\t\t\t\t\t\t\t\t<\/div>\n\t\t\t\t\t\t<\/div>\n\t\t\t\t<\/div>\n\t\t\t\t\t<\/div>\n\t\t<\/div>\n\t\t\t\t\t<\/div>\n\t\t<\/section>\n\t\t\t\t<section class=\"elementor-section elementor-top-section elementor-element elementor-element-ec7f94a elementor-section-boxed elementor-section-height-default elementor-section-height-default\" data-id=\"ec7f94a\" data-element_type=\"section\" data-e-type=\"section\">\n\t\t\t\t\t\t<div class=\"elementor-container elementor-column-gap-default\">\n\t\t\t\t\t<div class=\"elementor-column elementor-col-100 elementor-top-column elementor-element elementor-element-f9f875f\" data-id=\"f9f875f\" data-element_type=\"column\" data-e-type=\"column\">\n\t\t\t<div class=\"elementor-widget-wrap elementor-element-populated\">\n\t\t\t\t\t\t<div class=\"elementor-element elementor-element-49b4e8e elementor-widget elementor-widget-text-editor\" data-id=\"49b4e8e\" data-element_type=\"widget\" data-e-type=\"widget\" data-widget_type=\"text-editor.default\">\n\t\t\t\t<div class=\"elementor-widget-container\">\n\t\t\t\t\t\t\t\t\t<p>Du kan ladda ner startkonceptet\u00a0<a href=\"http:\/\/hundertwasser-schule.de\/sv_se\/inhalte\/5Bauwagen\/1Bauwagen\/Bauwagenkonzept%201.pdf\/\">h\u00e4r<\/a>\u00a0Du hittar bilder av de olika aktiviteterna i projektet med byggtrailers l\u00e4ngre ner p\u00e5 denna sida.<\/p><p>Bauwagen-projektet finansieras gemensamt av skolan och ungdomsv\u00e5rden. Personalresurserna f\u00f6r l\u00e4rartj\u00e4nsten kommer fr\u00e5n delstaten Nordrhein-Westfalen, f\u00f6r ungdomsv\u00e5rden fr\u00e5n det ekonomiska deltagandet fr\u00e5n familje- och socialavdelningen i staden G\u00fctersloh i Hundertwasser-skolans \u00f6ppna heldagsprogram. De l\u00f6pande underh\u00e5llskostnaderna t\u00e4cks av G\u00fctersloh District School Board, och installationen av byggvagnen t\u00e4cks av skolans budget.<\/p><p>G\u00fctersloh Civic Foundation har gett ett betydande st\u00f6d genom att k\u00f6pa byggvagnen.<\/p>\t\t\t\t\t\t\t\t<\/div>\n\t\t\t\t<\/div>\n\t\t\t\t\t<\/div>\n\t\t<\/div>\n\t\t\t\t\t<\/div>\n\t\t<\/section>\n\t\t\t\t<section class=\"elementor-section elementor-top-section elementor-element elementor-element-bbba7fb elementor-section-boxed elementor-section-height-default elementor-section-height-default\" data-id=\"bbba7fb\" data-element_type=\"section\" data-e-type=\"section\">\n\t\t\t\t\t\t<div class=\"elementor-container elementor-column-gap-default\">\n\t\t\t\t\t<div class=\"elementor-column elementor-col-100 elementor-top-column elementor-element elementor-element-f0e1b40\" data-id=\"f0e1b40\" data-element_type=\"column\" data-e-type=\"column\">\n\t\t\t<div class=\"elementor-widget-wrap elementor-element-populated\">\n\t\t\t\t\t\t<div class=\"elementor-element elementor-element-dc9554c elementor-widget elementor-widget-spacer\" data-id=\"dc9554c\" data-element_type=\"widget\" data-e-type=\"widget\" data-widget_type=\"spacer.default\">\n\t\t\t\t<div class=\"elementor-widget-container\">\n\t\t\t\t\t\t\t<div class=\"elementor-spacer\">\n\t\t\t<div class=\"elementor-spacer-inner\"><\/div>\n\t\t<\/div>\n\t\t\t\t\t\t<\/div>\n\t\t\t\t<\/div>\n\t\t\t\t\t<\/div>\n\t\t<\/div>\n\t\t\t\t\t<\/div>\n\t\t<\/section>\n\t\t\t\t<\/div>","protected":false},"excerpt":{"rendered":"<p>Der Bauwagen ist ein besonderer schulischer Lernort f\u00fcr Sch\u00fclerinnen und Sch\u00fcler in besonderen Lebenslagen. Im Rahmen der intensivp\u00e4dagogischen Ma\u00dfnahmen der Hundertwasser-Schule, die f\u00fcr Sch\u00fclerinnen und Sch\u00fcler angeboten werden, deren Unterst\u00fctzungsbedarf weit \u00fcber das \u00fcbliche Ma\u00df hinausgeht, bietet das Bauwagen-Projekt die M\u00f6glichkeit 4 Sch\u00fclerinnen oder Sch\u00fcler in einer sehr engen und intensiven Begleitung an besonderen Orten [&hellip;]<\/p>\n","protected":false},"author":1,"featured_media":0,"parent":0,"menu_order":0,"comment_status":"closed","ping_status":"closed","template":"elementor_header_footer","meta":{"footnotes":""},"class_list":["post-65","page","type-page","status-publish","hentry"],"_links":{"self":[{"href":"https:\/\/hundertwasser-schule.de\/sv_se\/wp-json\/wp\/v2\/pages\/65","targetHints":{"allow":["GET"]}}],"collection":[{"href":"https:\/\/hundertwasser-schule.de\/sv_se\/wp-json\/wp\/v2\/pages"}],"about":[{"href":"https:\/\/hundertwasser-schule.de\/sv_se\/wp-json\/wp\/v2\/types\/page"}],"author":[{"embeddable":true,"href":"https:\/\/hundertwasser-schule.de\/sv_se\/wp-json\/wp\/v2\/users\/1"}],"replies":[{"embeddable":true,"href":"https:\/\/hundertwasser-schule.de\/sv_se\/wp-json\/wp\/v2\/comments?post=65"}],"version-history":[{"count":5,"href":"https:\/\/hundertwasser-schule.de\/sv_se\/wp-json\/wp\/v2\/pages\/65\/revisions"}],"predecessor-version":[{"id":2407,"href":"https:\/\/hundertwasser-schule.de\/sv_se\/wp-json\/wp\/v2\/pages\/65\/revisions\/2407"}],"wp:attachment":[{"href":"https:\/\/hundertwasser-schule.de\/sv_se\/wp-json\/wp\/v2\/media?parent=65"}],"curies":[{"name":"wp","href":"https:\/\/api.w.org\/{rel}","templated":true}]}}