{"id":15,"date":"2020-03-31T10:53:06","date_gmt":"2020-03-31T10:53:06","guid":{"rendered":"https:\/\/neu.hundertwasser-schule.de\/?page_id=15"},"modified":"2025-10-06T13:53:34","modified_gmt":"2025-10-06T11:53:34","slug":"hundertwasser-schule-2021","status":"publish","type":"page","link":"https:\/\/hundertwasser-schule.de\/tr_tr\/hundertwasser-schule-2021\/","title":{"rendered":"Hundertwasser-Schule 2025\/2026"},"content":{"rendered":"<div data-elementor-type=\"wp-page\" data-elementor-id=\"15\" class=\"elementor elementor-15\" data-elementor-post-type=\"page\">\n\t\t\t\t\t\t<section class=\"elementor-section elementor-top-section elementor-element elementor-element-18be1da0 elementor-section-stretched elementor-section-full_width elementor-section-height-default elementor-section-height-default\" data-id=\"18be1da0\" data-element_type=\"section\" data-e-type=\"section\" data-settings=\"{&quot;stretch_section&quot;:&quot;section-stretched&quot;}\">\n\t\t\t\t\t\t<div class=\"elementor-container elementor-column-gap-no\">\n\t\t\t\t\t<div class=\"elementor-column elementor-col-100 elementor-top-column elementor-element elementor-element-52f72e34\" data-id=\"52f72e34\" data-element_type=\"column\" data-e-type=\"column\">\n\t\t\t<div class=\"elementor-widget-wrap elementor-element-populated\">\n\t\t\t\t\t\t<div class=\"elementor-element elementor-element-43ba5b06 elementor-widget elementor-widget-image\" data-id=\"43ba5b06\" data-element_type=\"widget\" data-e-type=\"widget\" data-widget_type=\"image.default\">\n\t\t\t\t<div class=\"elementor-widget-container\">\n\t\t\t\t\t\t\t\t\t\t\t\t\t\t\t<img fetchpriority=\"high\" decoding=\"async\" width=\"1920\" height=\"230\" src=\"https:\/\/hundertwasser-schule.de\/wp-content\/uploads\/2020\/03\/bild1.jpg\" class=\"attachment-full size-full wp-image-108\" alt=\"\" srcset=\"https:\/\/hundertwasser-schule.de\/wp-content\/uploads\/2020\/03\/bild1.jpg 1920w, https:\/\/hundertwasser-schule.de\/wp-content\/uploads\/2020\/03\/bild1-300x36.jpg 300w, https:\/\/hundertwasser-schule.de\/wp-content\/uploads\/2020\/03\/bild1-1024x123.jpg 1024w, https:\/\/hundertwasser-schule.de\/wp-content\/uploads\/2020\/03\/bild1-768x92.jpg 768w, https:\/\/hundertwasser-schule.de\/wp-content\/uploads\/2020\/03\/bild1-1536x184.jpg 1536w, https:\/\/hundertwasser-schule.de\/wp-content\/uploads\/2020\/03\/bild1-20x2.jpg 20w\" sizes=\"(max-width: 1920px) 100vw, 1920px\" \/>\t\t\t\t\t\t\t\t\t\t\t\t\t\t\t<\/div>\n\t\t\t\t<\/div>\n\t\t\t\t\t<\/div>\n\t\t<\/div>\n\t\t\t\t\t<\/div>\n\t\t<\/section>\n\t\t\t\t<section class=\"elementor-section elementor-top-section elementor-element elementor-element-173d1b16 elementor-section-height-min-height elementor-section-boxed elementor-section-height-default elementor-section-items-middle\" data-id=\"173d1b16\" data-element_type=\"section\" data-e-type=\"section\" data-settings=\"{&quot;background_background&quot;:&quot;classic&quot;}\">\n\t\t\t\t\t\t<div class=\"elementor-container elementor-column-gap-default\">\n\t\t\t\t\t<div class=\"elementor-column elementor-col-100 elementor-top-column elementor-element elementor-element-272ccaa7\" data-id=\"272ccaa7\" data-element_type=\"column\" data-e-type=\"column\">\n\t\t\t<div class=\"elementor-widget-wrap elementor-element-populated\">\n\t\t\t\t\t\t\t<\/div>\n\t\t<\/div>\n\t\t\t\t\t<\/div>\n\t\t<\/section>\n\t\t\t\t<section class=\"elementor-section elementor-top-section elementor-element elementor-element-3c0865d elementor-section-boxed elementor-section-height-default elementor-section-height-default\" data-id=\"3c0865d\" data-element_type=\"section\" data-e-type=\"section\">\n\t\t\t\t\t\t<div class=\"elementor-container elementor-column-gap-default\">\n\t\t\t\t\t<div class=\"elementor-column elementor-col-100 elementor-top-column elementor-element elementor-element-2a221d9\" data-id=\"2a221d9\" data-element_type=\"column\" data-e-type=\"column\">\n\t\t\t<div class=\"elementor-widget-wrap elementor-element-populated\">\n\t\t\t\t\t\t<div class=\"elementor-element elementor-element-a36e00a elementor-widget elementor-widget-spacer\" data-id=\"a36e00a\" data-element_type=\"widget\" data-e-type=\"widget\" data-widget_type=\"spacer.default\">\n\t\t\t\t<div class=\"elementor-widget-container\">\n\t\t\t\t\t\t\t<div class=\"elementor-spacer\">\n\t\t\t<div class=\"elementor-spacer-inner\"><\/div>\n\t\t<\/div>\n\t\t\t\t\t\t<\/div>\n\t\t\t\t<\/div>\n\t\t\t\t\t<\/div>\n\t\t<\/div>\n\t\t\t\t\t<\/div>\n\t\t<\/section>\n\t\t\t\t<section class=\"elementor-section elementor-top-section elementor-element elementor-element-76be1bf elementor-section-boxed elementor-section-height-default elementor-section-height-default\" data-id=\"76be1bf\" data-element_type=\"section\" data-e-type=\"section\">\n\t\t\t\t\t\t<div class=\"elementor-container elementor-column-gap-default\">\n\t\t\t\t\t<div class=\"elementor-column elementor-col-100 elementor-top-column elementor-element elementor-element-b1e669c\" data-id=\"b1e669c\" data-element_type=\"column\" data-e-type=\"column\">\n\t\t\t<div class=\"elementor-widget-wrap elementor-element-populated\">\n\t\t\t\t\t\t<div class=\"elementor-element elementor-element-0b27b53 elementor-widget elementor-widget-text-editor\" data-id=\"0b27b53\" data-element_type=\"widget\" data-e-type=\"widget\" data-widget_type=\"text-editor.default\">\n\t\t\t\t<div class=\"elementor-widget-container\">\n\t\t\t\t\t\t\t\t\t<p>Hundertwasser School 2024\/2025, sosyo-e\u011fitim odakl\u0131, t\u00fcm g\u00fcn a\u00e7\u0131k bir okul olarak, \u00f6zel e\u011fitim ihtiyac\u0131 olan \u00f6\u011frencilere duygusal ve sosyal geli\u015fimleri alan\u0131nda destek sa\u011flayan \u00f6zel bir okuldur.&nbsp;<\/p>\n<p>&nbsp; &nbsp;- \u00f6zel tekliflerin yan\u0131 s\u0131ra yo\u011fun, \u00f6zel e\u011fitim deste\u011fi yoluyla<\/p>\n<p>&nbsp; &nbsp;- ailelere y\u00f6nelik yo\u011fun sosyo-pedagojik destek yoluyla<\/p>\n<p>okullar\u0131nda d\u00fczenlenmekte ve y\u00fcr\u00fct\u00fclmektedir. Bu \u015fekilde, G\u00fctersloh il\u00e7esinin \u00f6zel okulu olan Hundertwasser Okulu, G\u00fctersloh Belediyesi Aile ve Sosyal \u0130\u015fler Departman\u0131n\u0131n deste\u011fiyle, okul \u00f6\u011fretmenleri ve t\u00fcm g\u00fcn a\u00e7\u0131k programdaki sosyal e\u011fitim \u00e7al\u0131\u015fanlar\u0131ndan olu\u015fan bir ekiple, \u00f6zel e\u011fitim ihtiyac\u0131 olan yakla\u015f\u0131k 63 \u00f6\u011frenciyi duygusal ve sosyal geli\u015fimleri alan\u0131nda desteklemektedir. T\u00fcm g\u00fcn a\u00e7\u0131k program, G\u00fctersloh Belediyesi Aile ve Sosyal \u0130\u015fler Departman\u0131 taraf\u0131ndan sosyo-e\u011fitsel g\u00fcnd\u00fcz bak\u0131m\u0131 (STB) olarak y\u00fcr\u00fct\u00fclmektedir. <a href=\"https:\/\/spi-gt.de\/\">SPI G\u00fctersloh e.V.&nbsp;<\/a>proje y\u00fcr\u00fctme kurumu olarak.<\/p>\t\t\t\t\t\t\t\t<\/div>\n\t\t\t\t<\/div>\n\t\t\t\t\t<\/div>\n\t\t<\/div>\n\t\t\t\t\t<\/div>\n\t\t<\/section>\n\t\t\t\t<section class=\"elementor-section elementor-top-section elementor-element elementor-element-1e5bf0f elementor-section-boxed elementor-section-height-default elementor-section-height-default\" data-id=\"1e5bf0f\" data-element_type=\"section\" data-e-type=\"section\">\n\t\t\t\t\t\t<div class=\"elementor-container elementor-column-gap-default\">\n\t\t\t\t\t<div class=\"elementor-column elementor-col-100 elementor-top-column elementor-element elementor-element-1e61fc6\" data-id=\"1e61fc6\" data-element_type=\"column\" data-e-type=\"column\">\n\t\t\t<div class=\"elementor-widget-wrap elementor-element-populated\">\n\t\t\t\t\t\t<div class=\"elementor-element elementor-element-62a0989 elementor-widget elementor-widget-spacer\" data-id=\"62a0989\" data-element_type=\"widget\" data-e-type=\"widget\" data-widget_type=\"spacer.default\">\n\t\t\t\t<div class=\"elementor-widget-container\">\n\t\t\t\t\t\t\t<div class=\"elementor-spacer\">\n\t\t\t<div class=\"elementor-spacer-inner\"><\/div>\n\t\t<\/div>\n\t\t\t\t\t\t<\/div>\n\t\t\t\t<\/div>\n\t\t\t\t\t<\/div>\n\t\t<\/div>\n\t\t\t\t\t<\/div>\n\t\t<\/section>\n\t\t\t\t<section class=\"elementor-section elementor-top-section elementor-element elementor-element-b33d8bd elementor-section-boxed elementor-section-height-default elementor-section-height-default\" data-id=\"b33d8bd\" data-element_type=\"section\" data-e-type=\"section\">\n\t\t\t\t\t\t<div class=\"elementor-container elementor-column-gap-default\">\n\t\t\t\t\t<div class=\"elementor-column elementor-col-100 elementor-top-column elementor-element elementor-element-aae4c5d\" data-id=\"aae4c5d\" data-element_type=\"column\" data-e-type=\"column\">\n\t\t\t<div class=\"elementor-widget-wrap elementor-element-populated\">\n\t\t\t\t\t\t<div class=\"elementor-element elementor-element-dd73bd1 elementor-view-framed elementor-shape-circle elementor-position-block-start elementor-mobile-position-block-start elementor-widget elementor-widget-icon-box\" data-id=\"dd73bd1\" data-element_type=\"widget\" data-e-type=\"widget\" data-widget_type=\"icon-box.default\">\n\t\t\t\t<div class=\"elementor-widget-container\">\n\t\t\t\t\t\t\t<div class=\"elementor-icon-box-wrapper\">\n\n\t\t\t\t\t\t<div class=\"elementor-icon-box-icon\">\n\t\t\t\t<span  class=\"elementor-icon\">\n\t\t\t\t<i aria-hidden=\"true\" class=\"far fa-handshake\"><\/i>\t\t\t\t<\/span>\n\t\t\t<\/div>\n\t\t\t\n\t\t\t\t\t\t<div class=\"elementor-icon-box-content\">\n\n\t\t\t\t\t\t\t\t\t<h3 class=\"elementor-icon-box-title\">\n\t\t\t\t\t\t<span  >\n\t\t\t\t\t\t\tOkul ve gen\u00e7lik refah\u0131 el ele\t\t\t\t\t\t<\/span>\n\t\t\t\t\t<\/h3>\n\t\t\t\t\n\t\t\t\t\t\t\t\t\t<p class=\"elementor-icon-box-description\">\n\t\t\t\t\t\tY\u0131llar ge\u00e7tik\u00e7e, okulun \u00f6\u011fretmenleri ile tam g\u00fcn okulun sosyal pedagoglar\u0131 aras\u0131ndaki i\u015fbirli\u011finde giderek daha fazla \u00f6rt\u00fc\u015fen ortak \u00e7al\u0131\u015fma alanlar\u0131 geli\u015fti. \u0130\u015fbirli\u011fi art\u0131k okulun t\u00fcm alanlar\u0131nda ger\u00e7ekle\u015fmektedir. T\u00fcm \u00f6\u011frenciler, aileleri ve Hundertwasser Okul sistemi i\u00e7in ilgili herkesin genel bir sorumlulu\u011fu vard\u0131r. \u00d6\u011fretmenler ve sosyal pedagoglar, t\u00fcm g\u00fcn a\u00e7\u0131k okulun ev \u00f6devi saatinde birlikte \u00e7al\u0131\u015fmaktad\u0131r. T\u00fcm KESS g\u00f6r\u00fc\u015fmelerini birlikte y\u00fcr\u00fct\u00fcrler. Her iki meslek grubu da y\u0131lda bir kez t\u00fcm \u00f6\u011frencilerle birlikte sosyal e\u011fitim haftalar\u0131na\/s\u0131n\u0131f gezilerine kat\u0131lmaktad\u0131r. \u00d6zel e\u011fitim destek ihtiya\u00e7lar\u0131 normal d\u00fczeyin \u00f6tesine ge\u00e7en \u00f6\u011frenciler i\u00e7in yo\u011fun e\u011fitim \u00f6nlemleri \u00e7er\u00e7evesinde Bauwagen projesi ortakla\u015fa y\u00fcr\u00fct\u00fclmektedir. Personel ve y\u00f6netim d\u00fczeyinde d\u00fczenli ortak de\u011fi\u015fimin yan\u0131 s\u0131ra ortak konsept ve ekip olu\u015fturma g\u00fcnleri de bu i\u015fbirli\u011finin do\u011fal bir par\u00e7as\u0131d\u0131r.\t\t\t\t\t<\/p>\n\t\t\t\t\n\t\t\t<\/div>\n\t\t\t\n\t\t<\/div>\n\t\t\t\t\t\t<\/div>\n\t\t\t\t<\/div>\n\t\t\t\t\t<\/div>\n\t\t<\/div>\n\t\t\t\t\t<\/div>\n\t\t<\/section>\n\t\t\t\t<section class=\"elementor-section elementor-top-section elementor-element elementor-element-b0815f9 elementor-section-boxed elementor-section-height-default elementor-section-height-default\" data-id=\"b0815f9\" data-element_type=\"section\" data-e-type=\"section\">\n\t\t\t\t\t\t<div class=\"elementor-container elementor-column-gap-default\">\n\t\t\t\t\t<div class=\"elementor-column elementor-col-100 elementor-top-column elementor-element elementor-element-583e6af\" data-id=\"583e6af\" data-element_type=\"column\" data-e-type=\"column\">\n\t\t\t<div class=\"elementor-widget-wrap elementor-element-populated\">\n\t\t\t\t\t\t<div class=\"elementor-element elementor-element-e61a7a5 elementor-widget elementor-widget-spacer\" data-id=\"e61a7a5\" data-element_type=\"widget\" data-e-type=\"widget\" data-widget_type=\"spacer.default\">\n\t\t\t\t<div class=\"elementor-widget-container\">\n\t\t\t\t\t\t\t<div class=\"elementor-spacer\">\n\t\t\t<div class=\"elementor-spacer-inner\"><\/div>\n\t\t<\/div>\n\t\t\t\t\t\t<\/div>\n\t\t\t\t<\/div>\n\t\t\t\t\t<\/div>\n\t\t<\/div>\n\t\t\t\t\t<\/div>\n\t\t<\/section>\n\t\t\t\t<section class=\"elementor-section elementor-top-section elementor-element elementor-element-70249a5 elementor-section-boxed elementor-section-height-default elementor-section-height-default\" data-id=\"70249a5\" data-element_type=\"section\" data-e-type=\"section\">\n\t\t\t\t\t\t<div class=\"elementor-container elementor-column-gap-default\">\n\t\t\t\t\t<div class=\"elementor-column elementor-col-100 elementor-top-column elementor-element elementor-element-8b24ca3\" data-id=\"8b24ca3\" data-element_type=\"column\" data-e-type=\"column\">\n\t\t\t<div class=\"elementor-widget-wrap elementor-element-populated\">\n\t\t\t\t\t\t<div class=\"elementor-element elementor-element-6ddd73c elementor-view-framed elementor-shape-circle elementor-position-block-start elementor-mobile-position-block-start elementor-widget elementor-widget-icon-box\" data-id=\"6ddd73c\" data-element_type=\"widget\" data-e-type=\"widget\" data-widget_type=\"icon-box.default\">\n\t\t\t\t<div class=\"elementor-widget-container\">\n\t\t\t\t\t\t\t<div class=\"elementor-icon-box-wrapper\">\n\n\t\t\t\t\t\t<div class=\"elementor-icon-box-icon\">\n\t\t\t\t<span  class=\"elementor-icon\">\n\t\t\t\t<i aria-hidden=\"true\" class=\"far fa-comment-dots\"><\/i>\t\t\t\t<\/span>\n\t\t\t<\/div>\n\t\t\t\n\t\t\t\t\t\t<div class=\"elementor-icon-box-content\">\n\n\t\t\t\t\t\t\t\t\t<h3 class=\"elementor-icon-box-title\">\n\t\t\t\t\t\t<span  >\n\t\t\t\t\t\t\tOrtak eylemin temeli olarak \u00e7\u00f6z\u00fcm ve kaynak odakl\u0131l\u0131k\t\t\t\t\t\t<\/span>\n\t\t\t\t\t<\/h3>\n\t\t\t\t\n\t\t\t\t\t\t\t\t\t<p class=\"elementor-icon-box-description\">\n\t\t\t\t\t\t\u00c7\u00f6z\u00fcm ve kaynak odakl\u0131 ileti\u015fim kavram\u0131, okulun ve sosyal pedagojik g\u00fcnd\u00fcz bak\u0131mevinin (STB) ortak faaliyetlerinin temelini olu\u015fturmaktad\u0131r. Okulun t\u00fcm \u00f6\u011fretmenleri ve STB'nin t\u00fcm sosyal pedagoglar\u0131 \u00e7\u00f6z\u00fcm ve kaynak odakl\u0131 ileti\u015fim konusunda temel bir yeterlilik alm\u0131\u015ft\u0131r. Her iki alandaki t\u00fcm yeni \u00e7al\u0131\u015fanlar, meslekta\u015flar\u0131 taraf\u0131ndan yans\u0131t\u0131lan uygulama bile\u015fenleri ile desteklenen 2 x 1 g\u00fcnl\u00fck \u00e7\u00f6z\u00fcm ve kaynak odakl\u0131 ileti\u015fime giri\u015f e\u011fitimi almaktad\u0131r. Bu sayede okulun ve STB'nin t\u00fcm personelinin \u00f6\u011frenciler ve aileleriyle her zaman profesyonel bir temelde bireysel geli\u015fim planlamas\u0131 yapabilmeleri sa\u011flanmaktad\u0131r.\t\t\t\t\t<\/p>\n\t\t\t\t\n\t\t\t<\/div>\n\t\t\t\n\t\t<\/div>\n\t\t\t\t\t\t<\/div>\n\t\t\t\t<\/div>\n\t\t\t\t\t<\/div>\n\t\t<\/div>\n\t\t\t\t\t<\/div>\n\t\t<\/section>\n\t\t\t\t<section class=\"elementor-section elementor-top-section elementor-element elementor-element-b62f819 elementor-section-boxed elementor-section-height-default elementor-section-height-default\" data-id=\"b62f819\" data-element_type=\"section\" data-e-type=\"section\">\n\t\t\t\t\t\t<div class=\"elementor-container elementor-column-gap-default\">\n\t\t\t\t\t<div class=\"elementor-column elementor-col-100 elementor-top-column elementor-element elementor-element-dfa1139\" data-id=\"dfa1139\" data-element_type=\"column\" data-e-type=\"column\">\n\t\t\t<div class=\"elementor-widget-wrap elementor-element-populated\">\n\t\t\t\t\t\t<div class=\"elementor-element elementor-element-6950de2 elementor-widget elementor-widget-spacer\" data-id=\"6950de2\" data-element_type=\"widget\" data-e-type=\"widget\" data-widget_type=\"spacer.default\">\n\t\t\t\t<div class=\"elementor-widget-container\">\n\t\t\t\t\t\t\t<div class=\"elementor-spacer\">\n\t\t\t<div class=\"elementor-spacer-inner\"><\/div>\n\t\t<\/div>\n\t\t\t\t\t\t<\/div>\n\t\t\t\t<\/div>\n\t\t\t\t\t<\/div>\n\t\t<\/div>\n\t\t\t\t\t<\/div>\n\t\t<\/section>\n\t\t\t\t<\/div>","protected":false},"excerpt":{"rendered":"<p>Die Hundertwasser-Schule 2024\/2025 ist eine F\u00f6rderschule, die als Offene Ganztagsschule mit sozialp\u00e4dagogischem Schwerpunkt die F\u00f6rderung von Sch\u00fclerinnen und Sch\u00fclern mit einem sonderp\u00e4dagogischen Unterst\u00fctzungsbedarf im Bereich ihrer emotionalen und sozialen Entwicklung&nbsp; &nbsp; &nbsp;\u2013 durch eine intensive, sonderp\u00e4dagogische Unterst\u00fctzung mit besonderen Angeboten sowie &nbsp; &nbsp;\u2013 durch eine intensive, sozialp\u00e4dagogische Begleitung der Familien in ihrer Schule organisiert und [&hellip;]<\/p>\n","protected":false},"author":1,"featured_media":0,"parent":0,"menu_order":0,"comment_status":"closed","ping_status":"closed","template":"elementor_header_footer","meta":{"footnotes":""},"class_list":["post-15","page","type-page","status-publish","hentry"],"_links":{"self":[{"href":"https:\/\/hundertwasser-schule.de\/tr_tr\/wp-json\/wp\/v2\/pages\/15","targetHints":{"allow":["GET"]}}],"collection":[{"href":"https:\/\/hundertwasser-schule.de\/tr_tr\/wp-json\/wp\/v2\/pages"}],"about":[{"href":"https:\/\/hundertwasser-schule.de\/tr_tr\/wp-json\/wp\/v2\/types\/page"}],"author":[{"embeddable":true,"href":"https:\/\/hundertwasser-schule.de\/tr_tr\/wp-json\/wp\/v2\/users\/1"}],"replies":[{"embeddable":true,"href":"https:\/\/hundertwasser-schule.de\/tr_tr\/wp-json\/wp\/v2\/comments?post=15"}],"version-history":[{"count":5,"href":"https:\/\/hundertwasser-schule.de\/tr_tr\/wp-json\/wp\/v2\/pages\/15\/revisions"}],"predecessor-version":[{"id":6029,"href":"https:\/\/hundertwasser-schule.de\/tr_tr\/wp-json\/wp\/v2\/pages\/15\/revisions\/6029"}],"wp:attachment":[{"href":"https:\/\/hundertwasser-schule.de\/tr_tr\/wp-json\/wp\/v2\/media?parent=15"}],"curies":[{"name":"wp","href":"https:\/\/api.w.org\/{rel}","templated":true}]}}