{"id":27,"date":"2020-03-31T10:54:41","date_gmt":"2020-03-31T10:54:41","guid":{"rendered":"https:\/\/neu.hundertwasser-schule.de\/?page_id=27"},"modified":"2020-04-03T07:19:06","modified_gmt":"2020-04-03T07:19:06","slug":"die-grundidee-ein-kooperationsprojekt","status":"publish","type":"page","link":"https:\/\/hundertwasser-schule.de\/tr_tr\/die-grundidee-ein-kooperationsprojekt\/","title":{"rendered":"Temel fikir: Bir i\u015fbirli\u011fi projesi"},"content":{"rendered":"<div data-elementor-type=\"wp-page\" data-elementor-id=\"27\" class=\"elementor elementor-27\" data-elementor-post-type=\"page\">\n\t\t\t\t\t\t<section class=\"elementor-section elementor-top-section elementor-element elementor-element-3351bf6f elementor-section-stretched elementor-section-full_width elementor-section-height-default elementor-section-height-default\" data-id=\"3351bf6f\" data-element_type=\"section\" data-e-type=\"section\" data-settings=\"{&quot;stretch_section&quot;:&quot;section-stretched&quot;}\">\n\t\t\t\t\t\t<div class=\"elementor-container elementor-column-gap-no\">\n\t\t\t\t\t<div class=\"elementor-column elementor-col-100 elementor-top-column elementor-element elementor-element-13c39d94\" data-id=\"13c39d94\" data-element_type=\"column\" data-e-type=\"column\">\n\t\t\t<div class=\"elementor-widget-wrap elementor-element-populated\">\n\t\t\t\t\t\t<div class=\"elementor-element elementor-element-6b05d387 elementor-widget elementor-widget-image\" data-id=\"6b05d387\" data-element_type=\"widget\" data-e-type=\"widget\" data-widget_type=\"image.default\">\n\t\t\t\t<div class=\"elementor-widget-container\">\n\t\t\t\t\t\t\t\t\t\t\t\t\t\t\t<img fetchpriority=\"high\" decoding=\"async\" width=\"1920\" height=\"230\" src=\"http:\/\/hundertwasser-schule.de\/wp-content\/uploads\/2020\/03\/bild1.jpg\" class=\"attachment-full size-full wp-image-108\" alt=\"\" srcset=\"http:\/\/hundertwasser-schule.de\/wp-content\/uploads\/2020\/03\/bild1.jpg 1920w, http:\/\/hundertwasser-schule.de\/wp-content\/uploads\/2020\/03\/bild1-300x36.jpg 300w, http:\/\/hundertwasser-schule.de\/wp-content\/uploads\/2020\/03\/bild1-1024x123.jpg 1024w, http:\/\/hundertwasser-schule.de\/wp-content\/uploads\/2020\/03\/bild1-768x92.jpg 768w, http:\/\/hundertwasser-schule.de\/wp-content\/uploads\/2020\/03\/bild1-1536x184.jpg 1536w, http:\/\/hundertwasser-schule.de\/wp-content\/uploads\/2020\/03\/bild1-20x2.jpg 20w\" sizes=\"(max-width: 1920px) 100vw, 1920px\" \/>\t\t\t\t\t\t\t\t\t\t\t\t\t\t\t<\/div>\n\t\t\t\t<\/div>\n\t\t\t\t\t<\/div>\n\t\t<\/div>\n\t\t\t\t\t<\/div>\n\t\t<\/section>\n\t\t\t\t<section class=\"elementor-section elementor-top-section elementor-element elementor-element-acef850 elementor-section-height-min-height elementor-section-boxed elementor-section-height-default elementor-section-items-middle\" data-id=\"acef850\" data-element_type=\"section\" data-e-type=\"section\" data-settings=\"{&quot;background_background&quot;:&quot;classic&quot;}\">\n\t\t\t\t\t\t<div class=\"elementor-container elementor-column-gap-default\">\n\t\t\t\t\t<div class=\"elementor-column elementor-col-100 elementor-top-column elementor-element elementor-element-16631656\" data-id=\"16631656\" data-element_type=\"column\" data-e-type=\"column\">\n\t\t\t<div class=\"elementor-widget-wrap elementor-element-populated\">\n\t\t\t\t\t\t\t<\/div>\n\t\t<\/div>\n\t\t\t\t\t<\/div>\n\t\t<\/section>\n\t\t\t\t<section class=\"elementor-section elementor-top-section elementor-element elementor-element-645c7c51 elementor-section-boxed elementor-section-height-default elementor-section-height-default\" data-id=\"645c7c51\" data-element_type=\"section\" data-e-type=\"section\">\n\t\t\t\t\t\t<div class=\"elementor-container elementor-column-gap-default\">\n\t\t\t\t\t<div class=\"elementor-column elementor-col-100 elementor-top-column elementor-element elementor-element-54814620\" data-id=\"54814620\" data-element_type=\"column\" data-e-type=\"column\">\n\t\t\t<div class=\"elementor-widget-wrap elementor-element-populated\">\n\t\t\t\t\t\t<div class=\"elementor-element elementor-element-69bd06a elementor-widget elementor-widget-spacer\" data-id=\"69bd06a\" data-element_type=\"widget\" data-e-type=\"widget\" data-widget_type=\"spacer.default\">\n\t\t\t\t<div class=\"elementor-widget-container\">\n\t\t\t\t\t\t\t<div class=\"elementor-spacer\">\n\t\t\t<div class=\"elementor-spacer-inner\"><\/div>\n\t\t<\/div>\n\t\t\t\t\t\t<\/div>\n\t\t\t\t<\/div>\n\t\t\t\t\t<\/div>\n\t\t<\/div>\n\t\t\t\t\t<\/div>\n\t\t<\/section>\n\t\t\t\t<section class=\"elementor-section elementor-top-section elementor-element elementor-element-2a2652c elementor-section-boxed elementor-section-height-default elementor-section-height-default\" data-id=\"2a2652c\" data-element_type=\"section\" data-e-type=\"section\">\n\t\t\t\t\t\t<div class=\"elementor-container elementor-column-gap-default\">\n\t\t\t\t\t<div class=\"elementor-column elementor-col-100 elementor-top-column elementor-element elementor-element-8cf8d3c\" data-id=\"8cf8d3c\" data-element_type=\"column\" data-e-type=\"column\">\n\t\t\t<div class=\"elementor-widget-wrap elementor-element-populated\">\n\t\t\t\t\t\t<div class=\"elementor-element elementor-element-b8eb0ae elementor-widget elementor-widget-heading\" data-id=\"b8eb0ae\" data-element_type=\"widget\" data-e-type=\"widget\" data-widget_type=\"heading.default\">\n\t\t\t\t<div class=\"elementor-widget-container\">\n\t\t\t\t\t<h2 class=\"elementor-heading-title elementor-size-default\">Temel fikir\nOkul ve gen\u00e7lik hizmetleri aras\u0131nda bir i\u015fbirli\u011fi projesi olarak Hundertwasser Okulunda sosyo-pedagojik odakl\u0131 t\u00fcm g\u00fcn a\u00e7\u0131k<\/h2>\t\t\t\t<\/div>\n\t\t\t\t<\/div>\n\t\t\t\t<div class=\"elementor-element elementor-element-e9aca9b elementor-widget-divider--view-line elementor-widget elementor-widget-divider\" data-id=\"e9aca9b\" data-element_type=\"widget\" data-e-type=\"widget\" data-widget_type=\"divider.default\">\n\t\t\t\t<div class=\"elementor-widget-container\">\n\t\t\t\t\t\t\t<div class=\"elementor-divider\">\n\t\t\t<span class=\"elementor-divider-separator\">\n\t\t\t\t\t\t<\/span>\n\t\t<\/div>\n\t\t\t\t\t\t<\/div>\n\t\t\t\t<\/div>\n\t\t\t\t\t<\/div>\n\t\t<\/div>\n\t\t\t\t\t<\/div>\n\t\t<\/section>\n\t\t\t\t<section class=\"elementor-section elementor-top-section elementor-element elementor-element-e1bd7b6 elementor-section-boxed elementor-section-height-default elementor-section-height-default\" data-id=\"e1bd7b6\" data-element_type=\"section\" data-e-type=\"section\">\n\t\t\t\t\t\t<div class=\"elementor-container elementor-column-gap-default\">\n\t\t\t\t\t<div class=\"elementor-column elementor-col-100 elementor-top-column elementor-element elementor-element-83a255c\" data-id=\"83a255c\" data-element_type=\"column\" data-e-type=\"column\">\n\t\t\t<div class=\"elementor-widget-wrap elementor-element-populated\">\n\t\t\t\t\t\t<div class=\"elementor-element elementor-element-4bd8169 elementor-widget elementor-widget-spacer\" data-id=\"4bd8169\" data-element_type=\"widget\" data-e-type=\"widget\" data-widget_type=\"spacer.default\">\n\t\t\t\t<div class=\"elementor-widget-container\">\n\t\t\t\t\t\t\t<div class=\"elementor-spacer\">\n\t\t\t<div class=\"elementor-spacer-inner\"><\/div>\n\t\t<\/div>\n\t\t\t\t\t\t<\/div>\n\t\t\t\t<\/div>\n\t\t\t\t\t<\/div>\n\t\t<\/div>\n\t\t\t\t\t<\/div>\n\t\t<\/section>\n\t\t\t\t<section class=\"elementor-section elementor-top-section elementor-element elementor-element-2b49f63 elementor-section-boxed elementor-section-height-default elementor-section-height-default\" data-id=\"2b49f63\" data-element_type=\"section\" data-e-type=\"section\">\n\t\t\t\t\t\t<div class=\"elementor-container elementor-column-gap-default\">\n\t\t\t\t\t<div class=\"elementor-column elementor-col-100 elementor-top-column elementor-element elementor-element-a6256d6\" data-id=\"a6256d6\" data-element_type=\"column\" data-e-type=\"column\">\n\t\t\t<div class=\"elementor-widget-wrap elementor-element-populated\">\n\t\t\t\t\t\t<div class=\"elementor-element elementor-element-8fc8d02 elementor-widget elementor-widget-text-editor\" data-id=\"8fc8d02\" data-element_type=\"widget\" data-e-type=\"widget\" data-widget_type=\"text-editor.default\">\n\t\t\t\t<div class=\"elementor-widget-container\">\n\t\t\t\t\t\t\t\t\t<p>Hundertwasser Okulunda sosyo-e\u011fitim odakl\u0131 t\u00fcm g\u00fcn a\u00e7\u0131k program, okul ve gen\u00e7lik yard\u0131m hizmetleri aras\u0131nda bir i\u015fbirli\u011fi projesidir. Bu i\u015fbirli\u011fi projesinin ortaklar\u0131, okul sponsoru olan Hundertwasser Okulu, t\u00fcm g\u00fcn a\u00e7\u0131k program\u0131n sa\u011flay\u0131c\u0131s\u0131 olan G\u00fctersloh B\u00f6lgesi - SPI G\u00fctersloh - ve G\u00fctersloh \u015eehri'nin havza alan\u0131ndan gelen Hundertwasser Okulu \u00f6\u011frencileri i\u00e7in sorumlu gen\u00e7lik refah\u0131 sa\u011flay\u0131c\u0131s\u0131 olarak G\u00fctersloh \u015eehri Aile ve Sosyal \u0130\u015fler Departman\u0131'd\u0131r.<\/p><p>Ba\u015flang\u0131\u00e7ta 3 y\u0131ll\u0131k bir model proje olarak tasarlanan okul ve gen\u00e7lik yard\u0131m\u0131 aras\u0131ndaki bu i\u015fbirli\u011fi projesi, Hundertwasser Okulu \u00f6\u011frencileri ve aileleri i\u00e7in 10 y\u0131l\u0131 a\u015fk\u0131n bir s\u00fcredir ba\u015far\u0131yla y\u00fcr\u00fct\u00fclmektedir.\u00a0<\/p>\t\t\t\t\t\t\t\t<\/div>\n\t\t\t\t<\/div>\n\t\t\t\t\t<\/div>\n\t\t<\/div>\n\t\t\t\t\t<\/div>\n\t\t<\/section>\n\t\t\t\t<section class=\"elementor-section elementor-top-section elementor-element elementor-element-2220b41 elementor-section-boxed elementor-section-height-default elementor-section-height-default\" data-id=\"2220b41\" data-element_type=\"section\" data-e-type=\"section\">\n\t\t\t\t\t\t<div class=\"elementor-container elementor-column-gap-default\">\n\t\t\t\t\t<div class=\"elementor-column elementor-col-100 elementor-top-column elementor-element elementor-element-7879ae2\" data-id=\"7879ae2\" data-element_type=\"column\" data-e-type=\"column\">\n\t\t\t<div class=\"elementor-widget-wrap elementor-element-populated\">\n\t\t\t\t\t\t<div class=\"elementor-element elementor-element-cbc0aff elementor-widget elementor-widget-spacer\" data-id=\"cbc0aff\" data-element_type=\"widget\" data-e-type=\"widget\" data-widget_type=\"spacer.default\">\n\t\t\t\t<div class=\"elementor-widget-container\">\n\t\t\t\t\t\t\t<div class=\"elementor-spacer\">\n\t\t\t<div class=\"elementor-spacer-inner\"><\/div>\n\t\t<\/div>\n\t\t\t\t\t\t<\/div>\n\t\t\t\t<\/div>\n\t\t\t\t\t<\/div>\n\t\t<\/div>\n\t\t\t\t\t<\/div>\n\t\t<\/section>\n\t\t\t\t<section class=\"elementor-section elementor-top-section elementor-element elementor-element-60d381e elementor-section-boxed elementor-section-height-default elementor-section-height-default\" data-id=\"60d381e\" data-element_type=\"section\" data-e-type=\"section\">\n\t\t\t\t\t\t<div class=\"elementor-container elementor-column-gap-default\">\n\t\t\t\t\t<div class=\"elementor-column elementor-col-100 elementor-top-column elementor-element elementor-element-5d25df8\" data-id=\"5d25df8\" data-element_type=\"column\" data-e-type=\"column\">\n\t\t\t<div class=\"elementor-widget-wrap elementor-element-populated\">\n\t\t\t\t\t\t<div class=\"elementor-element elementor-element-182ebc6 elementor-widget elementor-widget-accordion\" data-id=\"182ebc6\" data-element_type=\"widget\" data-e-type=\"widget\" data-widget_type=\"accordion.default\">\n\t\t\t\t<div class=\"elementor-widget-container\">\n\t\t\t\t\t\t\t<div class=\"elementor-accordion\">\n\t\t\t\t\t\t\t<div class=\"elementor-accordion-item\">\n\t\t\t\t\t<div id=\"elementor-tab-title-2531\" class=\"elementor-tab-title\" data-tab=\"1\" role=\"button\" aria-controls=\"elementor-tab-content-2531\" aria-expanded=\"false\">\n\t\t\t\t\t\t\t\t\t\t\t\t\t<span class=\"elementor-accordion-icon elementor-accordion-icon-left\" aria-hidden=\"true\">\n\t\t\t\t\t\t\t\t\t\t\t\t\t\t\t<span class=\"elementor-accordion-icon-closed\"><i class=\"fas fa-plus\"><\/i><\/span>\n\t\t\t\t\t\t\t\t<span class=\"elementor-accordion-icon-opened\"><i class=\"fas fa-minus\"><\/i><\/span>\n\t\t\t\t\t\t\t\t\t\t\t\t\t\t<\/span>\n\t\t\t\t\t\t\t\t\t\t\t\t<a class=\"elementor-accordion-title\" tabindex=\"0\">A\u015fa\u011f\u0131daki hususlar, okulumuzda t\u00fcm g\u00fcn a\u00e7\u0131k bir etkinlik planlamak i\u00e7in ba\u015flang\u0131\u00e7 noktas\u0131 olmu\u015ftur:<\/a>\n\t\t\t\t\t<\/div>\n\t\t\t\t\t<div id=\"elementor-tab-content-2531\" class=\"elementor-tab-content elementor-clearfix\" data-tab=\"1\" role=\"region\" aria-labelledby=\"elementor-tab-title-2531\"><ul><li>Hundertwasser Okulundaki t\u00fcm \u00f6\u011frencilerin yap\u0131land\u0131r\u0131lm\u0131\u015f bir g\u00fcnl\u00fck rutine ihtiyac\u0131 vard\u0131r<\/li><li>Hundertwasser Okulundaki \u00f6\u011frencilerin aileleri, okul dan\u0131\u015fmanl\u0131\u011f\u0131n\u0131n \u00e7ok \u00f6tesine ge\u00e7en profesyonel deste\u011fe ihtiya\u00e7 duymaktad\u0131r.<\/li><li>Hundertwasser Okulu'ndaki \u00f6\u011frencilerin b\u00fcy\u00fck bir k\u0131sm\u0131 gen\u00e7lik yard\u0131m\u0131 almaktad\u0131r.<\/li><li>T\u00fcm g\u00fcn a\u00e7\u0131k olmas\u0131, duygusal ve sosyal geli\u015fim alan\u0131nda \u00f6zel e\u011fitim ihtiyac\u0131 olan \u00f6\u011frenciler i\u00e7in \u00e7ok profesyonelli bir ortam imkan\u0131 sunmaktad\u0131r.<\/li><li>Bu \u00e7ok profesyonelli ortamda, ek destek ihtiya\u00e7lar\u0131 olan \u00e7ocuklara yerinde bak\u0131m sa\u011flamak da m\u00fcmk\u00fcnd\u00fcr.<\/li><li>Bu da gen\u00e7lik refah\u0131 hizmetleri alan\u0131nda potansiyel tasarruflara yol a\u00e7abilir.<\/li><\/ul><\/div>\n\t\t\t\t<\/div>\n\t\t\t\t\t\t\t<div class=\"elementor-accordion-item\">\n\t\t\t\t\t<div id=\"elementor-tab-title-2532\" class=\"elementor-tab-title\" data-tab=\"2\" role=\"button\" aria-controls=\"elementor-tab-content-2532\" aria-expanded=\"false\">\n\t\t\t\t\t\t\t\t\t\t\t\t\t<span class=\"elementor-accordion-icon elementor-accordion-icon-left\" aria-hidden=\"true\">\n\t\t\t\t\t\t\t\t\t\t\t\t\t\t\t<span class=\"elementor-accordion-icon-closed\"><i class=\"fas fa-plus\"><\/i><\/span>\n\t\t\t\t\t\t\t\t<span class=\"elementor-accordion-icon-opened\"><i class=\"fas fa-minus\"><\/i><\/span>\n\t\t\t\t\t\t\t\t\t\t\t\t\t\t<\/span>\n\t\t\t\t\t\t\t\t\t\t\t\t<a class=\"elementor-accordion-title\" tabindex=\"0\">Ancak, duygusal ve sosyal geli\u015fime odaklanan \u00f6zel bir okul olan Hundertwasser Okulu'nda t\u00fcm g\u00fcn a\u00e7\u0131k olmak \u00f6zel ekipman ve ko\u015fullar gerektirmektedir: <\/a>\n\t\t\t\t\t<\/div>\n\t\t\t\t\t<div id=\"elementor-tab-content-2532\" class=\"elementor-tab-content elementor-clearfix\" data-tab=\"2\" role=\"region\" aria-labelledby=\"elementor-tab-title-2532\"><ul><li>sosyo-e\u011fitimsel bir odak<\/li><li>Mekansal, malzeme ve personel ekipman\u0131na ili\u015fkin \u00f6zel \u00e7er\u00e7eve ko\u015fullar\u0131<\/li><li>Ortak olarak Gen\u00e7lik Refah\u0131 Hizmeti\/Aile ve Sosyal \u0130\u015fler Dairesi<\/li><li>\u00f6zel yetkinli\u011fe sahip bir tedbir sa\u011flay\u0131c\u0131: bu durumda SPI (Sosyal Pedagoji Enstit\u00fcs\u00fc) G\u00fctersloh<\/li><\/ul><\/div>\n\t\t\t\t<\/div>\n\t\t\t\t\t\t\t\t<\/div>\n\t\t\t\t\t\t<\/div>\n\t\t\t\t<\/div>\n\t\t\t\t<div class=\"elementor-element elementor-element-245f3b2 elementor-widget elementor-widget-text-editor\" data-id=\"245f3b2\" data-element_type=\"widget\" data-e-type=\"widget\" data-widget_type=\"text-editor.default\">\n\t\t\t\t<div class=\"elementor-widget-container\">\n\t\t\t\t\t\t\t\t\t<p>Hundertwasser Okulu'ndaki A\u00e7\u0131k Tam G\u00fcn'\u00fcn sosyo-e\u011fitim odakl\u0131 bir tam g\u00fcn olarak tasarlanabilmesi i\u00e7in iki i\u015fbirli\u011fi orta\u011f\u0131n\u0131n - okul ve gen\u00e7lik yard\u0131m\u0131 - kendi yeteneklerini birle\u015ftirmesi gerekmektedir.<\/p>\t\t\t\t\t\t\t\t<\/div>\n\t\t\t\t<\/div>\n\t\t\t\t\t<\/div>\n\t\t<\/div>\n\t\t\t\t\t<\/div>\n\t\t<\/section>\n\t\t\t\t<section class=\"elementor-section elementor-top-section elementor-element elementor-element-62ceee4 elementor-section-boxed elementor-section-height-default elementor-section-height-default\" data-id=\"62ceee4\" data-element_type=\"section\" data-e-type=\"section\">\n\t\t\t\t\t\t<div class=\"elementor-container elementor-column-gap-default\">\n\t\t\t\t\t<div class=\"elementor-column elementor-col-100 elementor-top-column elementor-element elementor-element-ba4aec9\" data-id=\"ba4aec9\" data-element_type=\"column\" data-e-type=\"column\">\n\t\t\t<div class=\"elementor-widget-wrap elementor-element-populated\">\n\t\t\t\t\t\t<div class=\"elementor-element elementor-element-6afce81 elementor-widget elementor-widget-accordion\" data-id=\"6afce81\" data-element_type=\"widget\" data-e-type=\"widget\" data-widget_type=\"accordion.default\">\n\t\t\t\t<div class=\"elementor-widget-container\">\n\t\t\t\t\t\t\t<div class=\"elementor-accordion\">\n\t\t\t\t\t\t\t<div class=\"elementor-accordion-item\">\n\t\t\t\t\t<div id=\"elementor-tab-title-1121\" class=\"elementor-tab-title\" data-tab=\"1\" role=\"button\" aria-controls=\"elementor-tab-content-1121\" aria-expanded=\"false\">\n\t\t\t\t\t\t\t\t\t\t\t\t\t<span class=\"elementor-accordion-icon elementor-accordion-icon-left\" aria-hidden=\"true\">\n\t\t\t\t\t\t\t\t\t\t\t\t\t\t\t<span class=\"elementor-accordion-icon-closed\"><i class=\"fas fa-plus\"><\/i><\/span>\n\t\t\t\t\t\t\t\t<span class=\"elementor-accordion-icon-opened\"><i class=\"fas fa-minus\"><\/i><\/span>\n\t\t\t\t\t\t\t\t\t\t\t\t\t\t<\/span>\n\t\t\t\t\t\t\t\t\t\t\t\t<a class=\"elementor-accordion-title\" tabindex=\"0\">Okul departman\u0131 - Kreis G\u00fctersloh okul idaresinin e\u011fitim departman\u0131 - katk\u0131da bulunmaktad\u0131r:<\/a>\n\t\t\t\t\t<\/div>\n\t\t\t\t\t<div id=\"elementor-tab-content-1121\" class=\"elementor-tab-content elementor-clearfix\" data-tab=\"1\" role=\"region\" aria-labelledby=\"elementor-tab-title-1121\"><ul><li>G\u00fctersloh b\u00f6lgesinden federal, eyalet ve belediye fonlar\u0131 taraf\u0131ndan finanse edilmektedir.<\/li><li>\u00d6zel mekansal ko\u015fullar<\/li><li>\u00a0Bir sitede 2 ortak: Hundertwasser Okulu ve SPI<\/li><\/ul><\/div>\n\t\t\t\t<\/div>\n\t\t\t\t\t\t\t<div class=\"elementor-accordion-item\">\n\t\t\t\t\t<div id=\"elementor-tab-title-1122\" class=\"elementor-tab-title\" data-tab=\"2\" role=\"button\" aria-controls=\"elementor-tab-content-1122\" aria-expanded=\"false\">\n\t\t\t\t\t\t\t\t\t\t\t\t\t<span class=\"elementor-accordion-icon elementor-accordion-icon-left\" aria-hidden=\"true\">\n\t\t\t\t\t\t\t\t\t\t\t\t\t\t\t<span class=\"elementor-accordion-icon-closed\"><i class=\"fas fa-plus\"><\/i><\/span>\n\t\t\t\t\t\t\t\t<span class=\"elementor-accordion-icon-opened\"><i class=\"fas fa-minus\"><\/i><\/span>\n\t\t\t\t\t\t\t\t\t\t\t\t\t\t<\/span>\n\t\t\t\t\t\t\t\t\t\t\t\t<a class=\"elementor-accordion-title\" tabindex=\"0\">G\u00fctersloh Belediyesi Aile ve Sosyal \u0130\u015fler Departman\u0131 katk\u0131da bulunmaktad\u0131r:<\/a>\n\t\t\t\t\t<\/div>\n\t\t\t\t\t<div id=\"elementor-tab-content-1122\" class=\"elementor-tab-content elementor-clearfix\" data-tab=\"2\" role=\"region\" aria-labelledby=\"elementor-tab-title-1122\"><ul><li>Ayakta e\u011fitim yard\u0131m\u0131 alan\u0131ndan sa\u011flanan fonlarla finansman.<\/li><li>G\u00fctersloh Belediyesi Aile ve Sosyal \u0130\u015fler Departman\u0131 ile SPI aras\u0131ndaki etki anla\u015fmas\u0131.<\/li><li>\u00a0<\/li><\/ul><\/div>\n\t\t\t\t<\/div>\n\t\t\t\t\t\t\t<div class=\"elementor-accordion-item\">\n\t\t\t\t\t<div id=\"elementor-tab-title-1123\" class=\"elementor-tab-title\" data-tab=\"3\" role=\"button\" aria-controls=\"elementor-tab-content-1123\" aria-expanded=\"false\">\n\t\t\t\t\t\t\t\t\t\t\t\t\t<span class=\"elementor-accordion-icon elementor-accordion-icon-left\" aria-hidden=\"true\">\n\t\t\t\t\t\t\t\t\t\t\t\t\t\t\t<span class=\"elementor-accordion-icon-closed\"><i class=\"fas fa-plus\"><\/i><\/span>\n\t\t\t\t\t\t\t\t<span class=\"elementor-accordion-icon-opened\"><i class=\"fas fa-minus\"><\/i><\/span>\n\t\t\t\t\t\t\t\t\t\t\t\t\t\t<\/span>\n\t\t\t\t\t\t\t\t\t\t\t\t<a class=\"elementor-accordion-title\" tabindex=\"0\">Hundertwasser Okulu ve SPI ortakla\u015fa olarak sosyo-e\u011fitim odakl\u0131 bir a\u00e7\u0131k g\u00fcn d\u00fczenlemektedir.<\/a>\n\t\t\t\t\t<\/div>\n\t\t\t\t\t<div id=\"elementor-tab-content-1123\" class=\"elementor-tab-content elementor-clearfix\" data-tab=\"3\" role=\"region\" aria-labelledby=\"elementor-tab-title-1123\"><ul><li>Genel pedagojik konseptte, dersler, \u00f6zel destek teklifleri, ortak \u00f6\u011fle yeme\u011fi, k\u00fclt\u00fcrel ve bo\u015f zaman etkinlikleri, ev \u00f6devi denetimi ve ebeveynlerle i\u015fbirli\u011fi koordine edilir ve birbirini tamamlar.<\/li><li>Daha fazla \u00f6\u011frenme deste\u011fi, sosyo-pedagojik olarak e\u015flik edilen bo\u015f zaman etkinlikleri, iyile\u015ftirici e\u011fitim ve ebeveynlerle ortak, yo\u011fun \u00e7al\u0131\u015fma ile sosyo-pedagojik odaklanma, duygusal ve sosyal geli\u015fim alan\u0131nda \u00f6zel ihtiya\u00e7lar\u0131 olan \u00f6\u011frencilerin t\u00fcm g\u00fcn a\u00e7\u0131k okula kat\u0131lmalar\u0131n\u0131 sa\u011flar.\u00a0<\/li><li>Buna ek olarak, Hundertwasser Okulu \u00f6\u011frencileri, G\u00fctersloh Belediyesi Aile ve Sosyal \u0130\u015fler Dairesi'ne ba\u015fvurmalar\u0131 durumunda alabilecekleri t\u00fcm ayakta e\u011fitim deste\u011fini, T\u00fcm G\u00fcn A\u00e7\u0131k hizmetimizin tedbir sa\u011flay\u0131c\u0131s\u0131 olan SPI G\u00fctersloh arac\u0131l\u0131\u011f\u0131yla aileleri ba\u011flam\u0131nda almaktad\u0131r.<\/li><\/ul><\/div>\n\t\t\t\t<\/div>\n\t\t\t\t\t\t\t\t<\/div>\n\t\t\t\t\t\t<\/div>\n\t\t\t\t<\/div>\n\t\t\t\t\t<\/div>\n\t\t<\/div>\n\t\t\t\t\t<\/div>\n\t\t<\/section>\n\t\t\t\t<section class=\"elementor-section elementor-top-section elementor-element elementor-element-ba03255 elementor-section-boxed elementor-section-height-default elementor-section-height-default\" data-id=\"ba03255\" data-element_type=\"section\" data-e-type=\"section\">\n\t\t\t\t\t\t<div class=\"elementor-container elementor-column-gap-default\">\n\t\t\t\t\t<div class=\"elementor-column elementor-col-100 elementor-top-column elementor-element elementor-element-1a027a0\" data-id=\"1a027a0\" data-element_type=\"column\" data-e-type=\"column\">\n\t\t\t<div class=\"elementor-widget-wrap elementor-element-populated\">\n\t\t\t\t\t\t<div class=\"elementor-element elementor-element-a63f563 elementor-widget elementor-widget-spacer\" data-id=\"a63f563\" data-element_type=\"widget\" data-e-type=\"widget\" data-widget_type=\"spacer.default\">\n\t\t\t\t<div class=\"elementor-widget-container\">\n\t\t\t\t\t\t\t<div class=\"elementor-spacer\">\n\t\t\t<div class=\"elementor-spacer-inner\"><\/div>\n\t\t<\/div>\n\t\t\t\t\t\t<\/div>\n\t\t\t\t<\/div>\n\t\t\t\t\t<\/div>\n\t\t<\/div>\n\t\t\t\t\t<\/div>\n\t\t<\/section>\n\t\t\t\t<\/div>","protected":false},"excerpt":{"rendered":"<p>Die Grundidee Offener Ganztag mit sozialp\u00e4dagogischem Schwerpunkt an der Hundertwasser-Schule als Kooperationsprojekt von Schule und Jugendhilfe Der\u00a0Offene Ganztag mit sozialp\u00e4dagogischem Schwerpunkt\u00a0an der Hundertwasser-Schule ist ein\u00a0Kooperationsprojekt zwischen Schule und Jugendhilfe. Partner in diesem Kooperationsprojekt sind die\u00a0Hundertwasser-Schule mit ihrem\u00a0Schultr\u00e4ger Kreis G\u00fctersloh, der Ma\u00dfnahmetr\u00e4ger des Offenen Ganztages \u2013 das\u00a0SPI G\u00fctersloh\u00a0\u2013 sowie der\u00a0Fachbereich Familie und Soziales der Stadt G\u00fctersloh\u00a0als [&hellip;]<\/p>\n","protected":false},"author":1,"featured_media":0,"parent":0,"menu_order":0,"comment_status":"closed","ping_status":"closed","template":"elementor_header_footer","meta":{"footnotes":""},"class_list":["post-27","page","type-page","status-publish","hentry"],"_links":{"self":[{"href":"https:\/\/hundertwasser-schule.de\/tr_tr\/wp-json\/wp\/v2\/pages\/27","targetHints":{"allow":["GET"]}}],"collection":[{"href":"https:\/\/hundertwasser-schule.de\/tr_tr\/wp-json\/wp\/v2\/pages"}],"about":[{"href":"https:\/\/hundertwasser-schule.de\/tr_tr\/wp-json\/wp\/v2\/types\/page"}],"author":[{"embeddable":true,"href":"https:\/\/hundertwasser-schule.de\/tr_tr\/wp-json\/wp\/v2\/users\/1"}],"replies":[{"embeddable":true,"href":"https:\/\/hundertwasser-schule.de\/tr_tr\/wp-json\/wp\/v2\/comments?post=27"}],"version-history":[{"count":3,"href":"https:\/\/hundertwasser-schule.de\/tr_tr\/wp-json\/wp\/v2\/pages\/27\/revisions"}],"predecessor-version":[{"id":185,"href":"https:\/\/hundertwasser-schule.de\/tr_tr\/wp-json\/wp\/v2\/pages\/27\/revisions\/185"}],"wp:attachment":[{"href":"https:\/\/hundertwasser-schule.de\/tr_tr\/wp-json\/wp\/v2\/media?parent=27"}],"curies":[{"name":"wp","href":"https:\/\/api.w.org\/{rel}","templated":true}]}}