{"id":37,"date":"2020-03-31T10:56:02","date_gmt":"2020-03-31T10:56:02","guid":{"rendered":"https:\/\/neu.hundertwasser-schule.de\/?page_id=37"},"modified":"2020-11-24T13:42:37","modified_gmt":"2020-11-24T12:42:37","slug":"auf-einen-blick","status":"publish","type":"page","link":"https:\/\/hundertwasser-schule.de\/tr_tr\/auf-einen-blick\/","title":{"rendered":"Bir bak\u0131\u015fta"},"content":{"rendered":"<div data-elementor-type=\"wp-page\" data-elementor-id=\"37\" class=\"elementor elementor-37\" data-elementor-post-type=\"page\">\n\t\t\t\t\t\t<section class=\"elementor-section elementor-top-section elementor-element elementor-element-67358a02 elementor-section-stretched elementor-section-full_width elementor-section-height-default elementor-section-height-default\" data-id=\"67358a02\" data-element_type=\"section\" data-e-type=\"section\" data-settings=\"{&quot;stretch_section&quot;:&quot;section-stretched&quot;}\">\n\t\t\t\t\t\t<div class=\"elementor-container elementor-column-gap-no\">\n\t\t\t\t\t<div class=\"elementor-column elementor-col-100 elementor-top-column elementor-element elementor-element-586636bf\" data-id=\"586636bf\" data-element_type=\"column\" data-e-type=\"column\">\n\t\t\t<div class=\"elementor-widget-wrap elementor-element-populated\">\n\t\t\t\t\t\t<div class=\"elementor-element elementor-element-5ec13e42 elementor-widget elementor-widget-image\" data-id=\"5ec13e42\" data-element_type=\"widget\" data-e-type=\"widget\" data-widget_type=\"image.default\">\n\t\t\t\t<div class=\"elementor-widget-container\">\n\t\t\t\t\t\t\t\t\t\t\t\t\t\t\t<img fetchpriority=\"high\" decoding=\"async\" width=\"1920\" height=\"230\" src=\"https:\/\/hundertwasser-schule.de\/wp-content\/uploads\/2020\/03\/bild1.jpg\" class=\"attachment-full size-full wp-image-108\" alt=\"\" srcset=\"https:\/\/hundertwasser-schule.de\/wp-content\/uploads\/2020\/03\/bild1.jpg 1920w, https:\/\/hundertwasser-schule.de\/wp-content\/uploads\/2020\/03\/bild1-300x36.jpg 300w, https:\/\/hundertwasser-schule.de\/wp-content\/uploads\/2020\/03\/bild1-1024x123.jpg 1024w, https:\/\/hundertwasser-schule.de\/wp-content\/uploads\/2020\/03\/bild1-768x92.jpg 768w, https:\/\/hundertwasser-schule.de\/wp-content\/uploads\/2020\/03\/bild1-1536x184.jpg 1536w, https:\/\/hundertwasser-schule.de\/wp-content\/uploads\/2020\/03\/bild1-20x2.jpg 20w\" sizes=\"(max-width: 1920px) 100vw, 1920px\" \/>\t\t\t\t\t\t\t\t\t\t\t\t\t\t\t<\/div>\n\t\t\t\t<\/div>\n\t\t\t\t\t<\/div>\n\t\t<\/div>\n\t\t\t\t\t<\/div>\n\t\t<\/section>\n\t\t\t\t<section class=\"elementor-section elementor-top-section elementor-element elementor-element-71fa5576 elementor-section-height-min-height elementor-section-boxed elementor-section-height-default elementor-section-items-middle\" data-id=\"71fa5576\" data-element_type=\"section\" data-e-type=\"section\" data-settings=\"{&quot;background_background&quot;:&quot;classic&quot;}\">\n\t\t\t\t\t\t<div class=\"elementor-container elementor-column-gap-default\">\n\t\t\t\t\t<div class=\"elementor-column elementor-col-100 elementor-top-column elementor-element elementor-element-2a0b54c4\" data-id=\"2a0b54c4\" data-element_type=\"column\" data-e-type=\"column\">\n\t\t\t<div class=\"elementor-widget-wrap elementor-element-populated\">\n\t\t\t\t\t\t\t<\/div>\n\t\t<\/div>\n\t\t\t\t\t<\/div>\n\t\t<\/section>\n\t\t\t\t<section class=\"elementor-section elementor-top-section elementor-element elementor-element-4279139d elementor-section-boxed elementor-section-height-default elementor-section-height-default\" data-id=\"4279139d\" data-element_type=\"section\" data-e-type=\"section\">\n\t\t\t\t\t\t<div class=\"elementor-container elementor-column-gap-default\">\n\t\t\t\t\t<div class=\"elementor-column elementor-col-100 elementor-top-column elementor-element elementor-element-51af3ddc\" data-id=\"51af3ddc\" data-element_type=\"column\" data-e-type=\"column\">\n\t\t\t<div class=\"elementor-widget-wrap elementor-element-populated\">\n\t\t\t\t\t\t<div class=\"elementor-element elementor-element-6d210516 elementor-widget elementor-widget-spacer\" data-id=\"6d210516\" data-element_type=\"widget\" data-e-type=\"widget\" data-widget_type=\"spacer.default\">\n\t\t\t\t<div class=\"elementor-widget-container\">\n\t\t\t\t\t\t\t<div class=\"elementor-spacer\">\n\t\t\t<div class=\"elementor-spacer-inner\"><\/div>\n\t\t<\/div>\n\t\t\t\t\t\t<\/div>\n\t\t\t\t<\/div>\n\t\t\t\t\t<\/div>\n\t\t<\/div>\n\t\t\t\t\t<\/div>\n\t\t<\/section>\n\t\t\t\t<section class=\"elementor-section elementor-top-section elementor-element elementor-element-bd49105 elementor-section-boxed elementor-section-height-default elementor-section-height-default\" data-id=\"bd49105\" data-element_type=\"section\" data-e-type=\"section\">\n\t\t\t\t\t\t<div class=\"elementor-container elementor-column-gap-default\">\n\t\t\t\t\t<div class=\"elementor-column elementor-col-100 elementor-top-column elementor-element elementor-element-0a49f76\" data-id=\"0a49f76\" data-element_type=\"column\" data-e-type=\"column\">\n\t\t\t<div class=\"elementor-widget-wrap elementor-element-populated\">\n\t\t\t\t\t\t<div class=\"elementor-element elementor-element-6073bad elementor-widget elementor-widget-text-editor\" data-id=\"6073bad\" data-element_type=\"widget\" data-e-type=\"widget\" data-widget_type=\"text-editor.default\">\n\t\t\t\t<div class=\"elementor-widget-container\">\n\t\t\t\t\t\t\t\t\t<p>Hundertwasser Okulu'ndaki A\u00e7\u0131k T\u00fcm G\u00fcn'\u00fcn temel fikri, okuldaki t\u00fcm \u00e7ocuklara \u00e7ok profesyonelli bir ortamda duygusal ve sosyal geli\u015fimleri alan\u0131nda m\u00fcmk\u00fcn olan en iyi deste\u011fi sa\u011flamakt\u0131r.<\/p><p>Hundertwasser Okulu ve SPI bu tam g\u00fcn a\u00e7\u0131k okulu ortakla\u015fa d\u00fczenlemektedir. Genel konsept, t\u00fcm g\u00fcn a\u00e7\u0131k okulun sosyal pedagoglar\u0131 ve okulun \u00f6\u011fretmenleri taraf\u0131ndan daha da geli\u015ftirilmi\u015ftir.<\/p><p>Sosyal pedagojik g\u00fcnd\u00fcz bak\u0131m\u0131 a\u015fa\u011f\u0131daki hizmetleri sunmaktad\u0131r:\u00a0<\/p><ul><li>G\u00fcn yap\u0131land\u0131rma \u00f6nlemleri<\/li><li>Aile \u00e7al\u0131\u015fmas\u0131\u00a0<\/li><li>Yeti\u015ftirme konusunda yard\u0131m\u00a0<\/li><li>Kat\u0131l\u0131m<\/li><li>\u00c7ocuk dan\u0131\u015fma saatleri<\/li><li>Faize dayal\u0131 finansman (IF)<\/li><li>Marburg Konsantrasyon E\u011fitimi<\/li><\/ul><p>\u00a0<\/p><p>Sosyal Pedagojik G\u00fcnd\u00fcz Bak\u0131mevinde 54 \u00e7ocuk ve ailelerine STB'nin y\u00fcksek standard\u0131yla bak\u0131lmaktad\u0131r. 54 \u00e7ocuk, 12-15 \u00e7ocuktan olu\u015fan d\u00f6rt gruba ayr\u0131lm\u0131\u015ft\u0131r. Bak\u0131m saatleri pazartesiden per\u015fembeye 12:00-16:00, cuma g\u00fcnleri ise 15:00'e kadard\u0131r. Okul tatillerinde ve k\u00f6pr\u00fcleme g\u00fcnlerinde g\u00fcvenilir tatil bak\u0131m\u0131 sunuyoruz.<\/p><p>Sosyal Pedagojik G\u00fcnd\u00fcz Bak\u0131mevi ekibi sosyal pedagoglar, sosyal hizmet uzmanlar\u0131, e\u011fitim bilimciler, e\u011fitimciler ve \u00f6\u011frenci asistanlar\u0131ndan olu\u015fmaktad\u0131r. Uzmanlar ayr\u0131ca \u00e7\u00f6z\u00fcm odakl\u0131 dan\u0131\u015fmanl\u0131k, aile terapisi, psikomotrisite, deneyimsel e\u011fitim, hayvan destekli e\u011fitim ve konsantrasyon e\u011fitimi konular\u0131nda ek e\u011fitim alm\u0131\u015flard\u0131r. Bu temel gerekliliklere ek olarak, d\u00fczenli ileri e\u011fitim ve s\u00fcpervizyon, \u00e7al\u0131\u015fman\u0131n \u00f6nemli bile\u015fenleridir. Her \u00f6\u011fretmen, \"referans sistemi\" \u00e7er\u00e7evesinde tek tek \u00e7ocuklar ve aileleri i\u00e7in irtibat ki\u015fisidir.<\/p><p>\u00d6\u011fleden sonra \u00e7ocuklar i\u00e7in bireysel destek seanslar\u0131 d\u00fczenlenmektedir. Bu seanslara \u00e7ocuklar birka\u00e7 hafta boyunca kat\u0131lmaktad\u0131r.<\/p>\t\t\t\t\t\t\t\t<\/div>\n\t\t\t\t<\/div>\n\t\t\t\t\t<\/div>\n\t\t<\/div>\n\t\t\t\t\t<\/div>\n\t\t<\/section>\n\t\t\t\t<\/div>","protected":false},"excerpt":{"rendered":"<p>Die Grundidee des Offenen Ganztags an der Hundertwasser-Schule ist es, allen Kindern der Schule in einem multiprofessionellem Setting eine m\u00f6glichst optimale F\u00f6rderung im Bereich ihrer emotionalen und sozialen Entwicklung zu erm\u00f6glichen. Hundertwasser-Schule und SPI gestalten diesen Offenen Ganztag gemeinsam. Das Gesamtkonzept wird von den Sozialp\u00e4dagoginnen und Sozialp\u00e4dagogen des Offenen Ganztags sowie den Lehrerinnen und und [&hellip;]<\/p>\n","protected":false},"author":1,"featured_media":0,"parent":0,"menu_order":0,"comment_status":"closed","ping_status":"closed","template":"elementor_header_footer","meta":{"footnotes":""},"class_list":["post-37","page","type-page","status-publish","hentry"],"_links":{"self":[{"href":"https:\/\/hundertwasser-schule.de\/tr_tr\/wp-json\/wp\/v2\/pages\/37","targetHints":{"allow":["GET"]}}],"collection":[{"href":"https:\/\/hundertwasser-schule.de\/tr_tr\/wp-json\/wp\/v2\/pages"}],"about":[{"href":"https:\/\/hundertwasser-schule.de\/tr_tr\/wp-json\/wp\/v2\/types\/page"}],"author":[{"embeddable":true,"href":"https:\/\/hundertwasser-schule.de\/tr_tr\/wp-json\/wp\/v2\/users\/1"}],"replies":[{"embeddable":true,"href":"https:\/\/hundertwasser-schule.de\/tr_tr\/wp-json\/wp\/v2\/comments?post=37"}],"version-history":[{"count":5,"href":"https:\/\/hundertwasser-schule.de\/tr_tr\/wp-json\/wp\/v2\/pages\/37\/revisions"}],"predecessor-version":[{"id":1575,"href":"https:\/\/hundertwasser-schule.de\/tr_tr\/wp-json\/wp\/v2\/pages\/37\/revisions\/1575"}],"wp:attachment":[{"href":"https:\/\/hundertwasser-schule.de\/tr_tr\/wp-json\/wp\/v2\/media?parent=37"}],"curies":[{"name":"wp","href":"https:\/\/api.w.org\/{rel}","templated":true}]}}