{"id":49,"date":"2020-10-09T10:57:32","date_gmt":"2020-10-09T08:57:32","guid":{"rendered":"https:\/\/neu.hundertwasser-schule.de\/?page_id=49"},"modified":"2023-10-29T21:04:17","modified_gmt":"2023-10-29T20:04:17","slug":"kiko","status":"publish","type":"page","link":"https:\/\/hundertwasser-schule.de\/tr_tr\/kiko\/","title":{"rendered":"Kiko"},"content":{"rendered":"<div data-elementor-type=\"wp-page\" data-elementor-id=\"49\" class=\"elementor elementor-49\" data-elementor-post-type=\"page\">\n\t\t\t\t\t\t<section class=\"elementor-section elementor-top-section elementor-element elementor-element-4bfa5493 elementor-section-stretched elementor-section-full_width elementor-section-height-default elementor-section-height-default\" data-id=\"4bfa5493\" data-element_type=\"section\" data-e-type=\"section\" data-settings=\"{&quot;stretch_section&quot;:&quot;section-stretched&quot;}\">\n\t\t\t\t\t\t<div class=\"elementor-container elementor-column-gap-no\">\n\t\t\t\t\t<div class=\"elementor-column elementor-col-100 elementor-top-column elementor-element elementor-element-524a53b\" data-id=\"524a53b\" data-element_type=\"column\" data-e-type=\"column\">\n\t\t\t<div class=\"elementor-widget-wrap elementor-element-populated\">\n\t\t\t\t\t\t<div class=\"elementor-element elementor-element-2867f474 elementor-widget elementor-widget-image\" data-id=\"2867f474\" data-element_type=\"widget\" data-e-type=\"widget\" data-widget_type=\"image.default\">\n\t\t\t\t<div class=\"elementor-widget-container\">\n\t\t\t\t\t\t\t\t\t\t\t\t\t\t\t<img fetchpriority=\"high\" decoding=\"async\" width=\"1920\" height=\"230\" src=\"https:\/\/hundertwasser-schule.de\/wp-content\/uploads\/2020\/03\/bild1.jpg\" class=\"attachment-full size-full wp-image-108\" alt=\"\" srcset=\"https:\/\/hundertwasser-schule.de\/wp-content\/uploads\/2020\/03\/bild1.jpg 1920w, https:\/\/hundertwasser-schule.de\/wp-content\/uploads\/2020\/03\/bild1-300x36.jpg 300w, https:\/\/hundertwasser-schule.de\/wp-content\/uploads\/2020\/03\/bild1-1024x123.jpg 1024w, https:\/\/hundertwasser-schule.de\/wp-content\/uploads\/2020\/03\/bild1-768x92.jpg 768w, https:\/\/hundertwasser-schule.de\/wp-content\/uploads\/2020\/03\/bild1-1536x184.jpg 1536w, https:\/\/hundertwasser-schule.de\/wp-content\/uploads\/2020\/03\/bild1-20x2.jpg 20w\" sizes=\"(max-width: 1920px) 100vw, 1920px\" \/>\t\t\t\t\t\t\t\t\t\t\t\t\t\t\t<\/div>\n\t\t\t\t<\/div>\n\t\t\t\t\t<\/div>\n\t\t<\/div>\n\t\t\t\t\t<\/div>\n\t\t<\/section>\n\t\t\t\t<section class=\"elementor-section elementor-top-section elementor-element elementor-element-49d79fd1 elementor-section-height-min-height elementor-section-boxed elementor-section-height-default elementor-section-items-middle\" data-id=\"49d79fd1\" data-element_type=\"section\" data-e-type=\"section\" data-settings=\"{&quot;background_background&quot;:&quot;classic&quot;}\">\n\t\t\t\t\t\t<div class=\"elementor-container elementor-column-gap-default\">\n\t\t\t\t\t<div class=\"elementor-column elementor-col-100 elementor-top-column elementor-element elementor-element-2497b47f\" data-id=\"2497b47f\" data-element_type=\"column\" data-e-type=\"column\">\n\t\t\t<div class=\"elementor-widget-wrap elementor-element-populated\">\n\t\t\t\t\t\t\t<\/div>\n\t\t<\/div>\n\t\t\t\t\t<\/div>\n\t\t<\/section>\n\t\t\t\t<section class=\"elementor-section elementor-top-section elementor-element elementor-element-2517047a elementor-section-boxed elementor-section-height-default elementor-section-height-default\" data-id=\"2517047a\" data-element_type=\"section\" data-e-type=\"section\">\n\t\t\t\t\t\t<div class=\"elementor-container elementor-column-gap-default\">\n\t\t\t\t\t<div class=\"elementor-column elementor-col-100 elementor-top-column elementor-element elementor-element-64cb6f4c\" data-id=\"64cb6f4c\" data-element_type=\"column\" data-e-type=\"column\">\n\t\t\t<div class=\"elementor-widget-wrap elementor-element-populated\">\n\t\t\t\t\t\t<div class=\"elementor-element elementor-element-28032bf1 elementor-widget elementor-widget-spacer\" data-id=\"28032bf1\" data-element_type=\"widget\" data-e-type=\"widget\" data-widget_type=\"spacer.default\">\n\t\t\t\t<div class=\"elementor-widget-container\">\n\t\t\t\t\t\t\t<div class=\"elementor-spacer\">\n\t\t\t<div class=\"elementor-spacer-inner\"><\/div>\n\t\t<\/div>\n\t\t\t\t\t\t<\/div>\n\t\t\t\t<\/div>\n\t\t\t\t\t<\/div>\n\t\t<\/div>\n\t\t\t\t\t<\/div>\n\t\t<\/section>\n\t\t\t\t<section class=\"elementor-section elementor-top-section elementor-element elementor-element-d840060 elementor-section-boxed elementor-section-height-default elementor-section-height-default\" data-id=\"d840060\" data-element_type=\"section\" data-e-type=\"section\">\n\t\t\t\t\t\t<div class=\"elementor-container elementor-column-gap-default\">\n\t\t\t\t\t<div class=\"elementor-column elementor-col-100 elementor-top-column elementor-element elementor-element-28e173b\" data-id=\"28e173b\" data-element_type=\"column\" data-e-type=\"column\">\n\t\t\t<div class=\"elementor-widget-wrap elementor-element-populated\">\n\t\t\t\t\t\t<div class=\"elementor-element elementor-element-77a52ce elementor-widget elementor-widget-heading\" data-id=\"77a52ce\" data-element_type=\"widget\" data-e-type=\"widget\" data-widget_type=\"heading.default\">\n\t\t\t\t<div class=\"elementor-widget-container\">\n\t\t\t\t\t<h2 class=\"elementor-heading-title elementor-size-default\">\u00c7ocuk Konferans\u0131 (KIKO)\n<\/h2>\t\t\t\t<\/div>\n\t\t\t\t<\/div>\n\t\t\t\t\t<\/div>\n\t\t<\/div>\n\t\t\t\t\t<\/div>\n\t\t<\/section>\n\t\t\t\t<section class=\"elementor-section elementor-top-section elementor-element elementor-element-bb443fc elementor-section-boxed elementor-section-height-default elementor-section-height-default\" data-id=\"bb443fc\" data-element_type=\"section\" data-e-type=\"section\">\n\t\t\t\t\t\t<div class=\"elementor-container elementor-column-gap-default\">\n\t\t\t\t\t<div class=\"elementor-column elementor-col-100 elementor-top-column elementor-element elementor-element-4e6566d\" data-id=\"4e6566d\" data-element_type=\"column\" data-e-type=\"column\">\n\t\t\t<div class=\"elementor-widget-wrap elementor-element-populated\">\n\t\t\t\t\t\t<div class=\"elementor-element elementor-element-a97052f elementor-widget elementor-widget-text-editor\" data-id=\"a97052f\" data-element_type=\"widget\" data-e-type=\"widget\" data-widget_type=\"text-editor.default\">\n\t\t\t\t<div class=\"elementor-widget-container\">\n\t\t\t\t\t\t\t\t\t<p>Hundertwasser Okulu'ndaki \u00e7ocuk konferans\u0131 her tatilden \u00f6nceki son okul g\u00fcn\u00fcnde, yani bu \u00f6\u011fretim y\u0131l\u0131nda d\u00f6rt kez ger\u00e7ekle\u015ftiriliyor. Bir s\u0131n\u0131f her zaman forumun haz\u0131rlanmas\u0131ndan, dekorasyonundan ve moderasyonundan sorumludur. Okulun t\u00fcm s\u0131n\u0131flar\u0131 programa katk\u0131da bulunur. \u015eark\u0131lar s\u00f6ylenir, do\u011fum g\u00fcnleri kutlan\u0131r, bir ya da iki s\u0131n\u0131f g\u00f6sterisi yap\u0131l\u0131r ve son olarak da t\u00fcm \u00e7ocuklar KIKO bilmecesinin \u00e7\u00f6z\u00fcm\u00fcn\u00fc merakla bekler.<\/p><p>Sonbahar geldi!<\/p><p>Yeni okul y\u0131l\u0131n\u0131n ilk haftalar\u0131 h\u0131zla geride kald\u0131 ve sonbahar tatili ba\u015flad\u0131. Hundertwasser Okulunun t\u00fcm \u00e7ocuklar\u0131 ve yeti\u015fkinleri bir kez daha atmosferik bir programla sonbahar Kiko'sunun tad\u0131n\u0131 \u00e7\u0131kard\u0131. Ebeveynler, akrabalar ve arkada\u015flar da harika bir sonbahar KIKO'sunun tad\u0131n\u0131 \u00e7\u0131kard\u0131. Aslanlar ve ejderhalar orff enstr\u00fcmanlar\u0131yla harika sonbahar \u015fark\u0131lar\u0131na e\u015flik etti. Kurtlar harika bir siyah \u0131\u015f\u0131k dans\u0131 g\u00f6sterisi sundu. Tilkilerin parti \u015fark\u0131s\u0131 da atmosferikti ve seyircileri kat\u0131lmaya te\u015fvik etti.\u00a0\u00a0<\/p><p>Bu seferki Kiko bulmacas\u0131, uydurma bir kirpinin \u00fczerindeki sivri u\u00e7lar\u0131n say\u0131s\u0131n\u0131 tahmin etmekti.\u00a0<\/p><p>Ayr\u0131ca da\u011f\u0131t\u0131lacak y\u00fczme rozetleri ve onurland\u0131r\u0131lacak bir\u00e7ok do\u011fum g\u00fcn\u00fc vard\u0131. Sanat yar\u0131\u015fmas\u0131n\u0131n de\u011ferlendirme ve \u00f6d\u00fcl t\u00f6reni de programda yer ald\u0131. Sanat yar\u0131\u015fmas\u0131n\u0131n \u00f6devi \u015fuydu: \"Kendi tarz\u0131n\u0131zda bir kirpi tasarlay\u0131n\". Kazananlar\u0131 se\u00e7mek zor oldu, \u00e7\u00fcnk\u00fc t\u00fcm \u00e7ocuklar tasar\u0131mlar\u0131 i\u00e7in \u00e7ok \u00e7aba sarf etmi\u015flerdi.<\/p><p>Hundertwasser Okulu Sparkasse'nin d\u00fczenledi\u011fi bir yar\u0131\u015fmada b\u00fcy\u00fck miktarda para kazand\u0131 ve okuldaki t\u00fcm \u00e7ocuklar ve yeti\u015fkinler bu paran\u0131n ne i\u00e7in harcanmas\u0131 gerekti\u011fini d\u00fc\u015f\u00fcnd\u00fc. Bayan H\u00fcbner, KIKO'da baz\u0131 \u00e7ocuklarla birlikte b\u00fcy\u00fck al\u0131mlar\u0131 (iki basketbol sepeti ve bir ara\u00e7) sunabildi. T\u00fcm \u00e7ocuklar \u00e7ok sevindi \ud83d\ude00\u00a0<\/p><p>\u0130\u015fte sonbahar Kiko'muzdan birka\u00e7 izlenim daha...\u00a0<\/p>\t\t\t\t\t\t\t\t<\/div>\n\t\t\t\t<\/div>\n\t\t\t\t<div class=\"elementor-element elementor-element-9c5ae68 elementor-widget elementor-widget-gallery\" data-id=\"9c5ae68\" data-element_type=\"widget\" data-e-type=\"widget\" data-settings=\"{&quot;lazyload&quot;:&quot;yes&quot;,&quot;gallery_layout&quot;:&quot;grid&quot;,&quot;columns&quot;:4,&quot;columns_tablet&quot;:2,&quot;columns_mobile&quot;:1,&quot;gap&quot;:{&quot;unit&quot;:&quot;px&quot;,&quot;size&quot;:10,&quot;sizes&quot;:[]},&quot;gap_tablet&quot;:{&quot;unit&quot;:&quot;px&quot;,&quot;size&quot;:10,&quot;sizes&quot;:[]},&quot;gap_mobile&quot;:{&quot;unit&quot;:&quot;px&quot;,&quot;size&quot;:10,&quot;sizes&quot;:[]},&quot;link_to&quot;:&quot;file&quot;,&quot;aspect_ratio&quot;:&quot;3:2&quot;,&quot;overlay_background&quot;:&quot;yes&quot;,&quot;content_hover_animation&quot;:&quot;fade-in&quot;}\" data-widget_type=\"gallery.default\">\n\t\t\t\t<div class=\"elementor-widget-container\">\n\t\t\t\t\t\t\t<div class=\"elementor-gallery__container\">\n\t\t\t\t\t\t\t<a class=\"e-gallery-item elementor-gallery-item elementor-animated-content\" href=\"https:\/\/hundertwasser-schule.de\/wp-content\/uploads\/2023\/10\/9.1-scaled.jpg\" data-elementor-open-lightbox=\"yes\" data-elementor-lightbox-slideshow=\"9c5ae68\" data-elementor-lightbox-title=\"9.1\" data-e-action-hash=\"#elementor-action%3Aaction%3Dlightbox%26settings%3DeyJpZCI6NDU1NCwidXJsIjoiaHR0cHM6XC9cL2h1bmRlcnR3YXNzZXItc2NodWxlLmRlXC93cC1jb250ZW50XC91cGxvYWRzXC8yMDIzXC8xMFwvOS4xLXNjYWxlZC5qcGciLCJzbGlkZXNob3ciOiI5YzVhZTY4In0%3D\">\n\t\t\t\t\t<div class=\"e-gallery-image elementor-gallery-item__image\" data-thumbnail=\"https:\/\/hundertwasser-schule.de\/wp-content\/uploads\/2023\/10\/9.1-300x225.jpg\" data-width=\"200\" data-height=\"150\" aria-label=\"\" role=\"img\" ><\/div>\n\t\t\t\t\t\t\t\t\t\t\t<div class=\"elementor-gallery-item__overlay\"><\/div>\n\t\t\t\t\t\t\t\t\t\t\t\t\t\t<\/a>\n\t\t\t\t\t\t\t<a class=\"e-gallery-item elementor-gallery-item elementor-animated-content\" href=\"https:\/\/hundertwasser-schule.de\/wp-content\/uploads\/2023\/10\/13-scaled.jpg\" data-elementor-open-lightbox=\"yes\" data-elementor-lightbox-slideshow=\"9c5ae68\" data-elementor-lightbox-title=\"13\" data-e-action-hash=\"#elementor-action%3Aaction%3Dlightbox%26settings%3DeyJpZCI6NDU1NSwidXJsIjoiaHR0cHM6XC9cL2h1bmRlcnR3YXNzZXItc2NodWxlLmRlXC93cC1jb250ZW50XC91cGxvYWRzXC8yMDIzXC8xMFwvMTMtc2NhbGVkLmpwZyIsInNsaWRlc2hvdyI6IjljNWFlNjgifQ%3D%3D\">\n\t\t\t\t\t<div class=\"e-gallery-image elementor-gallery-item__image\" data-thumbnail=\"https:\/\/hundertwasser-schule.de\/wp-content\/uploads\/2023\/10\/13-225x300.jpg\" data-width=\"150\" data-height=\"200\" aria-label=\"\" role=\"img\" ><\/div>\n\t\t\t\t\t\t\t\t\t\t\t<div class=\"elementor-gallery-item__overlay\"><\/div>\n\t\t\t\t\t\t\t\t\t\t\t\t\t\t<\/a>\n\t\t\t\t\t\t\t<a class=\"e-gallery-item elementor-gallery-item elementor-animated-content\" href=\"https:\/\/hundertwasser-schule.de\/wp-content\/uploads\/2023\/10\/20230929_105510_resized.jpg\" data-elementor-open-lightbox=\"yes\" data-elementor-lightbox-slideshow=\"9c5ae68\" data-elementor-lightbox-title=\"20230929_105510_resized\" data-e-action-hash=\"#elementor-action%3Aaction%3Dlightbox%26settings%3DeyJpZCI6NDU2MiwidXJsIjoiaHR0cHM6XC9cL2h1bmRlcnR3YXNzZXItc2NodWxlLmRlXC93cC1jb250ZW50XC91cGxvYWRzXC8yMDIzXC8xMFwvMjAyMzA5MjlfMTA1NTEwX3Jlc2l6ZWQuanBnIiwic2xpZGVzaG93IjoiOWM1YWU2OCJ9\">\n\t\t\t\t\t<div class=\"e-gallery-image elementor-gallery-item__image\" data-thumbnail=\"https:\/\/hundertwasser-schule.de\/wp-content\/uploads\/2023\/10\/20230929_105510_resized-300x225.jpg\" data-width=\"200\" data-height=\"150\" aria-label=\"\" role=\"img\" ><\/div>\n\t\t\t\t\t\t\t\t\t\t\t<div class=\"elementor-gallery-item__overlay\"><\/div>\n\t\t\t\t\t\t\t\t\t\t\t\t\t\t<\/a>\n\t\t\t\t\t\t\t<a class=\"e-gallery-item elementor-gallery-item elementor-animated-content\" href=\"https:\/\/hundertwasser-schule.de\/wp-content\/uploads\/2023\/10\/20230928_131812_resized-1.jpg\" data-elementor-open-lightbox=\"yes\" data-elementor-lightbox-slideshow=\"9c5ae68\" data-elementor-lightbox-title=\"20230928_131812_resized\" data-e-action-hash=\"#elementor-action%3Aaction%3Dlightbox%26settings%3DeyJpZCI6NDU1OCwidXJsIjoiaHR0cHM6XC9cL2h1bmRlcnR3YXNzZXItc2NodWxlLmRlXC93cC1jb250ZW50XC91cGxvYWRzXC8yMDIzXC8xMFwvMjAyMzA5MjhfMTMxODEyX3Jlc2l6ZWQtMS5qcGciLCJzbGlkZXNob3ciOiI5YzVhZTY4In0%3D\">\n\t\t\t\t\t<div class=\"e-gallery-image elementor-gallery-item__image\" data-thumbnail=\"https:\/\/hundertwasser-schule.de\/wp-content\/uploads\/2023\/10\/20230928_131812_resized-1-300x225.jpg\" data-width=\"200\" data-height=\"150\" aria-label=\"\" role=\"img\" ><\/div>\n\t\t\t\t\t\t\t\t\t\t\t<div class=\"elementor-gallery-item__overlay\"><\/div>\n\t\t\t\t\t\t\t\t\t\t\t\t\t\t<\/a>\n\t\t\t\t\t\t\t<a class=\"e-gallery-item elementor-gallery-item elementor-animated-content\" href=\"https:\/\/hundertwasser-schule.de\/wp-content\/uploads\/2023\/10\/20230929_111028_resized.jpg\" data-elementor-open-lightbox=\"yes\" data-elementor-lightbox-slideshow=\"9c5ae68\" data-elementor-lightbox-title=\"20230929_111028_resized\" data-e-action-hash=\"#elementor-action%3Aaction%3Dlightbox%26settings%3DeyJpZCI6NDU2NiwidXJsIjoiaHR0cHM6XC9cL2h1bmRlcnR3YXNzZXItc2NodWxlLmRlXC93cC1jb250ZW50XC91cGxvYWRzXC8yMDIzXC8xMFwvMjAyMzA5MjlfMTExMDI4X3Jlc2l6ZWQuanBnIiwic2xpZGVzaG93IjoiOWM1YWU2OCJ9\">\n\t\t\t\t\t<div class=\"e-gallery-image elementor-gallery-item__image\" data-thumbnail=\"https:\/\/hundertwasser-schule.de\/wp-content\/uploads\/2023\/10\/20230929_111028_resized-221x300.jpg\" data-width=\"147\" data-height=\"200\" aria-label=\"\" role=\"img\" ><\/div>\n\t\t\t\t\t\t\t\t\t\t\t<div class=\"elementor-gallery-item__overlay\"><\/div>\n\t\t\t\t\t\t\t\t\t\t\t\t\t\t<\/a>\n\t\t\t\t\t\t\t<a class=\"e-gallery-item elementor-gallery-item elementor-animated-content\" href=\"https:\/\/hundertwasser-schule.de\/wp-content\/uploads\/2023\/10\/20230929_112245_resized.jpg\" data-elementor-open-lightbox=\"yes\" data-elementor-lightbox-slideshow=\"9c5ae68\" data-elementor-lightbox-title=\"20230929_112245_resized\" data-e-action-hash=\"#elementor-action%3Aaction%3Dlightbox%26settings%3DeyJpZCI6NDU3MiwidXJsIjoiaHR0cHM6XC9cL2h1bmRlcnR3YXNzZXItc2NodWxlLmRlXC93cC1jb250ZW50XC91cGxvYWRzXC8yMDIzXC8xMFwvMjAyMzA5MjlfMTEyMjQ1X3Jlc2l6ZWQuanBnIiwic2xpZGVzaG93IjoiOWM1YWU2OCJ9\">\n\t\t\t\t\t<div class=\"e-gallery-image elementor-gallery-item__image\" data-thumbnail=\"https:\/\/hundertwasser-schule.de\/wp-content\/uploads\/2023\/10\/20230929_112245_resized-225x300.jpg\" data-width=\"150\" data-height=\"200\" aria-label=\"\" role=\"img\" ><\/div>\n\t\t\t\t\t\t\t\t\t\t\t<div class=\"elementor-gallery-item__overlay\"><\/div>\n\t\t\t\t\t\t\t\t\t\t\t\t\t\t<\/a>\n\t\t\t\t\t\t\t<a class=\"e-gallery-item elementor-gallery-item elementor-animated-content\" href=\"https:\/\/hundertwasser-schule.de\/wp-content\/uploads\/2023\/10\/PXL_20230929_090349835-scaled.jpg\" data-elementor-open-lightbox=\"yes\" data-elementor-lightbox-slideshow=\"9c5ae68\" data-elementor-lightbox-title=\"PXL_20230929_090349835\" data-e-action-hash=\"#elementor-action%3Aaction%3Dlightbox%26settings%3DeyJpZCI6NDU4OCwidXJsIjoiaHR0cHM6XC9cL2h1bmRlcnR3YXNzZXItc2NodWxlLmRlXC93cC1jb250ZW50XC91cGxvYWRzXC8yMDIzXC8xMFwvUFhMXzIwMjMwOTI5XzA5MDM0OTgzNS1zY2FsZWQuanBnIiwic2xpZGVzaG93IjoiOWM1YWU2OCJ9\">\n\t\t\t\t\t<div class=\"e-gallery-image elementor-gallery-item__image\" data-thumbnail=\"https:\/\/hundertwasser-schule.de\/wp-content\/uploads\/2023\/10\/PXL_20230929_090349835-300x225.jpg\" data-width=\"200\" data-height=\"150\" aria-label=\"\" role=\"img\" ><\/div>\n\t\t\t\t\t\t\t\t\t\t\t<div class=\"elementor-gallery-item__overlay\"><\/div>\n\t\t\t\t\t\t\t\t\t\t\t\t\t\t<\/a>\n\t\t\t\t\t<\/div>\n\t\t\t\t\t<\/div>\n\t\t\t\t<\/div>\n\t\t\t\t\t<\/div>\n\t\t<\/div>\n\t\t\t\t\t<\/div>\n\t\t<\/section>\n\t\t\t\t<section class=\"elementor-section elementor-top-section elementor-element elementor-element-831b3e3 elementor-section-boxed elementor-section-height-default elementor-section-height-default\" data-id=\"831b3e3\" data-element_type=\"section\" data-e-type=\"section\">\n\t\t\t\t\t\t<div class=\"elementor-container elementor-column-gap-default\">\n\t\t\t\t\t<div class=\"elementor-column elementor-col-100 elementor-top-column elementor-element elementor-element-3c88975\" data-id=\"3c88975\" data-element_type=\"column\" data-e-type=\"column\">\n\t\t\t<div class=\"elementor-widget-wrap elementor-element-populated\">\n\t\t\t\t\t\t<div class=\"elementor-element elementor-element-cc3237a elementor-arrows-position-inside elementor-widget elementor-widget-image-carousel\" data-id=\"cc3237a\" data-element_type=\"widget\" data-e-type=\"widget\" data-settings=\"{&quot;slides_to_show&quot;:&quot;1&quot;,&quot;navigation&quot;:&quot;arrows&quot;,&quot;autoplay&quot;:&quot;yes&quot;,&quot;pause_on_hover&quot;:&quot;yes&quot;,&quot;pause_on_interaction&quot;:&quot;yes&quot;,&quot;autoplay_speed&quot;:5000,&quot;infinite&quot;:&quot;yes&quot;,&quot;effect&quot;:&quot;slide&quot;,&quot;speed&quot;:500}\" data-widget_type=\"image-carousel.default\">\n\t\t\t\t<div class=\"elementor-widget-container\">\n\t\t\t\t\t\t\t<div class=\"elementor-image-carousel-wrapper swiper\" role=\"region\" aria-roledescription=\"carousel\" aria-label=\"Image Carousel\" dir=\"ltr\">\n\t\t\t<div class=\"elementor-image-carousel swiper-wrapper\" aria-live=\"off\">\n\t\t\t\t\t\t\t\t<div class=\"swiper-slide\" role=\"group\" aria-roledescription=\"slide\" aria-label=\"17 1 17\" data-no-translation-aria-label=\"\"><figure class=\"swiper-slide-inner\"><img decoding=\"async\" class=\"swiper-slide-image\" src=\"http:\/\/hundertwasser-schule.de\/wp-content\/uploads\/2020\/10\/20201009_110653-rotated.jpg\" alt=\"\" \/><\/figure><\/div><div class=\"swiper-slide\" role=\"group\" aria-roledescription=\"slide\" aria-label=\"17 2 17\" data-no-translation-aria-label=\"\"><figure class=\"swiper-slide-inner\"><img decoding=\"async\" class=\"swiper-slide-image\" src=\"http:\/\/hundertwasser-schule.de\/wp-content\/uploads\/2020\/10\/20201009_110750.jpg\" alt=\"\" \/><\/figure><\/div><div class=\"swiper-slide\" role=\"group\" aria-roledescription=\"slide\" aria-label=\"17 3 17\" data-no-translation-aria-label=\"\"><figure class=\"swiper-slide-inner\"><img decoding=\"async\" class=\"swiper-slide-image\" src=\"http:\/\/hundertwasser-schule.de\/wp-content\/uploads\/2020\/10\/20201009_112644-rotated.jpg\" alt=\"\" \/><\/figure><\/div><div class=\"swiper-slide\" role=\"group\" aria-roledescription=\"slide\" aria-label=\"17 4 17\" data-no-translation-aria-label=\"\"><figure class=\"swiper-slide-inner\"><img decoding=\"async\" class=\"swiper-slide-image\" src=\"http:\/\/hundertwasser-schule.de\/wp-content\/uploads\/2020\/10\/20201009_110400.jpg\" alt=\"\" \/><\/figure><\/div><div class=\"swiper-slide\" role=\"group\" aria-roledescription=\"slide\" aria-label=\"17 5 17\" data-no-translation-aria-label=\"\"><figure class=\"swiper-slide-inner\"><img decoding=\"async\" class=\"swiper-slide-image\" src=\"http:\/\/hundertwasser-schule.de\/wp-content\/uploads\/2020\/10\/20201009_110344.jpg\" alt=\"\" \/><\/figure><\/div><div class=\"swiper-slide\" role=\"group\" aria-roledescription=\"slide\" aria-label=\"17 6 17\" data-no-translation-aria-label=\"\"><figure class=\"swiper-slide-inner\"><img decoding=\"async\" class=\"swiper-slide-image\" src=\"http:\/\/hundertwasser-schule.de\/wp-content\/uploads\/2020\/10\/20201009_112130.jpg\" alt=\"\" \/><\/figure><\/div><div class=\"swiper-slide\" role=\"group\" aria-roledescription=\"slide\" aria-label=\"17 7 17\" data-no-translation-aria-label=\"\"><figure class=\"swiper-slide-inner\"><img decoding=\"async\" class=\"swiper-slide-image\" src=\"http:\/\/hundertwasser-schule.de\/wp-content\/uploads\/2020\/10\/20201009_112042-rotated.jpg\" alt=\"\" \/><\/figure><\/div><div class=\"swiper-slide\" role=\"group\" aria-roledescription=\"slide\" aria-label=\"17 8 17\" data-no-translation-aria-label=\"\"><figure class=\"swiper-slide-inner\"><img decoding=\"async\" class=\"swiper-slide-image\" src=\"http:\/\/hundertwasser-schule.de\/wp-content\/uploads\/2020\/10\/20201009_111935.jpg\" alt=\"\" \/><\/figure><\/div><div class=\"swiper-slide\" role=\"group\" aria-roledescription=\"slide\" aria-label=\"17 9 17\" data-no-translation-aria-label=\"\"><figure class=\"swiper-slide-inner\"><img decoding=\"async\" class=\"swiper-slide-image\" src=\"http:\/\/hundertwasser-schule.de\/wp-content\/uploads\/2020\/10\/20201009_111122.jpg\" alt=\"\" \/><\/figure><\/div><div class=\"swiper-slide\" role=\"group\" aria-roledescription=\"slide\" aria-label=\"17 10 17\" data-no-translation-aria-label=\"\"><figure class=\"swiper-slide-inner\"><img decoding=\"async\" class=\"swiper-slide-image\" src=\"http:\/\/hundertwasser-schule.de\/wp-content\/uploads\/2020\/10\/20201009_110822-rotated.jpg\" alt=\"\" \/><\/figure><\/div><div class=\"swiper-slide\" role=\"group\" aria-roledescription=\"slide\" aria-label=\"17 11 17\" data-no-translation-aria-label=\"\"><figure class=\"swiper-slide-inner\"><img decoding=\"async\" class=\"swiper-slide-image\" src=\"http:\/\/hundertwasser-schule.de\/wp-content\/uploads\/2020\/10\/20201009_110746.jpg\" alt=\"\" \/><\/figure><\/div><div class=\"swiper-slide\" role=\"group\" aria-roledescription=\"slide\" aria-label=\"17 12 17\" data-no-translation-aria-label=\"\"><figure class=\"swiper-slide-inner\"><img decoding=\"async\" class=\"swiper-slide-image\" src=\"http:\/\/hundertwasser-schule.de\/wp-content\/uploads\/2020\/10\/20201009_110707.jpg\" alt=\"\" \/><\/figure><\/div><div class=\"swiper-slide\" role=\"group\" aria-roledescription=\"slide\" aria-label=\"17 13 17\" data-no-translation-aria-label=\"\"><figure class=\"swiper-slide-inner\"><img decoding=\"async\" class=\"swiper-slide-image\" src=\"http:\/\/hundertwasser-schule.de\/wp-content\/uploads\/2020\/10\/20201009_110556.jpg\" alt=\"\" \/><\/figure><\/div><div class=\"swiper-slide\" role=\"group\" aria-roledescription=\"slide\" aria-label=\"17 14 17\" data-no-translation-aria-label=\"\"><figure class=\"swiper-slide-inner\"><img decoding=\"async\" class=\"swiper-slide-image\" src=\"http:\/\/hundertwasser-schule.de\/wp-content\/uploads\/2020\/10\/20201009_110443-rotated.jpg\" alt=\"\" \/><\/figure><\/div><div class=\"swiper-slide\" role=\"group\" aria-roledescription=\"slide\" aria-label=\"17 15 17\" data-no-translation-aria-label=\"\"><figure class=\"swiper-slide-inner\"><img decoding=\"async\" class=\"swiper-slide-image\" src=\"http:\/\/hundertwasser-schule.de\/wp-content\/uploads\/2020\/10\/20201009_110418.jpg\" alt=\"\" \/><\/figure><\/div><div class=\"swiper-slide\" role=\"group\" aria-roledescription=\"slide\" aria-label=\"17 16 17\" data-no-translation-aria-label=\"\"><figure class=\"swiper-slide-inner\"><img decoding=\"async\" class=\"swiper-slide-image\" src=\"http:\/\/hundertwasser-schule.de\/wp-content\/uploads\/2020\/10\/20201009_110411.jpg\" alt=\"\" \/><\/figure><\/div><div class=\"swiper-slide\" role=\"group\" aria-roledescription=\"slide\" aria-label=\"17 17 17\" data-no-translation-aria-label=\"\"><figure class=\"swiper-slide-inner\"><img decoding=\"async\" class=\"swiper-slide-image\" src=\"http:\/\/hundertwasser-schule.de\/wp-content\/uploads\/2020\/10\/20201009_110406.jpg\" alt=\"\" \/><\/figure><\/div>\t\t\t<\/div>\n\t\t\t\t\t\t\t\t\t\t\t\t<div class=\"elementor-swiper-button elementor-swiper-button-prev\" role=\"button\" tabindex=\"0\">\n\t\t\t\t\t\t<i aria-hidden=\"true\" class=\"eicon-chevron-left\"><\/i>\t\t\t\t\t<\/div>\n\t\t\t\t\t<div class=\"elementor-swiper-button elementor-swiper-button-next\" role=\"button\" tabindex=\"0\">\n\t\t\t\t\t\t<i aria-hidden=\"true\" class=\"eicon-chevron-right\"><\/i>\t\t\t\t\t<\/div>\n\t\t\t\t\n\t\t\t\t\t\t\t\t\t<\/div>\n\t\t\t\t\t\t<\/div>\n\t\t\t\t<\/div>\n\t\t\t\t\t<\/div>\n\t\t<\/div>\n\t\t\t\t\t<\/div>\n\t\t<\/section>\n\t\t\t\t<section class=\"elementor-section elementor-top-section elementor-element elementor-element-61f9ceb elementor-section-boxed elementor-section-height-default elementor-section-height-default\" data-id=\"61f9ceb\" data-element_type=\"section\" data-e-type=\"section\">\n\t\t\t\t\t\t<div class=\"elementor-container elementor-column-gap-default\">\n\t\t\t\t\t<div class=\"elementor-column elementor-col-100 elementor-top-column elementor-element elementor-element-b07851b\" data-id=\"b07851b\" data-element_type=\"column\" data-e-type=\"column\">\n\t\t\t<div class=\"elementor-widget-wrap elementor-element-populated\">\n\t\t\t\t\t\t<div class=\"elementor-element elementor-element-873ffc7 elementor-widget elementor-widget-spacer\" data-id=\"873ffc7\" data-element_type=\"widget\" data-e-type=\"widget\" data-widget_type=\"spacer.default\">\n\t\t\t\t<div class=\"elementor-widget-container\">\n\t\t\t\t\t\t\t<div class=\"elementor-spacer\">\n\t\t\t<div class=\"elementor-spacer-inner\"><\/div>\n\t\t<\/div>\n\t\t\t\t\t\t<\/div>\n\t\t\t\t<\/div>\n\t\t\t\t\t<\/div>\n\t\t<\/div>\n\t\t\t\t\t<\/div>\n\t\t<\/section>\n\t\t\t\t<\/div>","protected":false},"excerpt":{"rendered":"<p>Kinderkonferenz (KIKO) Die Kinderkonferenz der Hundertwasser-Schule findet immer am letzten Schultag vor jeden Ferien statt: also in diesem Schuljahr vier Mal. Immer eine Klasse ist f\u00fcr die Vorbereitung, das Schm\u00fccken des Forums und die Moderation verantwortlich. Zum Programm tragen alle Klassen der Schule bei. Es wird gesungen, Geburtstage werden gefeiert, die ein oder andere Klassenvorf\u00fchrung [&hellip;]<\/p>\n","protected":false},"author":1,"featured_media":0,"parent":0,"menu_order":0,"comment_status":"closed","ping_status":"closed","template":"elementor_header_footer","meta":{"footnotes":""},"class_list":["post-49","page","type-page","status-publish","hentry"],"_links":{"self":[{"href":"https:\/\/hundertwasser-schule.de\/tr_tr\/wp-json\/wp\/v2\/pages\/49","targetHints":{"allow":["GET"]}}],"collection":[{"href":"https:\/\/hundertwasser-schule.de\/tr_tr\/wp-json\/wp\/v2\/pages"}],"about":[{"href":"https:\/\/hundertwasser-schule.de\/tr_tr\/wp-json\/wp\/v2\/types\/page"}],"author":[{"embeddable":true,"href":"https:\/\/hundertwasser-schule.de\/tr_tr\/wp-json\/wp\/v2\/users\/1"}],"replies":[{"embeddable":true,"href":"https:\/\/hundertwasser-schule.de\/tr_tr\/wp-json\/wp\/v2\/comments?post=49"}],"version-history":[{"count":5,"href":"https:\/\/hundertwasser-schule.de\/tr_tr\/wp-json\/wp\/v2\/pages\/49\/revisions"}],"predecessor-version":[{"id":4612,"href":"https:\/\/hundertwasser-schule.de\/tr_tr\/wp-json\/wp\/v2\/pages\/49\/revisions\/4612"}],"wp:attachment":[{"href":"https:\/\/hundertwasser-schule.de\/tr_tr\/wp-json\/wp\/v2\/media?parent=49"}],"curies":[{"name":"wp","href":"https:\/\/api.w.org\/{rel}","templated":true}]}}