{"id":63,"date":"2020-03-31T10:59:47","date_gmt":"2020-03-31T10:59:47","guid":{"rendered":"https:\/\/neu.hundertwasser-schule.de\/?page_id=63"},"modified":"2020-06-02T13:18:23","modified_gmt":"2020-06-02T11:18:23","slug":"ferienspiele","status":"publish","type":"page","link":"https:\/\/hundertwasser-schule.de\/tr_tr\/ferienspiele\/","title":{"rendered":"Tatil oyunlar\u0131"},"content":{"rendered":"<div data-elementor-type=\"wp-page\" data-elementor-id=\"63\" class=\"elementor elementor-63\" data-elementor-post-type=\"page\">\n\t\t\t\t\t\t<section class=\"elementor-section elementor-top-section elementor-element elementor-element-35c7cb76 elementor-section-stretched elementor-section-full_width elementor-section-height-default elementor-section-height-default\" data-id=\"35c7cb76\" data-element_type=\"section\" data-e-type=\"section\" data-settings=\"{&quot;stretch_section&quot;:&quot;section-stretched&quot;}\">\n\t\t\t\t\t\t<div class=\"elementor-container elementor-column-gap-no\">\n\t\t\t\t\t<div class=\"elementor-column elementor-col-100 elementor-top-column elementor-element elementor-element-13511a12\" data-id=\"13511a12\" data-element_type=\"column\" data-e-type=\"column\">\n\t\t\t<div class=\"elementor-widget-wrap elementor-element-populated\">\n\t\t\t\t\t\t<div class=\"elementor-element elementor-element-44d677c5 elementor-widget elementor-widget-image\" data-id=\"44d677c5\" data-element_type=\"widget\" data-e-type=\"widget\" data-widget_type=\"image.default\">\n\t\t\t\t<div class=\"elementor-widget-container\">\n\t\t\t\t\t\t\t\t\t\t\t\t\t\t\t<img fetchpriority=\"high\" decoding=\"async\" width=\"1920\" height=\"230\" src=\"http:\/\/hundertwasser-schule.de\/wp-content\/uploads\/2020\/03\/bild1.jpg\" class=\"attachment-full size-full wp-image-108\" alt=\"\" srcset=\"http:\/\/hundertwasser-schule.de\/wp-content\/uploads\/2020\/03\/bild1.jpg 1920w, http:\/\/hundertwasser-schule.de\/wp-content\/uploads\/2020\/03\/bild1-300x36.jpg 300w, http:\/\/hundertwasser-schule.de\/wp-content\/uploads\/2020\/03\/bild1-1024x123.jpg 1024w, http:\/\/hundertwasser-schule.de\/wp-content\/uploads\/2020\/03\/bild1-768x92.jpg 768w, http:\/\/hundertwasser-schule.de\/wp-content\/uploads\/2020\/03\/bild1-1536x184.jpg 1536w, http:\/\/hundertwasser-schule.de\/wp-content\/uploads\/2020\/03\/bild1-20x2.jpg 20w\" sizes=\"(max-width: 1920px) 100vw, 1920px\" \/>\t\t\t\t\t\t\t\t\t\t\t\t\t\t\t<\/div>\n\t\t\t\t<\/div>\n\t\t\t\t\t<\/div>\n\t\t<\/div>\n\t\t\t\t\t<\/div>\n\t\t<\/section>\n\t\t\t\t<section class=\"elementor-section elementor-top-section elementor-element elementor-element-1c5391d1 elementor-section-height-min-height elementor-section-boxed elementor-section-height-default elementor-section-items-middle\" data-id=\"1c5391d1\" data-element_type=\"section\" data-e-type=\"section\" data-settings=\"{&quot;background_background&quot;:&quot;classic&quot;}\">\n\t\t\t\t\t\t<div class=\"elementor-container elementor-column-gap-default\">\n\t\t\t\t\t<div class=\"elementor-column elementor-col-100 elementor-top-column elementor-element elementor-element-2833169d\" data-id=\"2833169d\" data-element_type=\"column\" data-e-type=\"column\">\n\t\t\t<div class=\"elementor-widget-wrap elementor-element-populated\">\n\t\t\t\t\t\t\t<\/div>\n\t\t<\/div>\n\t\t\t\t\t<\/div>\n\t\t<\/section>\n\t\t\t\t<section class=\"elementor-section elementor-top-section elementor-element elementor-element-571b57d9 elementor-section-boxed elementor-section-height-default elementor-section-height-default\" data-id=\"571b57d9\" data-element_type=\"section\" data-e-type=\"section\">\n\t\t\t\t\t\t<div class=\"elementor-container elementor-column-gap-default\">\n\t\t\t\t\t<div class=\"elementor-column elementor-col-100 elementor-top-column elementor-element elementor-element-155a09e3\" data-id=\"155a09e3\" data-element_type=\"column\" data-e-type=\"column\">\n\t\t\t<div class=\"elementor-widget-wrap elementor-element-populated\">\n\t\t\t\t\t\t<div class=\"elementor-element elementor-element-b60ea2a elementor-widget elementor-widget-spacer\" data-id=\"b60ea2a\" data-element_type=\"widget\" data-e-type=\"widget\" data-widget_type=\"spacer.default\">\n\t\t\t\t<div class=\"elementor-widget-container\">\n\t\t\t\t\t\t\t<div class=\"elementor-spacer\">\n\t\t\t<div class=\"elementor-spacer-inner\"><\/div>\n\t\t<\/div>\n\t\t\t\t\t\t<\/div>\n\t\t\t\t<\/div>\n\t\t\t\t\t<\/div>\n\t\t<\/div>\n\t\t\t\t\t<\/div>\n\t\t<\/section>\n\t\t\t\t<section class=\"elementor-section elementor-top-section elementor-element elementor-element-4901648 elementor-section-boxed elementor-section-height-default elementor-section-height-default\" data-id=\"4901648\" data-element_type=\"section\" data-e-type=\"section\">\n\t\t\t\t\t\t<div class=\"elementor-container elementor-column-gap-default\">\n\t\t\t\t\t<div class=\"elementor-column elementor-col-100 elementor-top-column elementor-element elementor-element-bf2a735\" data-id=\"bf2a735\" data-element_type=\"column\" data-e-type=\"column\">\n\t\t\t<div class=\"elementor-widget-wrap elementor-element-populated\">\n\t\t\t\t\t\t<div class=\"elementor-element elementor-element-22f2e98 elementor-widget elementor-widget-text-editor\" data-id=\"22f2e98\" data-element_type=\"widget\" data-e-type=\"widget\" data-widget_type=\"text-editor.default\">\n\t\t\t\t<div class=\"elementor-widget-container\">\n\t\t\t\t\t\t\t\t\t<p>Sosyal Pedagojik G\u00fcnd\u00fcz Bak\u0131mevi, tatillerin ilk yar\u0131s\u0131nda ailelere g\u00fcvenilir bir bak\u0131m hizmeti sunmaktad\u0131r.  Bu, Paskalya ve sonbahar tatillerinin ilk haftas\u0131nda ve yaz tatillerinin ilk \u00fc\u00e7 haftas\u0131nda sabah 9'dan ak\u015fam 4'e kadar tatil bak\u0131m\u0131 oldu\u011fu anlam\u0131na gelmektedir. Sosyal Pedagojik G\u00fcnd\u00fcz Bak\u0131mevi ayr\u0131ca k\u00f6pr\u00fc g\u00fcnlerinde sabah 9'dan \u00f6\u011fleden sonra 4'e kadar, Cuma g\u00fcnleri ise \u00f6\u011fleden sonra 3'e kadar a\u00e7\u0131kt\u0131r. Normal s\u0131n\u0131flarda oldu\u011fu gibi, bir otob\u00fcs servisi vard\u0131r.<\/p><p>Normal okul g\u00fcnlerinde oldu\u011fu gibi, tatillerde de \u00e7ocuklar\u0131n kendilerini y\u00f6nlendirebilecekleri belirli yap\u0131lar\u0131 ve saatleri takip ediyoruz.<\/p>\t\t\t\t\t\t\t\t<\/div>\n\t\t\t\t<\/div>\n\t\t\t\t\t<\/div>\n\t\t<\/div>\n\t\t\t\t\t<\/div>\n\t\t<\/section>\n\t\t\t\t<section class=\"elementor-section elementor-top-section elementor-element elementor-element-6c58f3e elementor-section-boxed elementor-section-height-default elementor-section-height-default\" data-id=\"6c58f3e\" data-element_type=\"section\" data-e-type=\"section\">\n\t\t\t\t\t\t<div class=\"elementor-container elementor-column-gap-default\">\n\t\t\t\t\t<div class=\"elementor-column elementor-col-100 elementor-top-column elementor-element elementor-element-9c9f7b9\" data-id=\"9c9f7b9\" data-element_type=\"column\" data-e-type=\"column\">\n\t\t\t<div class=\"elementor-widget-wrap elementor-element-populated\">\n\t\t\t\t\t\t<div class=\"elementor-element elementor-element-9942777 elementor-tabs-view-horizontal elementor-widget elementor-widget-tabs\" data-id=\"9942777\" data-element_type=\"widget\" data-e-type=\"widget\" data-widget_type=\"tabs.default\">\n\t\t\t\t<div class=\"elementor-widget-container\">\n\t\t\t\t\t\t\t<div class=\"elementor-tabs\">\n\t\t\t<div class=\"elementor-tabs-wrapper\" role=\"tablist\" >\n\t\t\t\t\t\t\t\t\t<div id=\"elementor-tab-title-1601\" class=\"elementor-tab-title elementor-tab-desktop-title\" aria-selected=\"true\" data-tab=\"1\" role=\"tab\" tabindex=\"0\" aria-controls=\"elementor-tab-content-1601\" aria-expanded=\"false\">8:00- 9:00<\/div>\n\t\t\t\t\t\t\t\t\t<div id=\"elementor-tab-title-1602\" class=\"elementor-tab-title elementor-tab-desktop-title\" aria-selected=\"false\" data-tab=\"2\" role=\"tab\" tabindex=\"-1\" aria-controls=\"elementor-tab-content-1602\" aria-expanded=\"false\">9:00- 10:00<\/div>\n\t\t\t\t\t\t\t\t\t<div id=\"elementor-tab-title-1603\" class=\"elementor-tab-title elementor-tab-desktop-title\" aria-selected=\"false\" data-tab=\"3\" role=\"tab\" tabindex=\"-1\" aria-controls=\"elementor-tab-content-1603\" aria-expanded=\"false\">10:00- 10:30<\/div>\n\t\t\t\t\t\t\t\t\t<div id=\"elementor-tab-title-1604\" class=\"elementor-tab-title elementor-tab-desktop-title\" aria-selected=\"false\" data-tab=\"4\" role=\"tab\" tabindex=\"-1\" aria-controls=\"elementor-tab-content-1604\" aria-expanded=\"false\">10:30- yakla\u015f\u0131k 13:00<\/div>\n\t\t\t\t\t\t\t\t\t<div id=\"elementor-tab-title-1605\" class=\"elementor-tab-title elementor-tab-desktop-title\" aria-selected=\"false\" data-tab=\"5\" role=\"tab\" tabindex=\"-1\" aria-controls=\"elementor-tab-content-1605\" aria-expanded=\"false\">13:00-13:30<\/div>\n\t\t\t\t\t\t\t\t\t<div id=\"elementor-tab-title-1606\" class=\"elementor-tab-title elementor-tab-desktop-title\" aria-selected=\"false\" data-tab=\"6\" role=\"tab\" tabindex=\"-1\" aria-controls=\"elementor-tab-content-1606\" aria-expanded=\"false\">13:30-14:00<\/div>\n\t\t\t\t\t\t\t\t\t<div id=\"elementor-tab-title-1607\" class=\"elementor-tab-title elementor-tab-desktop-title\" aria-selected=\"false\" data-tab=\"7\" role=\"tab\" tabindex=\"-1\" aria-controls=\"elementor-tab-content-1607\" aria-expanded=\"false\">14:00-15:45<\/div>\n\t\t\t\t\t\t\t\t\t<div id=\"elementor-tab-title-1608\" class=\"elementor-tab-title elementor-tab-desktop-title\" aria-selected=\"false\" data-tab=\"8\" role=\"tab\" tabindex=\"-1\" aria-controls=\"elementor-tab-content-1608\" aria-expanded=\"false\">15:45-16:00<\/div>\n\t\t\t\t\t\t\t<\/div>\n\t\t\t<div class=\"elementor-tabs-content-wrapper\" role=\"tablist\" aria-orientation=\"vertical\">\n\t\t\t\t\t\t\t\t\t<div class=\"elementor-tab-title elementor-tab-mobile-title\" aria-selected=\"true\" data-tab=\"1\" role=\"tab\" tabindex=\"0\" aria-controls=\"elementor-tab-content-1601\" aria-expanded=\"false\">8:00- 9:00<\/div>\n\t\t\t\t\t<div id=\"elementor-tab-content-1601\" class=\"elementor-tab-content elementor-clearfix\" data-tab=\"1\" role=\"tabpanel\" aria-labelledby=\"elementor-tab-title-1601\" tabindex=\"0\" hidden=\"false\"><p>Erken \u00e7ocuk bak\u0131m\u0131<\/p><\/div>\n\t\t\t\t\t\t\t\t\t<div class=\"elementor-tab-title elementor-tab-mobile-title\" aria-selected=\"false\" data-tab=\"2\" role=\"tab\" tabindex=\"-1\" aria-controls=\"elementor-tab-content-1602\" aria-expanded=\"false\">9:00- 10:00<\/div>\n\t\t\t\t\t<div id=\"elementor-tab-content-1602\" class=\"elementor-tab-content elementor-clearfix\" data-tab=\"2\" role=\"tabpanel\" aria-labelledby=\"elementor-tab-title-1602\" tabindex=\"0\" hidden=\"hidden\"><p>Farkl\u0131 gruplarda serbest oyun, okul bah\u00e7esinin a\u00e7\u0131k alan\u0131 oyun f\u0131rsat\u0131 olarak kullan\u0131labilir<\/p><\/div>\n\t\t\t\t\t\t\t\t\t<div class=\"elementor-tab-title elementor-tab-mobile-title\" aria-selected=\"false\" data-tab=\"3\" role=\"tab\" tabindex=\"-1\" aria-controls=\"elementor-tab-content-1603\" aria-expanded=\"false\">10:00- 10:30<\/div>\n\t\t\t\t\t<div id=\"elementor-tab-content-1603\" class=\"elementor-tab-content elementor-clearfix\" data-tab=\"3\" role=\"tabpanel\" aria-labelledby=\"elementor-tab-title-1603\" tabindex=\"0\" hidden=\"hidden\"><p>Gruplarda ortak kahvalt\u0131 (\u00e7ocuklar kendi sa\u011fl\u0131kl\u0131 kahvalt\u0131lar\u0131n\u0131 getirirler)<\/p><\/div>\n\t\t\t\t\t\t\t\t\t<div class=\"elementor-tab-title elementor-tab-mobile-title\" aria-selected=\"false\" data-tab=\"4\" role=\"tab\" tabindex=\"-1\" aria-controls=\"elementor-tab-content-1604\" aria-expanded=\"false\">10:30- yakla\u015f\u0131k 13:00<\/div>\n\t\t\t\t\t<div id=\"elementor-tab-content-1604\" class=\"elementor-tab-content elementor-clearfix\" data-tab=\"4\" role=\"tabpanel\" aria-labelledby=\"elementor-tab-title-1604\" tabindex=\"0\" hidden=\"hidden\"><p>Aktiviteler, \u00e7ocuklar \u00e7e\u015fitli aktivitelere (Adlerwarte, y\u00fczme, Olderdissen Hayvanat Bah\u00e7esi, Flora Wesfalica, Rietberg Garden Show Park gibi geziler, tiyatro, herkes i\u00e7in birlikte yemek pi\u015firme, hayvan destekli aktiviteler, proje \u00e7al\u0131\u015fmalar\u0131, yarat\u0131c\u0131 aktiviteler, egzersiz aktiviteleri, tatil oyunlar\u0131n\u0131n genellikle \"Hayvan tatilleri, D\u00fcnya \u00e7ap\u0131nda yolculuk, Avrupa yolculu\u011fu ve d\u00fcnyan\u0131n renkleri\" gibi belirli bir slogan\u0131 vard\u0131r) kat\u0131lma f\u0131rsat\u0131na sahiptir.<\/p><\/div>\n\t\t\t\t\t\t\t\t\t<div class=\"elementor-tab-title elementor-tab-mobile-title\" aria-selected=\"false\" data-tab=\"5\" role=\"tab\" tabindex=\"-1\" aria-controls=\"elementor-tab-content-1605\" aria-expanded=\"false\">13:00-13:30<\/div>\n\t\t\t\t\t<div id=\"elementor-tab-content-1605\" class=\"elementor-tab-content elementor-clearfix\" data-tab=\"5\" role=\"tabpanel\" aria-labelledby=\"elementor-tab-title-1605\" tabindex=\"0\" hidden=\"hidden\"><p>Birlikte \u00f6\u011fle yeme\u011fi (personel ve \u00e7ocuklar\u0131n kendileri taraf\u0131ndan haz\u0131rlan\u0131r)<\/p><\/div>\n\t\t\t\t\t\t\t\t\t<div class=\"elementor-tab-title elementor-tab-mobile-title\" aria-selected=\"false\" data-tab=\"6\" role=\"tab\" tabindex=\"-1\" aria-controls=\"elementor-tab-content-1606\" aria-expanded=\"false\">13:30-14:00<\/div>\n\t\t\t\t\t<div id=\"elementor-tab-content-1606\" class=\"elementor-tab-content elementor-clearfix\" data-tab=\"6\" role=\"tabpanel\" aria-labelledby=\"elementor-tab-title-1606\" tabindex=\"0\" hidden=\"hidden\"><p>Sessiz oyun f\u0131rsatlar\u0131 ile sessiz zaman<\/p><\/div>\n\t\t\t\t\t\t\t\t\t<div class=\"elementor-tab-title elementor-tab-mobile-title\" aria-selected=\"false\" data-tab=\"7\" role=\"tab\" tabindex=\"-1\" aria-controls=\"elementor-tab-content-1607\" aria-expanded=\"false\">14:00-15:45<\/div>\n\t\t\t\t\t<div id=\"elementor-tab-content-1607\" class=\"elementor-tab-content elementor-clearfix\" data-tab=\"7\" role=\"tabpanel\" aria-labelledby=\"elementor-tab-title-1607\" tabindex=\"0\" hidden=\"hidden\"><p>Serbest oyun ve muhtemelen \u00e7e\u015fitli aktiviteler<\/p><\/div>\n\t\t\t\t\t\t\t\t\t<div class=\"elementor-tab-title elementor-tab-mobile-title\" aria-selected=\"false\" data-tab=\"8\" role=\"tab\" tabindex=\"-1\" aria-controls=\"elementor-tab-content-1608\" aria-expanded=\"false\">15:45-16:00<\/div>\n\t\t\t\t\t<div id=\"elementor-tab-content-1608\" class=\"elementor-tab-content elementor-clearfix\" data-tab=\"8\" role=\"tabpanel\" aria-labelledby=\"elementor-tab-title-1608\" tabindex=\"0\" hidden=\"hidden\"><p>Kapan\u0131\u015f turu, g\u00fcn \u00fczerine k\u0131sa de\u011ferlendirme<\/p><\/div>\n\t\t\t\t\t\t\t<\/div>\n\t\t<\/div>\n\t\t\t\t\t\t<\/div>\n\t\t\t\t<\/div>\n\t\t\t\t\t<\/div>\n\t\t<\/div>\n\t\t\t\t\t<\/div>\n\t\t<\/section>\n\t\t\t\t<section class=\"elementor-section elementor-top-section elementor-element elementor-element-578d455 elementor-section-boxed elementor-section-height-default elementor-section-height-default\" data-id=\"578d455\" data-element_type=\"section\" data-e-type=\"section\">\n\t\t\t\t\t\t<div class=\"elementor-container elementor-column-gap-default\">\n\t\t\t\t\t<div class=\"elementor-column elementor-col-100 elementor-top-column elementor-element elementor-element-7175814\" data-id=\"7175814\" data-element_type=\"column\" data-e-type=\"column\">\n\t\t\t<div class=\"elementor-widget-wrap elementor-element-populated\">\n\t\t\t\t\t\t<div class=\"elementor-element elementor-element-a8c510b elementor-widget elementor-widget-spacer\" data-id=\"a8c510b\" data-element_type=\"widget\" data-e-type=\"widget\" data-widget_type=\"spacer.default\">\n\t\t\t\t<div class=\"elementor-widget-container\">\n\t\t\t\t\t\t\t<div class=\"elementor-spacer\">\n\t\t\t<div class=\"elementor-spacer-inner\"><\/div>\n\t\t<\/div>\n\t\t\t\t\t\t<\/div>\n\t\t\t\t<\/div>\n\t\t\t\t\t<\/div>\n\t\t<\/div>\n\t\t\t\t\t<\/div>\n\t\t<\/section>\n\t\t\t\t<section class=\"elementor-section elementor-top-section elementor-element elementor-element-9f3b9a8 elementor-section-boxed elementor-section-height-default elementor-section-height-default\" data-id=\"9f3b9a8\" data-element_type=\"section\" data-e-type=\"section\">\n\t\t\t\t\t\t<div class=\"elementor-container elementor-column-gap-default\">\n\t\t\t\t\t<div class=\"elementor-column elementor-col-100 elementor-top-column elementor-element elementor-element-b28a992\" data-id=\"b28a992\" data-element_type=\"column\" data-e-type=\"column\">\n\t\t\t<div class=\"elementor-widget-wrap elementor-element-populated\">\n\t\t\t\t\t\t<div class=\"elementor-element elementor-element-8897ba4 elementor-arrows-position-inside elementor-widget elementor-widget-image-carousel\" data-id=\"8897ba4\" data-element_type=\"widget\" data-e-type=\"widget\" data-settings=\"{&quot;slides_to_show&quot;:&quot;1&quot;,&quot;navigation&quot;:&quot;arrows&quot;,&quot;autoplay&quot;:&quot;yes&quot;,&quot;pause_on_hover&quot;:&quot;yes&quot;,&quot;pause_on_interaction&quot;:&quot;yes&quot;,&quot;autoplay_speed&quot;:5000,&quot;infinite&quot;:&quot;yes&quot;,&quot;effect&quot;:&quot;slide&quot;,&quot;speed&quot;:500}\" data-widget_type=\"image-carousel.default\">\n\t\t\t\t<div class=\"elementor-widget-container\">\n\t\t\t\t\t\t\t<div class=\"elementor-image-carousel-wrapper swiper\" role=\"region\" aria-roledescription=\"carousel\" aria-label=\"Bild Karussell\" dir=\"ltr\">\n\t\t\t<div class=\"elementor-image-carousel swiper-wrapper\" aria-live=\"off\">\n\t\t\t\t\t\t\t\t<div class=\"swiper-slide\" role=\"group\" aria-roledescription=\"slide\" aria-label=\"1 von 13\"><figure class=\"swiper-slide-inner\"><img decoding=\"async\" class=\"swiper-slide-image\" src=\"http:\/\/hundertwasser-schule.de\/wp-content\/uploads\/2020\/04\/DSCN0005.jpg\" alt=\"DSCN0005\" \/><\/figure><\/div><div class=\"swiper-slide\" role=\"group\" aria-roledescription=\"slide\" aria-label=\"2 von 13\"><figure class=\"swiper-slide-inner\"><img decoding=\"async\" class=\"swiper-slide-image\" src=\"http:\/\/hundertwasser-schule.de\/wp-content\/uploads\/2020\/04\/DSCN0006.jpg\" alt=\"DSCN0006\" \/><\/figure><\/div><div class=\"swiper-slide\" role=\"group\" aria-roledescription=\"slide\" aria-label=\"3 von 13\"><figure class=\"swiper-slide-inner\"><img decoding=\"async\" class=\"swiper-slide-image\" src=\"http:\/\/hundertwasser-schule.de\/wp-content\/uploads\/2020\/04\/DSCN0146.jpg\" alt=\"DSCN0146\" \/><\/figure><\/div><div class=\"swiper-slide\" role=\"group\" aria-roledescription=\"slide\" aria-label=\"4 von 13\"><figure class=\"swiper-slide-inner\"><img decoding=\"async\" class=\"swiper-slide-image\" src=\"http:\/\/hundertwasser-schule.de\/wp-content\/uploads\/2020\/04\/DSCN9988.jpg\" alt=\"DSCN9988\" \/><\/figure><\/div><div class=\"swiper-slide\" role=\"group\" aria-roledescription=\"slide\" aria-label=\"5 von 13\"><figure class=\"swiper-slide-inner\"><img decoding=\"async\" class=\"swiper-slide-image\" src=\"http:\/\/hundertwasser-schule.de\/wp-content\/uploads\/2020\/04\/DSCN9997.jpg\" alt=\"DSCN9997\" \/><\/figure><\/div><div class=\"swiper-slide\" role=\"group\" aria-roledescription=\"slide\" aria-label=\"6 von 13\"><figure class=\"swiper-slide-inner\"><img decoding=\"async\" class=\"swiper-slide-image\" src=\"http:\/\/hundertwasser-schule.de\/wp-content\/uploads\/2020\/04\/IMG_0890.jpg\" alt=\"IMG_0890\" \/><\/figure><\/div><div class=\"swiper-slide\" role=\"group\" aria-roledescription=\"slide\" aria-label=\"7 von 13\"><figure class=\"swiper-slide-inner\"><img decoding=\"async\" class=\"swiper-slide-image\" src=\"http:\/\/hundertwasser-schule.de\/wp-content\/uploads\/2020\/04\/IMG_1303.jpg\" alt=\"IMG_1303\" \/><\/figure><\/div><div class=\"swiper-slide\" role=\"group\" aria-roledescription=\"slide\" aria-label=\"8 von 13\"><figure class=\"swiper-slide-inner\"><img decoding=\"async\" class=\"swiper-slide-image\" src=\"http:\/\/hundertwasser-schule.de\/wp-content\/uploads\/2020\/04\/IMG_2715.jpg\" alt=\"IMG_2715\" \/><\/figure><\/div><div class=\"swiper-slide\" role=\"group\" aria-roledescription=\"slide\" aria-label=\"9 von 13\"><figure class=\"swiper-slide-inner\"><img decoding=\"async\" class=\"swiper-slide-image\" src=\"http:\/\/hundertwasser-schule.de\/wp-content\/uploads\/2020\/04\/IMG_2726.jpg\" alt=\"IMG_2726\" \/><\/figure><\/div><div class=\"swiper-slide\" role=\"group\" aria-roledescription=\"slide\" aria-label=\"10 von 13\"><figure class=\"swiper-slide-inner\"><img decoding=\"async\" class=\"swiper-slide-image\" src=\"http:\/\/hundertwasser-schule.de\/wp-content\/uploads\/2020\/04\/IMG_2730.jpg\" alt=\"IMG_2730\" \/><\/figure><\/div><div class=\"swiper-slide\" role=\"group\" aria-roledescription=\"slide\" aria-label=\"11 von 13\"><figure class=\"swiper-slide-inner\"><img decoding=\"async\" class=\"swiper-slide-image\" src=\"http:\/\/hundertwasser-schule.de\/wp-content\/uploads\/2020\/04\/IMG_4245.jpg\" alt=\"IMG_4245\" \/><\/figure><\/div><div class=\"swiper-slide\" role=\"group\" aria-roledescription=\"slide\" aria-label=\"12 von 13\"><figure class=\"swiper-slide-inner\"><img decoding=\"async\" class=\"swiper-slide-image\" src=\"http:\/\/hundertwasser-schule.de\/wp-content\/uploads\/2020\/04\/P1030402.jpg\" alt=\"P1030402\" \/><\/figure><\/div><div class=\"swiper-slide\" role=\"group\" aria-roledescription=\"slide\" aria-label=\"13 von 13\"><figure class=\"swiper-slide-inner\"><img decoding=\"async\" class=\"swiper-slide-image\" src=\"http:\/\/hundertwasser-schule.de\/wp-content\/uploads\/2020\/04\/P1030418.jpg\" alt=\"P1030418\" \/><\/figure><\/div>\t\t\t<\/div>\n\t\t\t\t\t\t\t\t\t\t\t\t<div class=\"elementor-swiper-button elementor-swiper-button-prev\" role=\"button\" tabindex=\"0\">\n\t\t\t\t\t\t<i aria-hidden=\"true\" class=\"eicon-chevron-left\"><\/i>\t\t\t\t\t<\/div>\n\t\t\t\t\t<div class=\"elementor-swiper-button elementor-swiper-button-next\" role=\"button\" tabindex=\"0\">\n\t\t\t\t\t\t<i aria-hidden=\"true\" class=\"eicon-chevron-right\"><\/i>\t\t\t\t\t<\/div>\n\t\t\t\t\n\t\t\t\t\t\t\t\t\t<\/div>\n\t\t\t\t\t\t<\/div>\n\t\t\t\t<\/div>\n\t\t\t\t\t<\/div>\n\t\t<\/div>\n\t\t\t\t\t<\/div>\n\t\t<\/section>\n\t\t\t\t<section class=\"elementor-section elementor-top-section elementor-element elementor-element-37b9a4a elementor-section-boxed elementor-section-height-default elementor-section-height-default\" data-id=\"37b9a4a\" data-element_type=\"section\" data-e-type=\"section\">\n\t\t\t\t\t\t<div class=\"elementor-container elementor-column-gap-default\">\n\t\t\t\t\t<div class=\"elementor-column elementor-col-100 elementor-top-column elementor-element elementor-element-638be51\" data-id=\"638be51\" data-element_type=\"column\" data-e-type=\"column\">\n\t\t\t<div class=\"elementor-widget-wrap elementor-element-populated\">\n\t\t\t\t\t\t<div class=\"elementor-element elementor-element-95c8845 elementor-widget elementor-widget-spacer\" data-id=\"95c8845\" data-element_type=\"widget\" data-e-type=\"widget\" data-widget_type=\"spacer.default\">\n\t\t\t\t<div class=\"elementor-widget-container\">\n\t\t\t\t\t\t\t<div class=\"elementor-spacer\">\n\t\t\t<div class=\"elementor-spacer-inner\"><\/div>\n\t\t<\/div>\n\t\t\t\t\t\t<\/div>\n\t\t\t\t<\/div>\n\t\t\t\t\t<\/div>\n\t\t<\/div>\n\t\t\t\t\t<\/div>\n\t\t<\/section>\n\t\t\t\t<\/div>","protected":false},"excerpt":{"rendered":"<p>Die Sozialp\u00e4dagogische Tagesbetreuung bietet den Familien eine verl\u00e4ssliche Betreuung in der ersten Ferienh\u00e4lfte an.\u00a0\u00a0Das hei\u00dft, dass jeweils in der ersten Woche der Oster- und Herbstferien sowie in den ersten drei Wochen der Sommerferien eine Ferienbetreuung von 09-16Uhr stattfindet. Ebenso hat die Sozialp\u00e4dagogische Tagesbetreuung an den Br\u00fcckentagen von 09-16 Uhr, bzw. freitags bis 15:00 Uhr ge\u00f6ffnet. [&hellip;]<\/p>\n","protected":false},"author":1,"featured_media":0,"parent":0,"menu_order":0,"comment_status":"closed","ping_status":"closed","template":"elementor_header_footer","meta":{"footnotes":""},"class_list":["post-63","page","type-page","status-publish","hentry"],"_links":{"self":[{"href":"https:\/\/hundertwasser-schule.de\/tr_tr\/wp-json\/wp\/v2\/pages\/63","targetHints":{"allow":["GET"]}}],"collection":[{"href":"https:\/\/hundertwasser-schule.de\/tr_tr\/wp-json\/wp\/v2\/pages"}],"about":[{"href":"https:\/\/hundertwasser-schule.de\/tr_tr\/wp-json\/wp\/v2\/types\/page"}],"author":[{"embeddable":true,"href":"https:\/\/hundertwasser-schule.de\/tr_tr\/wp-json\/wp\/v2\/users\/1"}],"replies":[{"embeddable":true,"href":"https:\/\/hundertwasser-schule.de\/tr_tr\/wp-json\/wp\/v2\/comments?post=63"}],"version-history":[{"count":5,"href":"https:\/\/hundertwasser-schule.de\/tr_tr\/wp-json\/wp\/v2\/pages\/63\/revisions"}],"predecessor-version":[{"id":1092,"href":"https:\/\/hundertwasser-schule.de\/tr_tr\/wp-json\/wp\/v2\/pages\/63\/revisions\/1092"}],"wp:attachment":[{"href":"https:\/\/hundertwasser-schule.de\/tr_tr\/wp-json\/wp\/v2\/media?parent=63"}],"curies":[{"name":"wp","href":"https:\/\/api.w.org\/{rel}","templated":true}]}}