{"id":831,"date":"2020-04-14T08:13:26","date_gmt":"2020-04-14T06:13:26","guid":{"rendered":"https:\/\/neu.hundertwasser-schule.de\/?page_id=831"},"modified":"2020-06-02T13:46:02","modified_gmt":"2020-06-02T11:46:02","slug":"chronik","status":"publish","type":"page","link":"https:\/\/hundertwasser-schule.de\/tr_tr\/chronik\/","title":{"rendered":"Chronicle"},"content":{"rendered":"<div data-elementor-type=\"wp-page\" data-elementor-id=\"831\" class=\"elementor elementor-831\" data-elementor-post-type=\"page\">\n\t\t\t\t\t\t<section class=\"elementor-section elementor-top-section elementor-element elementor-element-66bfb059 elementor-section-stretched elementor-section-full_width elementor-section-height-default elementor-section-height-default\" data-id=\"66bfb059\" data-element_type=\"section\" data-e-type=\"section\" data-settings=\"{&quot;stretch_section&quot;:&quot;section-stretched&quot;}\">\n\t\t\t\t\t\t<div class=\"elementor-container elementor-column-gap-no\">\n\t\t\t\t\t<div class=\"elementor-column elementor-col-100 elementor-top-column elementor-element elementor-element-113c281\" data-id=\"113c281\" data-element_type=\"column\" data-e-type=\"column\">\n\t\t\t<div class=\"elementor-widget-wrap elementor-element-populated\">\n\t\t\t\t\t\t<div class=\"elementor-element elementor-element-218cd49d elementor-widget elementor-widget-image\" data-id=\"218cd49d\" data-element_type=\"widget\" data-e-type=\"widget\" data-widget_type=\"image.default\">\n\t\t\t\t<div class=\"elementor-widget-container\">\n\t\t\t\t\t\t\t\t\t\t\t\t\t\t\t<img fetchpriority=\"high\" decoding=\"async\" width=\"1920\" height=\"230\" src=\"https:\/\/hundertwasser-schule.de\/wp-content\/uploads\/2020\/03\/bild1.jpg\" class=\"attachment-full size-full wp-image-108\" alt=\"\" srcset=\"https:\/\/hundertwasser-schule.de\/wp-content\/uploads\/2020\/03\/bild1.jpg 1920w, https:\/\/hundertwasser-schule.de\/wp-content\/uploads\/2020\/03\/bild1-300x36.jpg 300w, https:\/\/hundertwasser-schule.de\/wp-content\/uploads\/2020\/03\/bild1-1024x123.jpg 1024w, https:\/\/hundertwasser-schule.de\/wp-content\/uploads\/2020\/03\/bild1-768x92.jpg 768w, https:\/\/hundertwasser-schule.de\/wp-content\/uploads\/2020\/03\/bild1-1536x184.jpg 1536w, https:\/\/hundertwasser-schule.de\/wp-content\/uploads\/2020\/03\/bild1-20x2.jpg 20w\" sizes=\"(max-width: 1920px) 100vw, 1920px\" \/>\t\t\t\t\t\t\t\t\t\t\t\t\t\t\t<\/div>\n\t\t\t\t<\/div>\n\t\t\t\t\t<\/div>\n\t\t<\/div>\n\t\t\t\t\t<\/div>\n\t\t<\/section>\n\t\t\t\t<section class=\"elementor-section elementor-top-section elementor-element elementor-element-f645f83 elementor-section-height-min-height elementor-section-boxed elementor-section-height-default elementor-section-items-middle\" data-id=\"f645f83\" data-element_type=\"section\" data-e-type=\"section\" data-settings=\"{&quot;background_background&quot;:&quot;classic&quot;}\">\n\t\t\t\t\t\t<div class=\"elementor-container elementor-column-gap-default\">\n\t\t\t\t\t<div class=\"elementor-column elementor-col-100 elementor-top-column elementor-element elementor-element-4f387853\" data-id=\"4f387853\" data-element_type=\"column\" data-e-type=\"column\">\n\t\t\t<div class=\"elementor-widget-wrap elementor-element-populated\">\n\t\t\t\t\t\t\t<\/div>\n\t\t<\/div>\n\t\t\t\t\t<\/div>\n\t\t<\/section>\n\t\t\t\t<section class=\"elementor-section elementor-top-section elementor-element elementor-element-48928502 elementor-section-boxed elementor-section-height-default elementor-section-height-default\" data-id=\"48928502\" data-element_type=\"section\" data-e-type=\"section\">\n\t\t\t\t\t\t<div class=\"elementor-container elementor-column-gap-default\">\n\t\t\t\t\t<div class=\"elementor-column elementor-col-100 elementor-top-column elementor-element elementor-element-e277d8b\" data-id=\"e277d8b\" data-element_type=\"column\" data-e-type=\"column\">\n\t\t\t<div class=\"elementor-widget-wrap elementor-element-populated\">\n\t\t\t\t\t\t<div class=\"elementor-element elementor-element-709bfa05 elementor-widget elementor-widget-spacer\" data-id=\"709bfa05\" data-element_type=\"widget\" data-e-type=\"widget\" data-widget_type=\"spacer.default\">\n\t\t\t\t<div class=\"elementor-widget-container\">\n\t\t\t\t\t\t\t<div class=\"elementor-spacer\">\n\t\t\t<div class=\"elementor-spacer-inner\"><\/div>\n\t\t<\/div>\n\t\t\t\t\t\t<\/div>\n\t\t\t\t<\/div>\n\t\t\t\t\t<\/div>\n\t\t<\/div>\n\t\t\t\t\t<\/div>\n\t\t<\/section>\n\t\t\t\t<section class=\"elementor-section elementor-top-section elementor-element elementor-element-8a6b267 elementor-section-boxed elementor-section-height-default elementor-section-height-default\" data-id=\"8a6b267\" data-element_type=\"section\" data-e-type=\"section\">\n\t\t\t\t\t\t<div class=\"elementor-container elementor-column-gap-default\">\n\t\t\t\t\t<div class=\"elementor-column elementor-col-100 elementor-top-column elementor-element elementor-element-14335ed\" data-id=\"14335ed\" data-element_type=\"column\" data-e-type=\"column\">\n\t\t\t<div class=\"elementor-widget-wrap elementor-element-populated\">\n\t\t\t\t\t\t<div class=\"elementor-element elementor-element-866b38c elementor-widget elementor-widget-text-editor\" data-id=\"866b38c\" data-element_type=\"widget\" data-e-type=\"widget\" data-widget_type=\"text-editor.default\">\n\t\t\t\t<div class=\"elementor-widget-container\">\n\t\t\t\t\t\t\t\t\t<div class=\"vc_row wpb_row vc_row-fluid\"><div class=\"wpb_column vc_column_container vc_col-sm-12\"><div class=\"vc_column-inner\"><div class=\"wpb_wrapper\"><div class=\"wpb_text_column wpb_content_element\"><div class=\"wpb_wrapper\"><div><div class=\"ueberschrift\">G\u00fcnl\u00fck: Sundern II Okulundan Hundertwasser Okuluna<\/div><\/div><\/div><\/div><\/div><\/div><\/div><\/div><div class=\"vc_row wpb_row vc_row-fluid\"><div class=\"wpb_column vc_column_container vc_col-sm-12\"><div class=\"vc_column-inner\"><div class=\"wpb_wrapper\"><div class=\"wpb_text_column wpb_content_element\"><div class=\"wpb_wrapper\"><div><div>\u00a0<\/div><\/div><p>Hundertwasser Okulu'nun ve ondan \u00f6nceki okulun tarihi ve okul binas\u0131n\u0131n ge\u00e7mi\u015fi hakk\u0131nda k\u00fc\u00e7\u00fck bir okul tarih\u00e7esi bulunmaktad\u0131r. Bu tarih\u00e7e 2007 y\u0131l\u0131nda Rudolf Hermann taraf\u0131ndan yaz\u0131lm\u0131\u015ft\u0131r. Bay Hermann 1936 Paskalya's\u0131ndan 1944 Paskalya's\u0131na kadar bu okulda \u00f6\u011frenci olarak bulunmu\u015ftur. Rudolf Hermann bug\u00fcn hem G\u00fctersloh Heimatverein'\u0131n bir \u00fcyesi hem de G\u00fctersloh \u015eehir Ar\u015fivi'nin g\u00f6n\u00fcll\u00fc bir \u00e7al\u0131\u015fan\u0131 olarak G\u00fctersloh \u015fehrinin tarihiyle yak\u0131ndan ilgilenmektedir.<\/p><p>Onun kroni\u011fini bulabilirsiniz\u00a0<a href=\"http:\/\/hundertwasser-schule.de\/wp-content\/uploads\/2020\/06\/Von-der-Schule-Sundern-II-zur-Hundertwasser-Schule.pdf\">Burada.<\/a><\/p><\/div><\/div><\/div><\/div><\/div><\/div>\t\t\t\t\t\t\t\t<\/div>\n\t\t\t\t<\/div>\n\t\t\t\t\t<\/div>\n\t\t<\/div>\n\t\t\t\t\t<\/div>\n\t\t<\/section>\n\t\t\t\t<section class=\"elementor-section elementor-top-section elementor-element elementor-element-f05e9cc elementor-section-boxed elementor-section-height-default elementor-section-height-default\" data-id=\"f05e9cc\" data-element_type=\"section\" data-e-type=\"section\">\n\t\t\t\t\t\t<div class=\"elementor-container elementor-column-gap-default\">\n\t\t\t\t\t<div class=\"elementor-column elementor-col-100 elementor-top-column elementor-element elementor-element-39debe0\" data-id=\"39debe0\" data-element_type=\"column\" data-e-type=\"column\">\n\t\t\t<div class=\"elementor-widget-wrap elementor-element-populated\">\n\t\t\t\t\t\t<div class=\"elementor-element elementor-element-00f9cfe elementor-widget elementor-widget-spacer\" data-id=\"00f9cfe\" data-element_type=\"widget\" data-e-type=\"widget\" data-widget_type=\"spacer.default\">\n\t\t\t\t<div class=\"elementor-widget-container\">\n\t\t\t\t\t\t\t<div class=\"elementor-spacer\">\n\t\t\t<div class=\"elementor-spacer-inner\"><\/div>\n\t\t<\/div>\n\t\t\t\t\t\t<\/div>\n\t\t\t\t<\/div>\n\t\t\t\t\t<\/div>\n\t\t<\/div>\n\t\t\t\t\t<\/div>\n\t\t<\/section>\n\t\t\t\t<\/div>","protected":false},"excerpt":{"rendered":"<p>Chronik: Von der Schule Sundern II zur Hundertwasser-Schule\u00a0 Zur Geschichte der Hundertwasser-Schule bzw. ihrer Vorl\u00e4uferschule und zur Geschichte des Schulgb\u00e4udes gibt es eine kleine Schulchronik. Diese Chronik ist verfasst von Rudolf Hermann, der diese Chronik im Jahr 2007 geschrieben hat. Herr Hermann hat diese Schule\u00a0 in der Zeit von Ostern 1936 bis Ostern 1944 als [&hellip;]<\/p>\n","protected":false},"author":1,"featured_media":0,"parent":0,"menu_order":0,"comment_status":"closed","ping_status":"closed","template":"elementor_header_footer","meta":{"footnotes":""},"class_list":["post-831","page","type-page","status-publish","hentry"],"_links":{"self":[{"href":"https:\/\/hundertwasser-schule.de\/tr_tr\/wp-json\/wp\/v2\/pages\/831","targetHints":{"allow":["GET"]}}],"collection":[{"href":"https:\/\/hundertwasser-schule.de\/tr_tr\/wp-json\/wp\/v2\/pages"}],"about":[{"href":"https:\/\/hundertwasser-schule.de\/tr_tr\/wp-json\/wp\/v2\/types\/page"}],"author":[{"embeddable":true,"href":"https:\/\/hundertwasser-schule.de\/tr_tr\/wp-json\/wp\/v2\/users\/1"}],"replies":[{"embeddable":true,"href":"https:\/\/hundertwasser-schule.de\/tr_tr\/wp-json\/wp\/v2\/comments?post=831"}],"version-history":[{"count":3,"href":"https:\/\/hundertwasser-schule.de\/tr_tr\/wp-json\/wp\/v2\/pages\/831\/revisions"}],"predecessor-version":[{"id":1116,"href":"https:\/\/hundertwasser-schule.de\/tr_tr\/wp-json\/wp\/v2\/pages\/831\/revisions\/1116"}],"wp:attachment":[{"href":"https:\/\/hundertwasser-schule.de\/tr_tr\/wp-json\/wp\/v2\/media?parent=831"}],"curies":[{"name":"wp","href":"https:\/\/api.w.org\/{rel}","templated":true}]}}