{"id":851,"date":"2020-04-14T08:16:03","date_gmt":"2020-04-14T06:16:03","guid":{"rendered":"https:\/\/neu.hundertwasser-schule.de\/?page_id=851"},"modified":"2020-04-14T12:17:52","modified_gmt":"2020-04-14T10:17:52","slug":"presseinfo-2","status":"publish","type":"page","link":"https:\/\/hundertwasser-schule.de\/tr_tr\/presseinfo-2\/","title":{"rendered":"Bas\u0131n b\u00fclteni"},"content":{"rendered":"<div data-elementor-type=\"wp-page\" data-elementor-id=\"851\" class=\"elementor elementor-851\" data-elementor-post-type=\"page\">\n\t\t\t\t\t\t<section class=\"elementor-section elementor-top-section elementor-element elementor-element-3c74706b elementor-section-stretched elementor-section-full_width elementor-section-height-default elementor-section-height-default\" data-id=\"3c74706b\" data-element_type=\"section\" data-e-type=\"section\" data-settings=\"{&quot;stretch_section&quot;:&quot;section-stretched&quot;}\">\n\t\t\t\t\t\t<div class=\"elementor-container elementor-column-gap-no\">\n\t\t\t\t\t<div class=\"elementor-column elementor-col-100 elementor-top-column elementor-element elementor-element-50667664\" data-id=\"50667664\" data-element_type=\"column\" data-e-type=\"column\">\n\t\t\t<div class=\"elementor-widget-wrap elementor-element-populated\">\n\t\t\t\t\t\t<div class=\"elementor-element elementor-element-64027a3a elementor-widget elementor-widget-image\" data-id=\"64027a3a\" data-element_type=\"widget\" data-e-type=\"widget\" data-widget_type=\"image.default\">\n\t\t\t\t<div class=\"elementor-widget-container\">\n\t\t\t\t\t\t\t\t\t\t\t\t\t\t\t<img fetchpriority=\"high\" decoding=\"async\" width=\"1920\" height=\"230\" src=\"http:\/\/hundertwasser-schule.de\/wp-content\/uploads\/2020\/03\/bild1.jpg\" class=\"attachment-full size-full wp-image-108\" alt=\"\" srcset=\"http:\/\/hundertwasser-schule.de\/wp-content\/uploads\/2020\/03\/bild1.jpg 1920w, http:\/\/hundertwasser-schule.de\/wp-content\/uploads\/2020\/03\/bild1-300x36.jpg 300w, http:\/\/hundertwasser-schule.de\/wp-content\/uploads\/2020\/03\/bild1-1024x123.jpg 1024w, http:\/\/hundertwasser-schule.de\/wp-content\/uploads\/2020\/03\/bild1-768x92.jpg 768w, http:\/\/hundertwasser-schule.de\/wp-content\/uploads\/2020\/03\/bild1-1536x184.jpg 1536w, http:\/\/hundertwasser-schule.de\/wp-content\/uploads\/2020\/03\/bild1-20x2.jpg 20w\" sizes=\"(max-width: 1920px) 100vw, 1920px\" \/>\t\t\t\t\t\t\t\t\t\t\t\t\t\t\t<\/div>\n\t\t\t\t<\/div>\n\t\t\t\t\t<\/div>\n\t\t<\/div>\n\t\t\t\t\t<\/div>\n\t\t<\/section>\n\t\t\t\t<section class=\"elementor-section elementor-top-section elementor-element elementor-element-4f9a8843 elementor-section-height-min-height elementor-section-boxed elementor-section-height-default elementor-section-items-middle\" data-id=\"4f9a8843\" data-element_type=\"section\" data-e-type=\"section\" data-settings=\"{&quot;background_background&quot;:&quot;classic&quot;}\">\n\t\t\t\t\t\t<div class=\"elementor-container elementor-column-gap-default\">\n\t\t\t\t\t<div class=\"elementor-column elementor-col-100 elementor-top-column elementor-element elementor-element-17041e88\" data-id=\"17041e88\" data-element_type=\"column\" data-e-type=\"column\">\n\t\t\t<div class=\"elementor-widget-wrap elementor-element-populated\">\n\t\t\t\t\t\t\t<\/div>\n\t\t<\/div>\n\t\t\t\t\t<\/div>\n\t\t<\/section>\n\t\t\t\t<section class=\"elementor-section elementor-top-section elementor-element elementor-element-47dc2325 elementor-section-boxed elementor-section-height-default elementor-section-height-default\" data-id=\"47dc2325\" data-element_type=\"section\" data-e-type=\"section\">\n\t\t\t\t\t\t<div class=\"elementor-container elementor-column-gap-default\">\n\t\t\t\t\t<div class=\"elementor-column elementor-col-100 elementor-top-column elementor-element elementor-element-699a63e7\" data-id=\"699a63e7\" data-element_type=\"column\" data-e-type=\"column\">\n\t\t\t<div class=\"elementor-widget-wrap elementor-element-populated\">\n\t\t\t\t\t\t<div class=\"elementor-element elementor-element-74cdb4ae elementor-widget elementor-widget-spacer\" data-id=\"74cdb4ae\" data-element_type=\"widget\" data-e-type=\"widget\" data-widget_type=\"spacer.default\">\n\t\t\t\t<div class=\"elementor-widget-container\">\n\t\t\t\t\t\t\t<div class=\"elementor-spacer\">\n\t\t\t<div class=\"elementor-spacer-inner\"><\/div>\n\t\t<\/div>\n\t\t\t\t\t\t<\/div>\n\t\t\t\t<\/div>\n\t\t\t\t\t<\/div>\n\t\t<\/div>\n\t\t\t\t\t<\/div>\n\t\t<\/section>\n\t\t\t\t<section class=\"elementor-section elementor-top-section elementor-element elementor-element-8a7cbd4 elementor-section-boxed elementor-section-height-default elementor-section-height-default\" data-id=\"8a7cbd4\" data-element_type=\"section\" data-e-type=\"section\">\n\t\t\t\t\t\t<div class=\"elementor-container elementor-column-gap-default\">\n\t\t\t\t\t<div class=\"elementor-column elementor-col-100 elementor-top-column elementor-element elementor-element-99a22aa\" data-id=\"99a22aa\" data-element_type=\"column\" data-e-type=\"column\">\n\t\t\t<div class=\"elementor-widget-wrap elementor-element-populated\">\n\t\t\t\t\t\t<div class=\"elementor-element elementor-element-082071a elementor-widget elementor-widget-text-editor\" data-id=\"082071a\" data-element_type=\"widget\" data-e-type=\"widget\" data-widget_type=\"text-editor.default\">\n\t\t\t\t<div class=\"elementor-widget-container\">\n\t\t\t\t\t\t\t\t\t<p><em>Bell'in nazik izniyle yay\u0131mlanm\u0131\u015ft\u0131r<\/em><\/p><p><strong>\u0130yi \u00f6\u011frenmek ve ya\u015famak i\u00e7in bir yer\u00a0\u00a0\u00a0<\/strong><br \/>G\u00fctersloh (bit). \u00c7ocuk otob\u00fcs\u00fc davullar\u0131 bunu duyuruyor ve okul m\u00fcd\u00fcr\u00fc Gerhard Dickers memnun: ilk\u00f6\u011fretimde duygusal ve sosyal geli\u015fime odaklanan Hundertwasser Okulu, G\u00fctersloh Holzstra\u00dfe'deki eski Volkening Okulu'nun yerinde \"ger\u00e7ek bir yuva buldu\". \"Kendinizi evinizde hissetmeniz gereken bir \u00f6\u011frenim ve ya\u015fam yeri\".<br \/>D\u00f6n\u00fc\u015f\u00fcm ve mimari a\u00e7\u0131dan \u00e7arp\u0131c\u0131 eklentinin ard\u0131ndan Belediye Ba\u015fkan\u0131 Maria Unger, \u00f6\u011frenciler ve \u015fehir i\u00e7in harika bir g\u00fcn oldu\u011funu s\u00f6yledi. Be\u015f y\u0131l \u00f6nce G\u00fctersloh b\u00f6lgesinin himayesinde Edith Stein Okulu'nda kurulan Hundertwasser Okulu, daha sonra Anne Frank Kapsaml\u0131 Okulu'nun bulundu\u011fu mahalleye ta\u015f\u0131nd\u0131 ve 2006 y\u0131l\u0131ndan bu yana belediye okulu olarak hizmet veriyor. Unger, okula ad\u0131n\u0131 veren sanat\u00e7\u0131n\u0131n renk zenginli\u011fine at\u0131fta bulundu. Yarat\u0131c\u0131l\u0131k arayan \u00f6\u011frencilere hitap ediyor. Belediye Ba\u015fkan\u0131, \"\u015fehre d\u00fc\u015fen ya\u011fmur damlas\u0131nda\" \u00e7ocuklar\u0131n kendi arzular\u0131yla paralellikler bulaca\u011f\u0131n\u0131 s\u00f6yledi.<br \/>NRW E\u011fitim Bakan\u0131 Barbara Sommer de konuk olarak, okul enc\u00fcmeni olarak g\u00f6rev yapt\u0131\u011f\u0131 G\u00fctersloh \u015fehri ve il\u00e7esiyle olan yak\u0131n ba\u011flar\u0131n\u0131n alt\u0131n\u0131 \u00e7izdi. \u00c7ocuklarla diyalog kurmak istedi ancak \u00e7ocuklar \u00e7oktan okul servisine binmi\u015fti. Sonra Hundertwasser hakk\u0131nda konu\u015fmak istedi. Unger ondan \u00f6nce davrand\u0131. Yine de bakan, teknesiyle erkek ve k\u0131z \u00e7ocuklar\u0131n\u0131n fantezilerini canland\u0131ran sanat\u00e7\u0131n\u0131n yan\u0131nda kald\u0131. Hayat\u0131n karanl\u0131k ve ayd\u0131nl\u0131k taraflar\u0131 vard\u0131r. Sommer, her zaman d\u00fcz \u00e7izgiye kar\u015f\u0131 \u00e7\u0131kan Hundertwasser'e ve onun renkli resimlerine minnettarl\u0131k duydu.<br \/>Dickers, bu ilk meslekta\u015f\u0131 Kerstin Richter ile olan diyalo\u011funda ba\u015flang\u0131c\u0131 \"Bir okul m\u00fcd\u00fcr\u00fc, bir meslekta\u015f ve be\u015f \u00e7ocuk\" diye tan\u0131mlad\u0131. M\u00fcd\u00fcr, \"C\u00fcce okulu bile de\u011fildik ve biraz alay konusu olmu\u015ftuk,\" diye hat\u0131rl\u0131yor. Detmold'daki okul departman\u0131 ba\u015fkan\u0131 Siegfried Lieske'ye ve b\u00f6lge y\u00f6netimindeki okul y\u00f6netim kurulu \u00fcyesi Hartmut Stieghorst'a destekleri i\u00e7in te\u015fekk\u00fcr etti. 2006'da G\u00fctersloh \u015fehrine transferini \u015fansl\u0131 bir an olarak nitelendirdi, \u00e7\u00fcnk\u00fc \u015fehir tam g\u00fcn a\u00e7\u0131k kapsaml\u0131 okullar\u0131 yeni yeni d\u00fc\u015f\u00fcn\u00fcyordu. Dockers, Hundertwasser Okulunun, \u015fehrin okul ve gen\u00e7lik daireleriyle i\u015fbirli\u011fi i\u00e7inde sosyal e\u011fitime odaklanan ve t\u00fcm g\u00fcn a\u00e7\u0131k bir tesis olarak mevcut halini \u00f6rnek bir vaka olarak de\u011ferlendirdi.<br \/>Konuklar aras\u0131nda Ursula Doppmeier MdL ve B\u00f6lge Ba\u015fkan\u0131 Marianne Thomann-Stahl da yer ald\u0131. \u00c7ok \u00f6zel bir konuk Lisa Weber (92) idi. Babas\u0131n\u0131n bir zamanlar m\u00fcd\u00fcrl\u00fck yapt\u0131\u011f\u0131 ve kendisinin de 30 y\u0131l boyunca \u00f6\u011fretmenlik yapt\u0131\u011f\u0131 Volkening Okulu'nun \u00f6\u011fretmen dairesinde 80 y\u0131l boyunca ya\u015fam\u0131\u015ft\u0131r.<br \/>(15.09.2007 tarihinde Die Glocke'de yay\u0131nlanm\u0131\u015ft\u0131r)<\/p><p><em>Westfalen Blatt'\u0131n nazik izniyle yay\u0131mlanm\u0131\u015ft\u0131r<\/em><\/p><p><strong>Ad\u0131n\u0131 \u00e7ok yetenekli<\/strong><br \/>Hundertwasser Okulu bug\u00fcn a\u00e7\u0131ld\u0131<br \/>Sanat\u00e7\u0131, \u00e7ok yetenekli ve \u00e7evreci Hundertwasser'in ad\u0131n\u0131 ta\u015f\u0131yan okulun ad\u0131 \"F\u00f6rderschule der Stadt G\u00fctersloh\" (G\u00fctersloh \u015fehrinin \u00f6zel okulu). \u00d6zel okul, yer de\u011fi\u015ftirdikten sonra \u015fimdi Holzstra\u00dfe 30 adresinde yeni evini buldu.<br \/>Okul, 1 A\u011fustos 2006 tarihinden bu yana belediyeye aittir. 2002 y\u0131l\u0131nda be\u015f \u00f6\u011frenciden olu\u015fan bir s\u0131n\u0131f ve \u00f6zel ihtiya\u00e7lar e\u011fitimi i\u00e7in bir \u00f6\u011fretmenle G\u00fctersloh b\u00f6lgesinin e\u011fitim destek okulu olarak kuruldu ve \u015fu anda Holzstra\u00dfe'de bulunuyor.<br \/>Yeni okul binas\u0131n\u0131n resmi a\u00e7\u0131l\u0131\u015f\u0131 bug\u00fcn (Cuma) saat 14.30'da yap\u0131lacak. Kuzey Ren-Vestfalya Eyaleti E\u011fitim Bakan\u0131 Barbara Sommer'in de kat\u0131lmas\u0131 bekleniyor. Okul M\u00fcd\u00fcr\u00fc Gerhard Dickers, \"Hundertwasser Okulunun Be\u015f Y\u0131l\u0131\" ba\u015fl\u0131kl\u0131 sunumunda okulun geli\u015fimini de\u011ferlendirecek ve gelece\u011fe y\u00f6nelik beklentilerini \u00f6zetleyecek. Detmold'daki okul departman\u0131n\u0131n ba\u015fkan\u0131 Siegfried Lieske, de\u011fi\u015fen okul ortam\u0131 ba\u011flam\u0131nda Hundertwasser Okulu hakk\u0131nda bir sunum yapacak. Resmi program okulun gezilmesiyle sona erecek.<br \/>Yeni konum, ge\u00e7ici d\u00fczenlemelerin alt\u0131na bir \u00e7izgi \u00e7ekmektedir: \u00d6zel okul 2002-2004 y\u0131llar\u0131 aras\u0131nda Edith Stein Okulu'nda, 2004-2007 y\u0131llar\u0131 aras\u0131nda ise ge\u00e7ici olarak Anne Frank Okulu'nda yer alm\u0131\u015ft\u0131r. Bununla birlikte, \u00f6\u011fretmen ekibi s\u00fcrekli olarak bu okulun geli\u015fimi i\u00e7in \u00e7al\u0131\u015fm\u0131\u015ft\u0131r. 2007\/2008 \u00f6\u011fretim y\u0131l\u0131n\u0131n ba\u015f\u0131ndan itibaren \u00f6zel okul, t\u00fcm g\u00fcn a\u00e7\u0131k bir okul olarak faaliyet g\u00f6sterecektir. Bu \u015fekilde Hundertwasser Okulu, yakla\u015f\u0131k 50 \u00f6\u011frencisinin duygusal ve sosyal geli\u015fimini desteklemek istemektedir. Sozialp\u00e4dagogisches und Psychomotorisches Institut G\u00fctersloh (SPI) ve G\u00fctersloh \u015fehri ile ilgili bir anla\u015fma sorumlular taraf\u0131ndan imzalanm\u0131\u015ft\u0131r. SPI ile Gen\u00e7lik Dairesi'nin rehabilitasyon ve e\u011fitim deste\u011fi alanlar\u0131nda y\u0131llard\u0131r birlikte \u00e7al\u0131\u015ft\u0131\u011f\u0131 bir sa\u011flay\u0131c\u0131 t\u00fcm g\u00fcn bak\u0131m hizmetini devral\u0131yor. Belediye, eski Volkening Okulunun geni\u015fletilmesi i\u00e7in \u00fc\u00e7 milyon Avro yat\u0131r\u0131m yapm\u0131\u015ft\u0131r. D\u00fcz \u00e7izgi yok: Eski Volkening Okulu'nun arka cephesi, kendi ad\u0131n\u0131 ta\u015f\u0131yan okul i\u00e7in sanat\u00e7\u0131 Hundertwasser'in ruhuna uygun olarak tasarlanm\u0131\u015ft\u0131r.<br \/>(14.09.2007 tarihinde Westfalen-Blatt gazetesinde yay\u0131nlanm\u0131\u015ft\u0131r)<\/p><p><em>Westfalen Blatt'\u0131n nazik izniyle yay\u0131mlanm\u0131\u015ft\u0131r\u00a0<\/em><\/p><p><strong>\u00c7ocuklar\u0131n d\u00fcnyas\u0131 her zaman renkli de\u011fildir<\/strong><br \/><strong>Hundertwasser Okulu resmi olarak a\u00e7\u0131ld\u0131<\/strong><br \/>Michael Delker taraf\u0131ndan<\/p><p>Okul M\u00fcd\u00fcr\u00fc Gerhard Dicker, Belediye Ba\u015fkan\u0131 Maria Unger'den minyat\u00fcr bir Hundertwasser evi hediye ald\u0131. Okul Bakan\u0131 Barbara Sommer a\u00e7\u0131l\u0131\u015f t\u00f6reninde bir selamlama konu\u015fmas\u0131 yapt\u0131.<\/p><p>G\u00fctersloh (WB) Ge\u00e7ici d\u00fczenlemeler d\u00f6nemi sona erdi. Eski Volkening Okulu'nun bir ek bina+ ile geni\u015fletilmesinin ard\u0131ndan, Hundertwasser Okulu Cuma g\u00fcn\u00fc \u00f6\u011fleden sonra yeni binas\u0131n\u0131n resmi a\u00e7\u0131l\u0131\u015f\u0131n\u0131 yapabildi. Edith Stein Okulu'nda ve Anne Frank Okulu'ndaki ge\u00e7ici bir binada ge\u00e7en y\u0131llar\u0131n ard\u0131ndan, \u00f6zel okul nihayet bir ev buldu. Bu ad\u0131m\u0131n \u00e7ocuklar, ebeveynler ve \u00f6\u011fretmenler i\u00e7in \u00f6nemi Belediye Ba\u015fkan\u0131 Maria Unger'in hediyesiyle daha da netle\u015fti: Okul m\u00fcd\u00fcr\u00fc Gerhard Dickers'e minyat\u00fcr bir Hundertwasser evi hediye etti - ku\u015f evi olarak da kullan\u0131labiliyor.<\/p><p>Daha \u00f6nce G\u00fctersloh b\u00f6lgesinde okul enc\u00fcmeni olarak \u00e7al\u0131\u015fan Kuzey Ren-Vestfalya E\u011fitim Bakan\u0131 Barbara Sommer (\"En iyi mesleki deneyimimi burada ya\u015fad\u0131m\") bir selamlama konu\u015fmas\u0131 yapt\u0131. Davetlilere, sanat\u00e7\u0131 Friedensreich Hundertwasser'in ya\u015fam\u0131 boyunca kendisine \"Dunkelbunt\" ad\u0131n\u0131 verdi\u011fini s\u00f6yledi. \"Bu isim burada okula giden \u00e7ocuklara \u00e7ok yak\u0131\u015f\u0131yor. Onlar\u0131n d\u00fcnyas\u0131 her zaman renkli de\u011fil,\" diyor Barbara Sommer. Hundertwasser Okulu, geleneksel okul t\u00fcrleriyle ba\u015f edemeyen \u00e7ocuklar\u0131n duygusal ve sosyal geli\u015fimlerini desteklemeyi kendine hedef olarak belirlemi\u015ftir.<\/p><p>Meslekta\u015f\u0131 Kerstin Richter ile sohbet eden Gerhard Dickers, be\u015f y\u0131l \u00f6nce okulun kurulu\u015funu an\u0131msad\u0131. O zamanlar sadece be\u015f \u00f6\u011frencimiz vard\u0131 ve \"muhtemelen Kuzey Ren-Vestfalya'daki en k\u00fc\u00e7\u00fck okulduk.\" O zamandan beri okul yava\u015f yava\u015f geli\u015fti ve bu iyi bir \u015fey.<\/p><p>(15.09.2007 tarihinde Westfalen-Blatt gazetesinde yay\u0131nlanm\u0131\u015ft\u0131r)<\/p><p><em>NW - Neue Westf\u00e4lische'nin nazik izniyle yay\u0131nlanm\u0131\u015ft\u0131r.\u00a0<\/em><big><big><small><br \/><big><big><small><\/small><\/big><\/big><\/small><\/big><\/big><\/p><p><strong>Sonunda bir ev buldum<\/strong><br \/><strong>G\u00fctersloh yeni bir okula kavu\u015ftu \/ Bakan Sommer ile a\u00e7\u0131l\u0131\u015f\u00a0<\/strong><br \/>TARAFINDAN ROLF BIRKHOLZ<br \/>G\u00fctersloh. \"Biz bu d\u00fcnyan\u0131n \u00e7ocuklar\u0131y\u0131z ve istedi\u011fimiz gibi davul \u00e7alar\u0131z\". Davul \u00e7alan, \u015fark\u0131 s\u00f6yleyen, \u0131sl\u0131k \u00e7alan Hundertwasser Okulu \u00f6\u011frencileri d\u00fcn Okul Bakan\u0131 Barbara Sommer, B\u00f6lge Ba\u015fkan\u0131 Marianne Thomann-Stahl ve di\u011fer konuklar\u0131 okullar\u0131n\u0131n a\u00e7\u0131l\u0131\u015f t\u00f6reninde kar\u015f\u0131lad\u0131. Bir Afrika davulu projesinin sonu\u00e7lar\u0131 olan m\u00fczik ve \u015fark\u0131lar, \u00f6\u011frencilerin sanat\u00e7\u0131 ve \u00e7evreci Friedensreich Hundertwasser'in ad\u0131n\u0131 ta\u015f\u0131yan Oststra\u00dfe\/Holzstra\u00dfe'deki eski Volkening Okulu'nun bir ek bina ile geni\u015fletilen evlerini \u00e7oktan ele ge\u00e7irmi\u015f gibi g\u00f6r\u00fcnmelerini sa\u011flad\u0131.<br \/>Okul M\u00fcd\u00fcr\u00fc Gerhard Dickers, 2002 y\u0131l\u0131nda kurulan ve ba\u015flang\u0131\u00e7ta il\u00e7eye ait olan ancak daha sonra belediye okulu haline gelen duygusal ve sosyal geli\u015fim odakl\u0131 \u00f6zel okulun, iki ta\u015f\u0131nman\u0131n ard\u0131ndan yeni yerinde \"ger\u00e7ek bir yuva\" bulmas\u0131ndan ve hem okula gidilecek hem de ya\u015fanacak bir yer haline gelmesinden memnuniyet duydu\u011funu ifade etti. Belediye mimar\u0131 Karl-Heinz Rempe'nin tasar\u0131mlar\u0131n\u0131n \"Hundertwasser'in ruhuna uygun mutlu alanlar yaratabilmesi\" b\u00fcy\u00fck bir \u015fanst\u0131. Dickers, merkezin g\u00fcnd\u00fcz bak\u0131m\u0131, destek \u00f6nlemleri ve ebeveyn bak\u0131m\u0131 konular\u0131nda i\u015fbirli\u011fi yapt\u0131\u011f\u0131 Sozialp\u00e4dagogisches und Psychomotorisches Institut G\u00fctersloh'un (SPI) Holzstra\u00dfe'nin hemen yan\u0131nda bir destek merkezine ve spor salonuna sahip olmas\u0131n\u0131 da bir ba\u015fka \u015fans olarak g\u00f6r\u00fcyor. Belediye Ba\u015fkan\u0131 Maria Unger ilk olarak her iki tesisi tek bir alanda birle\u015ftirmeyi d\u00fc\u015f\u00fcnm\u00fc\u015f ve b\u00f6ylece sinerji etkisini m\u00fcmk\u00fcn k\u0131lm\u0131\u015ft\u0131.<\/p><p>Dickers, gelece\u011fe bakt\u0131\u011f\u0131nda burada bir sosyo-e\u011fitimsel yetkinlik merkezi hayal edebiliyor. Bu g\u00f6r\u00fc\u015f, b\u00f6lge y\u00f6netiminin okul departman\u0131 ba\u015fkan\u0131 Siegfried Lieske ve G\u00fctersloh okul y\u00f6netim kurulu \u00fcyesi Hartmut Stieghorst taraf\u0131ndan da dile getirilmi\u015ftir. Stieghorst'un Hundertwasser Okulunun be\u015f y\u0131l i\u00e7inde \u00e7ok \u015fey ba\u015fard\u0131\u011f\u0131 y\u00f6n\u00fcndeki a\u00e7\u0131klamas\u0131na kar\u015f\u0131l\u0131k Lieske \u015funlar\u0131 s\u00f6yledi: \"T\u00fcm gen\u00e7ler y\u00fcksek motivasyona sahip: Ba\u015fka ne bekliyordunuz ki?\"<\/p><p>Dickers ve o d\u00f6nemdeki ilk \u00e7al\u0131\u015fan\u0131 Kerstin Richter, geriye d\u00f6n\u00fcp bakt\u0131klar\u0131nda bu de\u011ferlendirmeyi zaten \u00f6ne s\u00fcrm\u00fc\u015flerdi. \u0130ki \u00f6\u011fretmen ve be\u015f \u00f6\u011frenciyle \"kendilerini Kuzey Ren-Vestfalya'daki en k\u00fc\u00e7\u00fck okul gibi hissediyorlard\u0131\" ve biraz da alay konusu oluyorlard\u0131. Ard\u0131ndan, bazen \"kapasitelerinin s\u0131n\u0131rlar\u0131na ula\u015ft\u0131klar\u0131\" ba\u011f\u0131ms\u0131z okul ve t\u00fcm g\u00fcn a\u00e7\u0131k projelere kat\u0131l\u0131m da dahil olmak \u00fczere s\u00fcrekli yukar\u0131 do\u011fru geli\u015fimi anlatt\u0131lar.<\/p><p>Okul Bakan\u0131 Barbara Sommer, el yazmas\u0131 bir metin olmadan \u00f6zg\u00fcrce konu\u015ftu. Friedrich Stowasser'in bir keresinde sanat\u00e7\u0131 ad\u0131 Friedensreich Hundertwasser'i nas\u0131l buldu\u011funu anlatt\u0131. Kendisini \u00e7ocuklar\u0131n yerine koymaya \u00e7al\u0131\u015farak, sanat\u00e7\u0131n\u0131n t\u00fcm parlak renkleri i\u00e7in kulland\u0131\u011f\u0131 \"dunkelbunt\" (koyu renkli) terimine dikkat \u00e7ekerek, politikac\u0131lar\u0131n bu t\u00fcr durumlarda al\u0131\u015f\u0131lmad\u0131k bir \u015fekilde yapt\u0131\u011f\u0131 gibi sadece sunulan bir metni okumak yerine \u00e7ocuklara s\u0131cak bir \u015fekilde hitap etti.<\/p><p>\u00a0<\/p><p><strong>Volkening'den Hundertwasser'e<\/strong><br \/>\u0130ki ge\u00e7ici yerin ard\u0131ndan Hundertwasser Okulu, Holzstra\u00dfe 30'da (eri\u015fim asl\u0131nda Oststra\u00dfe) bulunan, ad\u0131n\u0131 yeniden dirili\u015f\u00e7i vaiz Johann Heinrich Volkening'den alan ve 1903 y\u0131l\u0131nda in\u015fa edilen eski Volkschule'de yeni evini buldu. B\u00f6lgenin e\u011fitim deste\u011fine y\u00f6nelik bir okul olarak ba\u015flang\u0131\u00e7ta Edith Stein Okulu'nda, daha sonra Anne Frank Okulu'nda yer alm\u0131\u015ft\u0131r. 2006 y\u0131l\u0131nda belediye okulun y\u00f6netimini devrald\u0131. 2002 y\u0131l\u0131nda iki ki\u015filik bir personel ve be\u015f \u00f6\u011frenciyle ba\u015flayan e\u011fitim, bug\u00fcn t\u00fcm g\u00fcn alan\u0131 da dahil olmak \u00fczere 20 profesyonel taraf\u0131ndan 50 \u00f6\u011frenciye ve ilkokullar\u0131nda do\u011frudan destek alan 20 \u00e7ocu\u011fa hizmet vermektedir. Mimar Karl-Heinz Rempe'nin planlar\u0131na g\u00f6re yap\u0131lan yenileme ve geni\u015fletme \u00e7al\u0131\u015fmalar\u0131 \u00fc\u00e7 milyon avroya mal olmu\u015ftur. Rempe, geni\u015fletmede dik a\u00e7\u0131 prensibine sad\u0131k kalm\u0131\u015ft\u0131r. Bununla birlikte, \u00f6zellikle arka duvardaki renk d\u00fczeni ve renkli kuleler a\u00e7\u0131k\u00e7a sanat\u00e7\u0131 ve fantezi uyand\u0131r\u0131c\u0131 Hundertwasser'in ifadesine dayanmaktad\u0131r.<br \/><small>(15.09.2007 tarihinde NW- Neue Westf\u00e4lische'de yay\u0131nlanm\u0131\u015ft\u0131r)<\/small><\/p>\t\t\t\t\t\t\t\t<\/div>\n\t\t\t\t<\/div>\n\t\t\t\t\t<\/div>\n\t\t<\/div>\n\t\t\t\t\t<\/div>\n\t\t<\/section>\n\t\t\t\t<section class=\"elementor-section elementor-top-section elementor-element elementor-element-01dd008 elementor-section-boxed elementor-section-height-default elementor-section-height-default\" data-id=\"01dd008\" data-element_type=\"section\" data-e-type=\"section\">\n\t\t\t\t\t\t<div class=\"elementor-container elementor-column-gap-default\">\n\t\t\t\t\t<div class=\"elementor-column elementor-col-100 elementor-top-column elementor-element elementor-element-052942e\" data-id=\"052942e\" data-element_type=\"column\" data-e-type=\"column\">\n\t\t\t<div class=\"elementor-widget-wrap elementor-element-populated\">\n\t\t\t\t\t\t<div class=\"elementor-element elementor-element-7bae7a1 elementor-widget elementor-widget-spacer\" data-id=\"7bae7a1\" data-element_type=\"widget\" data-e-type=\"widget\" data-widget_type=\"spacer.default\">\n\t\t\t\t<div class=\"elementor-widget-container\">\n\t\t\t\t\t\t\t<div class=\"elementor-spacer\">\n\t\t\t<div class=\"elementor-spacer-inner\"><\/div>\n\t\t<\/div>\n\t\t\t\t\t\t<\/div>\n\t\t\t\t<\/div>\n\t\t\t\t\t<\/div>\n\t\t<\/div>\n\t\t\t\t\t<\/div>\n\t\t<\/section>\n\t\t\t\t<\/div>","protected":false},"excerpt":{"rendered":"<p>Ver\u00f6ffentlicht mit freundlicher Genehmigung der Glocke Ein Lern- und Lebensort zum Wohlf\u00fchlen\u00a0\u00a0\u00a0G\u00fctersloh (bit). Buschtrommeln der Kinder k\u00fcnden es, und Schulleiter Gerhard Dickers freut sich: Die Hundertwasserschule mit dem F\u00f6rderschwerpunkt emotionale und soziale Entwicklung im Primarbereich hat am Standort der ehemaligen Volkeningschule an der Holzstra\u00dfe in G\u00fctersloh \u201eeine wirkliche Heimat gefunden\u201c. Ein \u201eLern- und Lebensort, an [&hellip;]<\/p>\n","protected":false},"author":1,"featured_media":0,"parent":0,"menu_order":0,"comment_status":"closed","ping_status":"closed","template":"elementor_header_footer","meta":{"footnotes":""},"class_list":["post-851","page","type-page","status-publish","hentry"],"_links":{"self":[{"href":"https:\/\/hundertwasser-schule.de\/tr_tr\/wp-json\/wp\/v2\/pages\/851","targetHints":{"allow":["GET"]}}],"collection":[{"href":"https:\/\/hundertwasser-schule.de\/tr_tr\/wp-json\/wp\/v2\/pages"}],"about":[{"href":"https:\/\/hundertwasser-schule.de\/tr_tr\/wp-json\/wp\/v2\/types\/page"}],"author":[{"embeddable":true,"href":"https:\/\/hundertwasser-schule.de\/tr_tr\/wp-json\/wp\/v2\/users\/1"}],"replies":[{"embeddable":true,"href":"https:\/\/hundertwasser-schule.de\/tr_tr\/wp-json\/wp\/v2\/comments?post=851"}],"version-history":[{"count":2,"href":"https:\/\/hundertwasser-schule.de\/tr_tr\/wp-json\/wp\/v2\/pages\/851\/revisions"}],"predecessor-version":[{"id":1006,"href":"https:\/\/hundertwasser-schule.de\/tr_tr\/wp-json\/wp\/v2\/pages\/851\/revisions\/1006"}],"wp:attachment":[{"href":"https:\/\/hundertwasser-schule.de\/tr_tr\/wp-json\/wp\/v2\/media?parent=851"}],"curies":[{"name":"wp","href":"https:\/\/api.w.org\/{rel}","templated":true}]}}