{"id":15,"date":"2020-03-31T10:53:06","date_gmt":"2020-03-31T10:53:06","guid":{"rendered":"https:\/\/neu.hundertwasser-schule.de\/?page_id=15"},"modified":"2025-10-06T13:53:34","modified_gmt":"2025-10-06T11:53:34","slug":"hundertwasser-schule-2021","status":"publish","type":"page","link":"https:\/\/hundertwasser-schule.de\/uk\/hundertwasser-schule-2021\/","title":{"rendered":"Hundertwasser-Schule 2025\/2026"},"content":{"rendered":"<div data-elementor-type=\"wp-page\" data-elementor-id=\"15\" class=\"elementor elementor-15\" data-elementor-post-type=\"page\">\n\t\t\t\t\t\t<section class=\"elementor-section elementor-top-section elementor-element elementor-element-18be1da0 elementor-section-stretched elementor-section-full_width elementor-section-height-default elementor-section-height-default\" data-id=\"18be1da0\" data-element_type=\"section\" data-e-type=\"section\" data-settings=\"{&quot;stretch_section&quot;:&quot;section-stretched&quot;}\">\n\t\t\t\t\t\t<div class=\"elementor-container elementor-column-gap-no\">\n\t\t\t\t\t<div class=\"elementor-column elementor-col-100 elementor-top-column elementor-element elementor-element-52f72e34\" data-id=\"52f72e34\" data-element_type=\"column\" data-e-type=\"column\">\n\t\t\t<div class=\"elementor-widget-wrap elementor-element-populated\">\n\t\t\t\t\t\t<div class=\"elementor-element elementor-element-43ba5b06 elementor-widget elementor-widget-image\" data-id=\"43ba5b06\" data-element_type=\"widget\" data-e-type=\"widget\" data-widget_type=\"image.default\">\n\t\t\t\t<div class=\"elementor-widget-container\">\n\t\t\t\t\t\t\t\t\t\t\t\t\t\t\t<img fetchpriority=\"high\" decoding=\"async\" width=\"1920\" height=\"230\" src=\"https:\/\/hundertwasser-schule.de\/wp-content\/uploads\/2020\/03\/bild1.jpg\" class=\"attachment-full size-full wp-image-108\" alt=\"\" srcset=\"https:\/\/hundertwasser-schule.de\/wp-content\/uploads\/2020\/03\/bild1.jpg 1920w, https:\/\/hundertwasser-schule.de\/wp-content\/uploads\/2020\/03\/bild1-300x36.jpg 300w, https:\/\/hundertwasser-schule.de\/wp-content\/uploads\/2020\/03\/bild1-1024x123.jpg 1024w, https:\/\/hundertwasser-schule.de\/wp-content\/uploads\/2020\/03\/bild1-768x92.jpg 768w, https:\/\/hundertwasser-schule.de\/wp-content\/uploads\/2020\/03\/bild1-1536x184.jpg 1536w, https:\/\/hundertwasser-schule.de\/wp-content\/uploads\/2020\/03\/bild1-20x2.jpg 20w\" sizes=\"(max-width: 1920px) 100vw, 1920px\" \/>\t\t\t\t\t\t\t\t\t\t\t\t\t\t\t<\/div>\n\t\t\t\t<\/div>\n\t\t\t\t\t<\/div>\n\t\t<\/div>\n\t\t\t\t\t<\/div>\n\t\t<\/section>\n\t\t\t\t<section class=\"elementor-section elementor-top-section elementor-element elementor-element-173d1b16 elementor-section-height-min-height elementor-section-boxed elementor-section-height-default elementor-section-items-middle\" data-id=\"173d1b16\" data-element_type=\"section\" data-e-type=\"section\" data-settings=\"{&quot;background_background&quot;:&quot;classic&quot;}\">\n\t\t\t\t\t\t<div class=\"elementor-container elementor-column-gap-default\">\n\t\t\t\t\t<div class=\"elementor-column elementor-col-100 elementor-top-column elementor-element elementor-element-272ccaa7\" data-id=\"272ccaa7\" data-element_type=\"column\" data-e-type=\"column\">\n\t\t\t<div class=\"elementor-widget-wrap elementor-element-populated\">\n\t\t\t\t\t\t\t<\/div>\n\t\t<\/div>\n\t\t\t\t\t<\/div>\n\t\t<\/section>\n\t\t\t\t<section class=\"elementor-section elementor-top-section elementor-element elementor-element-3c0865d elementor-section-boxed elementor-section-height-default elementor-section-height-default\" data-id=\"3c0865d\" data-element_type=\"section\" data-e-type=\"section\">\n\t\t\t\t\t\t<div class=\"elementor-container elementor-column-gap-default\">\n\t\t\t\t\t<div class=\"elementor-column elementor-col-100 elementor-top-column elementor-element elementor-element-2a221d9\" data-id=\"2a221d9\" data-element_type=\"column\" data-e-type=\"column\">\n\t\t\t<div class=\"elementor-widget-wrap elementor-element-populated\">\n\t\t\t\t\t\t<div class=\"elementor-element elementor-element-a36e00a elementor-widget elementor-widget-spacer\" data-id=\"a36e00a\" data-element_type=\"widget\" data-e-type=\"widget\" data-widget_type=\"spacer.default\">\n\t\t\t\t<div class=\"elementor-widget-container\">\n\t\t\t\t\t\t\t<div class=\"elementor-spacer\">\n\t\t\t<div class=\"elementor-spacer-inner\"><\/div>\n\t\t<\/div>\n\t\t\t\t\t\t<\/div>\n\t\t\t\t<\/div>\n\t\t\t\t\t<\/div>\n\t\t<\/div>\n\t\t\t\t\t<\/div>\n\t\t<\/section>\n\t\t\t\t<section class=\"elementor-section elementor-top-section elementor-element elementor-element-76be1bf elementor-section-boxed elementor-section-height-default elementor-section-height-default\" data-id=\"76be1bf\" data-element_type=\"section\" data-e-type=\"section\">\n\t\t\t\t\t\t<div class=\"elementor-container elementor-column-gap-default\">\n\t\t\t\t\t<div class=\"elementor-column elementor-col-100 elementor-top-column elementor-element elementor-element-b1e669c\" data-id=\"b1e669c\" data-element_type=\"column\" data-e-type=\"column\">\n\t\t\t<div class=\"elementor-widget-wrap elementor-element-populated\">\n\t\t\t\t\t\t<div class=\"elementor-element elementor-element-0b27b53 elementor-widget elementor-widget-text-editor\" data-id=\"0b27b53\" data-element_type=\"widget\" data-e-type=\"widget\" data-widget_type=\"text-editor.default\">\n\t\t\t\t<div class=\"elementor-widget-container\">\n\t\t\t\t\t\t\t\t\t<p>\u0428\u043a\u043e\u043b\u0430 \u0425\u0443\u043d\u0434\u0435\u0440\u0442\u0432\u0430\u0441\u0441\u0435\u0440\u0430 2024\/2025 - \u0446\u0435 \u0441\u043f\u0435\u0446\u0456\u0430\u043b\u044c\u043d\u0430 \u0448\u043a\u043e\u043b\u0430, \u044f\u043a\u0430, \u0431\u0443\u0434\u0443\u0447\u0438 \u0432\u0456\u0434\u043a\u0440\u0438\u0442\u043e\u044e \u0448\u043a\u043e\u043b\u043e\u044e \u043f\u043e\u0432\u043d\u043e\u0433\u043e \u0434\u043d\u044f \u0437 \u0441\u043e\u0446\u0456\u0430\u043b\u044c\u043d\u043e-\u043f\u0435\u0434\u0430\u0433\u043e\u0433\u0456\u0447\u043d\u0438\u043c \u0441\u043f\u0440\u044f\u043c\u0443\u0432\u0430\u043d\u043d\u044f\u043c, \u043d\u0430\u0434\u0430\u0454 \u043f\u0456\u0434\u0442\u0440\u0438\u043c\u043a\u0443 \u0443\u0447\u043d\u044f\u043c \u0437 \u043e\u0441\u043e\u0431\u043b\u0438\u0432\u0438\u043c\u0438 \u043e\u0441\u0432\u0456\u0442\u043d\u0456\u043c\u0438 \u043f\u043e\u0442\u0440\u0435\u0431\u0430\u043c\u0438 \u0443 \u0441\u0444\u0435\u0440\u0456 \u0457\u0445\u043d\u044c\u043e\u0433\u043e \u0435\u043c\u043e\u0446\u0456\u0439\u043d\u043e\u0433\u043e \u0442\u0430 \u0441\u043e\u0446\u0456\u0430\u043b\u044c\u043d\u043e\u0433\u043e \u0440\u043e\u0437\u0432\u0438\u0442\u043a\u0443.&nbsp;<\/p>\n<p>&nbsp; &nbsp;- \u0437\u0430\u0432\u0434\u044f\u043a\u0438 \u0456\u043d\u0442\u0435\u043d\u0441\u0438\u0432\u043d\u0456\u0439, \u0441\u043f\u0435\u0446\u0456\u0430\u043b\u044c\u043d\u0456\u0439 \u043e\u0441\u0432\u0456\u0442\u043d\u0456\u0439 \u043f\u0456\u0434\u0442\u0440\u0438\u043c\u0446\u0456 \u0437\u0456 \u0441\u043f\u0435\u0446\u0456\u0430\u043b\u044c\u043d\u0438\u043c\u0438 \u043f\u0440\u043e\u043f\u043e\u0437\u0438\u0446\u0456\u044f\u043c\u0438, \u0430 \u0442\u0430\u043a\u043e\u0436<\/p>\n<p>&nbsp; &nbsp;- \u0447\u0435\u0440\u0435\u0437 \u0456\u043d\u0442\u0435\u043d\u0441\u0438\u0432\u043d\u0443 \u0441\u043e\u0446\u0456\u0430\u043b\u044c\u043d\u043e-\u043f\u0435\u0434\u0430\u0433\u043e\u0433\u0456\u0447\u043d\u0443 \u043f\u0456\u0434\u0442\u0440\u0438\u043c\u043a\u0443 \u0441\u0456\u043c\u0435\u0439<\/p>\n<p>\u043e\u0440\u0433\u0430\u043d\u0456\u0437\u043e\u0432\u0443\u044e\u0442\u044c \u0456 \u043f\u0440\u043e\u0432\u043e\u0434\u044f\u0442\u044c \u0443 \u0441\u0432\u043e\u0457\u0439 \u0448\u043a\u043e\u043b\u0456. \u0422\u0430\u043a\u0438\u043c \u0447\u0438\u043d\u043e\u043c, \u0448\u043a\u043e\u043b\u0430 \u0425\u0443\u043d\u0434\u0435\u0440\u0442\u0432\u0430\u0441\u0441\u0435\u0440, \u044f\u043a \u0441\u043f\u0435\u0446\u0456\u0430\u043b\u044c\u043d\u0430 \u0448\u043a\u043e\u043b\u0430 \u0440\u0430\u0439\u043e\u043d\u0443 \u0413\u044e\u0442\u0435\u0440\u0441\u043b\u043e, \u043d\u0430\u0440\u0430\u0437\u0456 \u043d\u0430\u0434\u0430\u0454 \u043f\u0456\u0434\u0442\u0440\u0438\u043c\u043a\u0443 \u0431\u043b\u0438\u0437\u044c\u043a\u043e 63 \u0443\u0447\u043d\u044f\u043c \u0437 \u043e\u0441\u043e\u0431\u043b\u0438\u0432\u0438\u043c\u0438 \u043e\u0441\u0432\u0456\u0442\u043d\u0456\u043c\u0438 \u043f\u043e\u0442\u0440\u0435\u0431\u0430\u043c\u0438 \u0443 \u0441\u0444\u0435\u0440\u0456 \u0457\u0445\u043d\u044c\u043e\u0433\u043e \u0435\u043c\u043e\u0446\u0456\u0439\u043d\u043e\u0433\u043e \u0442\u0430 \u0441\u043e\u0446\u0456\u0430\u043b\u044c\u043d\u043e\u0433\u043e \u0440\u043e\u0437\u0432\u0438\u0442\u043a\u0443 \u043a\u043e\u043c\u0430\u043d\u0434\u043e\u044e, \u0449\u043e \u0441\u043a\u043b\u0430\u0434\u0430\u0454\u0442\u044c\u0441\u044f \u0437 \u0443\u0447\u0438\u0442\u0435\u043b\u0456\u0432 \u0448\u043a\u043e\u043b\u0438 \u0442\u0430 \u0441\u043e\u0446\u0456\u0430\u043b\u044c\u043d\u0438\u0445 \u043f\u0435\u0434\u0430\u0433\u043e\u0433\u0456\u0432 \u0433\u0440\u0443\u043f\u0438 \u043f\u0440\u043e\u0434\u043e\u0432\u0436\u0435\u043d\u043e\u0433\u043e \u0434\u043d\u044f \u0437\u0430 \u043f\u0456\u0434\u0442\u0440\u0438\u043c\u043a\u0438 \u0412\u0456\u0434\u0434\u0456\u043b\u0443 \u0443 \u0441\u043f\u0440\u0430\u0432\u0430\u0445 \u0441\u0456\u043c'\u0457 \u0442\u0430 \u0441\u043e\u0446\u0456\u0430\u043b\u044c\u043d\u0438\u0445 \u043f\u0438\u0442\u0430\u043d\u044c \u043c. \u0413\u044e\u0442\u0435\u0440\u0441\u043b\u043e. \u041f\u0440\u043e\u0433\u0440\u0430\u043c\u0430 \u0432\u0456\u0434\u043a\u0440\u0438\u0442\u043e\u0433\u043e \u0446\u0456\u043b\u043e\u0434\u0435\u043d\u043d\u043e\u0433\u043e \u043f\u0435\u0440\u0435\u0431\u0443\u0432\u0430\u043d\u043d\u044f \u043f\u0440\u0430\u0446\u044e\u0454 \u044f\u043a \u0441\u043e\u0446\u0456\u0430\u043b\u044c\u043d\u043e-\u0432\u0438\u0445\u043e\u0432\u043d\u0438\u0439 \u0434\u0438\u0442\u044f\u0447\u0438\u0439 \u0441\u0430\u0434\u043e\u043a (\u0421\u0412\u0414), \u044f\u043a\u0438\u0439 \u043e\u0440\u0433\u0430\u043d\u0456\u0437\u043e\u0432\u0443\u0454 <a href=\"https:\/\/spi-gt.de\/\">SPI G\u00fctersloh e.V.&nbsp;<\/a>\u044f\u043a \u0432\u0438\u043a\u043e\u043d\u0430\u0432\u0446\u044f \u043f\u0440\u043e\u0435\u043a\u0442\u0443.<\/p>\t\t\t\t\t\t\t\t<\/div>\n\t\t\t\t<\/div>\n\t\t\t\t\t<\/div>\n\t\t<\/div>\n\t\t\t\t\t<\/div>\n\t\t<\/section>\n\t\t\t\t<section class=\"elementor-section elementor-top-section elementor-element elementor-element-1e5bf0f elementor-section-boxed elementor-section-height-default elementor-section-height-default\" data-id=\"1e5bf0f\" data-element_type=\"section\" data-e-type=\"section\">\n\t\t\t\t\t\t<div class=\"elementor-container elementor-column-gap-default\">\n\t\t\t\t\t<div class=\"elementor-column elementor-col-100 elementor-top-column elementor-element elementor-element-1e61fc6\" data-id=\"1e61fc6\" data-element_type=\"column\" data-e-type=\"column\">\n\t\t\t<div class=\"elementor-widget-wrap elementor-element-populated\">\n\t\t\t\t\t\t<div class=\"elementor-element elementor-element-62a0989 elementor-widget elementor-widget-spacer\" data-id=\"62a0989\" data-element_type=\"widget\" data-e-type=\"widget\" data-widget_type=\"spacer.default\">\n\t\t\t\t<div class=\"elementor-widget-container\">\n\t\t\t\t\t\t\t<div class=\"elementor-spacer\">\n\t\t\t<div class=\"elementor-spacer-inner\"><\/div>\n\t\t<\/div>\n\t\t\t\t\t\t<\/div>\n\t\t\t\t<\/div>\n\t\t\t\t\t<\/div>\n\t\t<\/div>\n\t\t\t\t\t<\/div>\n\t\t<\/section>\n\t\t\t\t<section class=\"elementor-section elementor-top-section elementor-element elementor-element-b33d8bd elementor-section-boxed elementor-section-height-default elementor-section-height-default\" data-id=\"b33d8bd\" data-element_type=\"section\" data-e-type=\"section\">\n\t\t\t\t\t\t<div class=\"elementor-container elementor-column-gap-default\">\n\t\t\t\t\t<div class=\"elementor-column elementor-col-100 elementor-top-column elementor-element elementor-element-aae4c5d\" data-id=\"aae4c5d\" data-element_type=\"column\" data-e-type=\"column\">\n\t\t\t<div class=\"elementor-widget-wrap elementor-element-populated\">\n\t\t\t\t\t\t<div class=\"elementor-element elementor-element-dd73bd1 elementor-view-framed elementor-shape-circle elementor-position-block-start elementor-mobile-position-block-start elementor-widget elementor-widget-icon-box\" data-id=\"dd73bd1\" data-element_type=\"widget\" data-e-type=\"widget\" data-widget_type=\"icon-box.default\">\n\t\t\t\t<div class=\"elementor-widget-container\">\n\t\t\t\t\t\t\t<div class=\"elementor-icon-box-wrapper\">\n\n\t\t\t\t\t\t<div class=\"elementor-icon-box-icon\">\n\t\t\t\t<span  class=\"elementor-icon\">\n\t\t\t\t<i aria-hidden=\"true\" class=\"far fa-handshake\"><\/i>\t\t\t\t<\/span>\n\t\t\t<\/div>\n\t\t\t\n\t\t\t\t\t\t<div class=\"elementor-icon-box-content\">\n\n\t\t\t\t\t\t\t\t\t<h3 class=\"elementor-icon-box-title\">\n\t\t\t\t\t\t<span  >\n\t\t\t\t\t\t\t\u0428\u043a\u043e\u043b\u0430 \u0442\u0430 \u0434\u043e\u0431\u0440\u043e\u0431\u0443\u0442 \u043c\u043e\u043b\u043e\u0434\u0456 \u043f\u0440\u0430\u0446\u044e\u044e\u0442\u044c \u043f\u043b\u0456\u0447-\u043e-\u043f\u043b\u0456\u0447\t\t\t\t\t\t<\/span>\n\t\t\t\t\t<\/h3>\n\t\t\t\t\n\t\t\t\t\t\t\t\t\t<p class=\"elementor-icon-box-description\">\n\t\t\t\t\t\t\u0417 \u0440\u043e\u043a\u0430\u043c\u0438 \u0443 \u0441\u043f\u0456\u0432\u043f\u0440\u0430\u0446\u0456 \u043c\u0456\u0436 \u0432\u0447\u0438\u0442\u0435\u043b\u044f\u043c\u0438 \u0448\u043a\u043e\u043b\u0438 \u0442\u0430 \u0441\u043e\u0446\u0456\u0430\u043b\u044c\u043d\u0438\u043c\u0438 \u043f\u0435\u0434\u0430\u0433\u043e\u0433\u0430\u043c\u0438 \u0433\u0440\u0443\u043f\u0438 \u043f\u0440\u043e\u0434\u043e\u0432\u0436\u0435\u043d\u043e\u0433\u043e \u0434\u043d\u044f \u0437'\u044f\u0432\u043b\u044f\u0454\u0442\u044c\u0441\u044f \u0432\u0441\u0435 \u0431\u0456\u043b\u044c\u0448\u0435 \u0441\u043f\u0456\u043b\u044c\u043d\u0438\u0445 \u043d\u0430\u043f\u0440\u044f\u043c\u043a\u0456\u0432 \u0440\u043e\u0431\u043e\u0442\u0438, \u044f\u043a\u0456 \u043f\u0435\u0440\u0435\u0442\u0438\u043d\u0430\u044e\u0442\u044c\u0441\u044f. \u0417\u0430\u0440\u0430\u0437 \u0441\u043f\u0456\u0432\u043f\u0440\u0430\u0446\u044f \u0432\u0456\u0434\u0431\u0443\u0432\u0430\u0454\u0442\u044c\u0441\u044f \u0432 \u0443\u0441\u0456\u0445 \u0441\u0444\u0435\u0440\u0430\u0445 \u0434\u0456\u044f\u043b\u044c\u043d\u043e\u0441\u0442\u0456 \u0448\u043a\u043e\u043b\u0438. \u0406\u0441\u043d\u0443\u0454 \u0437\u0430\u0433\u0430\u043b\u044c\u043d\u0430 \u0432\u0456\u0434\u043f\u043e\u0432\u0456\u0434\u0430\u043b\u044c\u043d\u0456\u0441\u0442\u044c \u0443\u0441\u0456\u0445 \u0443\u0447\u0430\u0441\u043d\u0438\u043a\u0456\u0432 \u0437\u0430 \u0432\u0441\u0456\u0445 \u0443\u0447\u043d\u0456\u0432, \u0457\u0445\u043d\u0456 \u0441\u0456\u043c'\u0457 \u0442\u0430 \u0441\u0438\u0441\u0442\u0435\u043c\u0443 \u0448\u043a\u043e\u043b\u0438 \u0425\u0443\u043d\u0434\u0435\u0440\u0442\u0432\u0430\u0441\u0441\u0435\u0440. \u0412\u0447\u0438\u0442\u0435\u043b\u0456 \u0442\u0430 \u0441\u043e\u0446\u0456\u0430\u043b\u044c\u043d\u0456 \u043f\u0435\u0434\u0430\u0433\u043e\u0433\u0438 \u043f\u0440\u0430\u0446\u044e\u044e\u0442\u044c \u0440\u0430\u0437\u043e\u043c \u043f\u0456\u0434 \u0447\u0430\u0441 \u0432\u0438\u043a\u043e\u043d\u0430\u043d\u043d\u044f \u0434\u043e\u043c\u0430\u0448\u043d\u0456\u0445 \u0437\u0430\u0432\u0434\u0430\u043d\u044c \u0443 \u0432\u0456\u0434\u043a\u0440\u0438\u0442\u0456\u0439 \u0448\u043a\u043e\u043b\u0456 \u043f\u043e\u0432\u043d\u043e\u0433\u043e \u0434\u043d\u044f. \u0412\u043e\u043d\u0438 \u0440\u0430\u0437\u043e\u043c \u043f\u0440\u043e\u0432\u043e\u0434\u044f\u0442\u044c \u0443\u0441\u0456 \u0431\u0435\u0441\u0456\u0434\u0438 \u0437\u0430 \u043f\u0440\u043e\u0433\u0440\u0430\u043c\u043e\u044e KESS. \u041e\u0431\u0438\u0434\u0432\u0456 \u043f\u0440\u043e\u0444\u0435\u0441\u0456\u0439\u043d\u0456 \u0433\u0440\u0443\u043f\u0438 \u0440\u0430\u0437 \u043d\u0430 \u0440\u0456\u043a \u0432\u0438\u0457\u0436\u0434\u0436\u0430\u044e\u0442\u044c \u0437 \u0443\u0441\u0456\u043c\u0430 \u0443\u0447\u043d\u044f\u043c\u0438 \u043d\u0430 \u0441\u043e\u0446\u0456\u0430\u043b\u044c\u043d\u0456 \u043d\u0430\u0432\u0447\u0430\u043b\u044c\u043d\u0456 \u0442\u0438\u0436\u043d\u0456\/\u043f\u043e\u0457\u0437\u0434\u043a\u0438 \u0437 \u043a\u043b\u0430\u0441\u043e\u043c. \u0421\u043f\u0456\u043b\u044c\u043d\u043e \u0440\u0435\u0430\u043b\u0456\u0437\u0443\u0454\u0442\u044c\u0441\u044f \u043f\u0440\u043e\u0435\u043a\u0442 \"\u0411\u0430\u0443\u0432\u0430\u0433\u0435\u043d\" \u0432 \u0440\u0430\u043c\u043a\u0430\u0445 \u0456\u043d\u0442\u0435\u043d\u0441\u0438\u0432\u043d\u0438\u0445 \u043e\u0441\u0432\u0456\u0442\u043d\u0456\u0445 \u0437\u0430\u0445\u043e\u0434\u0456\u0432 \u0434\u043b\u044f \u0443\u0447\u043d\u0456\u0432, \u0447\u0438\u0457 \u043e\u0441\u043e\u0431\u043b\u0438\u0432\u0456 \u043e\u0441\u0432\u0456\u0442\u043d\u0456 \u043f\u043e\u0442\u0440\u0435\u0431\u0438 \u0432\u0438\u0445\u043e\u0434\u044f\u0442\u044c \u0437\u0430 \u0440\u0430\u043c\u043a\u0438 \u0437\u0432\u0438\u0447\u0430\u0439\u043d\u043e\u0433\u043e \u0440\u0456\u0432\u043d\u044f. \u0420\u0435\u0433\u0443\u043b\u044f\u0440\u043d\u0456 \u0441\u043f\u0456\u043b\u044c\u043d\u0456 \u043e\u0431\u043c\u0456\u043d\u0438 \u043d\u0430 \u0440\u0456\u0432\u043d\u0456 \u043f\u0435\u0440\u0441\u043e\u043d\u0430\u043b\u0443 \u0442\u0430 \u043a\u0435\u0440\u0456\u0432\u043d\u0438\u0446\u0442\u0432\u0430, \u0430 \u0442\u0430\u043a\u043e\u0436 \u0441\u043f\u0456\u043b\u044c\u043d\u0456 \u0434\u043d\u0456 \u0440\u043e\u0437\u0440\u043e\u0431\u043a\u0438 \u043a\u043e\u043d\u0446\u0435\u043f\u0446\u0456\u0457 \u0442\u0430 \u0442\u0456\u043c\u0431\u0456\u043b\u0434\u0438\u043d\u0433\u0443 \u0454 \u043f\u0440\u0438\u0440\u043e\u0434\u043d\u043e\u044e \u0447\u0430\u0441\u0442\u0438\u043d\u043e\u044e \u0446\u0456\u0454\u0457 \u0441\u043f\u0456\u0432\u043f\u0440\u0430\u0446\u0456.\t\t\t\t\t<\/p>\n\t\t\t\t\n\t\t\t<\/div>\n\t\t\t\n\t\t<\/div>\n\t\t\t\t\t\t<\/div>\n\t\t\t\t<\/div>\n\t\t\t\t\t<\/div>\n\t\t<\/div>\n\t\t\t\t\t<\/div>\n\t\t<\/section>\n\t\t\t\t<section class=\"elementor-section elementor-top-section elementor-element elementor-element-b0815f9 elementor-section-boxed elementor-section-height-default elementor-section-height-default\" data-id=\"b0815f9\" data-element_type=\"section\" data-e-type=\"section\">\n\t\t\t\t\t\t<div class=\"elementor-container elementor-column-gap-default\">\n\t\t\t\t\t<div class=\"elementor-column elementor-col-100 elementor-top-column elementor-element elementor-element-583e6af\" data-id=\"583e6af\" data-element_type=\"column\" data-e-type=\"column\">\n\t\t\t<div class=\"elementor-widget-wrap elementor-element-populated\">\n\t\t\t\t\t\t<div class=\"elementor-element elementor-element-e61a7a5 elementor-widget elementor-widget-spacer\" data-id=\"e61a7a5\" data-element_type=\"widget\" data-e-type=\"widget\" data-widget_type=\"spacer.default\">\n\t\t\t\t<div class=\"elementor-widget-container\">\n\t\t\t\t\t\t\t<div class=\"elementor-spacer\">\n\t\t\t<div class=\"elementor-spacer-inner\"><\/div>\n\t\t<\/div>\n\t\t\t\t\t\t<\/div>\n\t\t\t\t<\/div>\n\t\t\t\t\t<\/div>\n\t\t<\/div>\n\t\t\t\t\t<\/div>\n\t\t<\/section>\n\t\t\t\t<section class=\"elementor-section elementor-top-section elementor-element elementor-element-70249a5 elementor-section-boxed elementor-section-height-default elementor-section-height-default\" data-id=\"70249a5\" data-element_type=\"section\" data-e-type=\"section\">\n\t\t\t\t\t\t<div class=\"elementor-container elementor-column-gap-default\">\n\t\t\t\t\t<div class=\"elementor-column elementor-col-100 elementor-top-column elementor-element elementor-element-8b24ca3\" data-id=\"8b24ca3\" data-element_type=\"column\" data-e-type=\"column\">\n\t\t\t<div class=\"elementor-widget-wrap elementor-element-populated\">\n\t\t\t\t\t\t<div class=\"elementor-element elementor-element-6ddd73c elementor-view-framed elementor-shape-circle elementor-position-block-start elementor-mobile-position-block-start elementor-widget elementor-widget-icon-box\" data-id=\"6ddd73c\" data-element_type=\"widget\" data-e-type=\"widget\" data-widget_type=\"icon-box.default\">\n\t\t\t\t<div class=\"elementor-widget-container\">\n\t\t\t\t\t\t\t<div class=\"elementor-icon-box-wrapper\">\n\n\t\t\t\t\t\t<div class=\"elementor-icon-box-icon\">\n\t\t\t\t<span  class=\"elementor-icon\">\n\t\t\t\t<i aria-hidden=\"true\" class=\"far fa-comment-dots\"><\/i>\t\t\t\t<\/span>\n\t\t\t<\/div>\n\t\t\t\n\t\t\t\t\t\t<div class=\"elementor-icon-box-content\">\n\n\t\t\t\t\t\t\t\t\t<h3 class=\"elementor-icon-box-title\">\n\t\t\t\t\t\t<span  >\n\t\t\t\t\t\t\t\u041e\u0440\u0456\u0454\u043d\u0442\u0430\u0446\u0456\u044f \u043d\u0430 \u0440\u0456\u0448\u0435\u043d\u043d\u044f \u0442\u0430 \u0440\u0435\u0441\u0443\u0440\u0441\u0438 \u044f\u043a \u043e\u0441\u043d\u043e\u0432\u0430 \u0434\u043b\u044f \u0441\u043f\u0456\u043b\u044c\u043d\u0438\u0445 \u0434\u0456\u0439\t\t\t\t\t\t<\/span>\n\t\t\t\t\t<\/h3>\n\t\t\t\t\n\t\t\t\t\t\t\t\t\t<p class=\"elementor-icon-box-description\">\n\t\t\t\t\t\t\u041a\u043e\u043d\u0446\u0435\u043f\u0446\u0456\u044f \u043a\u043e\u043c\u0443\u043d\u0456\u043a\u0430\u0446\u0456\u0457, \u043e\u0440\u0456\u0454\u043d\u0442\u043e\u0432\u0430\u043d\u043e\u0457 \u043d\u0430 \u0440\u0456\u0448\u0435\u043d\u043d\u044f \u0442\u0430 \u0440\u0435\u0441\u0443\u0440\u0441\u0438, \u043b\u0435\u0436\u0438\u0442\u044c \u0432 \u043e\u0441\u043d\u043e\u0432\u0456 \u0441\u043f\u0456\u043b\u044c\u043d\u043e\u0457 \u0434\u0456\u044f\u043b\u044c\u043d\u043e\u0441\u0442\u0456 \u0448\u043a\u043e\u043b\u0438 \u0442\u0430 \u0441\u043e\u0446\u0456\u0430\u043b\u044c\u043d\u043e-\u043f\u0435\u0434\u0430\u0433\u043e\u0433\u0456\u0447\u043d\u043e\u0433\u043e \u043a\u0430\u0431\u0456\u043d\u0435\u0442\u0443 \u0434\u0435\u043d\u043d\u043e\u0433\u043e \u043f\u0435\u0440\u0435\u0431\u0443\u0432\u0430\u043d\u043d\u044f (\u0421\u041f\u0414). \u0412\u0441\u0456 \u0432\u0447\u0438\u0442\u0435\u043b\u0456 \u0448\u043a\u043e\u043b\u0438 \u0442\u0430 \u0432\u0441\u0456 \u0441\u043e\u0446\u0456\u0430\u043b\u044c\u043d\u0456 \u043f\u0435\u0434\u0430\u0433\u043e\u0433\u0438 \u0414\u041d\u0417 \u043e\u0442\u0440\u0438\u043c\u0430\u043b\u0438 \u0431\u0430\u0437\u043e\u0432\u0443 \u043a\u0432\u0430\u043b\u0456\u0444\u0456\u043a\u0430\u0446\u0456\u044e \u0437 \u043a\u043e\u043c\u0443\u043d\u0456\u043a\u0430\u0446\u0456\u0457, \u043e\u0440\u0456\u0454\u043d\u0442\u043e\u0432\u0430\u043d\u043e\u0457 \u043d\u0430 \u0440\u0456\u0448\u0435\u043d\u043d\u044f \u0442\u0430 \u0440\u0435\u0441\u0443\u0440\u0441\u0438. \u0423\u0441\u0456 \u043d\u043e\u0432\u0456 \u043f\u0440\u0430\u0446\u0456\u0432\u043d\u0438\u043a\u0438 \u0437 \u043e\u0431\u043e\u0445 \u0441\u0444\u0435\u0440 \u043f\u0440\u043e\u0445\u043e\u0434\u044f\u0442\u044c \u0434\u0432\u043e\u0434\u0435\u043d\u043d\u0438\u0439 \u0432\u0441\u0442\u0443\u043f\u043d\u0438\u0439 \u043a\u0443\u0440\u0441 \u0437 \u043a\u043e\u043c\u0443\u043d\u0456\u043a\u0430\u0446\u0456\u0457, \u043e\u0440\u0456\u0454\u043d\u0442\u043e\u0432\u0430\u043d\u043e\u0457 \u043d\u0430 \u043f\u043e\u0448\u0443\u043a \u0440\u0456\u0448\u0435\u043d\u044c \u0442\u0430 \u0440\u0435\u0441\u0443\u0440\u0441\u0456\u0432, \u044f\u043a\u0438\u0439 \u0434\u043e\u043f\u043e\u0432\u043d\u044e\u0454\u0442\u044c\u0441\u044f \u043f\u0440\u0430\u043a\u0442\u0438\u0447\u043d\u0438\u043c\u0438 \u043a\u043e\u043c\u043f\u043e\u043d\u0435\u043d\u0442\u0430\u043c\u0438, \u043f\u0440\u043e \u044f\u043a\u0456 \u0440\u043e\u0437\u043f\u043e\u0432\u0456\u0434\u0430\u044e\u0442\u044c \u043a\u043e\u043b\u0435\u0433\u0438. \u0426\u0435 \u0433\u0430\u0440\u0430\u043d\u0442\u0443\u0454, \u0449\u043e \u0432\u0441\u0456 \u0441\u043f\u0456\u0432\u0440\u043e\u0431\u0456\u0442\u043d\u0438\u043a\u0438 \u0448\u043a\u043e\u043b\u0438 \u0442\u0430 \u0414\u0411\u0421\u0422 \u0437\u0430\u0432\u0436\u0434\u0438 \u0431\u0443\u0434\u0443\u0442\u044c \u0437\u0434\u0430\u0442\u043d\u0456 \u0437\u0434\u0456\u0439\u0441\u043d\u044e\u0432\u0430\u0442\u0438 \u0456\u043d\u0434\u0438\u0432\u0456\u0434\u0443\u0430\u043b\u044c\u043d\u0435 \u043f\u043b\u0430\u043d\u0443\u0432\u0430\u043d\u043d\u044f \u0440\u043e\u0437\u0432\u0438\u0442\u043a\u0443 \u0437 \u0443\u0447\u043d\u044f\u043c\u0438 \u0442\u0430 \u0457\u0445\u043d\u0456\u043c\u0438 \u0441\u0456\u043c'\u044f\u043c\u0438 \u043d\u0430 \u043f\u0440\u043e\u0444\u0435\u0441\u0456\u0439\u043d\u0456\u0439 \u043e\u0441\u043d\u043e\u0432\u0456.\t\t\t\t\t<\/p>\n\t\t\t\t\n\t\t\t<\/div>\n\t\t\t\n\t\t<\/div>\n\t\t\t\t\t\t<\/div>\n\t\t\t\t<\/div>\n\t\t\t\t\t<\/div>\n\t\t<\/div>\n\t\t\t\t\t<\/div>\n\t\t<\/section>\n\t\t\t\t<section class=\"elementor-section elementor-top-section elementor-element elementor-element-b62f819 elementor-section-boxed elementor-section-height-default elementor-section-height-default\" data-id=\"b62f819\" data-element_type=\"section\" data-e-type=\"section\">\n\t\t\t\t\t\t<div class=\"elementor-container elementor-column-gap-default\">\n\t\t\t\t\t<div class=\"elementor-column elementor-col-100 elementor-top-column elementor-element elementor-element-dfa1139\" data-id=\"dfa1139\" data-element_type=\"column\" data-e-type=\"column\">\n\t\t\t<div class=\"elementor-widget-wrap elementor-element-populated\">\n\t\t\t\t\t\t<div class=\"elementor-element elementor-element-6950de2 elementor-widget elementor-widget-spacer\" data-id=\"6950de2\" data-element_type=\"widget\" data-e-type=\"widget\" data-widget_type=\"spacer.default\">\n\t\t\t\t<div class=\"elementor-widget-container\">\n\t\t\t\t\t\t\t<div class=\"elementor-spacer\">\n\t\t\t<div class=\"elementor-spacer-inner\"><\/div>\n\t\t<\/div>\n\t\t\t\t\t\t<\/div>\n\t\t\t\t<\/div>\n\t\t\t\t\t<\/div>\n\t\t<\/div>\n\t\t\t\t\t<\/div>\n\t\t<\/section>\n\t\t\t\t<\/div>","protected":false},"excerpt":{"rendered":"<p>Die Hundertwasser-Schule 2024\/2025 ist eine F\u00f6rderschule, die als Offene Ganztagsschule mit sozialp\u00e4dagogischem Schwerpunkt die F\u00f6rderung von Sch\u00fclerinnen und Sch\u00fclern mit einem sonderp\u00e4dagogischen Unterst\u00fctzungsbedarf im Bereich ihrer emotionalen und sozialen Entwicklung&nbsp; &nbsp; &nbsp;\u2013 durch eine intensive, sonderp\u00e4dagogische Unterst\u00fctzung mit besonderen Angeboten sowie &nbsp; &nbsp;\u2013 durch eine intensive, sozialp\u00e4dagogische Begleitung der Familien in ihrer Schule organisiert und [&hellip;]<\/p>\n","protected":false},"author":1,"featured_media":0,"parent":0,"menu_order":0,"comment_status":"closed","ping_status":"closed","template":"elementor_header_footer","meta":{"footnotes":""},"class_list":["post-15","page","type-page","status-publish","hentry"],"_links":{"self":[{"href":"https:\/\/hundertwasser-schule.de\/uk\/wp-json\/wp\/v2\/pages\/15","targetHints":{"allow":["GET"]}}],"collection":[{"href":"https:\/\/hundertwasser-schule.de\/uk\/wp-json\/wp\/v2\/pages"}],"about":[{"href":"https:\/\/hundertwasser-schule.de\/uk\/wp-json\/wp\/v2\/types\/page"}],"author":[{"embeddable":true,"href":"https:\/\/hundertwasser-schule.de\/uk\/wp-json\/wp\/v2\/users\/1"}],"replies":[{"embeddable":true,"href":"https:\/\/hundertwasser-schule.de\/uk\/wp-json\/wp\/v2\/comments?post=15"}],"version-history":[{"count":6,"href":"https:\/\/hundertwasser-schule.de\/uk\/wp-json\/wp\/v2\/pages\/15\/revisions"}],"predecessor-version":[{"id":6029,"href":"https:\/\/hundertwasser-schule.de\/uk\/wp-json\/wp\/v2\/pages\/15\/revisions\/6029"}],"wp:attachment":[{"href":"https:\/\/hundertwasser-schule.de\/uk\/wp-json\/wp\/v2\/media?parent=15"}],"curies":[{"name":"wp","href":"https:\/\/api.w.org\/{rel}","templated":true}]}}