{"id":37,"date":"2020-03-31T10:56:02","date_gmt":"2020-03-31T10:56:02","guid":{"rendered":"https:\/\/neu.hundertwasser-schule.de\/?page_id=37"},"modified":"2020-11-24T13:42:37","modified_gmt":"2020-11-24T12:42:37","slug":"auf-einen-blick","status":"publish","type":"page","link":"https:\/\/hundertwasser-schule.de\/uk\/auf-einen-blick\/","title":{"rendered":"\u0417 \u043f\u0435\u0440\u0448\u043e\u0433\u043e \u043f\u043e\u0433\u043b\u044f\u0434\u0443"},"content":{"rendered":"<div data-elementor-type=\"wp-page\" data-elementor-id=\"37\" class=\"elementor elementor-37\" data-elementor-post-type=\"page\">\n\t\t\t\t\t\t<section class=\"elementor-section elementor-top-section elementor-element elementor-element-67358a02 elementor-section-stretched elementor-section-full_width elementor-section-height-default elementor-section-height-default\" data-id=\"67358a02\" data-element_type=\"section\" data-e-type=\"section\" data-settings=\"{&quot;stretch_section&quot;:&quot;section-stretched&quot;}\">\n\t\t\t\t\t\t<div class=\"elementor-container elementor-column-gap-no\">\n\t\t\t\t\t<div class=\"elementor-column elementor-col-100 elementor-top-column elementor-element elementor-element-586636bf\" data-id=\"586636bf\" data-element_type=\"column\" data-e-type=\"column\">\n\t\t\t<div class=\"elementor-widget-wrap elementor-element-populated\">\n\t\t\t\t\t\t<div class=\"elementor-element elementor-element-5ec13e42 elementor-widget elementor-widget-image\" data-id=\"5ec13e42\" data-element_type=\"widget\" data-e-type=\"widget\" data-widget_type=\"image.default\">\n\t\t\t\t<div class=\"elementor-widget-container\">\n\t\t\t\t\t\t\t\t\t\t\t\t\t\t\t<img fetchpriority=\"high\" decoding=\"async\" width=\"1920\" height=\"230\" src=\"https:\/\/hundertwasser-schule.de\/wp-content\/uploads\/2020\/03\/bild1.jpg\" class=\"attachment-full size-full wp-image-108\" alt=\"\" srcset=\"https:\/\/hundertwasser-schule.de\/wp-content\/uploads\/2020\/03\/bild1.jpg 1920w, https:\/\/hundertwasser-schule.de\/wp-content\/uploads\/2020\/03\/bild1-300x36.jpg 300w, https:\/\/hundertwasser-schule.de\/wp-content\/uploads\/2020\/03\/bild1-1024x123.jpg 1024w, https:\/\/hundertwasser-schule.de\/wp-content\/uploads\/2020\/03\/bild1-768x92.jpg 768w, https:\/\/hundertwasser-schule.de\/wp-content\/uploads\/2020\/03\/bild1-1536x184.jpg 1536w, https:\/\/hundertwasser-schule.de\/wp-content\/uploads\/2020\/03\/bild1-20x2.jpg 20w\" sizes=\"(max-width: 1920px) 100vw, 1920px\" \/>\t\t\t\t\t\t\t\t\t\t\t\t\t\t\t<\/div>\n\t\t\t\t<\/div>\n\t\t\t\t\t<\/div>\n\t\t<\/div>\n\t\t\t\t\t<\/div>\n\t\t<\/section>\n\t\t\t\t<section class=\"elementor-section elementor-top-section elementor-element elementor-element-71fa5576 elementor-section-height-min-height elementor-section-boxed elementor-section-height-default elementor-section-items-middle\" data-id=\"71fa5576\" data-element_type=\"section\" data-e-type=\"section\" data-settings=\"{&quot;background_background&quot;:&quot;classic&quot;}\">\n\t\t\t\t\t\t<div class=\"elementor-container elementor-column-gap-default\">\n\t\t\t\t\t<div class=\"elementor-column elementor-col-100 elementor-top-column elementor-element elementor-element-2a0b54c4\" data-id=\"2a0b54c4\" data-element_type=\"column\" data-e-type=\"column\">\n\t\t\t<div class=\"elementor-widget-wrap elementor-element-populated\">\n\t\t\t\t\t\t\t<\/div>\n\t\t<\/div>\n\t\t\t\t\t<\/div>\n\t\t<\/section>\n\t\t\t\t<section class=\"elementor-section elementor-top-section elementor-element elementor-element-4279139d elementor-section-boxed elementor-section-height-default elementor-section-height-default\" data-id=\"4279139d\" data-element_type=\"section\" data-e-type=\"section\">\n\t\t\t\t\t\t<div class=\"elementor-container elementor-column-gap-default\">\n\t\t\t\t\t<div class=\"elementor-column elementor-col-100 elementor-top-column elementor-element elementor-element-51af3ddc\" data-id=\"51af3ddc\" data-element_type=\"column\" data-e-type=\"column\">\n\t\t\t<div class=\"elementor-widget-wrap elementor-element-populated\">\n\t\t\t\t\t\t<div class=\"elementor-element elementor-element-6d210516 elementor-widget elementor-widget-spacer\" data-id=\"6d210516\" data-element_type=\"widget\" data-e-type=\"widget\" data-widget_type=\"spacer.default\">\n\t\t\t\t<div class=\"elementor-widget-container\">\n\t\t\t\t\t\t\t<div class=\"elementor-spacer\">\n\t\t\t<div class=\"elementor-spacer-inner\"><\/div>\n\t\t<\/div>\n\t\t\t\t\t\t<\/div>\n\t\t\t\t<\/div>\n\t\t\t\t\t<\/div>\n\t\t<\/div>\n\t\t\t\t\t<\/div>\n\t\t<\/section>\n\t\t\t\t<section class=\"elementor-section elementor-top-section elementor-element elementor-element-bd49105 elementor-section-boxed elementor-section-height-default elementor-section-height-default\" data-id=\"bd49105\" data-element_type=\"section\" data-e-type=\"section\">\n\t\t\t\t\t\t<div class=\"elementor-container elementor-column-gap-default\">\n\t\t\t\t\t<div class=\"elementor-column elementor-col-100 elementor-top-column elementor-element elementor-element-0a49f76\" data-id=\"0a49f76\" data-element_type=\"column\" data-e-type=\"column\">\n\t\t\t<div class=\"elementor-widget-wrap elementor-element-populated\">\n\t\t\t\t\t\t<div class=\"elementor-element elementor-element-6073bad elementor-widget elementor-widget-text-editor\" data-id=\"6073bad\" data-element_type=\"widget\" data-e-type=\"widget\" data-widget_type=\"text-editor.default\">\n\t\t\t\t<div class=\"elementor-widget-container\">\n\t\t\t\t\t\t\t\t\t<p>\u041e\u0441\u043d\u043e\u0432\u043d\u0430 \u0456\u0434\u0435\u044f \u0414\u043d\u044f \u0432\u0456\u0434\u043a\u0440\u0438\u0442\u0438\u0445 \u0434\u0432\u0435\u0440\u0435\u0439 \u0443 \u0448\u043a\u043e\u043b\u0456 \u0425\u0443\u043d\u0434\u0435\u0440\u0442\u0432\u0430\u0441\u0441\u0435\u0440\u0430 \u043f\u043e\u043b\u044f\u0433\u0430\u0454 \u0432 \u0442\u043e\u043c\u0443, \u0449\u043e\u0431 \u043d\u0430\u0434\u0430\u0442\u0438 \u0432\u0441\u0456\u043c \u0434\u0456\u0442\u044f\u043c \u0448\u043a\u043e\u043b\u0438 \u043d\u0430\u0439\u043a\u0440\u0430\u0449\u0443 \u043c\u043e\u0436\u043b\u0438\u0432\u0443 \u043f\u0456\u0434\u0442\u0440\u0438\u043c\u043a\u0443 \u0432 \u0433\u0430\u043b\u0443\u0437\u0456 \u0457\u0445\u043d\u044c\u043e\u0433\u043e \u0435\u043c\u043e\u0446\u0456\u0439\u043d\u043e\u0433\u043e \u0442\u0430 \u0441\u043e\u0446\u0456\u0430\u043b\u044c\u043d\u043e\u0433\u043e \u0440\u043e\u0437\u0432\u0438\u0442\u043a\u0443 \u0432 \u043c\u0443\u043b\u044c\u0442\u0438\u043f\u0440\u043e\u0444\u0435\u0441\u0456\u0439\u043d\u043e\u043c\u0443 \u0441\u0435\u0440\u0435\u0434\u043e\u0432\u0438\u0449\u0456.<\/p><p>\u0428\u043a\u043e\u043b\u0430 \u0425\u0443\u043d\u0434\u0435\u0440\u0442\u0432\u0430\u0441\u0441\u0435\u0440\u0430 \u0442\u0430 SPI \u0441\u043f\u0456\u043b\u044c\u043d\u043e \u043e\u0440\u0433\u0430\u043d\u0456\u0437\u043e\u0432\u0443\u044e\u0442\u044c \u0446\u0435\u0439 \u0432\u0456\u0434\u043a\u0440\u0438\u0442\u0438\u0439 \u0446\u0456\u043b\u043e\u0434\u0435\u043d\u043d\u0438\u0439 \u043d\u0430\u0432\u0447\u0430\u043b\u044c\u043d\u0438\u0439 \u0437\u0430\u043a\u043b\u0430\u0434. \u0417\u0430\u0433\u0430\u043b\u044c\u043d\u0443 \u043a\u043e\u043d\u0446\u0435\u043f\u0446\u0456\u044e \u043d\u0430\u0434\u0430\u043b\u0456 \u0440\u043e\u0437\u0440\u043e\u0431\u043b\u044f\u044e\u0442\u044c \u0441\u043e\u0446\u0456\u0430\u043b\u044c\u043d\u0456 \u043f\u0435\u0434\u0430\u0433\u043e\u0433\u0438 \u0448\u043a\u043e\u043b\u0438 \u0432\u0456\u0434\u043a\u0440\u0438\u0442\u043e\u0433\u043e \u0434\u043d\u044f \u0442\u0430 \u0432\u0447\u0438\u0442\u0435\u043b\u0456 \u0448\u043a\u043e\u043b\u0438.<\/p><p>\u0421\u043e\u0446\u0456\u0430\u043b\u044c\u043d\u043e-\u043f\u0435\u0434\u0430\u0433\u043e\u0433\u0456\u0447\u043d\u0438\u0439 \u0434\u0435\u043d\u043d\u0438\u0439 \u0441\u0442\u0430\u0446\u0456\u043e\u043d\u0430\u0440 \u043f\u0440\u043e\u043f\u043e\u043d\u0443\u0454 \u043d\u0430\u0441\u0442\u0443\u043f\u043d\u0456 \u043f\u043e\u0441\u043b\u0443\u0433\u0438:\u00a0<\/p><ul><li>\u0417\u0430\u0445\u043e\u0434\u0438 \u0449\u043e\u0434\u043e \u0441\u0442\u0440\u0443\u043a\u0442\u0443\u0440\u0443\u0432\u0430\u043d\u043d\u044f \u0434\u043d\u044f<\/li><li>\u0421\u0456\u043c\u0435\u0439\u043d\u0430 \u0440\u043e\u0431\u043e\u0442\u0430\u00a0<\/li><li>\u0414\u043e\u043f\u043e\u043c\u043e\u0433\u0430 \u0443 \u0432\u0438\u0445\u043e\u0432\u0430\u043d\u043d\u0456\u00a0<\/li><li>\u0423\u0447\u0430\u0441\u0442\u044c<\/li><li>\u0413\u043e\u0434\u0438\u043d\u0438 \u043a\u043e\u043d\u0441\u0443\u043b\u044c\u0442\u0430\u0446\u0456\u0439 \u0434\u043b\u044f \u0434\u0456\u0442\u0435\u0439<\/li><li>\u0412\u0456\u0434\u0441\u043e\u0442\u043a\u043e\u0432\u0435 \u0444\u0456\u043d\u0430\u043d\u0441\u0443\u0432\u0430\u043d\u043d\u044f (\u0412\u0424)<\/li><li>\u041c\u0430\u0440\u0431\u0443\u0440\u0437\u044c\u043a\u0438\u0439 \u043a\u043e\u043d\u0446\u0435\u043d\u0442\u0440\u0430\u0446\u0456\u0439\u043d\u0438\u0439 \u0442\u0440\u0435\u043d\u0456\u043d\u0433<\/li><\/ul><p>\u00a0<\/p><p>\u0423 \u0421\u043e\u0446\u0456\u0430\u043b\u044c\u043d\u043e-\u043f\u0435\u0434\u0430\u0433\u043e\u0433\u0456\u0447\u043d\u043e\u043c\u0443 \u0446\u0435\u043d\u0442\u0440\u0456 \u0434\u0435\u043d\u043d\u043e\u0433\u043e \u043f\u0435\u0440\u0435\u0431\u0443\u0432\u0430\u043d\u043d\u044f 54 \u0434\u0438\u0442\u0438\u043d\u0438 \u0442\u0430 \u0457\u0445\u043d\u0456 \u0441\u0456\u043c'\u0457 \u043e\u0442\u0440\u0438\u043c\u0443\u044e\u0442\u044c \u0434\u043e\u0433\u043b\u044f\u0434 \u0437\u0430 \u0432\u0438\u0441\u043e\u043a\u0438\u043c\u0438 \u0441\u0442\u0430\u043d\u0434\u0430\u0440\u0442\u0430\u043c\u0438 STB. \u0426\u0456 54 \u0434\u0438\u0442\u0438\u043d\u0438 \u0440\u043e\u0437\u0434\u0456\u043b\u0435\u043d\u0456 \u043d\u0430 \u0447\u043e\u0442\u0438\u0440\u0438 \u0433\u0440\u0443\u043f\u0438 \u043f\u043e 12-15 \u0434\u0456\u0442\u0435\u0439. \u0413\u043e\u0434\u0438\u043d\u0438 \u0434\u043e\u0433\u043b\u044f\u0434\u0443 - \u0437 12:00 \u0434\u043e 16:00 \u0437 \u043f\u043e\u043d\u0435\u0434\u0456\u043b\u043a\u0430 \u043f\u043e \u0447\u0435\u0442\u0432\u0435\u0440 \u0456 \u0434\u043e 15:00 \u043f\u043e \u043f'\u044f\u0442\u043d\u0438\u0446\u044f\u0445. \u041f\u0456\u0434 \u0447\u0430\u0441 \u0448\u043a\u0456\u043b\u044c\u043d\u0438\u0445 \u043a\u0430\u043d\u0456\u043a\u0443\u043b \u0442\u0430 \u0432 \u043f\u0435\u0440\u0435\u0445\u0456\u0434\u043d\u0456 \u0434\u043d\u0456 \u043c\u0438 \u043f\u0440\u043e\u043f\u043e\u043d\u0443\u0454\u043c\u043e \u043d\u0430\u0434\u0456\u0439\u043d\u0438\u0439 \u0434\u043e\u0433\u043b\u044f\u0434 \u043d\u0430 \u043a\u0430\u043d\u0456\u043a\u0443\u043b\u0430\u0445.<\/p><p>\u041a\u043e\u043c\u0430\u043d\u0434\u0430 \u0421\u043e\u0446\u0456\u0430\u043b\u044c\u043d\u043e-\u043f\u0435\u0434\u0430\u0433\u043e\u0433\u0456\u0447\u043d\u043e\u0433\u043e \u0446\u0435\u043d\u0442\u0440\u0443 \u0434\u0435\u043d\u043d\u043e\u0433\u043e \u043f\u0435\u0440\u0435\u0431\u0443\u0432\u0430\u043d\u043d\u044f \u0441\u043a\u043b\u0430\u0434\u0430\u0454\u0442\u044c\u0441\u044f \u0437 \u0441\u043e\u0446\u0456\u0430\u043b\u044c\u043d\u0438\u0445 \u043f\u0435\u0434\u0430\u0433\u043e\u0433\u0456\u0432, \u0441\u043e\u0446\u0456\u0430\u043b\u044c\u043d\u0438\u0445 \u043f\u0440\u0430\u0446\u0456\u0432\u043d\u0438\u043a\u0456\u0432, \u043d\u0430\u0443\u043a\u043e\u0432\u0446\u0456\u0432-\u043f\u0435\u0434\u0430\u0433\u043e\u0433\u0456\u0432, \u0432\u0438\u0445\u043e\u0432\u0430\u0442\u0435\u043b\u0456\u0432 \u0442\u0430 \u0441\u0442\u0443\u0434\u0435\u043d\u0442\u0456\u0432-\u0430\u0441\u0438\u0441\u0442\u0435\u043d\u0442\u0456\u0432. \u041a\u0440\u0456\u043c \u0442\u043e\u0433\u043e, \u0444\u0430\u0445\u0456\u0432\u0446\u0456 \u043c\u0430\u044e\u0442\u044c \u0434\u043e\u0434\u0430\u0442\u043a\u043e\u0432\u0443 \u043f\u0456\u0434\u0433\u043e\u0442\u043e\u0432\u043a\u0443 \u0437 \u043a\u043e\u043d\u0441\u0443\u043b\u044c\u0442\u0443\u0432\u0430\u043d\u043d\u044f, \u043e\u0440\u0456\u0454\u043d\u0442\u043e\u0432\u0430\u043d\u043e\u0433\u043e \u043d\u0430 \u0432\u0438\u0440\u0456\u0448\u0435\u043d\u043d\u044f \u043f\u0440\u043e\u0431\u043b\u0435\u043c, \u0441\u0456\u043c\u0435\u0439\u043d\u043e\u0457 \u0442\u0435\u0440\u0430\u043f\u0456\u0457, \u043f\u0441\u0438\u0445\u043e\u043c\u043e\u0442\u043e\u0440\u0438\u043a\u0438, \u0435\u043a\u0441\u043f\u0435\u0440\u0438\u043c\u0435\u043d\u0442\u0430\u043b\u044c\u043d\u043e\u0433\u043e \u043d\u0430\u0432\u0447\u0430\u043d\u043d\u044f, \u043d\u0430\u0432\u0447\u0430\u043d\u043d\u044f \u0437\u0430 \u0434\u043e\u043f\u043e\u043c\u043e\u0433\u043e\u044e \u0442\u0432\u0430\u0440\u0438\u043d \u0442\u0430 \u0442\u0440\u0435\u043d\u0456\u043d\u0433\u0443 \u043a\u043e\u043d\u0446\u0435\u043d\u0442\u0440\u0430\u0446\u0456\u0457 \u0443\u0432\u0430\u0433\u0438. \u041d\u0430 \u0434\u043e\u0434\u0430\u0442\u043e\u043a \u0434\u043e \u0446\u0438\u0445 \u043e\u0441\u043d\u043e\u0432\u043d\u0438\u0445 \u0432\u0438\u043c\u043e\u0433, \u0440\u0435\u0433\u0443\u043b\u044f\u0440\u043d\u0435 \u043f\u0456\u0434\u0432\u0438\u0449\u0435\u043d\u043d\u044f \u043a\u0432\u0430\u043b\u0456\u0444\u0456\u043a\u0430\u0446\u0456\u0457 \u0442\u0430 \u0441\u0443\u043f\u0435\u0440\u0432\u0456\u0437\u0456\u044f \u0454 \u0432\u0430\u0436\u043b\u0438\u0432\u0438\u043c\u0438 \u043a\u043e\u043c\u043f\u043e\u043d\u0435\u043d\u0442\u0430\u043c\u0438 \u0440\u043e\u0431\u043e\u0442\u0438. \u041a\u043e\u0436\u0435\u043d \u0432\u0447\u0438\u0442\u0435\u043b\u044c \u0454 \u043a\u043e\u043d\u0442\u0430\u043a\u0442\u043d\u043e\u044e \u043e\u0441\u043e\u0431\u043e\u044e \u0434\u043b\u044f \u043e\u043a\u0440\u0435\u043c\u0438\u0445 \u0434\u0456\u0442\u0435\u0439 \u0442\u0430 \u0457\u0445\u043d\u0456\u0445 \u0440\u043e\u0434\u0438\u043d \u0443 \u0440\u0430\u043c\u043a\u0430\u0445 \"\u0434\u043e\u0432\u0456\u0434\u043a\u043e\u0432\u043e\u0457 \u0441\u0438\u0441\u0442\u0435\u043c\u0438\".<\/p><p>\u0423 \u0434\u0440\u0443\u0433\u0456\u0439 \u043f\u043e\u043b\u043e\u0432\u0438\u043d\u0456 \u0434\u043d\u044f \u0434\u043b\u044f \u0434\u0456\u0442\u0435\u0439 \u043f\u0440\u043e\u0432\u043e\u0434\u044f\u0442\u044c\u0441\u044f \u0456\u043d\u0434\u0438\u0432\u0456\u0434\u0443\u0430\u043b\u044c\u043d\u0456 \u0437\u0430\u043d\u044f\u0442\u0442\u044f \u0437 \u043f\u0456\u0434\u0442\u0440\u0438\u043c\u043a\u0438. \u0414\u0456\u0442\u0438 \u0432\u0456\u0434\u0432\u0456\u0434\u0443\u044e\u0442\u044c \u0457\u0445 \u043f\u0440\u043e\u0442\u044f\u0433\u043e\u043c \u0434\u0435\u043a\u0456\u043b\u044c\u043a\u043e\u0445 \u0442\u0438\u0436\u043d\u0456\u0432.<\/p>\t\t\t\t\t\t\t\t<\/div>\n\t\t\t\t<\/div>\n\t\t\t\t\t<\/div>\n\t\t<\/div>\n\t\t\t\t\t<\/div>\n\t\t<\/section>\n\t\t\t\t<\/div>","protected":false},"excerpt":{"rendered":"<p>Die Grundidee des Offenen Ganztags an der Hundertwasser-Schule ist es, allen Kindern der Schule in einem multiprofessionellem Setting eine m\u00f6glichst optimale F\u00f6rderung im Bereich ihrer emotionalen und sozialen Entwicklung zu erm\u00f6glichen. Hundertwasser-Schule und SPI gestalten diesen Offenen Ganztag gemeinsam. Das Gesamtkonzept wird von den Sozialp\u00e4dagoginnen und Sozialp\u00e4dagogen des Offenen Ganztags sowie den Lehrerinnen und und [&hellip;]<\/p>\n","protected":false},"author":1,"featured_media":0,"parent":0,"menu_order":0,"comment_status":"closed","ping_status":"closed","template":"elementor_header_footer","meta":{"footnotes":""},"class_list":["post-37","page","type-page","status-publish","hentry"],"_links":{"self":[{"href":"https:\/\/hundertwasser-schule.de\/uk\/wp-json\/wp\/v2\/pages\/37","targetHints":{"allow":["GET"]}}],"collection":[{"href":"https:\/\/hundertwasser-schule.de\/uk\/wp-json\/wp\/v2\/pages"}],"about":[{"href":"https:\/\/hundertwasser-schule.de\/uk\/wp-json\/wp\/v2\/types\/page"}],"author":[{"embeddable":true,"href":"https:\/\/hundertwasser-schule.de\/uk\/wp-json\/wp\/v2\/users\/1"}],"replies":[{"embeddable":true,"href":"https:\/\/hundertwasser-schule.de\/uk\/wp-json\/wp\/v2\/comments?post=37"}],"version-history":[{"count":5,"href":"https:\/\/hundertwasser-schule.de\/uk\/wp-json\/wp\/v2\/pages\/37\/revisions"}],"predecessor-version":[{"id":1575,"href":"https:\/\/hundertwasser-schule.de\/uk\/wp-json\/wp\/v2\/pages\/37\/revisions\/1575"}],"wp:attachment":[{"href":"https:\/\/hundertwasser-schule.de\/uk\/wp-json\/wp\/v2\/media?parent=37"}],"curies":[{"name":"wp","href":"https:\/\/api.w.org\/{rel}","templated":true}]}}