{"id":43,"date":"2020-03-31T10:56:38","date_gmt":"2020-03-31T10:56:38","guid":{"rendered":"https:\/\/neu.hundertwasser-schule.de\/?page_id=43"},"modified":"2020-06-02T13:30:37","modified_gmt":"2020-06-02T11:30:37","slug":"der-traeger-spi","status":"publish","type":"page","link":"https:\/\/hundertwasser-schule.de\/uk\/der-traeger-spi\/","title":{"rendered":"\u0421\u043f\u043e\u043d\u0441\u043e\u0440: SPI"},"content":{"rendered":"<div data-elementor-type=\"wp-page\" data-elementor-id=\"43\" class=\"elementor elementor-43\" data-elementor-post-type=\"page\">\n\t\t\t\t\t\t<section class=\"elementor-section elementor-top-section elementor-element elementor-element-5a7a1fed elementor-section-stretched elementor-section-full_width elementor-section-height-default elementor-section-height-default\" data-id=\"5a7a1fed\" data-element_type=\"section\" data-e-type=\"section\" data-settings=\"{&quot;stretch_section&quot;:&quot;section-stretched&quot;}\">\n\t\t\t\t\t\t<div class=\"elementor-container elementor-column-gap-no\">\n\t\t\t\t\t<div class=\"elementor-column elementor-col-100 elementor-top-column elementor-element elementor-element-5828ac9d\" data-id=\"5828ac9d\" data-element_type=\"column\" data-e-type=\"column\">\n\t\t\t<div class=\"elementor-widget-wrap elementor-element-populated\">\n\t\t\t\t\t\t<div class=\"elementor-element elementor-element-5f14c8bc elementor-widget elementor-widget-image\" data-id=\"5f14c8bc\" data-element_type=\"widget\" data-e-type=\"widget\" data-widget_type=\"image.default\">\n\t\t\t\t<div class=\"elementor-widget-container\">\n\t\t\t\t\t\t\t\t\t\t\t\t\t\t\t<img fetchpriority=\"high\" decoding=\"async\" width=\"1920\" height=\"230\" src=\"http:\/\/hundertwasser-schule.de\/wp-content\/uploads\/2020\/03\/bild1.jpg\" class=\"attachment-full size-full wp-image-108\" alt=\"\" srcset=\"http:\/\/hundertwasser-schule.de\/wp-content\/uploads\/2020\/03\/bild1.jpg 1920w, http:\/\/hundertwasser-schule.de\/wp-content\/uploads\/2020\/03\/bild1-300x36.jpg 300w, http:\/\/hundertwasser-schule.de\/wp-content\/uploads\/2020\/03\/bild1-1024x123.jpg 1024w, http:\/\/hundertwasser-schule.de\/wp-content\/uploads\/2020\/03\/bild1-768x92.jpg 768w, http:\/\/hundertwasser-schule.de\/wp-content\/uploads\/2020\/03\/bild1-1536x184.jpg 1536w, http:\/\/hundertwasser-schule.de\/wp-content\/uploads\/2020\/03\/bild1-20x2.jpg 20w\" sizes=\"(max-width: 1920px) 100vw, 1920px\" \/>\t\t\t\t\t\t\t\t\t\t\t\t\t\t\t<\/div>\n\t\t\t\t<\/div>\n\t\t\t\t\t<\/div>\n\t\t<\/div>\n\t\t\t\t\t<\/div>\n\t\t<\/section>\n\t\t\t\t<section class=\"elementor-section elementor-top-section elementor-element elementor-element-9d858a9 elementor-section-height-min-height elementor-section-boxed elementor-section-height-default elementor-section-items-middle\" data-id=\"9d858a9\" data-element_type=\"section\" data-e-type=\"section\" data-settings=\"{&quot;background_background&quot;:&quot;classic&quot;}\">\n\t\t\t\t\t\t<div class=\"elementor-container elementor-column-gap-default\">\n\t\t\t\t\t<div class=\"elementor-column elementor-col-100 elementor-top-column elementor-element elementor-element-3fb06de9\" data-id=\"3fb06de9\" data-element_type=\"column\" data-e-type=\"column\">\n\t\t\t<div class=\"elementor-widget-wrap elementor-element-populated\">\n\t\t\t\t\t\t\t<\/div>\n\t\t<\/div>\n\t\t\t\t\t<\/div>\n\t\t<\/section>\n\t\t\t\t<section class=\"elementor-section elementor-top-section elementor-element elementor-element-f6e6cca elementor-section-boxed elementor-section-height-default elementor-section-height-default\" data-id=\"f6e6cca\" data-element_type=\"section\" data-e-type=\"section\">\n\t\t\t\t\t\t<div class=\"elementor-container elementor-column-gap-default\">\n\t\t\t\t\t<div class=\"elementor-column elementor-col-100 elementor-top-column elementor-element elementor-element-1113d1a7\" data-id=\"1113d1a7\" data-element_type=\"column\" data-e-type=\"column\">\n\t\t\t<div class=\"elementor-widget-wrap elementor-element-populated\">\n\t\t\t\t\t\t<div class=\"elementor-element elementor-element-2481ebfb elementor-widget elementor-widget-spacer\" data-id=\"2481ebfb\" data-element_type=\"widget\" data-e-type=\"widget\" data-widget_type=\"spacer.default\">\n\t\t\t\t<div class=\"elementor-widget-container\">\n\t\t\t\t\t\t\t<div class=\"elementor-spacer\">\n\t\t\t<div class=\"elementor-spacer-inner\"><\/div>\n\t\t<\/div>\n\t\t\t\t\t\t<\/div>\n\t\t\t\t<\/div>\n\t\t\t\t\t<\/div>\n\t\t<\/div>\n\t\t\t\t\t<\/div>\n\t\t<\/section>\n\t\t\t\t<section class=\"elementor-section elementor-top-section elementor-element elementor-element-0832c41 elementor-section-boxed elementor-section-height-default elementor-section-height-default\" data-id=\"0832c41\" data-element_type=\"section\" data-e-type=\"section\">\n\t\t\t\t\t\t<div class=\"elementor-container elementor-column-gap-default\">\n\t\t\t\t\t<div class=\"elementor-column elementor-col-100 elementor-top-column elementor-element elementor-element-624cc38\" data-id=\"624cc38\" data-element_type=\"column\" data-e-type=\"column\">\n\t\t\t<div class=\"elementor-widget-wrap elementor-element-populated\">\n\t\t\t\t\t\t<div class=\"elementor-element elementor-element-7dfce16 elementor-widget elementor-widget-text-editor\" data-id=\"7dfce16\" data-element_type=\"widget\" data-e-type=\"widget\" data-widget_type=\"text-editor.default\">\n\t\t\t\t<div class=\"elementor-widget-container\">\n\t\t\t\t\t\t\t\t\t<p>\u0417\u0430 \u0432\u0456\u0434\u043a\u0440\u0438\u0442\u0443 \u0446\u0456\u043b\u043e\u0434\u0435\u043d\u043d\u0443 \u043f\u0440\u043e\u0433\u0440\u0430\u043c\u0443 \u0432\u0456\u0434\u043f\u043e\u0432\u0456\u0434\u0430\u0454 \u0421\u043e\u0446\u0456\u0430\u043b\u044c\u043d\u043e-\u043f\u0435\u0434\u0430\u0433\u043e\u0433\u0456\u0447\u043d\u0438\u0439 \u0456\u043d\u0441\u0442\u0438\u0442\u0443\u0442 \u0413\u044e\u0442\u0435\u0440\u0441\u043b\u043e (G\u00fctersloh e.V.). \u00a0 \u00a0 <a href=\"http:\/\/www.spi-gt.de\/\"><img decoding=\"async\" src=\"http:\/\/hundertwasser-schule.de\/inhalte\/2offenerganztag\/6Traeger\/spi.jpg\" alt=\"\" \/><\/a><br \/>SPI G\u00fctersloh e.V. \u0454 \u0432\u0438\u0437\u043d\u0430\u043d\u043e\u044e \u043e\u0440\u0433\u0430\u043d\u0456\u0437\u0430\u0446\u0456\u0454\u044e \u0441\u043e\u0446\u0456\u0430\u043b\u044c\u043d\u043e\u0433\u043e \u0437\u0430\u0445\u0438\u0441\u0442\u0443 \u043c\u043e\u043b\u043e\u0434\u0456 \u0432\u0456\u0434\u043f\u043e\u0432\u0456\u0434\u043d\u043e \u0434\u043e \u00a7 75 KJHG \u0442\u0430 \u043f\u043e\u0441\u0442\u0430\u0447\u0430\u043b\u044c\u043d\u0438\u043a\u043e\u043c \u043f\u043e\u0441\u043b\u0443\u0433 \u0443 \u043a\u043e\u043d\u0442\u0435\u043a\u0441\u0442\u0456 \u0440\u0430\u043d\u043d\u044c\u043e\u0433\u043e \u0432\u0442\u0440\u0443\u0447\u0430\u043d\u043d\u044f. SPI G\u00fctersloh e.V. \u0454 \u0447\u043b\u0435\u043d\u043e\u043c \u041d\u0456\u043c\u0435\u0446\u044c\u043a\u043e\u0457 \u0430\u0441\u043e\u0446\u0456\u0430\u0446\u0456\u0457 \u043f\u0430\u0440\u0438\u0442\u0435\u0442\u043d\u043e\u0433\u043e \u0441\u043e\u0446\u0456\u0430\u043b\u044c\u043d\u043e\u0433\u043e \u0437\u0430\u0431\u0435\u0437\u043f\u0435\u0447\u0435\u043d\u043d\u044f (DPWV) \u0437 7 \u0432\u0435\u0440\u0435\u0441\u043d\u044f 2001 \u0440\u043e\u043a\u0443.<\/p><p>\u0410\u0441\u043e\u0446\u0456\u0430\u0446\u0456\u044f \u043f\u043e\u0441\u0442\u0430\u0432\u0438\u043b\u0430 \u0441\u043e\u0431\u0456 \u0437\u0430 \u043c\u0435\u0442\u0443 \u0437\u0430 \u0434\u043e\u043f\u043e\u043c\u043e\u0433\u043e\u044e \u0432\u0456\u0434\u043f\u043e\u0432\u0456\u0434\u043d\u0438\u0445 \u0437\u0430\u0445\u043e\u0434\u0456\u0432 \u043f\u0456\u0434\u0442\u0440\u0438\u043c\u0443\u0432\u0430\u0442\u0438 \u0434\u0456\u0442\u0435\u0439, \u043c\u043e\u043b\u043e\u0434\u044c \u0442\u0430 \u0457\u0445\u043d\u0456 \u0441\u0456\u043c'\u0457 \u0456\u0437 \u0437\u0430\u0442\u0440\u0438\u043c\u043a\u043e\u044e \u0440\u043e\u0437\u0432\u0438\u0442\u043a\u0443, \u043f\u043e\u0432\u0435\u0434\u0456\u043d\u043a\u043e\u0432\u0438\u043c\u0438 \u043f\u0440\u043e\u0431\u043b\u0435\u043c\u0430\u043c\u0438 \u0442\u0430\/\u0430\u0431\u043e \u0441\u043e\u0446\u0456\u0430\u043b\u044c\u043d\u043e \u043d\u0435\u0437\u0430\u0445\u0438\u0449\u0435\u043d\u0438\u0445 \u0434\u0456\u0442\u0435\u0439, \u043c\u043e\u043b\u043e\u0434\u044c \u0442\u0430 \u0457\u0445\u043d\u0456 \u0441\u0456\u043c'\u0457 \u0456 \u0442\u0430\u043a\u0438\u043c \u0447\u0438\u043d\u043e\u043c \u0434\u043e\u043f\u043e\u043c\u0430\u0433\u0430\u0442\u0438 \u0457\u043c \u0440\u043e\u0437\u0432\u0438\u0432\u0430\u0442\u0438 \u0442\u0430 \u0432\u0438\u0445\u043e\u0432\u0443\u0432\u0430\u0442\u0438 \u0441\u0432\u043e\u044e \u043e\u0441\u043e\u0431\u0438\u0441\u0442\u0456\u0441\u0442\u044c. \u041a\u0440\u0456\u043c \u0442\u043e\u0433\u043e, \u0414\u0406\u041f \u043f\u043e\u0441\u0442\u0430\u0432\u0438\u0432 \u043f\u0435\u0440\u0435\u0434 \u0441\u043e\u0431\u043e\u044e \u0437\u0430\u0432\u0434\u0430\u043d\u043d\u044f \u043d\u0430\u0434\u0430\u0432\u0430\u0442\u0438 \u043f\u043e\u0441\u043b\u0443\u0433\u0438 \u0443 \u0441\u0444\u0435\u0440\u0456 \u0432\u0456\u0434\u043a\u0440\u0438\u0442\u0438\u0445 \u0448\u043a\u0456\u043b \u0446\u0456\u043b\u043e\u0434\u0435\u043d\u043d\u043e\u0433\u043e \u043f\u0435\u0440\u0435\u0431\u0443\u0432\u0430\u043d\u043d\u044f \u0432 \u0440\u0430\u043c\u043a\u0430\u0445 \u0441\u0432\u043e\u0454\u0457 \u0446\u0456\u043b\u0456\u0441\u043d\u043e\u0457 \u043e\u0441\u0432\u0456\u0442\u043d\u044c\u043e\u0457 \u043c\u0456\u0441\u0456\u0457.<\/p><p>SPI G\u00fctersloh e.V. - \u0446\u0435 \u0441\u0443\u0447\u0430\u0441\u043d\u0430 \u0434\u0435\u0446\u0435\u043d\u0442\u0440\u0430\u043b\u0456\u0437\u043e\u0432\u0430\u043d\u0430 \u0443\u0441\u0442\u0430\u043d\u043e\u0432\u0430 \u0437 \u0431\u0456\u043b\u044c\u0448 \u043d\u0456\u0436 10-\u0440\u0456\u0447\u043d\u0438\u043c \u0434\u043e\u0441\u0432\u0456\u0434\u043e\u043c \u0440\u043e\u0431\u043e\u0442\u0438 \u0432 \u0440\u0456\u0437\u043d\u0438\u0445 \u0441\u0444\u0435\u0440\u0430\u0445 \u0434\u043e\u0431\u0440\u043e\u0431\u0443\u0442\u0443 \u0434\u0456\u0442\u0435\u0439 \u0442\u0430 \u043c\u043e\u043b\u043e\u0434\u0456. \u0421\u043e\u0446\u0456\u0430\u043b\u044c\u043d\u043e-\u043f\u0435\u0434\u0430\u0433\u043e\u0433\u0456\u0447\u043d\u0438\u0439 \u0456\u043d\u0441\u0442\u0438\u0442\u0443\u0442 \u0440\u043e\u0437\u0432\u0438\u0432\u0430\u0454 \u0456\u043d\u0434\u0438\u0432\u0456\u0434\u0443\u0430\u043b\u044c\u043d\u0456 \u0442\u0430 \u0434\u0438\u0444\u0435\u0440\u0435\u043d\u0446\u0456\u0439\u043e\u0432\u0430\u043d\u0456 \u043f\u043e\u0441\u043b\u0443\u0433\u0438 \u0434\u043b\u044f \u0434\u0456\u0442\u0435\u0439, \u043c\u043e\u043b\u043e\u0434\u0456 \u0442\u0430 \u0441\u0456\u043c\u0435\u0439.<br \/>\u041e\u0441\u043d\u043e\u0432\u043d\u0438\u043c\u0438 \u043d\u0430\u043f\u0440\u044f\u043c\u043a\u0430\u043c\u0438 \u0440\u043e\u0431\u043e\u0442\u0438 \u0454<\/p><p>- \u0413\u043d\u0443\u0447\u043a\u0456 \u0430\u043c\u0431\u0443\u043b\u0430\u0442\u043e\u0440\u043d\u0456 \u0437\u0430\u0445\u043e\u0434\u0438 \u0441\u043e\u0446\u0456\u0430\u043b\u044c\u043d\u043e\u0433\u043e \u0437\u0430\u0445\u0438\u0441\u0442\u0443 \u043c\u043e\u043b\u043e\u0434\u0456\u00a0<br \/>- \u041a\u043e\u0440\u0435\u043a\u0446\u0456\u0439\u043d\u0430 \u043e\u0441\u0432\u0456\u0442\u0430\/\u043f\u0456\u0434\u0442\u0440\u0438\u043c\u043a\u0430 \u043f\u0441\u0438\u0445\u043e\u043c\u043e\u0442\u043e\u0440\u043d\u043e\u0433\u043e \u0440\u043e\u0437\u0432\u0438\u0442\u043a\u0443\u00a0<br \/>- \u0427\u0430\u0441\u0442\u043a\u043e\u0432\u0456 \u0441\u0442\u0430\u0446\u0456\u043e\u043d\u0430\u0440\u043d\u0456 \u0437\u0430\u0445\u043e\u0434\u0438 \u0441\u043e\u0446\u0456\u0430\u043b\u044c\u043d\u043e\u0433\u043e \u0437\u0430\u0445\u0438\u0441\u0442\u0443 \u043c\u043e\u043b\u043e\u0434\u0456 (\u0434\u0435\u043d\u043d\u0430 \u0433\u0440\u0443\u043f\u0430)\u00a0<br \/>- \u0412\u0456\u0434\u043a\u0440\u0438\u0442\u0456 \u0446\u0456\u043b\u043e\u0434\u043e\u0431\u043e\u0432\u0456 \u043f\u043e\u0441\u043b\u0443\u0433\u0438 \u0442\u0430 \u043f\u043e\u0441\u043b\u0443\u0433\u0438 \u0437 \u0434\u043e\u0433\u043b\u044f\u0434\u0443 \u0437\u0430 \u0434\u0456\u0442\u044c\u043c\u0438\u00a0<br \/>- \u0421\u043e\u0446\u0456\u0430\u043b\u044c\u043d\u0430 \u0440\u043e\u0431\u043e\u0442\u0430 \u0432 \u0448\u043a\u043e\u043b\u0456\u00a0<\/p><p>\u0421\u043e\u0446\u0456\u0430\u043b\u044c\u043d\u043e-\u043f\u0435\u0434\u0430\u0433\u043e\u0433\u0456\u0447\u043d\u0438\u0439 \u0456\u043d\u0441\u0442\u0438\u0442\u0443\u0442 \u0413\u044e\u0442\u0435\u0440\u0441\u043b\u043e (SPI) e. V. \u043f\u0440\u0430\u0446\u044e\u0454 \u043d\u0430 \u0442\u0435\u0440\u0438\u0442\u043e\u0440\u0456\u0457 \u0432\u0441\u044c\u043e\u0433\u043e \u043c\u0456\u0441\u0442\u0430 \u0442\u0430 \u0440\u0430\u0439\u043e\u043d\u0443 \u0413\u044e\u0442\u0435\u0440\u0441\u043b\u043e. \u0406\u0441\u043d\u0443\u044e\u0442\u044c \u0443\u0433\u043e\u0434\u0438 \u043f\u0440\u043e \u0441\u043f\u0456\u0432\u043f\u0440\u0430\u0446\u044e \u0437 \u0443\u043f\u0440\u0430\u0432\u043b\u0456\u043d\u043d\u044f\u043c\u0438 \u0443 \u0441\u043f\u0440\u0430\u0432\u0430\u0445 \u043c\u043e\u043b\u043e\u0434\u0456, \u043c\u0456\u0441\u0442\u0430 \u0442\u0430 \u0440\u0430\u0439\u043e\u043d\u0443 \u0413\u044e\u0442\u0435\u0440\u0441\u043b\u043e, \u0430 \u0442\u0430\u043a\u043e\u0436 \u0437 \u0443\u043f\u0440\u0430\u0432\u043b\u0456\u043d\u043d\u044f\u043c \u0441\u043e\u0446\u0456\u0430\u043b\u044c\u043d\u043e\u0433\u043e \u0437\u0430\u0431\u0435\u0437\u043f\u0435\u0447\u0435\u043d\u043d\u044f \u0440\u0430\u0439\u043e\u043d\u0443 \u0413\u044e\u0442\u0435\u0440\u0441\u043b\u043e.<br \/>\u0417 \u043c\u0435\u0442\u043e\u044e \u0440\u043e\u0437\u0432\u0438\u0442\u043a\u0443 \u0442\u0430 \u0437\u0430\u0431\u0435\u0437\u043f\u0435\u0447\u0435\u043d\u043d\u044f \u044f\u043a\u043e\u0441\u0442\u0456, \u0413\u0406\u041e\u0426 \u0440\u0435\u0433\u0443\u043b\u044f\u0440\u043d\u043e \u0431\u0435\u0440\u0435 \u0443\u0447\u0430\u0441\u0442\u044c \u0443 \u0440\u0456\u0437\u043d\u0438\u0445 \u0435\u043a\u0441\u043f\u0435\u0440\u0442\u043d\u0438\u0445 \u0433\u0440\u0443\u043f\u0430\u0445 \u043d\u0430 \u0440\u0435\u0433\u0456\u043e\u043d\u0430\u043b\u044c\u043d\u043e\u043c\u0443 \u0442\u0430 \u043d\u0430\u0434\u0440\u0435\u0433\u0456\u043e\u043d\u0430\u043b\u044c\u043d\u043e\u043c\u0443 \u0440\u0456\u0432\u043d\u044f\u0445.<\/p>\t\t\t\t\t\t\t\t<\/div>\n\t\t\t\t<\/div>\n\t\t\t\t\t<\/div>\n\t\t<\/div>\n\t\t\t\t\t<\/div>\n\t\t<\/section>\n\t\t\t\t<section class=\"elementor-section elementor-top-section elementor-element elementor-element-c429ca2 elementor-section-boxed elementor-section-height-default elementor-section-height-default\" data-id=\"c429ca2\" data-element_type=\"section\" data-e-type=\"section\">\n\t\t\t\t\t\t<div class=\"elementor-container elementor-column-gap-default\">\n\t\t\t\t\t<div class=\"elementor-column elementor-col-100 elementor-top-column elementor-element elementor-element-659c433\" data-id=\"659c433\" data-element_type=\"column\" data-e-type=\"column\">\n\t\t\t<div class=\"elementor-widget-wrap elementor-element-populated\">\n\t\t\t\t\t\t<div class=\"elementor-element elementor-element-ff5bef4 elementor-widget elementor-widget-spacer\" data-id=\"ff5bef4\" data-element_type=\"widget\" data-e-type=\"widget\" data-widget_type=\"spacer.default\">\n\t\t\t\t<div class=\"elementor-widget-container\">\n\t\t\t\t\t\t\t<div class=\"elementor-spacer\">\n\t\t\t<div class=\"elementor-spacer-inner\"><\/div>\n\t\t<\/div>\n\t\t\t\t\t\t<\/div>\n\t\t\t\t<\/div>\n\t\t\t\t\t<\/div>\n\t\t<\/div>\n\t\t\t\t\t<\/div>\n\t\t<\/section>\n\t\t\t\t<\/div>","protected":false},"excerpt":{"rendered":"<p>Tr\u00e4ger des Offenen Ganztages ist das Sozialp\u00e4dagogische Institut G\u00fctersloh e.V. \u00a0 \u00a0 Das SPI G\u00fctersloh e.V. ist anerkannter Tr\u00e4ger der Jugendhilfe nach \u00a7 75 KJHG und Dienstleister im Rahmen der Fr\u00fchf\u00f6rderung. Seit dem 07.09.2001 ist das SPI G\u00fctersloh e.V. Mitglied im Deutschen Parit\u00e4tischen Wohlfahrtsverband (DPWV). Der Verein hat sich zum Ziel gesetzt, entwicklungsverz\u00f6gerte, verhaltensauff\u00e4llige und\/oder [&hellip;]<\/p>\n","protected":false},"author":1,"featured_media":0,"parent":0,"menu_order":0,"comment_status":"closed","ping_status":"closed","template":"elementor_header_footer","meta":{"footnotes":""},"class_list":["post-43","page","type-page","status-publish","hentry"],"_links":{"self":[{"href":"https:\/\/hundertwasser-schule.de\/uk\/wp-json\/wp\/v2\/pages\/43","targetHints":{"allow":["GET"]}}],"collection":[{"href":"https:\/\/hundertwasser-schule.de\/uk\/wp-json\/wp\/v2\/pages"}],"about":[{"href":"https:\/\/hundertwasser-schule.de\/uk\/wp-json\/wp\/v2\/types\/page"}],"author":[{"embeddable":true,"href":"https:\/\/hundertwasser-schule.de\/uk\/wp-json\/wp\/v2\/users\/1"}],"replies":[{"embeddable":true,"href":"https:\/\/hundertwasser-schule.de\/uk\/wp-json\/wp\/v2\/comments?post=43"}],"version-history":[{"count":4,"href":"https:\/\/hundertwasser-schule.de\/uk\/wp-json\/wp\/v2\/pages\/43\/revisions"}],"predecessor-version":[{"id":1099,"href":"https:\/\/hundertwasser-schule.de\/uk\/wp-json\/wp\/v2\/pages\/43\/revisions\/1099"}],"wp:attachment":[{"href":"https:\/\/hundertwasser-schule.de\/uk\/wp-json\/wp\/v2\/media?parent=43"}],"curies":[{"name":"wp","href":"https:\/\/api.w.org\/{rel}","templated":true}]}}