{"id":4664,"date":"2023-11-07T21:28:29","date_gmt":"2023-11-07T20:28:29","guid":{"rendered":"https:\/\/hundertwasser-schule.de\/?page_id=4664"},"modified":"2024-05-16T13:25:07","modified_gmt":"2024-05-16T11:25:07","slug":"lies-mit-projekt","status":"publish","type":"page","link":"https:\/\/hundertwasser-schule.de\/uk\/lies-mit-projekt\/","title":{"rendered":"\u0427\u0438\u0442\u0430\u0439\u0442\u0435 \u0434\u0430\u043b\u0456! - \u041f\u0440\u043e\u0435\u043a\u0442"},"content":{"rendered":"<div data-elementor-type=\"wp-page\" data-elementor-id=\"4664\" class=\"elementor elementor-4664\" data-elementor-post-type=\"page\">\n\t\t\t\t\t\t<section class=\"elementor-section elementor-top-section elementor-element elementor-element-8e29a50 elementor-section-boxed elementor-section-height-default elementor-section-height-default\" data-id=\"8e29a50\" data-element_type=\"section\" data-e-type=\"section\">\n\t\t\t\t\t\t<div class=\"elementor-container elementor-column-gap-default\">\n\t\t\t\t\t<div class=\"elementor-column elementor-col-100 elementor-top-column elementor-element elementor-element-1832f55\" data-id=\"1832f55\" data-element_type=\"column\" data-e-type=\"column\">\n\t\t\t<div class=\"elementor-widget-wrap elementor-element-populated\">\n\t\t\t\t\t\t<div class=\"elementor-element elementor-element-deb3dc9 elementor-widget elementor-widget-text-editor\" data-id=\"deb3dc9\" data-element_type=\"widget\" data-e-type=\"widget\" data-widget_type=\"text-editor.default\">\n\t\t\t\t<div class=\"elementor-widget-container\">\n\t\t\t\t\t\t\t\t\t<p><span style=\"color: #0000ff;\"><b>\u041f\u0440\u043e \u043f\u0440\u043e\u0454\u043a\u0442<\/b><\/span><\/p><p>\u041f\u0440\u043e\u0435\u043a\u0442 \"Lies mit\" - \u0446\u0435 \u0441\u043f\u0456\u043b\u044c\u043d\u0430 \u043f\u0440\u043e\u043f\u043e\u0437\u0438\u0446\u0456\u044f \u0448\u043a\u0456\u043b\u044c\u043d\u0438\u0445 \u0456\u043d\u0441\u043f\u0435\u043a\u0446\u0456\u0439 \u043f\u043e\u0447\u0430\u0442\u043a\u043e\u0432\u0438\u0445 \u0448\u043a\u0456\u043b \u0440\u0430\u0439\u043e\u043d\u0443 \u0413\u044e\u0442\u0435\u0440\u0441\u043b\u043e, \u0433\u0440\u0443\u043f\u0438 \u0435\u043a\u0441\u043f\u0435\u0440\u0442\u0456\u0432, \u0443\u043f\u0440\u0430\u0432\u043b\u0456\u043d\u043d\u044f \u043e\u0441\u0432\u0456\u0442\u0438 \u0442\u0430 \u0443\u043f\u0440\u0430\u0432\u043b\u0456\u043d\u043d\u044f \u043e\u0441\u0432\u0456\u0442\u0438 \u0440\u0430\u0439\u043e\u043d\u0443 \u0413\u044e\u0442\u0435\u0440\u0441\u043b\u043e, \u0426\u0435\u043d\u0442\u0440\u0443 \u043e\u0441\u0432\u0456\u0442\u0438 \u0442\u0430 \u043c\u043e\u0436\u043b\u0438\u0432\u043e\u0441\u0442\u0435\u0439 \u0442\u0430 \u0424\u043e\u043d\u0434\u0443 \u0420\u0430\u0439\u043d\u0445\u0430\u0440\u0434\u0430 \u041c\u043e\u043d\u0430.<\/p><p>\u041c\u0438 \u0440\u0430\u0434\u0456, \u0449\u043e \u0441\u043f\u0456\u0432\u0440\u043e\u0431\u0456\u0442\u043d\u0438\u043a\u0438 \u0448\u043a\u043e\u043b\u0438 \u0425\u0443\u043d\u0434\u0435\u0440\u0442\u0432\u0430\u0441\u0441\u0435\u0440 \u043e\u0434\u043d\u043e\u0433\u043e\u043b\u043e\u0441\u043d\u043e \u043f\u043e\u0433\u043e\u0434\u0438\u043b\u0438\u0441\u044f \u0432\u0437\u044f\u0442\u0438 \u0443\u0447\u0430\u0441\u0442\u044c \u0443 \u043f\u0440\u043e\u0435\u043a\u0442\u0456 \"Lies mit\" \u0443 \u0440\u0430\u0439\u043e\u043d\u0456 \u0413\u044e\u0442\u0435\u0440\u0441\u043b\u043e \u0443 2023\/24 \u043d\u0430\u0432\u0447\u0430\u043b\u044c\u043d\u043e\u043c\u0443 \u0440\u043e\u0446\u0456 \u0442\u0430 \u043f\u0440\u043e\u0442\u044f\u0433\u043e\u043c 18 \u043c\u0456\u0441\u044f\u0446\u0456\u0432 \u0431\u0440\u0430\u0442\u0438\u043c\u0443\u0442\u044c \u0443\u0447\u0430\u0441\u0442\u044c \u0443 \u0442\u0440\u0435\u043d\u0456\u043d\u0433\u0430\u0445 \u0440\u0430\u0437\u043e\u043c \u0437 \u0456\u043d\u0448\u0438\u043c\u0438 \u043f\u043e\u0447\u0430\u0442\u043a\u043e\u0432\u0438\u043c\u0438 \u0448\u043a\u043e\u043b\u0430\u043c\u0438. \u041e\u0441\u043d\u043e\u0432\u043d\u0430 \u0456\u0434\u0435\u044f \u043f\u0440\u043e\u0454\u043a\u0442\u0443 \u043f\u043e\u043b\u044f\u0433\u0430\u0454 \u0432 \u0441\u0438\u0441\u0442\u0435\u043c\u0430\u0442\u0438\u0447\u043d\u043e\u043c\u0443 \u043f\u0440\u043e\u0441\u0443\u0432\u0430\u043d\u043d\u0456 \u0447\u0438\u0442\u0430\u043d\u043d\u044f \u0432 \u0440\u0430\u043c\u043a\u0430\u0445 \u043f\u0440\u043e\u0454\u043a\u0442\u0443 \u0440\u043e\u0437\u0432\u0438\u0442\u043a\u0443 \u0448\u043a\u043e\u043b\u0438, \u044f\u043a\u0438\u0439 \u043f\u0456\u0434\u0442\u0440\u0438\u043c\u0443\u0454\u0442\u044c\u0441\u044f \u0432\u0441\u0456\u043c\u0430 \u043a\u043e\u043b\u0435\u0433\u0430\u043c\u0438.<\/p><p>\u0423 \"The\u00a0<strong>\u0414\u0435\u0442\u0430\u043b\u044c\u043d\u0456 \u0446\u0456\u043b\u0456<\/strong>\u00a0\u043d\u0430\u0441\u0442\u0443\u043f\u043d\u0456:<\/p><ol><li>\u0423\u0441\u0456 \u0443\u0447\u043d\u0456, \u044f\u043a\u0456 \u043d\u0430\u0432\u0447\u0430\u044e\u0442\u044c\u0441\u044f \u043d\u0430 \u043e\u0434\u043d\u0430\u043a\u043e\u0432\u043e\u043c\u0443 \u0440\u0456\u0432\u043d\u0456, \u0434\u043e\u0441\u044f\u0433\u0430\u044e\u0442\u044c \u0441\u0442\u0430\u043d\u0434\u0430\u0440\u0442\u043d\u043e\u0433\u043e \u0434\u0456\u0430\u043f\u0430\u0437\u043e\u043d\u0443 \u0440\u0435\u0437\u0443\u043b\u044c\u0442\u0430\u0442\u0456\u0432 \u0417\u0430\u043b\u044c\u0446\u0431\u0443\u0440\u0437\u044c\u043a\u043e\u0433\u043e \u0441\u043a\u0440\u0438\u043d\u0456\u043d\u0433\u0443 \u0447\u0438\u0442\u0430\u043d\u043d\u044f \u0432 \u043f\u0435\u0440\u0448\u043e\u043c\u0443 \u043f\u0456\u0432\u0440\u0456\u0447\u0447\u0456 \u0447\u0435\u0442\u0432\u0435\u0440\u0442\u043e\u0433\u043e \u043a\u043b\u0430\u0441\u0443.<\/li><li>\u0423\u0447\u043d\u0456 \u0437 \u043e\u0441\u043e\u0431\u043b\u0438\u0432\u0438\u043c\u0438 \u043f\u043e\u0442\u0440\u0435\u0431\u0430\u043c\u0438 \u0448\u043a\u0456\u043b-\u0443\u0447\u0430\u0441\u043d\u0438\u0446\u044c \u043f\u043e\u043a\u0440\u0430\u0449\u0443\u044e\u0442\u044c \u0448\u0432\u0438\u0434\u043a\u0456\u0441\u0442\u044c \u0447\u0438\u0442\u0430\u043d\u043d\u044f, \u0440\u0435\u0433\u0443\u043b\u044f\u0440\u043d\u043e \u0431\u0435\u0440\u0443\u0447\u0438 \u0443\u0447\u0430\u0441\u0442\u044c \u0443 \u0442\u0440\u0435\u043d\u0456\u043d\u0433\u0430\u0445 \u0437 \u0447\u0438\u0442\u0430\u043d\u043d\u044f \u0432 \u043f\u043e\u0447\u0430\u0442\u043a\u043e\u0432\u0438\u0445 \u043a\u043b\u0430\u0441\u0430\u0445.<\/li><li>\u0412\u0447\u0438\u0442\u0435\u043b\u0456 \u0432\u043f\u0440\u043e\u0432\u0430\u0434\u0436\u0443\u044e\u0442\u044c \u043d\u0430\u0432\u0447\u0430\u043d\u043d\u044f \u0447\u0438\u0442\u0430\u043d\u043d\u044f \u043d\u0435 \u043f\u0456\u0437\u043d\u0456\u0448\u0435 \u0447\u0435\u0442\u0432\u0435\u0440\u0442\u043e\u0433\u043e \u043d\u0430\u0432\u0447\u0430\u043b\u044c\u043d\u043e\u0433\u043e \u0440\u043e\u043a\u0443 \u043f\u0456\u0441\u043b\u044f \u043f\u043e\u0447\u0430\u0442\u043a\u0443 \u0443\u0447\u0430\u0441\u0442\u0456 \u0432 \u043f\u0440\u043e\u0435\u043a\u0442\u0456.<\/li><li>\u0417 \u043d\u0430\u0441\u0442\u0443\u043f\u043d\u043e\u0433\u043e \u043d\u0430\u0432\u0447\u0430\u043b\u044c\u043d\u043e\u0433\u043e \u0440\u043e\u043a\u0443 \u043f\u0440\u043e\u0435\u043a\u0442 \u0431\u0443\u0434\u0435 \u043f\u0456\u043b\u043e\u0442\u0443\u0432\u0430\u0442\u0438\u0441\u044f \u0443 \u043f'\u044f\u0442\u0438 \u043f\u043e\u0447\u0430\u0442\u043a\u043e\u0432\u0438\u0445 \u0448\u043a\u043e\u043b\u0430\u0445. \u0426\u0456 \u0448\u043a\u043e\u043b\u0438 \u043f\u043e\u0434\u0430\u043b\u0438 \u0437\u0430\u044f\u0432\u043a\u0438 \u043d\u0430 \u0443\u0447\u0430\u0441\u0442\u044c \u0443 \u043f\u0440\u043e\u0435\u043a\u0442\u0456 \u043f\u0456\u0441\u043b\u044f \u043f\u0440\u043e\u0432\u0435\u0434\u0435\u043d\u043d\u044f \u0456\u043d\u0444\u043e\u0440\u043c\u0430\u0446\u0456\u0439\u043d\u043e-\u043e\u0446\u0456\u043d\u043e\u0447\u043d\u043e\u0433\u043e \u0437\u0430\u0445\u043e\u0434\u0443.<\/li><\/ol><p><strong>\u0421\u0442\u0440\u0443\u043a\u0442\u0443\u0440\u0430 \u043f\u0440\u043e\u043f\u043e\u0437\u0438\u0446\u0456\u0457<\/strong><\/p><p>\u0412\u0447\u0438\u0442\u0435\u043b\u0456 \u0437 \u043f\u043e\u0447\u0430\u0442\u043a\u043e\u0432\u0438\u0445 \u0448\u043a\u0456\u043b-\u0443\u0447\u0430\u0441\u043d\u0438\u0446\u044c \u0431\u0435\u0440\u0443\u0442\u044c \u0443\u0447\u0430\u0441\u0442\u044c \u0443 \u0441\u0435\u043c\u0438 \u043c\u043e\u0434\u0443\u043b\u044f\u0445 \u043f\u0440\u043e\u0442\u044f\u0433\u043e\u043c 18 \u043c\u0456\u0441\u044f\u0446\u0456\u0432.<strong>\u00a0<\/strong>\u044f\u043a\u0456 \u043e\u0445\u043e\u043f\u043b\u044e\u044e\u0442\u044c \u043d\u0430\u0441\u0442\u0443\u043f\u043d\u0456 \u0442\u0435\u043c\u0438:<br \/>\u0428\u0432\u0438\u0434\u043a\u0456\u0441\u0442\u044c \u0447\u0438\u0442\u0430\u043d\u043d\u044f, \u0434\u0456\u0430\u0433\u043d\u043e\u0441\u0442\u0438\u043a\u0430 \u0442\u0430 \u043f'\u044f\u0442\u044c \u043c\u0435\u0442\u043e\u0434\u0456\u0432 \u0437\u0432\u0443\u043a\u043e\u0432\u043e\u0433\u043e \u0447\u0438\u0442\u0430\u043d\u043d\u044f: \u0425\u043e\u0440\u043e\u0432\u0435 \u0447\u0438\u0442\u0430\u043d\u043d\u044f, \u0447\u0438\u0442\u0430\u043d\u043d\u044f \u0437 \u043a\u0443\u0431\u0438\u043a\u0430\u043c\u0438, \u0442\u0430\u043d\u0434\u0435\u043c\u043d\u0435 \u0447\u0438\u0442\u0430\u043d\u043d\u044f, \u0447\u0438\u0442\u0430\u043d\u043d\u044f \u0437 \u0430\u0443\u0434\u0456\u043e\u043a\u043d\u0438\u0433\u043e\u044e \u0442\u0430 \u0447\u0438\u0442\u0430\u043d\u043d\u044f \u0432\u0433\u043e\u043b\u043e\u0441 \u0443 \u0442\u0435\u0430\u0442\u0440\u0456.<\/p><p>\u041a\u043e\u0436\u0435\u043d \u043c\u043e\u0434\u0443\u043b\u044c<strong>\u00a0<\/strong>\u0441\u043a\u043b\u0430\u0434\u0430\u0454\u0442\u044c\u0441\u044f \u0437..:<\/p><ul><li>\u0444\u0456\u043b\u044c\u043c, \u043e\u0431\u043c\u0456\u043d \u0434\u0443\u043c\u043a\u0430\u043c\u0438 \u0449\u043e\u0434\u043e \u0444\u0456\u043b\u044c\u043c\u0443 \u0442\u0430 \u043f\u043b\u0430\u043d\u0443\u0432\u0430\u043d\u043d\u044f \u0440\u0435\u0430\u043b\u0456\u0437\u0430\u0446\u0456\u0457<br \/>\u0432 \u043a\u043e\u043c\u0430\u043d\u0434\u0456 \u0440\u043e\u043a\u0443<\/li><li>\u0412\u043f\u0440\u043e\u0432\u0430\u0434\u0436\u0435\u043d\u043d\u044f \u043c\u0435\u0442\u043e\u0434\u0443 \u0447\u0438\u0442\u0430\u043d\u043d\u044f \u0432\u0433\u043e\u043b\u043e\u0441<\/li><li>\u041c\u0456\u0436\u0448\u043a\u0456\u043b\u044c\u043d\u0438\u0439 \u043e\u0431\u043c\u0456\u043d<\/li><li>\u041f\u0440\u043e\u0439\u0434\u0456\u0442\u044c \u0431\u0435\u0437\u043a\u043e\u0448\u0442\u043e\u0432\u043d\u0438\u0439 \u043e\u043d\u043b\u0430\u0439\u043d-\u0441\u043a\u0440\u0438\u043d\u0456\u043d\u0433 \u0417\u0430\u043b\u044c\u0446\u0431\u0443\u0440\u0437\u044c\u043a\u043e\u0433\u043e \u0442\u0435\u0441\u0442\u0443 \u0437 \u0447\u0438\u0442\u0430\u043d\u043d\u044f<\/li><li>\u041e\u0431\u0433\u043e\u0432\u043e\u0440\u0435\u043d\u043d\u044f \u0440\u0435\u0437\u0443\u043b\u044c\u0442\u0430\u0442\u0456\u0432 \u0432 \u043a\u043e\u043c\u0430\u043d\u0434\u0456 \u0437\u0430 \u0440\u0456\u043a.<\/li><\/ul><p>\u042f\u043a\u0449\u043e \u0432\u0438 \u0445\u043e\u0447\u0435\u0442\u0435 \u043e\u0442\u0440\u0438\u043c\u0430\u0442\u0438 \u0431\u0456\u043b\u044c\u0448 \u0434\u0435\u0442\u0430\u043b\u044c\u043d\u0443 \u0456\u043d\u0444\u043e\u0440\u043c\u0430\u0446\u0456\u044e, \u0432\u0438 \u043c\u043e\u0436\u0435\u0442\u0435 \u0437\u043d\u0430\u0439\u0442\u0438 \u0457\u0457 \u0442\u0443\u0442\u00a0<strong>\u0444\u0456\u043b\u044c\u043c \u043f\u0440\u043e \u043f\u0440\u043e\u0435\u043a\u0442:<br \/><\/strong><a href=\"https:\/\/youtu.be\/Q9TwVTWEg60?list=PL5LYbSLXzQs-pIlZO-9nmDxBdt5-eU7Qp\"><strong>https:\/\/youtu.be\/Q9TwVTWEg60?list=PL5LYbSLXzQs-pIlZO-9nmDxBdt5-<\/strong><\/a><a href=\"https:\/\/www.kreis-guetersloh.de\/themen\/bildung\/bildungsmanagement-und-bildungsbuero\/lies-mit\/qr-code.jpg?cid=18mk.5vo1\"><strong>eU7Qp<\/strong><\/a><strong>\u00a0 \u00a0<\/strong><\/p>\t\t\t\t\t\t\t\t<\/div>\n\t\t\t\t<\/div>\n\t\t\t\t<div class=\"elementor-element elementor-element-84b3ccb elementor-widget elementor-widget-text-editor\" data-id=\"84b3ccb\" data-element_type=\"widget\" data-e-type=\"widget\" data-widget_type=\"text-editor.default\">\n\t\t\t\t<div class=\"elementor-widget-container\">\n\t\t\t\t\t\t\t\t\t<p><span style=\"color: #0000ff;\"><strong>\"\u0427\u0438\u0442\u0430\u0454\u043c\u043e \u0440\u0430\u0437\u043e\u043c\" \u0443 \u0448\u043a\u043e\u043b\u0456 \u0425\u0443\u043d\u0434\u0435\u0440\u0442\u0432\u0430\u0441\u0441\u0435\u0440\u0430<\/strong><\/span><\/p><p>\u041d\u0430\u0432\u0447\u0430\u043b\u044c\u043d\u0438\u0439 \u0440\u0456\u043a 2023\/2024 \u0440\u043e\u0437\u043f\u043e\u0447\u0438\u043d\u0430\u0454\u0442\u044c\u0441\u044f \u0437 \u043d\u0438\u0437\u043a\u0438 \u0437\u043c\u0456\u043d \u0434\u043b\u044f \u0432\u0441\u0456\u0445 \u043f\u043e\u0447\u0430\u0442\u043a\u043e\u0432\u0438\u0445 \u0448\u043a\u0456\u043b. \u0417\u043e\u043a\u0440\u0435\u043c\u0430, \u0437\u0435\u043c\u043b\u044f \u041f\u0456\u0432\u043d\u0456\u0447\u043d\u0438\u0439 \u0420\u0435\u0439\u043d-\u0412\u0435\u0441\u0442\u0444\u0430\u043b\u0456\u044f \u0437\u0430\u043e\u0445\u043e\u0447\u0443\u0454 \u043f\u043e\u0447\u0430\u0442\u043a\u043e\u0432\u0456 \u0448\u043a\u043e\u043b\u0438 \u043d\u0430\u0434\u0430\u0432\u0430\u0442\u0438 \u043f\u0440\u0456\u043e\u0440\u0438\u0442\u0435\u0442 \u0447\u0438\u0442\u0430\u043d\u043d\u044e \u0442\u0430 \u0432\u043a\u043b\u044e\u0447\u0430\u0442\u0438 \u043e\u0431\u043e\u0432'\u044f\u0437\u043a\u043e\u0432\u0456 \u0433\u043e\u0434\u0438\u043d\u0438 \u0434\u043b\u044f \u0447\u0438\u0442\u0430\u043d\u043d\u044f \u0434\u043e \u0440\u043e\u0437\u043a\u043b\u0430\u0434\u0443. \u0412\u0430\u0436\u043b\u0438\u0432\u0438\u043c\u0438 \u0446\u0456\u043b\u044f\u043c\u0438 \u0454 \u043f\u0456\u0434\u0432\u0438\u0449\u0435\u043d\u043d\u044f \u0448\u0432\u0438\u0434\u043a\u043e\u0441\u0442\u0456 \u0447\u0438\u0442\u0430\u043d\u043d\u044f, \u0432\u043c\u0456\u043d\u043d\u044f \u0440\u043e\u0437\u0443\u043c\u0456\u0442\u0438 \u043f\u0440\u043e\u0447\u0438\u0442\u0430\u043d\u0435, \u0430 \u0442\u0430\u043a\u043e\u0436 \u0440\u0430\u0434\u0456\u0441\u0442\u044c \u0432\u0456\u0434 \u0447\u0438\u0442\u0430\u043d\u043d\u044f.<\/p><p>\u0412 \u0445\u043e\u0434\u0456 \u0446\u044c\u043e\u0433\u043e \u043f\u0440\u043e\u0454\u043a\u0442\u0443 <strong>\"\u0427\u0438\u0442\u0430\u0439\u0442\u0435 \u0434\u0430\u043b\u0456\"<\/strong>\u0432 \u044f\u043a\u043e\u043c\u0443 \u0441\u043f\u0456\u0432\u0440\u043e\u0431\u0456\u0442\u043d\u0438\u043a\u0438 \u0448\u043a\u043e\u043b\u0438 \u0425\u0443\u043d\u0434\u0435\u0440\u0442\u0432\u0430\u0441\u0441\u0435\u0440 \u0437 \u0435\u043d\u0442\u0443\u0437\u0456\u0430\u0437\u043c\u043e\u043c \u0431\u0435\u0440\u0443\u0442\u044c \u0443\u0447\u0430\u0441\u0442\u044c \u0437 \u043f\u043e\u0447\u0430\u0442\u043a\u0443 \u043d\u0430\u0432\u0447\u0430\u043b\u044c\u043d\u043e\u0433\u043e \u0440\u043e\u043a\u0443. \u041f\u0440\u043e\u0454\u043a\u0442 \u0454 \u0441\u043f\u0456\u043b\u044c\u043d\u043e\u044e \u043f\u0440\u043e\u043f\u043e\u0437\u0438\u0446\u0456\u0454\u044e \u0448\u043a\u0456\u043b\u044c\u043d\u0438\u0445 \u0456\u043d\u0441\u043f\u0435\u043a\u0446\u0456\u0439 \u043f\u043e\u0447\u0430\u0442\u043a\u043e\u0432\u0438\u0445 \u0448\u043a\u0456\u043b \u0440\u0430\u0439\u043e\u043d\u0443 \u0413\u044e\u0442\u0435\u0440\u0441\u043b\u043e, \u0433\u0440\u0443\u043f\u0438 \u0435\u043a\u0441\u043f\u0435\u0440\u0442\u0456\u0432, \u0432\u0456\u0434\u0434\u0456\u043b\u0443 \u043e\u0441\u0432\u0456\u0442\u0438 \u0442\u0430 \u0443\u043f\u0440\u0430\u0432\u043b\u0456\u043d\u043d\u044f \u043e\u0441\u0432\u0456\u0442\u0438, \u0426\u0435\u043d\u0442\u0440\u0443 \u0446\u0438\u0444\u0440\u043e\u0432\u043e\u0457 \u043e\u0441\u0432\u0456\u0442\u0438 \u0442\u0430 \u0448\u043a\u0456\u043b \u0456 \u0424\u043e\u043d\u0434\u0443 \u0420\u0435\u0439\u043d\u0445\u0430\u0440\u0434\u0430 \u041c\u043e\u043d\u0430 \u0456 \u0432\u043a\u043b\u044e\u0447\u0430\u0454 \u0440\u0456\u0437\u043d\u0456 \u043d\u0430\u0432\u0447\u0430\u043b\u044c\u043d\u0456 \u043c\u043e\u0434\u0443\u043b\u0456, \u044f\u043a\u0456 \u043f\u043e\u0442\u0456\u043c \u0432\u043f\u0440\u043e\u0432\u0430\u0434\u0436\u0443\u044e\u0442\u044c\u0441\u044f \u0432 \u043f\u043e\u0432\u0441\u044f\u043a\u0434\u0435\u043d\u043d\u0435 \u0432\u0438\u043a\u043b\u0430\u0434\u0430\u043d\u043d\u044f, \u0430 \u0437\u0433\u043e\u0434\u043e\u043c \u0430\u043d\u0430\u043b\u0456\u0437\u0443\u044e\u0442\u044c\u0441\u044f \u0432 \u0440\u0430\u043c\u043a\u0430\u0445 \u043f\u0440\u043e\u0454\u043a\u0442\u0443.<\/p><p>\u041e\u0441\u044c \u0443\u0436\u0435 \u043a\u0456\u043b\u044c\u043a\u0430 \u0442\u0438\u0436\u043d\u0456\u0432 \u0447\u043e\u0442\u0438\u0440\u0438 \u0440\u0430\u0437\u0438 \u043d\u0430 \u0442\u0438\u0436\u0434\u0435\u043d\u044c \u0443 \u0444\u0456\u043a\u0441\u043e\u0432\u0430\u043d\u0438\u0439 \u0447\u0430\u0441 \u043f\u043e \u0432\u0441\u0456\u0439 \u0431\u0443\u0434\u0456\u0432\u043b\u0456 \u0448\u043a\u043e\u043b\u0438 \u043b\u0443\u043d\u0430\u0454 \u0444\u0440\u0430\u0437\u0430: \"\u041f\u043e\u0447\u0438\u043d\u0430\u0454\u043c\u043e \u0447\u0438\u0442\u0430\u0442\u0438. \u041f\u0430\u043b\u044c\u0446\u0456 \u043f\u0456\u0434 \"...\" - 3-2-1 ...\". \u041f\u043e\u0442\u0456\u043c \u043c\u0438 \u0447\u0438\u0442\u0430\u0454\u043c\u043e \u0440\u0430\u0437\u043e\u043c \u0445\u043e\u0440\u043e\u043c. \u041f\u0440\u043e\u0442\u044f\u0433\u043e\u043c \u0446\u044c\u043e\u0433\u043e 15-20-\u0445\u0432\u0438\u043b\u0438\u043d\u043d\u043e\u0433\u043e \u0447\u0430\u0441\u0443, \u043f\u0440\u0438\u0441\u0432\u044f\u0447\u0435\u043d\u043e\u0433\u043e \u043f\u043e\u043f\u0443\u043b\u044f\u0440\u0438\u0437\u0430\u0446\u0456\u0457 \u0447\u0438\u0442\u0430\u043d\u043d\u044f, \u0434\u0456\u0442\u0438 \u0432\u0438\u043f\u0440\u043e\u0431\u043e\u0432\u0443\u044e\u0442\u044c \u0440\u0456\u0437\u043d\u0456 \u043c\u0435\u0442\u043e\u0434\u0438 \u0447\u0438\u0442\u0430\u043d\u043d\u044f \u0432\u0433\u043e\u043b\u043e\u0441, \u0442\u0430\u043a\u0456 \u044f\u043a \u0445\u043e\u0440\u043e\u0432\u0435 \u0447\u0438\u0442\u0430\u043d\u043d\u044f, \u0447\u0438\u0442\u0430\u043d\u043d\u044f \u043a\u0443\u0431\u0438\u043a\u0456\u0432 \u0430\u0431\u043e \u0447\u0438\u0442\u0430\u043d\u043d\u044f \u0430\u0443\u0434\u0456\u043e\u043a\u043d\u0438\u0433. \u0414\u043e\u0432\u0435\u0434\u0435\u043d\u043e, \u0449\u043e \u0432\u0441\u0456 \u0446\u0456 \u043c\u0435\u0442\u043e\u0434\u0438 \u0441\u043f\u0440\u0438\u044f\u044e\u0442\u044c \u0448\u0432\u0438\u0434\u043a\u043e\u043c\u0443 \u0447\u0438\u0442\u0430\u043d\u043d\u044e, \u0440\u043e\u0437\u0443\u043c\u0456\u043d\u043d\u044e \u043f\u0440\u043e\u0447\u0438\u0442\u0430\u043d\u043e\u0433\u043e \u0442\u0430 \u043c\u043e\u0442\u0438\u0432\u0430\u0446\u0456\u0457 \u0434\u043e \u0447\u0438\u0442\u0430\u043d\u043d\u044f - \u0456\u043d\u0448\u0438\u043c\u0438 \u0441\u043b\u043e\u0432\u0430\u043c\u0438, \u0454 \u043e\u0441\u043d\u043e\u0432\u043e\u044e \u0434\u043b\u044f \u0431\u0443\u0434\u044c-\u044f\u043a\u043e\u0457 \u043e\u0441\u0432\u0456\u0442\u0438. \u041f\u0440\u043e\u0433\u0440\u0435\u0441 \u0443 \u0447\u0438\u0442\u0430\u0446\u044c\u043a\u0438\u0445 \u043d\u0430\u0432\u0438\u0447\u043a\u0430\u0445 \u0443\u0447\u043d\u0456\u0432 \u0432\u0438\u043c\u0456\u0440\u044e\u0454\u0442\u044c\u0441\u044f \u0448\u043b\u044f\u0445\u043e\u043c \u0440\u0435\u0433\u0443\u043b\u044f\u0440\u043d\u043e\u0433\u043e \u0442\u0435\u0441\u0442\u0443\u0432\u0430\u043d\u043d\u044f \u0437\u0430 \u0434\u043e\u043f\u043e\u043c\u043e\u0433\u043e\u044e \u0417\u0430\u043b\u044c\u0446\u0431\u0443\u0440\u0437\u044c\u043a\u043e\u0433\u043e \u0441\u043a\u0440\u0438\u043d\u0456\u043d\u0433\u0443 \u0447\u0438\u0442\u0430\u043d\u043d\u044f \u0432 \u043e\u043d\u043b\u0430\u0439\u043d-\u0432\u0435\u0440\u0441\u0456\u0457.<\/p><p>\u0414\u0456\u0442\u0438 \u0437 \u043d\u0435\u0442\u0435\u0440\u043f\u0456\u043d\u043d\u044f\u043c \u0447\u0435\u043a\u0430\u044e\u0442\u044c, \u0449\u043e\u0431 \u0432\u0456\u0434\u043a\u0440\u0438\u0442\u0438 \u0434\u043b\u044f \u0441\u0435\u0431\u0435 \u0456 \u043f\u0440\u043e\u0447\u0438\u0442\u0430\u0442\u0438 \u043d\u043e\u0432\u0456 \u0442\u0435\u043a\u0441\u0442\u0438 \u0456 \u0442\u0432\u043e\u0440\u0438, \u0430 \u0442\u0430\u043a\u043e\u0436 \u0434\u0456\u0437\u043d\u0430\u0442\u0438\u0441\u044f \u043f\u0440\u043e \u0456\u043d\u0448\u0456 \u0442\u0435\u0445\u043d\u0456\u043a\u0438 \u0437\u0432\u0443\u043a\u043e\u0432\u043e\u0433\u043e \u0447\u0438\u0442\u0430\u043d\u043d\u044f \u0456 \u0441\u043f\u0440\u043e\u0431\u0443\u0432\u0430\u0442\u0438 \u0457\u0445 \u043d\u0430 \u0441\u043e\u0431\u0456.<\/p><p>\u041c\u0438 \u0437 \u043d\u0435\u0442\u0435\u0440\u043f\u0456\u043d\u043d\u044f\u043c \u0447\u0435\u043a\u0430\u0454\u043c\u043e, \u0449\u043e \u0431\u0443\u0434\u0435 \u0434\u0430\u043b\u0456!\u00a0<\/p>\t\t\t\t\t\t\t\t<\/div>\n\t\t\t\t<\/div>\n\t\t\t\t<div class=\"elementor-element elementor-element-80f5d5f elementor-widget elementor-widget-video\" data-id=\"80f5d5f\" data-element_type=\"widget\" data-e-type=\"widget\" data-settings=\"{&quot;video_type&quot;:&quot;hosted&quot;,&quot;controls&quot;:&quot;yes&quot;}\" data-widget_type=\"video.default\">\n\t\t\t\t<div class=\"elementor-widget-container\">\n\t\t\t\t\t\t\t<div class=\"e-hosted-video elementor-wrapper elementor-open-inline\">\n\t\t\t\t\t<video class=\"elementor-video\" src=\"http:\/\/hundertwasser-schule.de\/wp-content\/uploads\/2023\/11\/IMG_2543.mov\" controls=\"\" preload=\"metadata\" controlslist=\"nodownload\"><\/video>\n\t\t\t\t<\/div>\n\t\t\t\t\t\t<\/div>\n\t\t\t\t<\/div>\n\t\t\t\t<div class=\"elementor-element elementor-element-1402dd5 elementor-widget elementor-widget-gallery\" data-id=\"1402dd5\" data-element_type=\"widget\" data-e-type=\"widget\" data-settings=\"{&quot;lazyload&quot;:&quot;yes&quot;,&quot;gallery_layout&quot;:&quot;grid&quot;,&quot;columns&quot;:4,&quot;columns_tablet&quot;:2,&quot;columns_mobile&quot;:1,&quot;gap&quot;:{&quot;unit&quot;:&quot;px&quot;,&quot;size&quot;:10,&quot;sizes&quot;:[]},&quot;gap_tablet&quot;:{&quot;unit&quot;:&quot;px&quot;,&quot;size&quot;:10,&quot;sizes&quot;:[]},&quot;gap_mobile&quot;:{&quot;unit&quot;:&quot;px&quot;,&quot;size&quot;:10,&quot;sizes&quot;:[]},&quot;link_to&quot;:&quot;file&quot;,&quot;aspect_ratio&quot;:&quot;3:2&quot;,&quot;overlay_background&quot;:&quot;yes&quot;,&quot;content_hover_animation&quot;:&quot;fade-in&quot;}\" data-widget_type=\"gallery.default\">\n\t\t\t\t<div class=\"elementor-widget-container\">\n\t\t\t\t\t\t\t<div class=\"elementor-gallery__container\">\n\t\t\t\t\t<\/div>\n\t\t\t\t\t<\/div>\n\t\t\t\t<\/div>\n\t\t\t\t\t<\/div>\n\t\t<\/div>\n\t\t\t\t\t<\/div>\n\t\t<\/section>\n\t\t\t\t<section class=\"elementor-section elementor-top-section elementor-element elementor-element-ec3786e elementor-section-boxed elementor-section-height-default elementor-section-height-default\" data-id=\"ec3786e\" data-element_type=\"section\" data-e-type=\"section\">\n\t\t\t\t\t\t<div class=\"elementor-container elementor-column-gap-default\">\n\t\t\t\t\t<div class=\"elementor-column elementor-col-100 elementor-top-column elementor-element elementor-element-d6b72ee\" data-id=\"d6b72ee\" data-element_type=\"column\" data-e-type=\"column\">\n\t\t\t<div class=\"elementor-widget-wrap\">\n\t\t\t\t\t\t\t<\/div>\n\t\t<\/div>\n\t\t\t\t\t<\/div>\n\t\t<\/section>\n\t\t\t\t<\/div>","protected":false},"excerpt":{"rendered":"<p>\u00dcber das Projekt Das Projekt\u00a0\u201eLies\u00a0mit\u201c ist ein gemeinsames Angebot der Schulaufsichten f\u00fcr die Grundschulen im Kreis G\u00fctersloh, des Kompetenzteams, des Bildungsmanagements und Bildungsb\u00fcro im Kreis G\u00fctersloh, des Zentrums f\u00fcr Bildung und Chancen und der Reinhard Mohn Stiftung. Wir freuen uns, dass sich das Kollegium der Hundertwasser-Schule einstimmig im Schuljahr 2023\/24 auf das Projekt \u201eLies mit\u201c [&hellip;]<\/p>\n","protected":false},"author":4,"featured_media":0,"parent":0,"menu_order":0,"comment_status":"closed","ping_status":"closed","template":"","meta":{"footnotes":""},"class_list":["post-4664","page","type-page","status-publish","hentry"],"_links":{"self":[{"href":"https:\/\/hundertwasser-schule.de\/uk\/wp-json\/wp\/v2\/pages\/4664","targetHints":{"allow":["GET"]}}],"collection":[{"href":"https:\/\/hundertwasser-schule.de\/uk\/wp-json\/wp\/v2\/pages"}],"about":[{"href":"https:\/\/hundertwasser-schule.de\/uk\/wp-json\/wp\/v2\/types\/page"}],"author":[{"embeddable":true,"href":"https:\/\/hundertwasser-schule.de\/uk\/wp-json\/wp\/v2\/users\/4"}],"replies":[{"embeddable":true,"href":"https:\/\/hundertwasser-schule.de\/uk\/wp-json\/wp\/v2\/comments?post=4664"}],"version-history":[{"count":5,"href":"https:\/\/hundertwasser-schule.de\/uk\/wp-json\/wp\/v2\/pages\/4664\/revisions"}],"predecessor-version":[{"id":5238,"href":"https:\/\/hundertwasser-schule.de\/uk\/wp-json\/wp\/v2\/pages\/4664\/revisions\/5238"}],"wp:attachment":[{"href":"https:\/\/hundertwasser-schule.de\/uk\/wp-json\/wp\/v2\/media?parent=4664"}],"curies":[{"name":"wp","href":"https:\/\/api.w.org\/{rel}","templated":true}]}}