{"id":65,"date":"2020-03-31T11:00:09","date_gmt":"2020-03-31T11:00:09","guid":{"rendered":"https:\/\/neu.hundertwasser-schule.de\/?page_id=65"},"modified":"2020-11-20T10:32:10","modified_gmt":"2020-11-20T09:32:10","slug":"konzept","status":"publish","type":"page","link":"https:\/\/hundertwasser-schule.de\/uk\/konzept\/","title":{"rendered":"\u041a\u043e\u043d\u0446\u0435\u043f\u0446\u0456\u044f"},"content":{"rendered":"<div data-elementor-type=\"wp-page\" data-elementor-id=\"65\" class=\"elementor elementor-65\" data-elementor-post-type=\"page\">\n\t\t\t\t\t\t<section class=\"elementor-section elementor-top-section elementor-element elementor-element-5e953abe elementor-section-stretched elementor-section-full_width elementor-section-height-default elementor-section-height-default\" data-id=\"5e953abe\" data-element_type=\"section\" data-e-type=\"section\" data-settings=\"{&quot;stretch_section&quot;:&quot;section-stretched&quot;}\">\n\t\t\t\t\t\t<div class=\"elementor-container elementor-column-gap-no\">\n\t\t\t\t\t<div class=\"elementor-column elementor-col-100 elementor-top-column elementor-element elementor-element-354871e3\" data-id=\"354871e3\" data-element_type=\"column\" data-e-type=\"column\">\n\t\t\t<div class=\"elementor-widget-wrap elementor-element-populated\">\n\t\t\t\t\t\t<div class=\"elementor-element elementor-element-683df095 elementor-widget elementor-widget-image\" data-id=\"683df095\" data-element_type=\"widget\" data-e-type=\"widget\" data-widget_type=\"image.default\">\n\t\t\t\t<div class=\"elementor-widget-container\">\n\t\t\t\t\t\t\t\t\t\t\t\t\t\t\t<img fetchpriority=\"high\" decoding=\"async\" width=\"1920\" height=\"230\" src=\"http:\/\/hundertwasser-schule.de\/wp-content\/uploads\/2020\/03\/bild1.jpg\" class=\"attachment-full size-full wp-image-108\" alt=\"\" srcset=\"http:\/\/hundertwasser-schule.de\/wp-content\/uploads\/2020\/03\/bild1.jpg 1920w, http:\/\/hundertwasser-schule.de\/wp-content\/uploads\/2020\/03\/bild1-300x36.jpg 300w, http:\/\/hundertwasser-schule.de\/wp-content\/uploads\/2020\/03\/bild1-1024x123.jpg 1024w, http:\/\/hundertwasser-schule.de\/wp-content\/uploads\/2020\/03\/bild1-768x92.jpg 768w, http:\/\/hundertwasser-schule.de\/wp-content\/uploads\/2020\/03\/bild1-1536x184.jpg 1536w, http:\/\/hundertwasser-schule.de\/wp-content\/uploads\/2020\/03\/bild1-20x2.jpg 20w\" sizes=\"(max-width: 1920px) 100vw, 1920px\" \/>\t\t\t\t\t\t\t\t\t\t\t\t\t\t\t<\/div>\n\t\t\t\t<\/div>\n\t\t\t\t\t<\/div>\n\t\t<\/div>\n\t\t\t\t\t<\/div>\n\t\t<\/section>\n\t\t\t\t<section class=\"elementor-section elementor-top-section elementor-element elementor-element-3fa1efff elementor-section-height-min-height elementor-section-boxed elementor-section-height-default elementor-section-items-middle\" data-id=\"3fa1efff\" data-element_type=\"section\" data-e-type=\"section\" data-settings=\"{&quot;background_background&quot;:&quot;classic&quot;}\">\n\t\t\t\t\t\t<div class=\"elementor-container elementor-column-gap-default\">\n\t\t\t\t\t<div class=\"elementor-column elementor-col-100 elementor-top-column elementor-element elementor-element-46bccb04\" data-id=\"46bccb04\" data-element_type=\"column\" data-e-type=\"column\">\n\t\t\t<div class=\"elementor-widget-wrap elementor-element-populated\">\n\t\t\t\t\t\t\t<\/div>\n\t\t<\/div>\n\t\t\t\t\t<\/div>\n\t\t<\/section>\n\t\t\t\t<section class=\"elementor-section elementor-top-section elementor-element elementor-element-21f27b3 elementor-section-full_width elementor-section-height-default elementor-section-height-default\" data-id=\"21f27b3\" data-element_type=\"section\" data-e-type=\"section\">\n\t\t\t\t\t\t<div class=\"elementor-container elementor-column-gap-default\">\n\t\t\t\t\t<div class=\"elementor-column elementor-col-100 elementor-top-column elementor-element elementor-element-24f5105\" data-id=\"24f5105\" data-element_type=\"column\" data-e-type=\"column\">\n\t\t\t<div class=\"elementor-widget-wrap elementor-element-populated\">\n\t\t\t\t\t\t<div class=\"elementor-element elementor-element-c208339 elementor-widget elementor-widget-image\" data-id=\"c208339\" data-element_type=\"widget\" data-e-type=\"widget\" data-widget_type=\"image.default\">\n\t\t\t\t<div class=\"elementor-widget-container\">\n\t\t\t\t\t\t\t\t\t\t\t\t\t\t\t<img decoding=\"async\" width=\"800\" height=\"573\" src=\"http:\/\/hundertwasser-schule.de\/wp-content\/uploads\/2020\/04\/Unbenanntes-Bild-1024x733.png\" class=\"attachment-large size-large wp-image-548\" alt=\"\" srcset=\"http:\/\/hundertwasser-schule.de\/wp-content\/uploads\/2020\/04\/Unbenanntes-Bild-1024x733.png 1024w, http:\/\/hundertwasser-schule.de\/wp-content\/uploads\/2020\/04\/Unbenanntes-Bild-300x215.png 300w, http:\/\/hundertwasser-schule.de\/wp-content\/uploads\/2020\/04\/Unbenanntes-Bild-768x549.png 768w, http:\/\/hundertwasser-schule.de\/wp-content\/uploads\/2020\/04\/Unbenanntes-Bild-20x14.png 20w, http:\/\/hundertwasser-schule.de\/wp-content\/uploads\/2020\/04\/Unbenanntes-Bild.png 1026w\" sizes=\"(max-width: 800px) 100vw, 800px\" \/>\t\t\t\t\t\t\t\t\t\t\t\t\t\t\t<\/div>\n\t\t\t\t<\/div>\n\t\t\t\t\t<\/div>\n\t\t<\/div>\n\t\t\t\t\t<\/div>\n\t\t<\/section>\n\t\t\t\t<section class=\"elementor-section elementor-top-section elementor-element elementor-element-5ce7149 elementor-section-boxed elementor-section-height-default elementor-section-height-default\" data-id=\"5ce7149\" data-element_type=\"section\" data-e-type=\"section\">\n\t\t\t\t\t\t<div class=\"elementor-container elementor-column-gap-default\">\n\t\t\t\t\t<div class=\"elementor-column elementor-col-100 elementor-top-column elementor-element elementor-element-7847b10\" data-id=\"7847b10\" data-element_type=\"column\" data-e-type=\"column\">\n\t\t\t<div class=\"elementor-widget-wrap elementor-element-populated\">\n\t\t\t\t\t\t<div class=\"elementor-element elementor-element-4221133 elementor-widget elementor-widget-text-editor\" data-id=\"4221133\" data-element_type=\"widget\" data-e-type=\"widget\" data-widget_type=\"text-editor.default\">\n\t\t\t\t<div class=\"elementor-widget-container\">\n\t\t\t\t\t\t\t\t\t<p>Bauwagen - \u0446\u0435 \u0441\u043f\u0435\u0446\u0456\u0430\u043b\u044c\u043d\u0438\u0439 \u0448\u043a\u0456\u043b\u044c\u043d\u0438\u0439 \u043d\u0430\u0432\u0447\u0430\u043b\u044c\u043d\u0438\u0439 \u043f\u0440\u043e\u0441\u0442\u0456\u0440 \u0434\u043b\u044f \u0443\u0447\u043d\u0456\u0432 \u0437 \u043e\u0441\u043e\u0431\u043b\u0438\u0432\u0438\u043c\u0438 \u043f\u043e\u0442\u0440\u0435\u0431\u0430\u043c\u0438.<\/p><p>\u0412 \u0440\u0430\u043c\u043a\u0430\u0445 \u0456\u043d\u0442\u0435\u043d\u0441\u0438\u0432\u043d\u0438\u0445 \u043e\u0441\u0432\u0456\u0442\u043d\u0456\u0445 \u0437\u0430\u0445\u043e\u0434\u0456\u0432 \u0428\u043a\u043e\u043b\u0438 \u0425\u0443\u043d\u0434\u0435\u0440\u0442\u0432\u0430\u0441\u0441\u0435\u0440\u0430, \u044f\u043a\u0456 \u043f\u0440\u043e\u043f\u043e\u043d\u0443\u044e\u0442\u044c\u0441\u044f \u0443\u0447\u043d\u044f\u043c, \u0447\u0438\u044f \u043f\u043e\u0442\u0440\u0435\u0431\u0430 \u0432 \u043f\u0456\u0434\u0442\u0440\u0438\u043c\u0446\u0456 \u0432\u0438\u0445\u043e\u0434\u0438\u0442\u044c \u0434\u0430\u043b\u0435\u043a\u043e \u0437\u0430 \u043c\u0435\u0436\u0456 \u0437\u0432\u0438\u0447\u0430\u0439\u043d\u043e\u0433\u043e \u0440\u0456\u0432\u043d\u044f, \u043f\u0440\u043e\u0435\u043a\u0442 Bauwagen \u043f\u0440\u043e\u043f\u043e\u043d\u0443\u0454 \u043c\u043e\u0436\u043b\u0438\u0432\u0456\u0441\u0442\u044c \u043d\u0430\u0434\u0430\u043d\u043d\u044f \u0441\u043f\u0435\u0446\u0456\u0430\u043b\u044c\u043d\u043e\u0457 \u043e\u0441\u0432\u0456\u0442\u043d\u044c\u043e\u0457 \u0442\u0430 \u0441\u043e\u0446\u0456\u0430\u043b\u044c\u043d\u043e-\u0432\u0438\u0445\u043e\u0432\u043d\u043e\u0457 \u043f\u0456\u0434\u0442\u0440\u0438\u043c\u043a\u0438 4 \u0443\u0447\u043d\u044f\u043c \u0443 \u0434\u0443\u0436\u0435 \u0442\u0456\u0441\u043d\u043e\u043c\u0443 \u0442\u0430 \u0456\u043d\u0442\u0435\u043d\u0441\u0438\u0432\u043d\u043e\u043c\u0443 \u0441\u0443\u043f\u0440\u043e\u0432\u043e\u0434\u0456 \u0432 \u0441\u043f\u0435\u0446\u0456\u0430\u043b\u044c\u043d\u0438\u0445 \u043c\u0456\u0441\u0446\u044f\u0445 \u0442\u0430 \u0443 \u0441\u043f\u0435\u0446\u0456\u0430\u043b\u044c\u043d\u0438\u0439 \u0447\u0430\u0441.<\/p><p>\u0423 \u043f\u0440\u043e\u0435\u043a\u0442\u0456 \"\u0411\u0430\u0443\u0432\u0430\u0433\u0435\u043d\" \u0448\u043a\u043e\u043b\u0430 \u0442\u0430 \u0441\u043e\u0446\u0456\u0430\u043b\u044c\u043d\u0430 \u0441\u043b\u0443\u0436\u0431\u0430 \u0434\u043b\u044f \u043c\u043e\u043b\u043e\u0434\u0456 \u043f\u0440\u0430\u0446\u044e\u044e\u0442\u044c \u0440\u0430\u0437\u043e\u043c. \u0407\u0457 \u0437\u0434\u0456\u0439\u0441\u043d\u044e\u044e\u0442\u044c \u0432\u0447\u0438\u0442\u0435\u043b\u044c \u0434\u043b\u044f \u0434\u0456\u0442\u0435\u0439 \u0437 \u043e\u0441\u043e\u0431\u043b\u0438\u0432\u0438\u043c\u0438 \u043f\u043e\u0442\u0440\u0435\u0431\u0430\u043c\u0438 \u0437\u0456 \u0448\u043a\u043e\u043b\u0438 \u0425\u0443\u043d\u0434\u0435\u0440\u0442\u0432\u0430\u0441\u0441\u0435\u0440\u0430 \u0442\u0430 \u0441\u043e\u0446\u0456\u0430\u043b\u044c\u043d\u0438\u0439 \u043f\u0435\u0434\u0430\u0433\u043e\u0433 \u0456\u0437 \u0421\u043e\u0446\u0456\u0430\u043b\u044c\u043d\u043e-\u043f\u0435\u0434\u0430\u0433\u043e\u0433\u0456\u0447\u043d\u043e\u0433\u043e \u0446\u0435\u043d\u0442\u0440\u0443 \u0434\u0435\u043d\u043d\u043e\u0433\u043e \u043f\u0435\u0440\u0435\u0431\u0443\u0432\u0430\u043d\u043d\u044f (STB) \u0414\u043d\u044f \u0432\u0456\u0434\u043a\u0440\u0438\u0442\u0438\u0445 \u0434\u0432\u0435\u0440\u0435\u0439.<\/p>\t\t\t\t\t\t\t\t<\/div>\n\t\t\t\t<\/div>\n\t\t\t\t\t<\/div>\n\t\t<\/div>\n\t\t\t\t\t<\/div>\n\t\t<\/section>\n\t\t\t\t<section class=\"elementor-section elementor-top-section elementor-element elementor-element-ace2cf2 elementor-section-boxed elementor-section-height-default elementor-section-height-default\" data-id=\"ace2cf2\" data-element_type=\"section\" data-e-type=\"section\">\n\t\t\t\t\t\t<div class=\"elementor-container elementor-column-gap-default\">\n\t\t\t\t\t<div class=\"elementor-column elementor-col-100 elementor-top-column elementor-element elementor-element-5db1bfb\" data-id=\"5db1bfb\" data-element_type=\"column\" data-e-type=\"column\">\n\t\t\t<div class=\"elementor-widget-wrap elementor-element-populated\">\n\t\t\t\t\t\t<div class=\"elementor-element elementor-element-da3e455 elementor-widget elementor-widget-accordion\" data-id=\"da3e455\" data-element_type=\"widget\" data-e-type=\"widget\" data-widget_type=\"accordion.default\">\n\t\t\t\t<div class=\"elementor-widget-container\">\n\t\t\t\t\t\t\t<div class=\"elementor-accordion\">\n\t\t\t\t\t\t\t<div class=\"elementor-accordion-item\">\n\t\t\t\t\t<div id=\"elementor-tab-title-2281\" class=\"elementor-tab-title\" data-tab=\"1\" role=\"button\" aria-controls=\"elementor-tab-content-2281\" aria-expanded=\"false\">\n\t\t\t\t\t\t\t\t\t\t\t\t\t<span class=\"elementor-accordion-icon elementor-accordion-icon-left\" aria-hidden=\"true\">\n\t\t\t\t\t\t\t\t\t\t\t\t\t\t\t<span class=\"elementor-accordion-icon-closed\"><i class=\"fas fa-plus\"><\/i><\/span>\n\t\t\t\t\t\t\t\t<span class=\"elementor-accordion-icon-opened\"><i class=\"fas fa-minus\"><\/i><\/span>\n\t\t\t\t\t\t\t\t\t\t\t\t\t\t<\/span>\n\t\t\t\t\t\t\t\t\t\t\t\t<a class=\"elementor-accordion-title\" tabindex=\"0\">\u041c\u0430\u043a\u0441\u0438\u043c\u0443\u043c 4 \u0441\u0442\u0443\u0434\u0435\u043d\u0442\u0438 \u043f\u0440\u043e\u0432\u043e\u0434\u044f\u0442\u044c \u0443 \u043f\u0440\u043e\u0435\u043a\u0442\u0456 \u0447\u043e\u0442\u0438\u0440\u0438-\u043f'\u044f\u0442\u044c \u0434\u043d\u0456\u0432 \u043d\u0430 \u0442\u0438\u0436\u0434\u0435\u043d\u044c \u0437 10.30-12.15. \u041a\u043e\u0436\u0435\u043d \u0434\u0435\u043d\u044c \u0441\u0442\u0440\u0443\u043a\u0442\u0443\u0440\u043e\u0432\u0430\u043d\u0438\u0439 \u043e\u0434\u043d\u0430\u043a\u043e\u0432\u043e:<\/a>\n\t\t\t\t\t<\/div>\n\t\t\t\t\t<div id=\"elementor-tab-content-2281\" class=\"elementor-tab-content elementor-clearfix\" data-tab=\"1\" role=\"region\" aria-labelledby=\"elementor-tab-title-2281\"><ul><li>\u0414\u043e 10.30 \u0440\u0430\u043d\u043a\u0443 \u0434\u0456\u0442\u0438 \u0431\u0435\u0440\u0443\u0442\u044c \u0443\u0447\u0430\u0441\u0442\u044c \u0443 \u043a\u043b\u0430\u0441\u043d\u0438\u0445 \u0437\u0430\u0445\u043e\u0434\u0430\u0445<\/li><\/ul><ul><li>10.30 \u0427\u0430\u0441 \u043f\u0440\u0438\u0431\u0443\u0442\u0442\u044f \u0432 \u0431\u0443\u0434\u0456\u0432\u0435\u043b\u044c\u043d\u0438\u0439 \u0432\u0430\u0433\u043e\u043d\u0447\u0438\u043a<\/li><li>10.45 - 12.00 \u0406\u043d\u0442\u0435\u043d\u0441\u0438\u0432\u043d\u0456 \u043e\u0441\u0432\u0456\u0442\u043d\u0456 \u0437\u0430\u0445\u043e\u0434\u0438 (\u043d\u0430\u0432\u0447\u0430\u043b\u044c\u043d\u0430 \u0432\u0435\u0440\u0445\u043e\u0432\u0430 \u0457\u0437\u0434\u0430, \u0446\u0438\u0440\u043a, \u043a\u0443\u0445\u043d\u044f, \u043c\u0430\u0439\u0441\u0442\u0435\u0440\u043d\u044f, \u0442\u0440\u0430\u0432\u043c\u043e\u0442\u0435\u0440\u0430\u043f\u0456\u044f, \u0448\u043a\u0456\u043b\u044c\u043d\u0438\u0439 \u0441\u0430\u0434, \u0442\u0440\u0435\u043d\u0456\u043d\u0433 \u043a\u043e\u043d\u0446\u0435\u043d\u0442\u0440\u0430\u0446\u0456\u0457 \u0443\u0432\u0430\u0433\u0438 \u0437\u0430 \u043c\u0435\u0442\u043e\u0434\u0438\u043a\u043e\u044e \u041c\u041a\u0422-\u041c\u0430\u0440\u0431\u0443\u0440\u0433 \u0442\u043e\u0449\u043e).<\/li><li>12.00 \u0417\u0430\u043a\u043b\u044e\u0447\u043d\u0438\u0439 \u0440\u0430\u0443\u043d\u0434 \u0437 \u0440\u0435\u0444\u043b\u0435\u043a\u0441\u0456\u0454\u044e<\/li><li>J\u00dc 1\/2 \u0434\u0456\u0442\u0435\u0439 \u0441\u0443\u043f\u0440\u043e\u0432\u043e\u0434\u0436\u0443\u044e\u0442\u044c \u0434\u043e \u0432\u0456\u0434\u043f\u043e\u0432\u0456\u0434\u043d\u043e\u0457 \u0433\u0440\u0443\u043f\u0438 STB \u043e 12.15.<\/li><li>J\u00dc 3\/4 \u0434\u0456\u0442\u0435\u0439 \u0445\u043e\u0434\u044f\u0442\u044c \u043d\u0430 \u0443\u0440\u043e\u043a\u0438 \u0434\u043e \u0441\u0432\u043e\u0433\u043e \u043a\u043b\u0430\u0441\u0443<\/li><\/ul><\/div>\n\t\t\t\t<\/div>\n\t\t\t\t\t\t\t<div class=\"elementor-accordion-item\">\n\t\t\t\t\t<div id=\"elementor-tab-title-2282\" class=\"elementor-tab-title\" data-tab=\"2\" role=\"button\" aria-controls=\"elementor-tab-content-2282\" aria-expanded=\"false\">\n\t\t\t\t\t\t\t\t\t\t\t\t\t<span class=\"elementor-accordion-icon elementor-accordion-icon-left\" aria-hidden=\"true\">\n\t\t\t\t\t\t\t\t\t\t\t\t\t\t\t<span class=\"elementor-accordion-icon-closed\"><i class=\"fas fa-plus\"><\/i><\/span>\n\t\t\t\t\t\t\t\t<span class=\"elementor-accordion-icon-opened\"><i class=\"fas fa-minus\"><\/i><\/span>\n\t\t\t\t\t\t\t\t\t\t\t\t\t\t<\/span>\n\t\t\t\t\t\t\t\t\t\t\t\t<a class=\"elementor-accordion-title\" tabindex=\"0\">\u0426\u0456\u043b\u0456 \u043f\u0440\u043e\u0435\u043a\u0442\u0443 \u0431\u0443\u0434\u0456\u0432\u0435\u043b\u044c\u043d\u043e\u0433\u043e \u0432\u0430\u0433\u043e\u043d\u0447\u0438\u043a\u0430 \u0442\u0430\u043a\u0456:<\/a>\n\t\t\t\t\t<\/div>\n\t\t\t\t\t<div id=\"elementor-tab-content-2282\" class=\"elementor-tab-content elementor-clearfix\" data-tab=\"2\" role=\"region\" aria-labelledby=\"elementor-tab-title-2282\"><ul><li>\u041f\u043e\u0432\u0435\u0440\u043d\u0435\u043d\u043d\u044f \u0434\u043e \u0437\u0430\u043d\u044f\u0442\u044c \u0456 \u0434\u0456\u044f\u043b\u044c\u043d\u043e\u0441\u0442\u0456 \u0433\u0440\u0443\u043f\u0438 \u043d\u0430 \u0446\u0456\u043b\u0438\u0439 \u0434\u0435\u043d\u044c.<\/li><li>\u0411\u0435\u0437\u043f\u0435\u0440\u0435\u0448\u043a\u043e\u0434\u043d\u0435 \u0432\u0438\u043a\u043b\u0430\u0434\u0430\u043d\u043d\u044f \u0434\u043b\u044f \u0432\u0456\u0434\u043f\u043e\u0432\u0456\u0434\u043d\u043e\u0433\u043e \u043a\u043b\u0430\u0441\u0443<\/li><li>\u0423\u043d\u0438\u043a\u043d\u0435\u043d\u043d\u044f \u0434\u0438\u0441\u0446\u0438\u043f\u043b\u0456\u043d\u0430\u0440\u043d\u0438\u0445 \u0437\u0430\u0445\u043e\u0434\u0456\u0432 - \u043e\u0441\u043e\u0431\u043b\u0438\u0432\u043e \u0443\u043d\u0438\u043a\u043d\u0435\u043d\u043d\u044f \u0432\u0438\u043a\u043b\u044e\u0447\u0435\u043d\u043d\u044f \u0437\u0456 \u0448\u043a\u043e\u043b\u0438<\/li><li>\u041f\u0456\u0434\u0432\u0438\u0449\u0435\u043d\u043d\u044f \u0448\u043a\u0456\u043b\u044c\u043d\u043e\u0457 \u043c\u043e\u0442\u0438\u0432\u0430\u0446\u0456\u0457, \u043d\u0430\u043f\u043e\u043b\u0435\u0433\u043b\u0438\u0432\u043e\u0441\u0442\u0456 \u0442\u0430 \u0442\u043e\u043b\u0435\u0440\u0430\u043d\u0442\u043d\u043e\u0441\u0442\u0456 \u0434\u043e \u0440\u043e\u0437\u0447\u0430\u0440\u0443\u0432\u0430\u043d\u044c<\/li><li>\u0427\u0435\u0440\u0433\u0443\u0432\u0430\u043d\u043d\u044f \u043d\u0430\u043f\u0440\u0443\u0433\u0438 \u0442\u0430 \u0440\u043e\u0437\u0441\u043b\u0430\u0431\u043b\u0435\u043d\u043d\u044f \u0437\u0456 \u0441\u043f\u0435\u0446\u0456\u0430\u043b\u044c\u043d\u0438\u043c\u0438 \u043f\u0440\u043e\u043f\u043e\u0437\u0438\u0446\u0456\u044f\u043c\u0438<\/li><li>\u041e\u0441\u043e\u0431\u0438\u0441\u0442\u0430 \u0442\u0430 \u0456\u043d\u0434\u0438\u0432\u0456\u0434\u0443\u0430\u043b\u044c\u043d\u0430 \u0437\u0443\u0441\u0442\u0440\u0456\u0447 \u0456 \u0441\u0443\u043f\u0440\u043e\u0432\u0456\u0434 \u0434\u0456\u0442\u0435\u0439 \u0437 \u043f\u0456\u0434\u0432\u0438\u0449\u0435\u043d\u043e\u044e \u0443\u0432\u0430\u0433\u043e\u044e \u0437 \u0431\u043e\u043a\u0443 \u0434\u043e\u0440\u043e\u0441\u043b\u0438\u0445<\/li><li>\u0411\u0443\u0442\u0438 \u043f\u043e\u0440\u0443\u0447 \u0437 \u0434\u0456\u0442\u044c\u043c\u0438, \u0441\u043f\u043e\u043a\u0456\u0439\u043d\u043e \u0441\u043f\u0456\u043b\u043a\u0443\u0432\u0430\u0442\u0438\u0441\u044f\/\u0432\u0437\u0430\u0454\u043c\u043e\u0434\u0456\u044f\u0442\u0438 \u0437 \u043d\u0438\u043c\u0438.<\/li><li>\u0420\u043e\u0437\u0440\u043e\u0431\u043b\u044f\u0439\u0442\u0435 \u0441\u0442\u0440\u0430\u0442\u0435\u0433\u0456\u0457 \u0432\u0438\u0440\u0456\u0448\u0435\u043d\u043d\u044f \u043f\u0440\u043e\u0431\u043b\u0435\u043c<\/li><li>\u0417\u043c\u0435\u043d\u0448\u0438\u0442\u0438 \u0448\u043a\u0456\u043b\u044c\u043d\u0438\u0439 \u0442\u0438\u0441\u043a<\/li><li>\u041f\u0440\u0430\u043a\u0442\u0438\u043a\u0443\u044e\u0447\u0456 (\u0448\u043a\u0456\u043b\u044c\u043d\u0456) \u0441\u0442\u0440\u0443\u043a\u0442\u0443\u0440\u0438<\/li><li>\u0424\u043e\u0440\u043c\u0443\u0432\u0430\u043d\u043d\u044f \u0440\u043e\u0437\u0443\u043c\u0456\u043d\u043d\u044f \u0446\u0456\u043d\u043d\u043e\u0441\u0442\u0435\u0439<\/li><li>\u0420\u043e\u0437\u0432\u0438\u0442\u043e\u043a \u043a\u043e\u043c\u0443\u043d\u0456\u043a\u0430\u0442\u0438\u0432\u043d\u043e\u0457 \u0437\u0434\u0430\u0442\u043d\u043e\u0441\u0442\u0456 \u0434\u043e \u0434\u0456\u0457<\/li><li>\u0406\u043d\u0456\u0446\u0456\u044e\u0432\u0430\u043d\u043d\u044f \u0442\u0430 \u0440\u043e\u0437\u0432\u0438\u0442\u043e\u043a \u043d\u0430\u0432\u0438\u0447\u043e\u043a \u0441\u043f\u0456\u0432\u043f\u0440\u0430\u0446\u0456<\/li><\/ul><\/div>\n\t\t\t\t<\/div>\n\t\t\t\t\t\t\t\t<\/div>\n\t\t\t\t\t\t<\/div>\n\t\t\t\t<\/div>\n\t\t\t\t\t<\/div>\n\t\t<\/div>\n\t\t\t\t\t<\/div>\n\t\t<\/section>\n\t\t\t\t<section class=\"elementor-section elementor-top-section elementor-element elementor-element-ec7f94a elementor-section-boxed elementor-section-height-default elementor-section-height-default\" data-id=\"ec7f94a\" data-element_type=\"section\" data-e-type=\"section\">\n\t\t\t\t\t\t<div class=\"elementor-container elementor-column-gap-default\">\n\t\t\t\t\t<div class=\"elementor-column elementor-col-100 elementor-top-column elementor-element elementor-element-f9f875f\" data-id=\"f9f875f\" data-element_type=\"column\" data-e-type=\"column\">\n\t\t\t<div class=\"elementor-widget-wrap elementor-element-populated\">\n\t\t\t\t\t\t<div class=\"elementor-element elementor-element-49b4e8e elementor-widget elementor-widget-text-editor\" data-id=\"49b4e8e\" data-element_type=\"widget\" data-e-type=\"widget\" data-widget_type=\"text-editor.default\">\n\t\t\t\t<div class=\"elementor-widget-container\">\n\t\t\t\t\t\t\t\t\t<p>\u0412\u0438 \u043c\u043e\u0436\u0435\u0442\u0435 \u0437\u0430\u0432\u0430\u043d\u0442\u0430\u0436\u0438\u0442\u0438 \u0441\u0442\u0430\u0440\u0442\u043e\u0432\u0443 \u043a\u043e\u043d\u0446\u0435\u043f\u0446\u0456\u044e\u00a0<a href=\"http:\/\/hundertwasser-schule.de\/uk\/inhalte\/5Bauwagen\/1Bauwagen\/Bauwagenkonzept%201.pdf\/\">\u0442\u0443\u0442.<\/a>\u00a0\u0414\u0430\u043b\u0456 \u043d\u0430 \u0446\u0456\u0439 \u0441\u0442\u043e\u0440\u0456\u043d\u0446\u0456 \u0432\u0438 \u0437\u043d\u0430\u0439\u0434\u0435\u0442\u0435 \u0444\u043e\u0442\u043e\u0433\u0440\u0430\u0444\u0456\u0457 \u0440\u0456\u0437\u043d\u0438\u0445 \u0437\u0430\u0445\u043e\u0434\u0456\u0432 \u0443 \u0440\u0430\u043c\u043a\u0430\u0445 \u043f\u0440\u043e\u0435\u043a\u0442\u0443 \u0431\u0443\u0434\u0456\u0432\u0435\u043b\u044c\u043d\u043e\u0433\u043e \u0432\u0430\u0433\u043e\u043d\u0447\u0438\u043a\u0430.<\/p><p>\u041f\u0440\u043e\u0435\u043a\u0442 \"\u0411\u0430\u0443\u0432\u0430\u0433\u0435\u043d\" \u0444\u0456\u043d\u0430\u043d\u0441\u0443\u0454\u0442\u044c\u0441\u044f \u0441\u043f\u0456\u043b\u044c\u043d\u043e \u0448\u043a\u043e\u043b\u043e\u044e \u0442\u0430 \u0441\u043b\u0443\u0436\u0431\u043e\u044e \u0443 \u0441\u043f\u0440\u0430\u0432\u0430\u0445 \u043c\u043e\u043b\u043e\u0434\u0456. \u041a\u0430\u0434\u0440\u043e\u0432\u0456 \u0440\u0435\u0441\u0443\u0440\u0441\u0438 \u043d\u0430 \u043f\u043e\u0441\u0430\u0434\u0443 \u0432\u0447\u0438\u0442\u0435\u043b\u044f \u043d\u0430\u0434\u0430\u0454 \u0437\u0435\u043c\u043b\u044f \u041f\u0456\u0432\u043d\u0456\u0447\u043d\u0438\u0439 \u0420\u0435\u0439\u043d-\u0412\u0435\u0441\u0442\u0444\u0430\u043b\u0456\u044f, \u0430 \u0441\u043b\u0443\u0436\u0431\u0430 \u0443 \u0441\u043f\u0440\u0430\u0432\u0430\u0445 \u043c\u043e\u043b\u043e\u0434\u0456 - \u0444\u0456\u043d\u0430\u043d\u0441\u043e\u0432\u0443 \u0443\u0447\u0430\u0441\u0442\u044c \u0423\u043f\u0440\u0430\u0432\u043b\u0456\u043d\u043d\u044f \u0443 \u0441\u043f\u0440\u0430\u0432\u0430\u0445 \u0441\u0456\u043c'\u0457 \u0442\u0430 \u0441\u043e\u0446\u0456\u0430\u043b\u044c\u043d\u0438\u0445 \u043f\u0438\u0442\u0430\u043d\u044c \u043c\u0456\u0441\u0442\u0430 \u0413\u044e\u0442\u0435\u0440\u0441\u043b\u043e \u0443 \u0432\u0456\u0434\u043a\u0440\u0438\u0442\u0456\u0439 \u0446\u0456\u043b\u043e\u0434\u0435\u043d\u043d\u0456\u0439 \u043f\u0440\u043e\u0433\u0440\u0430\u043c\u0456 \u0448\u043a\u043e\u043b\u0438 \u0425\u0443\u043d\u0434\u0435\u0440\u0442\u0432\u0430\u0441\u0441\u0435\u0440\u0430. \u041f\u043e\u0442\u043e\u0447\u043d\u0456 \u0432\u0438\u0442\u0440\u0430\u0442\u0438 \u043d\u0430 \u0443\u0442\u0440\u0438\u043c\u0430\u043d\u043d\u044f \u043f\u043e\u043a\u0440\u0438\u0432\u0430\u044e\u0442\u044c\u0441\u044f \u0440\u0430\u0439\u043e\u043d\u043d\u043e\u044e \u0448\u043a\u0456\u043b\u044c\u043d\u043e\u044e \u0440\u0430\u0434\u043e\u044e \u0413\u044e\u0442\u0435\u0440\u0441\u043b\u043e, \u0430 \u0432\u0441\u0442\u0430\u043d\u043e\u0432\u043b\u0435\u043d\u043d\u044f \u0431\u0443\u0434\u0456\u0432\u0435\u043b\u044c\u043d\u043e\u0433\u043e \u0432\u0430\u0433\u043e\u043d\u0447\u0438\u043a\u0430 - \u0437\u0430 \u0440\u0430\u0445\u0443\u043d\u043e\u043a \u0448\u043a\u0456\u043b\u044c\u043d\u043e\u0433\u043e \u0431\u044e\u0434\u0436\u0435\u0442\u0443.<\/p><p>\u0413\u0440\u043e\u043c\u0430\u0434\u0441\u044c\u043a\u0438\u0439 \u0444\u043e\u043d\u0434 \u0413\u044e\u0442\u0435\u0440\u0441\u043b\u043e \u043d\u0430\u0434\u0430\u0432 \u0437\u043d\u0430\u0447\u043d\u0443 \u043f\u0456\u0434\u0442\u0440\u0438\u043c\u043a\u0443, \u043f\u0440\u0438\u0434\u0431\u0430\u0432\u0448\u0438 \u0431\u0443\u0434\u0456\u0432\u0435\u043b\u044c\u043d\u0438\u0439 \u043f\u0440\u0438\u0447\u0456\u043f.<\/p>\t\t\t\t\t\t\t\t<\/div>\n\t\t\t\t<\/div>\n\t\t\t\t\t<\/div>\n\t\t<\/div>\n\t\t\t\t\t<\/div>\n\t\t<\/section>\n\t\t\t\t<section class=\"elementor-section elementor-top-section elementor-element elementor-element-bbba7fb elementor-section-boxed elementor-section-height-default elementor-section-height-default\" data-id=\"bbba7fb\" data-element_type=\"section\" data-e-type=\"section\">\n\t\t\t\t\t\t<div class=\"elementor-container elementor-column-gap-default\">\n\t\t\t\t\t<div class=\"elementor-column elementor-col-100 elementor-top-column elementor-element elementor-element-f0e1b40\" data-id=\"f0e1b40\" data-element_type=\"column\" data-e-type=\"column\">\n\t\t\t<div class=\"elementor-widget-wrap elementor-element-populated\">\n\t\t\t\t\t\t<div class=\"elementor-element elementor-element-dc9554c elementor-widget elementor-widget-spacer\" data-id=\"dc9554c\" data-element_type=\"widget\" data-e-type=\"widget\" data-widget_type=\"spacer.default\">\n\t\t\t\t<div class=\"elementor-widget-container\">\n\t\t\t\t\t\t\t<div class=\"elementor-spacer\">\n\t\t\t<div class=\"elementor-spacer-inner\"><\/div>\n\t\t<\/div>\n\t\t\t\t\t\t<\/div>\n\t\t\t\t<\/div>\n\t\t\t\t\t<\/div>\n\t\t<\/div>\n\t\t\t\t\t<\/div>\n\t\t<\/section>\n\t\t\t\t<\/div>","protected":false},"excerpt":{"rendered":"<p>Der Bauwagen ist ein besonderer schulischer Lernort f\u00fcr Sch\u00fclerinnen und Sch\u00fcler in besonderen Lebenslagen. Im Rahmen der intensivp\u00e4dagogischen Ma\u00dfnahmen der Hundertwasser-Schule, die f\u00fcr Sch\u00fclerinnen und Sch\u00fcler angeboten werden, deren Unterst\u00fctzungsbedarf weit \u00fcber das \u00fcbliche Ma\u00df hinausgeht, bietet das Bauwagen-Projekt die M\u00f6glichkeit 4 Sch\u00fclerinnen oder Sch\u00fcler in einer sehr engen und intensiven Begleitung an besonderen Orten [&hellip;]<\/p>\n","protected":false},"author":1,"featured_media":0,"parent":0,"menu_order":0,"comment_status":"closed","ping_status":"closed","template":"elementor_header_footer","meta":{"footnotes":""},"class_list":["post-65","page","type-page","status-publish","hentry"],"_links":{"self":[{"href":"https:\/\/hundertwasser-schule.de\/uk\/wp-json\/wp\/v2\/pages\/65","targetHints":{"allow":["GET"]}}],"collection":[{"href":"https:\/\/hundertwasser-schule.de\/uk\/wp-json\/wp\/v2\/pages"}],"about":[{"href":"https:\/\/hundertwasser-schule.de\/uk\/wp-json\/wp\/v2\/types\/page"}],"author":[{"embeddable":true,"href":"https:\/\/hundertwasser-schule.de\/uk\/wp-json\/wp\/v2\/users\/1"}],"replies":[{"embeddable":true,"href":"https:\/\/hundertwasser-schule.de\/uk\/wp-json\/wp\/v2\/comments?post=65"}],"version-history":[{"count":5,"href":"https:\/\/hundertwasser-schule.de\/uk\/wp-json\/wp\/v2\/pages\/65\/revisions"}],"predecessor-version":[{"id":2407,"href":"https:\/\/hundertwasser-schule.de\/uk\/wp-json\/wp\/v2\/pages\/65\/revisions\/2407"}],"wp:attachment":[{"href":"https:\/\/hundertwasser-schule.de\/uk\/wp-json\/wp\/v2\/media?parent=65"}],"curies":[{"name":"wp","href":"https:\/\/api.w.org\/{rel}","templated":true}]}}