{"id":847,"date":"2020-04-14T08:15:38","date_gmt":"2020-04-14T06:15:38","guid":{"rendered":"https:\/\/neu.hundertwasser-schule.de\/?page_id=847"},"modified":"2020-06-02T13:52:53","modified_gmt":"2020-06-02T11:52:53","slug":"rede-des-schulleiters","status":"publish","type":"page","link":"https:\/\/hundertwasser-schule.de\/uk\/rede-des-schulleiters\/","title":{"rendered":"\u0412\u0438\u0441\u0442\u0443\u043f \u0434\u0438\u0440\u0435\u043a\u0442\u043e\u0440\u0430 \u0448\u043a\u043e\u043b\u0438"},"content":{"rendered":"<div data-elementor-type=\"wp-page\" data-elementor-id=\"847\" class=\"elementor elementor-847\" data-elementor-post-type=\"page\">\n\t\t\t\t\t\t<section class=\"elementor-section elementor-top-section elementor-element elementor-element-10e1167c elementor-section-stretched elementor-section-full_width elementor-section-height-default elementor-section-height-default\" data-id=\"10e1167c\" data-element_type=\"section\" data-e-type=\"section\" data-settings=\"{&quot;stretch_section&quot;:&quot;section-stretched&quot;}\">\n\t\t\t\t\t\t<div class=\"elementor-container elementor-column-gap-no\">\n\t\t\t\t\t<div class=\"elementor-column elementor-col-100 elementor-top-column elementor-element elementor-element-e98d2ee\" data-id=\"e98d2ee\" data-element_type=\"column\" data-e-type=\"column\">\n\t\t\t<div class=\"elementor-widget-wrap elementor-element-populated\">\n\t\t\t\t\t\t<div class=\"elementor-element elementor-element-1d55a59b elementor-widget elementor-widget-image\" data-id=\"1d55a59b\" data-element_type=\"widget\" data-e-type=\"widget\" data-widget_type=\"image.default\">\n\t\t\t\t<div class=\"elementor-widget-container\">\n\t\t\t\t\t\t\t\t\t\t\t\t\t\t\t<img fetchpriority=\"high\" decoding=\"async\" width=\"1920\" height=\"230\" src=\"https:\/\/hundertwasser-schule.de\/wp-content\/uploads\/2020\/03\/bild1.jpg\" class=\"attachment-full size-full wp-image-108\" alt=\"\" srcset=\"https:\/\/hundertwasser-schule.de\/wp-content\/uploads\/2020\/03\/bild1.jpg 1920w, https:\/\/hundertwasser-schule.de\/wp-content\/uploads\/2020\/03\/bild1-300x36.jpg 300w, https:\/\/hundertwasser-schule.de\/wp-content\/uploads\/2020\/03\/bild1-1024x123.jpg 1024w, https:\/\/hundertwasser-schule.de\/wp-content\/uploads\/2020\/03\/bild1-768x92.jpg 768w, https:\/\/hundertwasser-schule.de\/wp-content\/uploads\/2020\/03\/bild1-1536x184.jpg 1536w, https:\/\/hundertwasser-schule.de\/wp-content\/uploads\/2020\/03\/bild1-20x2.jpg 20w\" sizes=\"(max-width: 1920px) 100vw, 1920px\" \/>\t\t\t\t\t\t\t\t\t\t\t\t\t\t\t<\/div>\n\t\t\t\t<\/div>\n\t\t\t\t\t<\/div>\n\t\t<\/div>\n\t\t\t\t\t<\/div>\n\t\t<\/section>\n\t\t\t\t<section class=\"elementor-section elementor-top-section elementor-element elementor-element-6e17f2aa elementor-section-height-min-height elementor-section-boxed elementor-section-height-default elementor-section-items-middle\" data-id=\"6e17f2aa\" data-element_type=\"section\" data-e-type=\"section\" data-settings=\"{&quot;background_background&quot;:&quot;classic&quot;}\">\n\t\t\t\t\t\t<div class=\"elementor-container elementor-column-gap-default\">\n\t\t\t\t\t<div class=\"elementor-column elementor-col-100 elementor-top-column elementor-element elementor-element-64a73be9\" data-id=\"64a73be9\" data-element_type=\"column\" data-e-type=\"column\">\n\t\t\t<div class=\"elementor-widget-wrap elementor-element-populated\">\n\t\t\t\t\t\t\t<\/div>\n\t\t<\/div>\n\t\t\t\t\t<\/div>\n\t\t<\/section>\n\t\t\t\t<section class=\"elementor-section elementor-top-section elementor-element elementor-element-e723530 elementor-section-boxed elementor-section-height-default elementor-section-height-default\" data-id=\"e723530\" data-element_type=\"section\" data-e-type=\"section\">\n\t\t\t\t\t\t<div class=\"elementor-container elementor-column-gap-default\">\n\t\t\t\t\t<div class=\"elementor-column elementor-col-100 elementor-top-column elementor-element elementor-element-b10f37d\" data-id=\"b10f37d\" data-element_type=\"column\" data-e-type=\"column\">\n\t\t\t<div class=\"elementor-widget-wrap elementor-element-populated\">\n\t\t\t\t\t\t<div class=\"elementor-element elementor-element-443cf511 elementor-widget elementor-widget-spacer\" data-id=\"443cf511\" data-element_type=\"widget\" data-e-type=\"widget\" data-widget_type=\"spacer.default\">\n\t\t\t\t<div class=\"elementor-widget-container\">\n\t\t\t\t\t\t\t<div class=\"elementor-spacer\">\n\t\t\t<div class=\"elementor-spacer-inner\"><\/div>\n\t\t<\/div>\n\t\t\t\t\t\t<\/div>\n\t\t\t\t<\/div>\n\t\t\t\t\t<\/div>\n\t\t<\/div>\n\t\t\t\t\t<\/div>\n\t\t<\/section>\n\t\t\t\t<section class=\"elementor-section elementor-top-section elementor-element elementor-element-4f7ee79 elementor-section-boxed elementor-section-height-default elementor-section-height-default\" data-id=\"4f7ee79\" data-element_type=\"section\" data-e-type=\"section\">\n\t\t\t\t\t\t<div class=\"elementor-container elementor-column-gap-default\">\n\t\t\t\t\t<div class=\"elementor-column elementor-col-100 elementor-top-column elementor-element elementor-element-696046e\" data-id=\"696046e\" data-element_type=\"column\" data-e-type=\"column\">\n\t\t\t<div class=\"elementor-widget-wrap elementor-element-populated\">\n\t\t\t\t\t\t<div class=\"elementor-element elementor-element-2d1e25a elementor-widget elementor-widget-heading\" data-id=\"2d1e25a\" data-element_type=\"widget\" data-e-type=\"widget\" data-widget_type=\"heading.default\">\n\t\t\t\t<div class=\"elementor-widget-container\">\n\t\t\t\t\t<h2 class=\"elementor-heading-title elementor-size-default\">\u041f\u0435\u0440\u0448\u0456 5 \u0440\u043e\u043a\u0456\u0432 \u0437 2002-2007 \u0440\u0440.<\/h2>\t\t\t\t<\/div>\n\t\t\t\t<\/div>\n\t\t\t\t\t<\/div>\n\t\t<\/div>\n\t\t\t\t\t<\/div>\n\t\t<\/section>\n\t\t\t\t<section class=\"elementor-section elementor-top-section elementor-element elementor-element-19c8434 elementor-section-boxed elementor-section-height-default elementor-section-height-default\" data-id=\"19c8434\" data-element_type=\"section\" data-e-type=\"section\">\n\t\t\t\t\t\t<div class=\"elementor-container elementor-column-gap-default\">\n\t\t\t\t\t<div class=\"elementor-column elementor-col-100 elementor-top-column elementor-element elementor-element-8a61531\" data-id=\"8a61531\" data-element_type=\"column\" data-e-type=\"column\">\n\t\t\t<div class=\"elementor-widget-wrap elementor-element-populated\">\n\t\t\t\t\t\t<div class=\"elementor-element elementor-element-e19bc8e elementor-widget elementor-widget-spacer\" data-id=\"e19bc8e\" data-element_type=\"widget\" data-e-type=\"widget\" data-widget_type=\"spacer.default\">\n\t\t\t\t<div class=\"elementor-widget-container\">\n\t\t\t\t\t\t\t<div class=\"elementor-spacer\">\n\t\t\t<div class=\"elementor-spacer-inner\"><\/div>\n\t\t<\/div>\n\t\t\t\t\t\t<\/div>\n\t\t\t\t<\/div>\n\t\t\t\t\t<\/div>\n\t\t<\/div>\n\t\t\t\t\t<\/div>\n\t\t<\/section>\n\t\t\t\t<section class=\"elementor-section elementor-top-section elementor-element elementor-element-65e8981 elementor-section-boxed elementor-section-height-default elementor-section-height-default\" data-id=\"65e8981\" data-element_type=\"section\" data-e-type=\"section\">\n\t\t\t\t\t\t<div class=\"elementor-container elementor-column-gap-default\">\n\t\t\t\t\t<div class=\"elementor-column elementor-col-100 elementor-top-column elementor-element elementor-element-4f664ad\" data-id=\"4f664ad\" data-element_type=\"column\" data-e-type=\"column\">\n\t\t\t<div class=\"elementor-widget-wrap elementor-element-populated\">\n\t\t\t\t\t\t<div class=\"elementor-element elementor-element-ed24359 elementor-widget elementor-widget-heading\" data-id=\"ed24359\" data-element_type=\"widget\" data-e-type=\"widget\" data-widget_type=\"heading.default\">\n\t\t\t\t<div class=\"elementor-widget-container\">\n\t\t\t\t\t<h2 class=\"elementor-heading-title elementor-size-default\">5 \u0440\u043e\u043a\u0456\u0432 Hundertwasser School - 5 \u0440\u043e\u043a\u0456\u0432 \u0441\u0438\u0441\u0442\u0435\u043c\u043d\u043e\u0433\u043e \u0440\u043e\u0437\u0432\u0438\u0442\u043a\u0443 \u0448\u043a\u043e\u043b\u0438\n\u0417\u0430 \u0446\u0435\u0439 \u0447\u0430\u0441 \u043c\u0438 \u043f\u0440\u043e\u0439\u0448\u043b\u0438 \u0434\u043e\u0432\u0433\u0438\u0439 \u0448\u043b\u044f\u0445.<\/h2>\t\t\t\t<\/div>\n\t\t\t\t<\/div>\n\t\t\t\t<div class=\"elementor-element elementor-element-6c84eec elementor-widget elementor-widget-text-editor\" data-id=\"6c84eec\" data-element_type=\"widget\" data-e-type=\"widget\" data-widget_type=\"text-editor.default\">\n\t\t\t\t<div class=\"elementor-widget-container\">\n\t\t\t\t\t\t\t\t\t<p>\u0421\u0442\u0432\u043e\u0440\u0435\u043d\u043e \u0441\u043f\u0435\u0446\u0456\u0430\u043b\u044c\u043d\u0443 \u0448\u043a\u043e\u043b\u0443, \u044f\u043a\u0430, \u0431\u0443\u0434\u0443\u0447\u0438 \u0432\u0456\u0434\u043a\u0440\u0438\u0442\u043e\u044e \u0448\u043a\u043e\u043b\u043e\u044e \u043f\u043e\u0432\u043d\u043e\u0433\u043e \u0434\u043d\u044f \u0437 \u0441\u043e\u0446\u0456\u0430\u043b\u044c\u043d\u043e-\u043f\u0435\u0434\u0430\u0433\u043e\u0433\u0456\u0447\u043d\u0438\u043c \u0441\u043f\u0440\u044f\u043c\u0443\u0432\u0430\u043d\u043d\u044f\u043c, \u043e\u0440\u0433\u0430\u043d\u0456\u0437\u043e\u0432\u0443\u0454 \u0442\u0430 \u0437\u0434\u0456\u0439\u0441\u043d\u044e\u0454 \u043f\u0456\u0434\u0442\u0440\u0438\u043c\u043a\u0443 \u0443\u0447\u043d\u0456\u0432 \u0437 \u043e\u0441\u043e\u0431\u043b\u0438\u0432\u0438\u043c\u0438 \u043e\u0441\u0432\u0456\u0442\u043d\u0456\u043c\u0438 \u043f\u043e\u0442\u0440\u0435\u0431\u0430\u043c\u0438 \u0443 \u0441\u0444\u0435\u0440\u0456 \u0457\u0445\u043d\u044c\u043e\u0433\u043e \u0435\u043c\u043e\u0446\u0456\u0439\u043d\u043e\u0433\u043e \u0442\u0430 \u0441\u043e\u0446\u0456\u0430\u043b\u044c\u043d\u043e\u0433\u043e \u0440\u043e\u0437\u0432\u0438\u0442\u043a\u0443 \u0437\u0430 \u0434\u0432\u043e\u043c\u0430 \u043d\u0430\u043f\u0440\u044f\u043c\u043a\u0430\u043c\u0438:<\/p><ol><li>\u044f\u043a \u0456\u043d\u0442\u0435\u043d\u0441\u0438\u0432\u043d\u0430 \u043f\u0456\u0434\u0442\u0440\u0438\u043c\u043a\u0430 \u0447\u0435\u0440\u0435\u0437 \u0441\u043f\u0435\u0446\u0456\u0430\u043b\u044c\u043d\u0456 \u043f\u0440\u043e\u043f\u043e\u0437\u0438\u0446\u0456\u0457 \u0432 \u0434\u043e\u043c\u0430\u0448\u043d\u0456\u0439 \u0448\u043a\u043e\u043b\u0456<\/li><li>\u044f\u043a \u0441\u0443\u043f\u0443\u0442\u043d\u044f \u043f\u0440\u043e\u043c\u043e\u0446\u0456\u044f \u0447\u0435\u0440\u0435\u0437 \u0441\u043f\u0435\u0446\u0456\u0430\u043b\u044c\u043d\u0456 \u043f\u0440\u043e\u043f\u043e\u0437\u0438\u0446\u0456\u0457 \u0443 \u043f\u043e\u0447\u0430\u0442\u043a\u043e\u0432\u0438\u0445 \u0448\u043a\u043e\u043b\u0430\u0445 \u043c\u0456\u0441\u0442\u0430<\/li><\/ol>\t\t\t\t\t\t\t\t<\/div>\n\t\t\t\t<\/div>\n\t\t\t\t\t<\/div>\n\t\t<\/div>\n\t\t\t\t\t<\/div>\n\t\t<\/section>\n\t\t\t\t<section class=\"elementor-section elementor-top-section elementor-element elementor-element-06bb310 elementor-section-boxed elementor-section-height-default elementor-section-height-default\" data-id=\"06bb310\" data-element_type=\"section\" data-e-type=\"section\">\n\t\t\t\t\t\t<div class=\"elementor-container elementor-column-gap-default\">\n\t\t\t\t\t<div class=\"elementor-column elementor-col-100 elementor-top-column elementor-element elementor-element-3798997\" data-id=\"3798997\" data-element_type=\"column\" data-e-type=\"column\">\n\t\t\t<div class=\"elementor-widget-wrap elementor-element-populated\">\n\t\t\t\t\t\t<div class=\"elementor-element elementor-element-acd4782 elementor-widget elementor-widget-text-editor\" data-id=\"acd4782\" data-element_type=\"widget\" data-e-type=\"widget\" data-widget_type=\"text-editor.default\">\n\t\t\t\t<div class=\"elementor-widget-container\">\n\t\t\t\t\t\t\t\t\t<p>\u0422\u0430\u043a\u0438\u043c \u0447\u0438\u043d\u043e\u043c, \u0448\u043a\u043e\u043b\u0430 \u0425\u0443\u043d\u0434\u0435\u0440\u0442\u0432\u0430\u0441\u0441\u0435\u0440\u0430 \u0437 \u043a\u043e\u043c\u0430\u043d\u0434\u043e\u044e, \u0449\u043e \u0441\u043a\u043b\u0430\u0434\u0430\u0454\u0442\u044c\u0441\u044f \u0437 \u0432\u0447\u0438\u0442\u0435\u043b\u0456\u0432, \u0441\u043e\u0446\u0456\u0430\u043b\u044c\u043d\u0438\u0445 \u043f\u0435\u0434\u0430\u0433\u043e\u0433\u0456\u0432 \u0443 \u0441\u043f\u0456\u0432\u043f\u0440\u0430\u0446\u0456 \u0437 \u043f\u043e\u0447\u0430\u0442\u043a\u043e\u0432\u0438\u043c\u0438 \u0448\u043a\u043e\u043b\u0430\u043c\u0438 \u043c\u0456\u0441\u0442\u0430 \u0413\u044e\u0442\u0435\u0440\u0441\u043b\u043e \u0442\u0430 \u0432\u0456\u0434\u043f\u043e\u0432\u0456\u0434\u043d\u0438\u043c \u0448\u043a\u0456\u043b\u044c\u043d\u0438\u043c \u043d\u0430\u0433\u043b\u044f\u0434\u043e\u043c, \u0430 \u0442\u0430\u043a\u043e\u0436 \u0437\u0430 \u043f\u0456\u0434\u0442\u0440\u0438\u043c\u043a\u0438 \u0432\u0456\u0434\u0434\u0456\u043b\u0443 \u0443 \u0441\u043f\u0440\u0430\u0432\u0430\u0445 \u043c\u043e\u043b\u043e\u0434\u0456, \u043d\u0430\u0440\u0430\u0437\u0456 \u043d\u0430\u0434\u0430\u0454 \u043f\u0456\u0434\u0442\u0440\u0438\u043c\u043a\u0443 \u043c\u0430\u0439\u0436\u0435 70 \u0443\u0447\u043d\u044f\u043c \u0437 \u043e\u0441\u043e\u0431\u043b\u0438\u0432\u0438\u043c\u0438 \u043e\u0441\u0432\u0456\u0442\u043d\u0456\u043c\u0438 \u043f\u043e\u0442\u0440\u0435\u0431\u0430\u043c\u0438 \u0443 \u0441\u0444\u0435\u0440\u0456 \u0457\u0445\u043d\u044c\u043e\u0433\u043e \u0435\u043c\u043e\u0446\u0456\u0439\u043d\u043e\u0433\u043e \u0442\u0430 \u0441\u043e\u0446\u0456\u0430\u043b\u044c\u043d\u043e\u0433\u043e \u0440\u043e\u0437\u0432\u0438\u0442\u043a\u0443. \u0417\u0430\u0432\u0434\u044f\u043a\u0438 \u0441\u0432\u043e\u0457\u043c \u043f\u043e\u0441\u043b\u0443\u0433\u0430\u043c \u0442\u0430 \u043f\u0440\u043e\u043f\u043e\u0437\u0438\u0446\u0456\u044f\u043c \u043f\u0456\u0434\u0442\u0440\u0438\u043c\u043a\u0438, \u043e\u0441\u043e\u0431\u043b\u0438\u0432\u043e \u0432 \u043a\u043e\u043d\u0442\u0435\u043a\u0441\u0442\u0456 \u043a\u043e\u043d\u0441\u0443\u043b\u044c\u0442\u0443\u0432\u0430\u043d\u043d\u044f, \u0448\u043a\u043e\u043b\u0430 \u0425\u0443\u043d\u0434\u0435\u0440\u0442\u0432\u0430\u0441\u0441\u0435\u0440\u0430 \u0441\u0442\u0430\u043b\u0430 \u0432\u0430\u0436\u043b\u0438\u0432\u0438\u043c \u043f\u0430\u0440\u0442\u043d\u0435\u0440\u043e\u043c \u0443 \u0441\u043f\u0456\u0432\u043f\u0440\u0430\u0446\u0456, \u043e\u0441\u043e\u0431\u043b\u0438\u0432\u043e \u0434\u043b\u044f \u043f\u043e\u0447\u0430\u0442\u043a\u043e\u0432\u0438\u0445 \u0448\u043a\u0456\u043b \u043c\u0456\u0441\u0442\u0430 \u0413\u044e\u0442\u0435\u0440\u0441\u043b\u043e.<\/p><p>\u0417\u0432\u0456\u0434\u0441\u0438 \u0434\u043e \u0446\u0435\u043d\u0442\u0440\u0443 \u043f\u0435\u0440\u0435\u0434\u043e\u0432\u043e\u0433\u043e \u0434\u043e\u0441\u0432\u0456\u0434\u0443 \u0434\u043b\u044f \u043d\u0430\u0432\u0447\u0430\u043d\u043d\u044f \u0434\u0456\u0442\u0435\u0439 \u0437 \u043e\u0441\u043e\u0431\u043b\u0438\u0432\u0438\u043c\u0438 \u043f\u043e\u0442\u0440\u0435\u0431\u0430\u043c\u0438 \u0432 \u043c\u0456\u0441\u0442\u0456 \u0413\u044e\u0442\u0435\u0440\u0441\u043b\u043e \u043d\u0435 \u0442\u0456\u043b\u044c\u043a\u0438 \u043d\u0435 \u0434\u0430\u043b\u0435\u043a\u043e, \u0430\u043b\u0435 \u0439 \u0434\u0443\u0436\u0435 \u0431\u043b\u0438\u0437\u044c\u043a\u043e.<\/p>\t\t\t\t\t\t\t\t<\/div>\n\t\t\t\t<\/div>\n\t\t\t\t\t<\/div>\n\t\t<\/div>\n\t\t\t\t\t<\/div>\n\t\t<\/section>\n\t\t\t\t<section class=\"elementor-section elementor-top-section elementor-element elementor-element-8929042 elementor-section-boxed elementor-section-height-default elementor-section-height-default\" data-id=\"8929042\" data-element_type=\"section\" data-e-type=\"section\">\n\t\t\t\t\t\t<div class=\"elementor-container elementor-column-gap-default\">\n\t\t\t\t\t<div class=\"elementor-column elementor-col-100 elementor-top-column elementor-element elementor-element-d0b699a\" data-id=\"d0b699a\" data-element_type=\"column\" data-e-type=\"column\">\n\t\t\t<div class=\"elementor-widget-wrap elementor-element-populated\">\n\t\t\t\t\t\t<div class=\"elementor-element elementor-element-7485245 elementor-widget elementor-widget-spacer\" data-id=\"7485245\" data-element_type=\"widget\" data-e-type=\"widget\" data-widget_type=\"spacer.default\">\n\t\t\t\t<div class=\"elementor-widget-container\">\n\t\t\t\t\t\t\t<div class=\"elementor-spacer\">\n\t\t\t<div class=\"elementor-spacer-inner\"><\/div>\n\t\t<\/div>\n\t\t\t\t\t\t<\/div>\n\t\t\t\t<\/div>\n\t\t\t\t\t<\/div>\n\t\t<\/div>\n\t\t\t\t\t<\/div>\n\t\t<\/section>\n\t\t\t\t<\/div>","protected":false},"excerpt":{"rendered":"<p>Die ersten 5 Jahre von 2002-2007 Von der Schule f\u00fcr Erziehungshilfe des Kreises G\u00fctersloh zur Hundertwasser-Schule, F\u00f6rderschule der Stadt G\u00fctersloh mit dem F\u00f6rderschwerpunkt emotionale und soziale EntwicklungZu Beginn des Schuljahres 2002\/2003 wurde die Hundertwasser-Schule als Schule f\u00fcr Erziehungshilfe des Kreises G\u00fctersloh im Primarstufenbereich gegr\u00fcndet. Der Einzugsbereich der Schule wurde festgeschrieben auf das Gebiet der Stadt [&hellip;]<\/p>\n","protected":false},"author":1,"featured_media":0,"parent":0,"menu_order":0,"comment_status":"closed","ping_status":"closed","template":"elementor_header_footer","meta":{"footnotes":""},"class_list":["post-847","page","type-page","status-publish","hentry"],"_links":{"self":[{"href":"https:\/\/hundertwasser-schule.de\/uk\/wp-json\/wp\/v2\/pages\/847","targetHints":{"allow":["GET"]}}],"collection":[{"href":"https:\/\/hundertwasser-schule.de\/uk\/wp-json\/wp\/v2\/pages"}],"about":[{"href":"https:\/\/hundertwasser-schule.de\/uk\/wp-json\/wp\/v2\/types\/page"}],"author":[{"embeddable":true,"href":"https:\/\/hundertwasser-schule.de\/uk\/wp-json\/wp\/v2\/users\/1"}],"replies":[{"embeddable":true,"href":"https:\/\/hundertwasser-schule.de\/uk\/wp-json\/wp\/v2\/comments?post=847"}],"version-history":[{"count":3,"href":"https:\/\/hundertwasser-schule.de\/uk\/wp-json\/wp\/v2\/pages\/847\/revisions"}],"predecessor-version":[{"id":1121,"href":"https:\/\/hundertwasser-schule.de\/uk\/wp-json\/wp\/v2\/pages\/847\/revisions\/1121"}],"wp:attachment":[{"href":"https:\/\/hundertwasser-schule.de\/uk\/wp-json\/wp\/v2\/media?parent=847"}],"curies":[{"name":"wp","href":"https:\/\/api.w.org\/{rel}","templated":true}]}}